{"id":157040,"date":"2025-09-04T15:43:59","date_gmt":"2025-09-04T13:43:59","guid":{"rendered":"https:\/\/properio.com\/?post_type=product&#038;p=157040"},"modified":"2026-03-31T11:50:45","modified_gmt":"2026-03-31T09:50:45","slug":"fogfeherito-szett-triple-action-oxi-intensive-crystal-white","status":"publish","type":"product","link":"https:\/\/properio.com\/hu\/e-shop\/fogfeherito-szett-triple-action-oxi-intensive-crystal-white","title":{"rendered":"Fogfeh\u00e9r\u00edt\u0151 szett Triple action OXI+ :intensive + :crystal white"},"content":{"rendered":"\t\t<div data-elementor-type=\"product-post\" data-elementor-id=\"157040\" class=\"elementor elementor-157040 elementor-157029\" data-elementor-post-type=\"product\">\n\t\t\t\t\t\t<section class=\"elementor-section elementor-top-section elementor-element elementor-element-1e3fd24e elementor-section-boxed elementor-section-height-default elementor-section-height-default\" data-id=\"1e3fd24e\" data-element_type=\"section\" data-e-type=\"section\">\n\t\t\t\t\t\t<div class=\"elementor-container elementor-column-gap-default\">\n\t\t\t\t\t<div class=\"elementor-column elementor-col-33 elementor-top-column elementor-element elementor-element-6ca92fbb\" data-id=\"6ca92fbb\" data-element_type=\"column\" data-e-type=\"column\">\n\t\t\t<div class=\"elementor-widget-wrap elementor-element-populated\">\n\t\t\t\t\t\t<div class=\"elementor-element elementor-element-6baf87f8 elementor-position-inline-start elementor-view-stacked elementor-shape-circle elementor-mobile-position-block-start elementor-widget elementor-widget-icon-box\" data-id=\"6baf87f8\" data-element_type=\"widget\" data-e-type=\"widget\" data-widget_type=\"icon-box.default\">\n\t\t\t\t<div class=\"elementor-widget-container\">\n\t\t\t\t\t\t\t<div class=\"elementor-icon-box-wrapper\">\n\n\t\t\t\t\t\t<div class=\"elementor-icon-box-icon\">\n\t\t\t\t<span  class=\"elementor-icon\">\n\t\t\t\t<svg xmlns=\"http:\/\/www.w3.org\/2000\/svg\" id=\"a\" viewBox=\"0 0 24.06 24\"><path d=\"M24,11.64c0-.16-.03-.53-.04-.63C23.51,5.2,18.82.52,13.02.07c-.11,0-.71-.04-.95-.04-.2,0-.59,0-.79,0-.2,0-.39.04-.59.06-2.74.34-5.28,1.54-7.25,3.57-4.52,4.66-4.52,12.05,0,16.7,4.6,4.72,12.13,4.85,16.88.28,2.2-2.11,3.44-4.89,3.67-7.88,0,0,0-.83,0-1.1ZM4.56,4.51c3.91-3.9,10.28-4.14,14.43-.46l-1.92,1.9c-.14-.45-.26-.84-.5-1.21-.59-.89-1.64-1.31-2.67-1-.94.28-1.68,1.16-1.68,2.22v5.26s-.76.03-.76.03l-.7-2.98c-.23-.99-.91-1.79-1.74-2.17-1.05-.47-2.17-.37-3.08.25-.51.34-.96.63-1.43.99-.79.59-1.11,1.62-.83,2.58.25.87,1,1.6,1.95,1.74.62.09,1.19-.07,1.74-.41l.67,1.27c-1.01.98-1.29,2.21-1.13,3.61l-2.83,2.83C.38,14.76.65,8.41,4.56,4.51ZM12.72,15.81l-.69.67-.68-.68-.99.99.97.97v1.35c-1.96-.39-3.3-2.23-3.02-4.21.1-.69.46-1.25,1.04-1.63,1.29-.85,4.06-.85,5.36-.02.59.38.97.94,1.06,1.64.27,1.96-1.02,3.8-3.02,4.21v-1.34s.96-.97.96-.97l-.98-.99ZM7.92,9.28l-1.38.83c-.49.29-1.1.15-1.4-.31-.3-.46-.18-1.09.29-1.4l1.31-.89c.49-.33,1.1-.38,1.67-.13.48.21.84.65.98,1.23l.67,2.85-.86.29-1.3-2.47ZM15.36,10.67l-.41,1.13c-.45-.19-.85-.31-1.32-.42v-5.37c0-.47.31-.83.73-.94.4-.1.89.1,1.09.53.74,1.58.51,3.43-.09,5.07ZM19.52,19.46c-3.9,3.91-10.25,4.19-14.45.48l2.3-2.29c1.15,2.33,3.76,3.45,6.2,2.69,2.39-.74,3.95-3.13,3.58-5.67-.12-.81-.47-1.48-1-2.05l.73-2.06c.28-.96.45-1.9.46-2.88l2.65-2.66c3.69,4.19,3.43,10.53-.46,14.43Z\" fill=\"#ec216c\"><\/path><\/svg>\t\t\t\t<\/span>\n\t\t\t<\/div>\n\t\t\t\n\t\t\t\t\t\t<div class=\"elementor-icon-box-content\">\n\n\t\t\t\t\t\t\t\t\t<h5 class=\"elementor-icon-box-title\">\n\t\t\t\t\t\t<span  >\n\t\t\t\t\t\t\t\u00c1llatk\u00eds\u00e9rletek n\u00e9lk\u00fcl\t\t\t\t\t\t<\/span>\n\t\t\t\t\t<\/h5>\n\t\t\t\t\n\t\t\t\t\t\t\t\t\t<p class=\"elementor-icon-box-description\">\n\t\t\t\t\t\tTerm\u00e9keinket etikai okokb\u00f3l nem tesztelj\u00fck \u00e1llatokon.\t\t\t\t\t<\/p>\n\t\t\t\t\n\t\t\t<\/div>\n\t\t\t\n\t\t<\/div>\n\t\t\t\t\t\t<\/div>\n\t\t\t\t<\/div>\n\t\t\t\t\t<\/div>\n\t\t<\/div>\n\t\t\t\t<div class=\"elementor-column elementor-col-33 elementor-top-column elementor-element elementor-element-280b1304\" data-id=\"280b1304\" data-element_type=\"column\" data-e-type=\"column\">\n\t\t\t<div class=\"elementor-widget-wrap elementor-element-populated\">\n\t\t\t\t\t\t<div class=\"elementor-element elementor-element-25faf9c0 elementor-position-inline-start elementor-view-stacked elementor-shape-circle elementor-mobile-position-block-start elementor-widget elementor-widget-icon-box\" data-id=\"25faf9c0\" data-element_type=\"widget\" data-e-type=\"widget\" data-widget_type=\"icon-box.default\">\n\t\t\t\t<div class=\"elementor-widget-container\">\n\t\t\t\t\t\t\t<div class=\"elementor-icon-box-wrapper\">\n\n\t\t\t\t\t\t<div class=\"elementor-icon-box-icon\">\n\t\t\t\t<span  class=\"elementor-icon\">\n\t\t\t\t<svg xmlns=\"http:\/\/www.w3.org\/2000\/svg\" id=\"a\" viewBox=\"0 0 24.06 24\"><path d=\"M23.91,5.13c.04-.55-.07-1.06-.21-1.68l-.66-2.81c-.03-.13-.1-.24-.2-.33-.15-.13-.35-.21-.6-.21-.07,0-.14,0-.21.03l-2.98.73c-.53.13-1,.33-1.46.62-1.55-.79-3.17-1.24-4.84-1.33-.1,0-1.09-.01-1.11-.01-.23,0-.67.02-.87.04-2.35.25-4.52,1.16-6.23,2.62C3.6,1.75,2.48.86,1.39.32c-.07-.04-.19-.1-.32-.14-.08-.02-.17-.04-.26-.04-.1,0-.2.02-.27.05-.11.05-.26.17-.36.41-.03.07-.04.14-.04.24,0,.14.05.27.13.38.1.12.22.22.38.3,1.1.57,2.02,1.31,2.8,2.22C1.51,5.7.34,8.36.18,11.26c0,.1,0,.18-.04.23v.99s.04.12.04.27c.07,1.42.41,2.82.99,4.16.58,1.33,1.41,2.51,2.53,3.6,2.09,2.03,4.81,3.22,7.68,3.36.28.01.55.02.82.02.23,0,.46,0,.69-.02,1.5-.1,2.94-.49,4.27-1.15,3.93-1.95,6.51-5.78,6.73-9.98.08-1.81-.21-3.6-.85-5.13.51-.74.79-1.55.86-2.47ZM17.3,3.74c.44-.72,1.13-1.23,1.94-1.42l2.55-.64.58,2.46c.2.86.06,1.74-.4,2.48-.47.75-1.2,1.27-2.07,1.47l-1.5.4c.75-1.28,1.58-2.49,2.56-3.7.27-.33.24-.75-.07-1.03-.13-.12-.31-.18-.48-.18-.22,0-.41.1-.56.27-.89,1.08-1.7,2.24-2.58,3.77l-.36-1.5c-.2-.81-.06-1.65.39-2.37ZM2.46,16.2c-1.68-3.68-.9-8.31,1.89-11.28,2.14,3.05,3.73,6.53,5.16,11.29.57,1.92,1.08,3.9,1.64,6.18-3.68-.22-7.09-2.65-8.69-6.19ZM12.09,20.13c-.55-2.13-1.04-3.94-1.64-5.78-1.43-4.35-3.03-7.67-5.05-10.41,1.89-1.55,4.16-2.37,6.57-2.37,1.53,0,3.04.33,4.46.94-.92,1.17-1.24,2.62-.9,4.08l.68,2.84c-.7,1.32-1.31,2.64-1.94,4.15-.83,2.02-1.54,4.1-2.18,6.55ZM22.23,14.17c-.58,2.59-2.09,4.87-4.25,6.41-1.55,1.08-3.25,1.69-5.04,1.86,1.09-4.49,2.61-8.62,4.51-12.28l2.77-.65c.65-.15,1.2-.4,1.73-.77.6,1.76.7,3.59.29,5.43Z\" fill=\"#ec216c\"><\/path><\/svg>\t\t\t\t<\/span>\n\t\t\t<\/div>\n\t\t\t\n\t\t\t\t\t\t<div class=\"elementor-icon-box-content\">\n\n\t\t\t\t\t\t\t\t\t<h5 class=\"elementor-icon-box-title\">\n\t\t\t\t\t\t<span  >\n\t\t\t\t\t\t\tVeg\u00e1nok sz\u00e1m\u00e1ra is alkalmas term\u00e9k\t\t\t\t\t\t<\/span>\n\t\t\t\t\t<\/h5>\n\t\t\t\t\n\t\t\t\t\t\t\t\t\t<p class=\"elementor-icon-box-description\">\n\t\t\t\t\t\tMinden term\u00e9k\u00fcnk veg\u00e1nok sz\u00e1m\u00e1ra is alkalmas.\t\t\t\t\t<\/p>\n\t\t\t\t\n\t\t\t<\/div>\n\t\t\t\n\t\t<\/div>\n\t\t\t\t\t\t<\/div>\n\t\t\t\t<\/div>\n\t\t\t\t\t<\/div>\n\t\t<\/div>\n\t\t\t\t<div class=\"elementor-column elementor-col-33 elementor-top-column elementor-element elementor-element-6ce7594\" data-id=\"6ce7594\" data-element_type=\"column\" data-e-type=\"column\">\n\t\t\t<div class=\"elementor-widget-wrap elementor-element-populated\">\n\t\t\t\t\t\t<div class=\"elementor-element elementor-element-01ceda8 elementor-position-inline-start elementor-view-stacked elementor-shape-circle elementor-mobile-position-block-start elementor-widget elementor-widget-icon-box\" data-id=\"01ceda8\" data-element_type=\"widget\" data-e-type=\"widget\" data-widget_type=\"icon-box.default\">\n\t\t\t\t<div class=\"elementor-widget-container\">\n\t\t\t\t\t\t\t<div class=\"elementor-icon-box-wrapper\">\n\n\t\t\t\t\t\t<div class=\"elementor-icon-box-icon\">\n\t\t\t\t<span  class=\"elementor-icon\">\n\t\t\t\t<svg xmlns=\"http:\/\/www.w3.org\/2000\/svg\" xmlns:xlink=\"http:\/\/www.w3.org\/1999\/xlink\" id=\"Layer_1\" x=\"0px\" y=\"0px\" viewBox=\"0 0 20 20\" style=\"enable-background:new 0 0 20 20;\" xml:space=\"preserve\"><style type=\"text\/css\">\t.st0{fill-rule:evenodd;clip-rule:evenodd;fill:#D93A6D;}<\/style><path class=\"st0\" d=\"M0,3c0-1.11,0.9-2,2-2h11c3.87,0,7,3.13,7,7v6.87c0,0.62-0.51,1.13-1.13,1.13h-0.91c-0.24,1.7-1.7,3-3.46,3 s-3.22-1.3-3.46-3H7.96c-0.24,1.7-1.7,3-3.46,3c-1.45,0-2.69-0.88-3.22-2.14C0.53,16.58,0,15.85,0,15v-4V9V3z M7.66,14h3.68 c0.34-0.73,0.93-1.32,1.66-1.66V11H2v2.05C2.64,12.4,3.52,12,4.5,12C5.9,12,7.1,12.82,7.66,14z M13,15.5c0,0.83,0.67,1.5,1.5,1.5 s1.5-0.67,1.5-1.5S15.33,14,14.5,14S13,14.67,13,15.5z M2,9h11V3H2V9z M15,12.04c1.18,0.17,2.17,0.93,2.66,1.96H18V9h-3V12.04z  M15,7h2.9c-0.33-1.61-1.43-2.94-2.9-3.58V7z M4.5,14C3.67,14,3,14.67,3,15.5S3.67,17,4.5,17S6,16.33,6,15.5S5.33,14,4.5,14z\"><\/path><\/svg>\t\t\t\t<\/span>\n\t\t\t<\/div>\n\t\t\t\n\t\t\t\t\t\t<div class=\"elementor-icon-box-content\">\n\n\t\t\t\t\t\t\t\t\t<h5 class=\"elementor-icon-box-title\">\n\t\t\t\t\t\t<span  >\n\t\t\t\t\t\t\tINGYENES SZ\u00c1LL\u00cdT\u00c1S\t\t\t\t\t\t<\/span>\n\t\t\t\t\t<\/h5>\n\t\t\t\t\n\t\t\t\t\t\t\t\t\t<p class=\"elementor-icon-box-description\">\n\t\t\t\t\t\tINGYENES SZ\u00c1LL\u00cdT\u00c1S minden rendel\u00e9sre.\t\t\t\t\t<\/p>\n\t\t\t\t\n\t\t\t<\/div>\n\t\t\t\n\t\t<\/div>\n\t\t\t\t\t\t<\/div>\n\t\t\t\t<\/div>\n\t\t\t\t\t<\/div>\n\t\t<\/div>\n\t\t\t\t\t<\/div>\n\t\t<\/section>\n\t\t<div class=\"elementor-element elementor-element-6495c3b e-flex e-con-boxed e-con e-parent\" data-id=\"6495c3b\" data-element_type=\"container\" data-e-type=\"container\">\n\t\t\t\t\t<div class=\"e-con-inner\">\n\t\t<div class=\"elementor-element elementor-element-11feb2bd e-con-full e-flex e-con e-child\" data-id=\"11feb2bd\" data-element_type=\"container\" data-e-type=\"container\">\n\t\t\t\t<div class=\"elementor-element elementor-element-5bc46a43 elementor-widget elementor-widget-image\" data-id=\"5bc46a43\" data-element_type=\"widget\" data-e-type=\"widget\" data-widget_type=\"image.default\">\n\t\t\t\t<div class=\"elementor-widget-container\">\n\t\t\t\t\t\t\t\t\t\t\t\t\t\t\t<img fetchpriority=\"high\" decoding=\"async\" width=\"560\" height=\"730\" src=\"https:\/\/properio.com\/wp-content\/uploads\/WEB_HU_Triple-Action-oxi.png\" class=\"attachment-large size-large wp-image-158463\" alt=\"\" srcset=\"https:\/\/properio.com\/wp-content\/uploads\/WEB_HU_Triple-Action-oxi.png 560w, https:\/\/properio.com\/wp-content\/uploads\/WEB_HU_Triple-Action-oxi-230x300.png 230w, https:\/\/properio.com\/wp-content\/uploads\/WEB_HU_Triple-Action-oxi-450x587.png 450w, https:\/\/properio.com\/wp-content\/uploads\/WEB_HU_Triple-Action-oxi-64x83.png 64w\" sizes=\"(max-width: 560px) 100vw, 560px\" \/>\t\t\t\t\t\t\t\t\t\t\t\t\t\t\t<\/div>\n\t\t\t\t<\/div>\n\t\t\t\t<\/div>\n\t\t<div class=\"elementor-element elementor-element-45b4e872 e-con-full e-flex e-con e-child\" data-id=\"45b4e872\" data-element_type=\"container\" data-e-type=\"container\">\n\t\t\t\t<div class=\"elementor-element elementor-element-68099416 elementor-widget elementor-widget-heading\" data-id=\"68099416\" data-element_type=\"widget\" data-e-type=\"widget\" data-widget_type=\"heading.default\">\n\t\t\t\t<div class=\"elementor-widget-container\">\n\t\t\t\t\t<h4 class=\"elementor-heading-title elementor-size-default\">FOGFEH\u00c9R\u00cdT\u0150 K\u00c9SZLET<\/h4>\t\t\t\t<\/div>\n\t\t\t\t<\/div>\n\t\t\t\t<div class=\"elementor-element elementor-element-583c8235 elementor-widget elementor-widget-text-editor\" data-id=\"583c8235\" data-element_type=\"widget\" data-e-type=\"widget\" data-widget_type=\"text-editor.default\">\n\t\t\t\t<div class=\"elementor-widget-container\">\n\t\t\t\t\t\t\t\t\t<p><strong>Triple action OXI+<\/strong><\/p><div class=\"elementor-element elementor-element-7d589ff elementor-widget elementor-widget-woocommerce-product-short-description\" data-id=\"7d589ff\" data-element_type=\"widget\" data-widget_type=\"woocommerce-product-short-description.default\"><div class=\"elementor-widget-container\"><div class=\"woocommerce-product-details__short-description\"><div class=\"elementor-element elementor-element-7d589ff elementor-widget elementor-widget-woocommerce-product-short-description\" data-id=\"7d589ff\" data-element_type=\"widget\" data-widget_type=\"woocommerce-product-short-description.default\"><div class=\"elementor-widget-container\"><div class=\"woocommerce-product-details__short-description\"><div class=\"elementor-element elementor-element-7d589ff elementor-widget elementor-widget-woocommerce-product-short-description\" data-id=\"7d589ff\" data-element_type=\"widget\" data-widget_type=\"woocommerce-product-short-description.default\"><div class=\"elementor-widget-container\"><div class=\"woocommerce-product-details__short-description\"><p>A Triple action OXI+ egy modern fogfeh\u00e9r\u00edt\u00e9sre tervezett term\u00e9k, amely a modern OXI oxidat\u00edv formul\u00e1t haszn\u00e1lja a t\u00f6k\u00e9letes eredm\u00e9ny\u00e9rt. H\u00e1romf\u00e9le akt\u00edv g\u00e9lt tartalmaz \u2013 :primer, :activating \u00e9s :whitening gel. A h\u00e1rom g\u00e9l kombin\u00e1ci\u00f3ja biztons\u00e1gosan \u00e9s hat\u00e9konyan t\u00e1vol\u00edtja el a fogak elsz\u00ednez\u0151d\u00e9s\u00e9\u00e9rt felel\u0151s \u00e9telek \u00e9s italok hosszan tart\u00f3 \u00e9s rendszeres fogyaszt\u00e1sa, vagy a doh\u00e1nyz\u00e1s okozta hat\u00e1st.<\/p><\/div><\/div><\/div><\/div><\/div><\/div><\/div><\/div><\/div>\t\t\t\t\t\t\t\t<\/div>\n\t\t\t\t<\/div>\n\t\t\t\t<div class=\"elementor-element elementor-element-177e8886 elementor-widget elementor-widget-button\" data-id=\"177e8886\" data-element_type=\"widget\" data-e-type=\"widget\" data-widget_type=\"button.default\">\n\t\t\t\t<div class=\"elementor-widget-container\">\n\t\t\t\t\t\t\t\t\t<div class=\"elementor-button-wrapper\">\n\t\t\t\t\t<a class=\"elementor-button elementor-button-link elementor-size-sm\" href=\"https:\/\/properio.com\/hu\/e-shop\/triple-action-oxi-fogfeherito-keszlet\">\n\t\t\t\t\t\t<span class=\"elementor-button-content-wrapper\">\n\t\t\t\t\t\t\t\t\t<span class=\"elementor-button-text\">T\u00f6bb inform\u00e1ci\u00f3 &gt;<\/span>\n\t\t\t\t\t<\/span>\n\t\t\t\t\t<\/a>\n\t\t\t\t<\/div>\n\t\t\t\t\t\t\t\t<\/div>\n\t\t\t\t<\/div>\n\t\t\t\t<\/div>\n\t\t\t\t\t<\/div>\n\t\t\t\t<\/div>\n\t\t<div class=\"elementor-element elementor-element-4dfa5419 e-flex e-con-boxed e-con e-parent\" data-id=\"4dfa5419\" data-element_type=\"container\" data-e-type=\"container\">\n\t\t\t\t\t<div class=\"e-con-inner\">\n\t\t<div class=\"elementor-element elementor-element-4c302e26 e-con-full e-flex e-con e-child\" data-id=\"4c302e26\" data-element_type=\"container\" data-e-type=\"container\">\n\t\t\t\t<div class=\"elementor-element elementor-element-4e877785 elementor-widget elementor-widget-image\" data-id=\"4e877785\" data-element_type=\"widget\" data-e-type=\"widget\" data-widget_type=\"image.default\">\n\t\t\t\t<div class=\"elementor-widget-container\">\n\t\t\t\t\t\t\t\t\t\t\t\t\t\t\t<img decoding=\"async\" width=\"560\" height=\"730\" src=\"https:\/\/properio.com\/wp-content\/uploads\/WEB_HU-Intensive.png\" class=\"attachment-large size-large wp-image-158475\" alt=\"\" srcset=\"https:\/\/properio.com\/wp-content\/uploads\/WEB_HU-Intensive.png 560w, https:\/\/properio.com\/wp-content\/uploads\/WEB_HU-Intensive-230x300.png 230w, https:\/\/properio.com\/wp-content\/uploads\/WEB_HU-Intensive-450x587.png 450w, https:\/\/properio.com\/wp-content\/uploads\/WEB_HU-Intensive-64x83.png 64w\" sizes=\"(max-width: 560px) 100vw, 560px\" \/>\t\t\t\t\t\t\t\t\t\t\t\t\t\t\t<\/div>\n\t\t\t\t<\/div>\n\t\t\t\t<\/div>\n\t\t<div class=\"elementor-element elementor-element-3a3a3756 e-con-full e-flex e-con e-child\" data-id=\"3a3a3756\" data-element_type=\"container\" data-e-type=\"container\">\n\t\t\t\t<div class=\"elementor-element elementor-element-4db8445 elementor-widget elementor-widget-heading\" data-id=\"4db8445\" data-element_type=\"widget\" data-e-type=\"widget\" data-widget_type=\"heading.default\">\n\t\t\t\t<div class=\"elementor-widget-container\">\n\t\t\t\t\t<h4 class=\"elementor-heading-title elementor-size-default\">REGGELI FOGKR\u00c9M\n<\/h4>\t\t\t\t<\/div>\n\t\t\t\t<\/div>\n\t\t\t\t<div class=\"elementor-element elementor-element-66053902 elementor-widget elementor-widget-text-editor\" data-id=\"66053902\" data-element_type=\"widget\" data-e-type=\"widget\" data-widget_type=\"text-editor.default\">\n\t\t\t\t<div class=\"elementor-widget-container\">\n\t\t\t\t\t\t\t\t\t<p><strong>:intensive feh\u00e9r\u00edt\u0151 fogkr\u00e9m<\/strong><\/p><p>Az enzim-oxidat\u00edv feh\u00e9r\u00edt\u0151 fogkr\u00e9m biztons\u00e1gosan feh\u00e9r\u00edti ki a fogzom\u00e1nc elsz\u00ednez\u0151d\u00e9seit, melyeket a sz\u00ednez\u0151 \u00e9telek \u00e9s italok fogyaszt\u00e1sa okoz. Finoman koptat\u00f3 hat\u00e1s\u00e1nak k\u00f6sz\u00f6nhet\u0151en biztons\u00e1gos a fogzom\u00e1ncon, \u00e9s \u00e9rz\u00e9keny fogak eset\u00e9ben is alkalmas.<\/p><p>75 ml<\/p>\t\t\t\t\t\t\t\t<\/div>\n\t\t\t\t<\/div>\n\t\t\t\t<div class=\"elementor-element elementor-element-68657526 elementor-widget elementor-widget-button\" data-id=\"68657526\" data-element_type=\"widget\" data-e-type=\"widget\" data-widget_type=\"button.default\">\n\t\t\t\t<div class=\"elementor-widget-container\">\n\t\t\t\t\t\t\t\t\t<div class=\"elementor-button-wrapper\">\n\t\t\t\t\t<a class=\"elementor-button elementor-button-link elementor-size-sm\" href=\"https:\/\/properio.com\/hu\/e-shop\/intensive-feherito-fogkrem\">\n\t\t\t\t\t\t<span class=\"elementor-button-content-wrapper\">\n\t\t\t\t\t\t\t\t\t<span class=\"elementor-button-text\">T\u00f6bb inform\u00e1ci\u00f3 &gt;<\/span>\n\t\t\t\t\t<\/span>\n\t\t\t\t\t<\/a>\n\t\t\t\t<\/div>\n\t\t\t\t\t\t\t\t<\/div>\n\t\t\t\t<\/div>\n\t\t\t\t<\/div>\n\t\t\t\t\t<\/div>\n\t\t\t\t<\/div>\n\t\t<div class=\"elementor-element elementor-element-4069fb5f e-flex e-con-boxed e-con e-parent\" data-id=\"4069fb5f\" data-element_type=\"container\" data-e-type=\"container\">\n\t\t\t\t\t<div class=\"e-con-inner\">\n\t\t<div class=\"elementor-element elementor-element-da2d2fb e-con-full e-flex e-con e-child\" data-id=\"da2d2fb\" data-element_type=\"container\" data-e-type=\"container\">\n\t\t\t\t<div class=\"elementor-element elementor-element-77d41254 elementor-widget elementor-widget-image\" data-id=\"77d41254\" data-element_type=\"widget\" data-e-type=\"widget\" data-widget_type=\"image.default\">\n\t\t\t\t<div class=\"elementor-widget-container\">\n\t\t\t\t\t\t\t\t\t\t\t\t\t\t\t<img decoding=\"async\" width=\"560\" height=\"730\" src=\"https:\/\/properio.com\/wp-content\/uploads\/WEB_HU_Crystal-White.png\" class=\"attachment-large size-large wp-image-158455\" alt=\"\" srcset=\"https:\/\/properio.com\/wp-content\/uploads\/WEB_HU_Crystal-White.png 560w, https:\/\/properio.com\/wp-content\/uploads\/WEB_HU_Crystal-White-230x300.png 230w, https:\/\/properio.com\/wp-content\/uploads\/WEB_HU_Crystal-White-450x587.png 450w, https:\/\/properio.com\/wp-content\/uploads\/WEB_HU_Crystal-White-64x83.png 64w\" sizes=\"(max-width: 560px) 100vw, 560px\" \/>\t\t\t\t\t\t\t\t\t\t\t\t\t\t\t<\/div>\n\t\t\t\t<\/div>\n\t\t\t\t<\/div>\n\t\t<div class=\"elementor-element elementor-element-39f919f5 e-con-full e-flex e-con e-child\" data-id=\"39f919f5\" data-element_type=\"container\" data-e-type=\"container\">\n\t\t\t\t<div class=\"elementor-element elementor-element-1259093 elementor-widget elementor-widget-heading\" data-id=\"1259093\" data-element_type=\"widget\" data-e-type=\"widget\" data-widget_type=\"heading.default\">\n\t\t\t\t<div class=\"elementor-widget-container\">\n\t\t\t\t\t<h4 class=\"elementor-heading-title elementor-size-default\">ESTI FOGKR\u00c9M\n<\/h4>\t\t\t\t<\/div>\n\t\t\t\t<\/div>\n\t\t\t\t<div class=\"elementor-element elementor-element-44d7ecae elementor-widget elementor-widget-text-editor\" data-id=\"44d7ecae\" data-element_type=\"widget\" data-e-type=\"widget\" data-widget_type=\"text-editor.default\">\n\t\t\t\t<div class=\"elementor-widget-container\">\n\t\t\t\t\t\t\t\t\t<p><strong>:crystal white feh\u00e9r\u00edt\u0151 fogkr\u00e9m<\/strong><\/p><p>A fogkr\u00e9m elt\u00e1vol\u00edtja a fogzom\u00e1nc, elsz\u00ednez\u0151d\u00e9seit, \u00e9s ragyog\u00f3 csillog\u00e1st biztos\u00edt. A PAP \u00e9s a gy\u00f6ngykrist\u00e1ly hat\u00f3anyagai gyeng\u00e9den t\u00e1vol\u00edtj\u00e1k el a fogak elsz\u00ednez\u0151d\u00e9seit. A feh\u00e9r\u00edt\u0151 hat\u00e1s m\u00e1r n\u00e9h\u00e1ny haszn\u00e1lat ut\u00e1n \u00e9szrevehet\u0151!<\/p><p>100 ml<\/p>\t\t\t\t\t\t\t\t<\/div>\n\t\t\t\t<\/div>\n\t\t\t\t<div class=\"elementor-element elementor-element-c33b3b3 elementor-widget elementor-widget-button\" data-id=\"c33b3b3\" data-element_type=\"widget\" data-e-type=\"widget\" data-widget_type=\"button.default\">\n\t\t\t\t<div class=\"elementor-widget-container\">\n\t\t\t\t\t\t\t\t\t<div class=\"elementor-button-wrapper\">\n\t\t\t\t\t<a class=\"elementor-button elementor-button-link elementor-size-sm\" href=\"https:\/\/properio.com\/hu\/e-shop\/crystal-white-feherito-fogkrem\">\n\t\t\t\t\t\t<span class=\"elementor-button-content-wrapper\">\n\t\t\t\t\t\t\t\t\t<span class=\"elementor-button-text\">T\u00f6bb inform\u00e1ci\u00f3 &gt;<\/span>\n\t\t\t\t\t<\/span>\n\t\t\t\t\t<\/a>\n\t\t\t\t<\/div>\n\t\t\t\t\t\t\t\t<\/div>\n\t\t\t\t<\/div>\n\t\t\t\t<\/div>\n\t\t\t\t\t<\/div>\n\t\t\t\t<\/div>\n\t\t\t\t<\/div>\n\t\t","protected":false},"excerpt":{"rendered":"<p data-start=\"37\" data-end=\"281\">A Triple Action OXI+ otthoni fogfeh\u00e9r\u00edt\u0151 k\u00e9szlet term\u00e9szetes m\u00f3don feh\u00e9r\u00edti a fogakat, m\u00edg az :intensive \u00e9s a :crystal white fogkr\u00e9mek seg\u00edtenek meg\u0151rizni az eredm\u00e9nyt. Mindk\u00e9t fogkr\u00e9m haszn\u00e1lhat\u00f3 a feh\u00e9r\u00edt\u00e9s alatt \u00e9s ut\u00e1n is.<\/p>\n<h3><img loading=\"lazy\" decoding=\"async\" class=\"alignnone wp-image-158044\" src=\"https:\/\/properio.com\/wp-content\/uploads\/Dizajn-bez-nazvu-300x257.png\" alt=\"\" width=\"45\" height=\"38\" srcset=\"https:\/\/properio.com\/wp-content\/uploads\/Dizajn-bez-nazvu-300x257.png 300w, https:\/\/properio.com\/wp-content\/uploads\/Dizajn-bez-nazvu-450x385.png 450w, https:\/\/properio.com\/wp-content\/uploads\/Dizajn-bez-nazvu-64x55.png 64w, https:\/\/properio.com\/wp-content\/uploads\/Dizajn-bez-nazvu.png 540w\" sizes=\"(max-width: 45px) 100vw, 45px\" \/><\/h3>\n<p class=\"elementor-heading-title elementor-size-default\"><strong>INGYENES SZ\u00c1LL\u00cdT\u00c1S minden rendel\u00e9sre!<\/strong><\/p>\n","protected":false},"featured_media":158516,"comment_status":"closed","ping_status":"closed","template":"","meta":[],"product_brand":[],"product_cat":[493,483,496],"product_tag":[],"woo-feed-brand":[],"class_list":{"0":"post-157040","1":"product","2":"type-product","3":"status-publish","4":"has-post-thumbnail","6":"product_cat-akcios-termekek","7":"product_cat-otthoni-fogfeherites","8":"product_cat-szettek","10":"first","11":"instock","12":"taxable","13":"shipping-taxable","14":"purchasable","15":"product-type-simple"},"_links":{"self":[{"href":"https:\/\/properio.com\/hu\/wp-json\/wp\/v2\/product\/157040","targetHints":{"allow":["GET"]}}],"collection":[{"href":"https:\/\/properio.com\/hu\/wp-json\/wp\/v2\/product"}],"about":[{"href":"https:\/\/properio.com\/hu\/wp-json\/wp\/v2\/types\/product"}],"replies":[{"embeddable":true,"href":"https:\/\/properio.com\/hu\/wp-json\/wp\/v2\/comments?post=157040"}],"version-history":[{"count":10,"href":"https:\/\/properio.com\/hu\/wp-json\/wp\/v2\/product\/157040\/revisions"}],"predecessor-version":[{"id":158545,"href":"https:\/\/properio.com\/hu\/wp-json\/wp\/v2\/product\/157040\/revisions\/158545"}],"wp:featuredmedia":[{"embeddable":true,"href":"https:\/\/properio.com\/hu\/wp-json\/wp\/v2\/media\/158516"}],"wp:attachment":[{"href":"https:\/\/properio.com\/hu\/wp-json\/wp\/v2\/media?parent=157040"}],"wp:term":[{"taxonomy":"product_brand","embeddable":true,"href":"https:\/\/properio.com\/hu\/wp-json\/wp\/v2\/product_brand?post=157040"},{"taxonomy":"product_cat","embeddable":true,"href":"https:\/\/properio.com\/hu\/wp-json\/wp\/v2\/product_cat?post=157040"},{"taxonomy":"product_tag","embeddable":true,"href":"https:\/\/properio.com\/hu\/wp-json\/wp\/v2\/product_tag?post=157040"},{"taxonomy":"woo-feed-brand","embeddable":true,"href":"https:\/\/properio.com\/hu\/wp-json\/wp\/v2\/woo-feed-brand?post=157040"}],"curies":[{"name":"wp","href":"https:\/\/api.w.org\/{rel}","templated":true}]}}