{"id":156941,"date":"2025-09-03T18:05:14","date_gmt":"2025-09-03T16:05:14","guid":{"rendered":"https:\/\/properio.com\/?post_type=product&#038;p=156941"},"modified":"2026-02-10T16:34:00","modified_gmt":"2026-02-10T15:34:00","slug":"specialis-szett-fogkrem-es-szajviz-kurkuma-koenzim-q10","status":"publish","type":"product","link":"https:\/\/properio.com\/hu\/e-shop\/specialis-szett-fogkrem-es-szajviz-kurkuma-koenzim-q10","title":{"rendered":"Speci\u00e1lis szett: fogkr\u00e9m \u00e9s sz\u00e1jv\u00edz :kurkuma + koenzim Q10"},"content":{"rendered":"\t\t<div data-elementor-type=\"product-post\" data-elementor-id=\"156941\" class=\"elementor elementor-156941 elementor-156933\" data-elementor-post-type=\"product\">\n\t\t\t\t\t\t<section class=\"elementor-section elementor-top-section elementor-element elementor-element-db6b0cc elementor-section-boxed elementor-section-height-default elementor-section-height-default\" data-id=\"db6b0cc\" data-element_type=\"section\" data-e-type=\"section\">\n\t\t\t\t\t\t<div class=\"elementor-container elementor-column-gap-default\">\n\t\t\t\t\t<div class=\"elementor-column elementor-col-33 elementor-top-column elementor-element elementor-element-776344af\" data-id=\"776344af\" data-element_type=\"column\" data-e-type=\"column\">\n\t\t\t<div class=\"elementor-widget-wrap elementor-element-populated\">\n\t\t\t\t\t\t<div class=\"elementor-element elementor-element-43739438 elementor-position-inline-start elementor-view-stacked elementor-shape-circle elementor-mobile-position-block-start elementor-widget elementor-widget-icon-box\" data-id=\"43739438\" data-element_type=\"widget\" data-e-type=\"widget\" data-widget_type=\"icon-box.default\">\n\t\t\t\t<div class=\"elementor-widget-container\">\n\t\t\t\t\t\t\t<div class=\"elementor-icon-box-wrapper\">\n\n\t\t\t\t\t\t<div class=\"elementor-icon-box-icon\">\n\t\t\t\t<span  class=\"elementor-icon\">\n\t\t\t\t<svg xmlns=\"http:\/\/www.w3.org\/2000\/svg\" id=\"a\" viewBox=\"0 0 24.06 24\"><path d=\"M24,11.64c0-.16-.03-.53-.04-.63C23.51,5.2,18.82.52,13.02.07c-.11,0-.71-.04-.95-.04-.2,0-.59,0-.79,0-.2,0-.39.04-.59.06-2.74.34-5.28,1.54-7.25,3.57-4.52,4.66-4.52,12.05,0,16.7,4.6,4.72,12.13,4.85,16.88.28,2.2-2.11,3.44-4.89,3.67-7.88,0,0,0-.83,0-1.1ZM4.56,4.51c3.91-3.9,10.28-4.14,14.43-.46l-1.92,1.9c-.14-.45-.26-.84-.5-1.21-.59-.89-1.64-1.31-2.67-1-.94.28-1.68,1.16-1.68,2.22v5.26s-.76.03-.76.03l-.7-2.98c-.23-.99-.91-1.79-1.74-2.17-1.05-.47-2.17-.37-3.08.25-.51.34-.96.63-1.43.99-.79.59-1.11,1.62-.83,2.58.25.87,1,1.6,1.95,1.74.62.09,1.19-.07,1.74-.41l.67,1.27c-1.01.98-1.29,2.21-1.13,3.61l-2.83,2.83C.38,14.76.65,8.41,4.56,4.51ZM12.72,15.81l-.69.67-.68-.68-.99.99.97.97v1.35c-1.96-.39-3.3-2.23-3.02-4.21.1-.69.46-1.25,1.04-1.63,1.29-.85,4.06-.85,5.36-.02.59.38.97.94,1.06,1.64.27,1.96-1.02,3.8-3.02,4.21v-1.34s.96-.97.96-.97l-.98-.99ZM7.92,9.28l-1.38.83c-.49.29-1.1.15-1.4-.31-.3-.46-.18-1.09.29-1.4l1.31-.89c.49-.33,1.1-.38,1.67-.13.48.21.84.65.98,1.23l.67,2.85-.86.29-1.3-2.47ZM15.36,10.67l-.41,1.13c-.45-.19-.85-.31-1.32-.42v-5.37c0-.47.31-.83.73-.94.4-.1.89.1,1.09.53.74,1.58.51,3.43-.09,5.07ZM19.52,19.46c-3.9,3.91-10.25,4.19-14.45.48l2.3-2.29c1.15,2.33,3.76,3.45,6.2,2.69,2.39-.74,3.95-3.13,3.58-5.67-.12-.81-.47-1.48-1-2.05l.73-2.06c.28-.96.45-1.9.46-2.88l2.65-2.66c3.69,4.19,3.43,10.53-.46,14.43Z\" fill=\"#ec216c\"><\/path><\/svg>\t\t\t\t<\/span>\n\t\t\t<\/div>\n\t\t\t\n\t\t\t\t\t\t<div class=\"elementor-icon-box-content\">\n\n\t\t\t\t\t\t\t\t\t<h5 class=\"elementor-icon-box-title\">\n\t\t\t\t\t\t<span  >\n\t\t\t\t\t\t\t\u00c1llatk\u00eds\u00e9rletek n\u00e9lk\u00fcl\t\t\t\t\t\t<\/span>\n\t\t\t\t\t<\/h5>\n\t\t\t\t\n\t\t\t\t\t\t\t\t\t<p class=\"elementor-icon-box-description\">\n\t\t\t\t\t\tTerm\u00e9keinket etikai okokb\u00f3l nem tesztelj\u00fck \u00e1llatokon.\t\t\t\t\t<\/p>\n\t\t\t\t\n\t\t\t<\/div>\n\t\t\t\n\t\t<\/div>\n\t\t\t\t\t\t<\/div>\n\t\t\t\t<\/div>\n\t\t\t\t\t<\/div>\n\t\t<\/div>\n\t\t\t\t<div class=\"elementor-column elementor-col-33 elementor-top-column elementor-element elementor-element-77a3fe40\" data-id=\"77a3fe40\" data-element_type=\"column\" data-e-type=\"column\">\n\t\t\t<div class=\"elementor-widget-wrap elementor-element-populated\">\n\t\t\t\t\t\t<div class=\"elementor-element elementor-element-3feed06c elementor-position-inline-start elementor-view-stacked elementor-shape-circle elementor-mobile-position-block-start elementor-widget elementor-widget-icon-box\" data-id=\"3feed06c\" data-element_type=\"widget\" data-e-type=\"widget\" data-widget_type=\"icon-box.default\">\n\t\t\t\t<div class=\"elementor-widget-container\">\n\t\t\t\t\t\t\t<div class=\"elementor-icon-box-wrapper\">\n\n\t\t\t\t\t\t<div class=\"elementor-icon-box-icon\">\n\t\t\t\t<span  class=\"elementor-icon\">\n\t\t\t\t<svg xmlns=\"http:\/\/www.w3.org\/2000\/svg\" id=\"a\" viewBox=\"0 0 24.06 24\"><path d=\"M23.91,5.13c.04-.55-.07-1.06-.21-1.68l-.66-2.81c-.03-.13-.1-.24-.2-.33-.15-.13-.35-.21-.6-.21-.07,0-.14,0-.21.03l-2.98.73c-.53.13-1,.33-1.46.62-1.55-.79-3.17-1.24-4.84-1.33-.1,0-1.09-.01-1.11-.01-.23,0-.67.02-.87.04-2.35.25-4.52,1.16-6.23,2.62C3.6,1.75,2.48.86,1.39.32c-.07-.04-.19-.1-.32-.14-.08-.02-.17-.04-.26-.04-.1,0-.2.02-.27.05-.11.05-.26.17-.36.41-.03.07-.04.14-.04.24,0,.14.05.27.13.38.1.12.22.22.38.3,1.1.57,2.02,1.31,2.8,2.22C1.51,5.7.34,8.36.18,11.26c0,.1,0,.18-.04.23v.99s.04.12.04.27c.07,1.42.41,2.82.99,4.16.58,1.33,1.41,2.51,2.53,3.6,2.09,2.03,4.81,3.22,7.68,3.36.28.01.55.02.82.02.23,0,.46,0,.69-.02,1.5-.1,2.94-.49,4.27-1.15,3.93-1.95,6.51-5.78,6.73-9.98.08-1.81-.21-3.6-.85-5.13.51-.74.79-1.55.86-2.47ZM17.3,3.74c.44-.72,1.13-1.23,1.94-1.42l2.55-.64.58,2.46c.2.86.06,1.74-.4,2.48-.47.75-1.2,1.27-2.07,1.47l-1.5.4c.75-1.28,1.58-2.49,2.56-3.7.27-.33.24-.75-.07-1.03-.13-.12-.31-.18-.48-.18-.22,0-.41.1-.56.27-.89,1.08-1.7,2.24-2.58,3.77l-.36-1.5c-.2-.81-.06-1.65.39-2.37ZM2.46,16.2c-1.68-3.68-.9-8.31,1.89-11.28,2.14,3.05,3.73,6.53,5.16,11.29.57,1.92,1.08,3.9,1.64,6.18-3.68-.22-7.09-2.65-8.69-6.19ZM12.09,20.13c-.55-2.13-1.04-3.94-1.64-5.78-1.43-4.35-3.03-7.67-5.05-10.41,1.89-1.55,4.16-2.37,6.57-2.37,1.53,0,3.04.33,4.46.94-.92,1.17-1.24,2.62-.9,4.08l.68,2.84c-.7,1.32-1.31,2.64-1.94,4.15-.83,2.02-1.54,4.1-2.18,6.55ZM22.23,14.17c-.58,2.59-2.09,4.87-4.25,6.41-1.55,1.08-3.25,1.69-5.04,1.86,1.09-4.49,2.61-8.62,4.51-12.28l2.77-.65c.65-.15,1.2-.4,1.73-.77.6,1.76.7,3.59.29,5.43Z\" fill=\"#ec216c\"><\/path><\/svg>\t\t\t\t<\/span>\n\t\t\t<\/div>\n\t\t\t\n\t\t\t\t\t\t<div class=\"elementor-icon-box-content\">\n\n\t\t\t\t\t\t\t\t\t<h5 class=\"elementor-icon-box-title\">\n\t\t\t\t\t\t<span  >\n\t\t\t\t\t\t\tVeg\u00e1nok sz\u00e1m\u00e1ra is alkalmas term\u00e9k\t\t\t\t\t\t<\/span>\n\t\t\t\t\t<\/h5>\n\t\t\t\t\n\t\t\t\t\t\t\t\t\t<p class=\"elementor-icon-box-description\">\n\t\t\t\t\t\tMinden term\u00e9k\u00fcnk veg\u00e1nok sz\u00e1m\u00e1ra is alkalmas.\t\t\t\t\t<\/p>\n\t\t\t\t\n\t\t\t<\/div>\n\t\t\t\n\t\t<\/div>\n\t\t\t\t\t\t<\/div>\n\t\t\t\t<\/div>\n\t\t\t\t\t<\/div>\n\t\t<\/div>\n\t\t\t\t<div class=\"elementor-column elementor-col-33 elementor-top-column elementor-element elementor-element-1f1924bc\" data-id=\"1f1924bc\" data-element_type=\"column\" data-e-type=\"column\">\n\t\t\t<div class=\"elementor-widget-wrap elementor-element-populated\">\n\t\t\t\t\t\t<div class=\"elementor-element elementor-element-33c226da elementor-position-inline-start elementor-view-stacked elementor-shape-circle elementor-mobile-position-block-start elementor-widget elementor-widget-icon-box\" data-id=\"33c226da\" data-element_type=\"widget\" data-e-type=\"widget\" data-widget_type=\"icon-box.default\">\n\t\t\t\t<div class=\"elementor-widget-container\">\n\t\t\t\t\t\t\t<div class=\"elementor-icon-box-wrapper\">\n\n\t\t\t\t\t\t<div class=\"elementor-icon-box-icon\">\n\t\t\t\t<span  class=\"elementor-icon\">\n\t\t\t\t<svg xmlns=\"http:\/\/www.w3.org\/2000\/svg\" xmlns:xlink=\"http:\/\/www.w3.org\/1999\/xlink\" id=\"Layer_1\" x=\"0px\" y=\"0px\" viewBox=\"0 0 20 20\" style=\"enable-background:new 0 0 20 20;\" xml:space=\"preserve\"><style type=\"text\/css\">\t.st0{fill-rule:evenodd;clip-rule:evenodd;fill:#D93A6D;}<\/style><path class=\"st0\" d=\"M0,3c0-1.11,0.9-2,2-2h11c3.87,0,7,3.13,7,7v6.87c0,0.62-0.51,1.13-1.13,1.13h-0.91c-0.24,1.7-1.7,3-3.46,3 s-3.22-1.3-3.46-3H7.96c-0.24,1.7-1.7,3-3.46,3c-1.45,0-2.69-0.88-3.22-2.14C0.53,16.58,0,15.85,0,15v-4V9V3z M7.66,14h3.68 c0.34-0.73,0.93-1.32,1.66-1.66V11H2v2.05C2.64,12.4,3.52,12,4.5,12C5.9,12,7.1,12.82,7.66,14z M13,15.5c0,0.83,0.67,1.5,1.5,1.5 s1.5-0.67,1.5-1.5S15.33,14,14.5,14S13,14.67,13,15.5z M2,9h11V3H2V9z M15,12.04c1.18,0.17,2.17,0.93,2.66,1.96H18V9h-3V12.04z  M15,7h2.9c-0.33-1.61-1.43-2.94-2.9-3.58V7z M4.5,14C3.67,14,3,14.67,3,15.5S3.67,17,4.5,17S6,16.33,6,15.5S5.33,14,4.5,14z\"><\/path><\/svg>\t\t\t\t<\/span>\n\t\t\t<\/div>\n\t\t\t\n\t\t\t\t\t\t<div class=\"elementor-icon-box-content\">\n\n\t\t\t\t\t\t\t\t\t<h5 class=\"elementor-icon-box-title\">\n\t\t\t\t\t\t<span  >\n\t\t\t\t\t\t\tINGYENES SZ\u00c1LL\u00cdT\u00c1S\t\t\t\t\t\t<\/span>\n\t\t\t\t\t<\/h5>\n\t\t\t\t\n\t\t\t\t\t\t\t\t\t<p class=\"elementor-icon-box-description\">\n\t\t\t\t\t\tINGYENES SZ\u00c1LL\u00cdT\u00c1S minden rendel\u00e9sre.\t\t\t\t\t<\/p>\n\t\t\t\t\n\t\t\t<\/div>\n\t\t\t\n\t\t<\/div>\n\t\t\t\t\t\t<\/div>\n\t\t\t\t<\/div>\n\t\t\t\t\t<\/div>\n\t\t<\/div>\n\t\t\t\t\t<\/div>\n\t\t<\/section>\n\t\t<div class=\"elementor-element elementor-element-7571fc69 e-flex e-con-boxed e-con e-parent\" data-id=\"7571fc69\" data-element_type=\"container\" data-e-type=\"container\">\n\t\t\t\t\t<div class=\"e-con-inner\">\n\t\t<div class=\"elementor-element elementor-element-1849df06 e-con-full e-flex e-con e-child\" data-id=\"1849df06\" data-element_type=\"container\" data-e-type=\"container\">\n\t\t\t\t<div class=\"elementor-element elementor-element-3038dd87 elementor-widget elementor-widget-image\" data-id=\"3038dd87\" data-element_type=\"widget\" data-e-type=\"widget\" data-widget_type=\"image.default\">\n\t\t\t\t<div class=\"elementor-widget-container\">\n\t\t\t\t\t\t\t\t\t\t\t\t\t\t\t<img fetchpriority=\"high\" decoding=\"async\" width=\"560\" height=\"730\" src=\"https:\/\/properio.com\/wp-content\/uploads\/PRO-PERIO_Kurkuma-WEB.png\" class=\"attachment-large size-large wp-image-155657\" alt=\"\" srcset=\"https:\/\/properio.com\/wp-content\/uploads\/PRO-PERIO_Kurkuma-WEB.png 560w, https:\/\/properio.com\/wp-content\/uploads\/PRO-PERIO_Kurkuma-WEB-230x300.png 230w, https:\/\/properio.com\/wp-content\/uploads\/PRO-PERIO_Kurkuma-WEB-450x587.png 450w, https:\/\/properio.com\/wp-content\/uploads\/PRO-PERIO_Kurkuma-WEB-64x83.png 64w\" sizes=\"(max-width: 560px) 100vw, 560px\" \/>\t\t\t\t\t\t\t\t\t\t\t\t\t\t\t<\/div>\n\t\t\t\t<\/div>\n\t\t\t\t<\/div>\n\t\t<div class=\"elementor-element elementor-element-2f76f506 e-con-full e-flex e-con e-child\" data-id=\"2f76f506\" data-element_type=\"container\" data-e-type=\"container\">\n\t\t\t\t<div class=\"elementor-element elementor-element-50a5547f elementor-widget elementor-widget-heading\" data-id=\"50a5547f\" data-element_type=\"widget\" data-e-type=\"widget\" data-widget_type=\"heading.default\">\n\t\t\t\t<div class=\"elementor-widget-container\">\n\t\t\t\t\t<h4 class=\"elementor-heading-title elementor-size-default\">fogkr\u00e9m<\/h4>\t\t\t\t<\/div>\n\t\t\t\t<\/div>\n\t\t\t\t<div class=\"elementor-element elementor-element-299cc7b5 elementor-widget elementor-widget-text-editor\" data-id=\"299cc7b5\" data-element_type=\"widget\" data-e-type=\"widget\" data-widget_type=\"text-editor.default\">\n\t\t\t\t<div class=\"elementor-widget-container\">\n\t\t\t\t\t\t\t\t\t<div class=\"elementor-element elementor-element-0604284 elementor-widget elementor-widget-woocommerce-product-title elementor-page-title elementor-widget-heading\" data-id=\"0604284\" data-element_type=\"widget\" data-widget_type=\"woocommerce-product-title.default\"><div class=\"elementor-widget-container\"><div class=\"elementor-element elementor-element-0604284 elementor-widget elementor-widget-woocommerce-product-title elementor-page-title elementor-widget-heading\" data-id=\"0604284\" data-element_type=\"widget\" data-widget_type=\"woocommerce-product-title.default\"><div class=\"elementor-element elementor-element-0604284 elementor-widget elementor-widget-woocommerce-product-title elementor-page-title elementor-widget-heading\" data-id=\"0604284\" data-element_type=\"widget\" data-widget_type=\"woocommerce-product-title.default\"><p class=\"elementor-widget-container\"><strong>:kurkuma + koenzim Q10 fogkr\u00e9m<\/strong><\/p><\/div><div class=\"elementor-element elementor-element-7d589ff elementor-widget elementor-widget-woocommerce-product-short-description\" data-id=\"7d589ff\" data-element_type=\"widget\" data-widget_type=\"woocommerce-product-short-description.default\"><div class=\"elementor-widget-container\"><p class=\"woocommerce-product-details__short-description\">Feh\u00e9r\u00edt\u0151 fogkr\u00e9m kurkumakivonat \u00e9s Q10 koenzim antioxid\u00e1ns kombin\u00e1ci\u00f3j\u00e1val, amely regener\u00e1lja a fog\u00ednyt, er\u0151s\u00edti a fogzom\u00e1ncot \u00e9s elt\u00e1vol\u00edtja a k\u00e1v\u00e9- \u00e9s teafogyaszt\u00e1s okozta elsz\u00ednez\u0151d\u00e9seket.<\/p><p>75 ml<\/p><\/div><\/div><\/div><\/div><\/div>\t\t\t\t\t\t\t\t<\/div>\n\t\t\t\t<\/div>\n\t\t\t\t<div class=\"elementor-element elementor-element-7c5204a2 elementor-widget elementor-widget-button\" data-id=\"7c5204a2\" data-element_type=\"widget\" data-e-type=\"widget\" data-widget_type=\"button.default\">\n\t\t\t\t<div class=\"elementor-widget-container\">\n\t\t\t\t\t\t\t\t\t<div class=\"elementor-button-wrapper\">\n\t\t\t\t\t<a class=\"elementor-button elementor-button-link elementor-size-sm\" href=\"https:\/\/properio.com\/hu\/e-shop\/feherito-fogkrem-turmeric-q10-koenzim\">\n\t\t\t\t\t\t<span class=\"elementor-button-content-wrapper\">\n\t\t\t\t\t\t\t\t\t<span class=\"elementor-button-text\">T\u00f6bb inform\u00e1ci\u00f3 &gt; &gt;<\/span>\n\t\t\t\t\t<\/span>\n\t\t\t\t\t<\/a>\n\t\t\t\t<\/div>\n\t\t\t\t\t\t\t\t<\/div>\n\t\t\t\t<\/div>\n\t\t\t\t<\/div>\n\t\t\t\t\t<\/div>\n\t\t\t\t<\/div>\n\t\t<div class=\"elementor-element elementor-element-57cf269a e-flex e-con-boxed e-con e-parent\" data-id=\"57cf269a\" data-element_type=\"container\" data-e-type=\"container\">\n\t\t\t\t\t<div class=\"e-con-inner\">\n\t\t<div class=\"elementor-element elementor-element-6a5c5226 e-con-full e-flex e-con e-child\" data-id=\"6a5c5226\" data-element_type=\"container\" data-e-type=\"container\">\n\t\t\t\t<div class=\"elementor-element elementor-element-7a3118bc elementor-widget elementor-widget-image\" data-id=\"7a3118bc\" data-element_type=\"widget\" data-e-type=\"widget\" data-widget_type=\"image.default\">\n\t\t\t\t<div class=\"elementor-widget-container\">\n\t\t\t\t\t\t\t\t\t\t\t\t\t\t\t<img decoding=\"async\" width=\"560\" height=\"730\" src=\"https:\/\/properio.com\/wp-content\/uploads\/Ustna-voda-CZ-UZKA-WEB.png\" class=\"attachment-large size-large wp-image-155588\" alt=\"\" srcset=\"https:\/\/properio.com\/wp-content\/uploads\/Ustna-voda-CZ-UZKA-WEB.png 560w, https:\/\/properio.com\/wp-content\/uploads\/Ustna-voda-CZ-UZKA-WEB-230x300.png 230w, https:\/\/properio.com\/wp-content\/uploads\/Ustna-voda-CZ-UZKA-WEB-450x587.png 450w, https:\/\/properio.com\/wp-content\/uploads\/Ustna-voda-CZ-UZKA-WEB-64x83.png 64w\" sizes=\"(max-width: 560px) 100vw, 560px\" \/>\t\t\t\t\t\t\t\t\t\t\t\t\t\t\t<\/div>\n\t\t\t\t<\/div>\n\t\t\t\t<\/div>\n\t\t<div class=\"elementor-element elementor-element-1be977ba e-con-full e-flex e-con e-child\" data-id=\"1be977ba\" data-element_type=\"container\" data-e-type=\"container\">\n\t\t\t\t<div class=\"elementor-element elementor-element-737a16e0 elementor-widget elementor-widget-heading\" data-id=\"737a16e0\" data-element_type=\"widget\" data-e-type=\"widget\" data-widget_type=\"heading.default\">\n\t\t\t\t<div class=\"elementor-widget-container\">\n\t\t\t\t\t<h4 class=\"elementor-heading-title elementor-size-default\">sz\u00e1jv\u00edz<\/h4>\t\t\t\t<\/div>\n\t\t\t\t<\/div>\n\t\t\t\t<div class=\"elementor-element elementor-element-280e322e elementor-widget elementor-widget-text-editor\" data-id=\"280e322e\" data-element_type=\"widget\" data-e-type=\"widget\" data-widget_type=\"text-editor.default\">\n\t\t\t\t<div class=\"elementor-widget-container\">\n\t\t\t\t\t\t\t\t\t<div class=\"elementor-element elementor-element-0604284 elementor-widget elementor-widget-woocommerce-product-title elementor-page-title elementor-widget-heading\" data-id=\"0604284\" data-element_type=\"widget\" data-widget_type=\"woocommerce-product-title.default\"><div class=\"elementor-element elementor-element-0604284 elementor-widget elementor-widget-woocommerce-product-title elementor-page-title elementor-widget-heading\" data-id=\"0604284\" data-element_type=\"widget\" data-widget_type=\"woocommerce-product-title.default\"><p class=\"elementor-widget-container\"><strong>:kurkuma + koenzim Q10 sz\u00e1jv\u00edz<\/strong><\/p><p class=\"elementor-widget-container\">Antibakteri\u00e1lis sz\u00e1jv\u00edz kurkum\u00e1val \u00e9s Q10 koenzimmel, amely megel\u0151zi az \u00ednygyullad\u00e1st \u00e9s cs\u00f6kkenti a mikrobi\u00e1lis leped\u00e9ket.<\/p><\/div><div class=\"elementor-element elementor-element-7d589ff elementor-widget elementor-widget-woocommerce-product-short-description\" data-id=\"7d589ff\" data-element_type=\"widget\" data-widget_type=\"woocommerce-product-short-description.default\"><p class=\"elementor-widget-container\">250 ml<\/p><\/div><\/div>\t\t\t\t\t\t\t\t<\/div>\n\t\t\t\t<\/div>\n\t\t\t\t<div class=\"elementor-element elementor-element-46360809 elementor-widget elementor-widget-button\" data-id=\"46360809\" data-element_type=\"widget\" data-e-type=\"widget\" data-widget_type=\"button.default\">\n\t\t\t\t<div class=\"elementor-widget-container\">\n\t\t\t\t\t\t\t\t\t<div class=\"elementor-button-wrapper\">\n\t\t\t\t\t<a class=\"elementor-button elementor-button-link elementor-size-sm\" href=\"https:\/\/properio.com\/hu\/e-shop\/kurkuma-koenzim-q10-szajviz-2\">\n\t\t\t\t\t\t<span class=\"elementor-button-content-wrapper\">\n\t\t\t\t\t\t\t\t\t<span class=\"elementor-button-text\">T\u00f6bb inform\u00e1ci\u00f3 &gt;<\/span>\n\t\t\t\t\t<\/span>\n\t\t\t\t\t<\/a>\n\t\t\t\t<\/div>\n\t\t\t\t\t\t\t\t<\/div>\n\t\t\t\t<\/div>\n\t\t\t\t<\/div>\n\t\t\t\t\t<\/div>\n\t\t\t\t<\/div>\n\t\t\t\t<\/div>\n\t\t","protected":false},"excerpt":{"rendered":"<p>Fogkr\u00e9m \u00e9s sz\u00e1jv\u00edz szett, amely seg\u00edt megel\u0151zni az \u00ednygyullad\u00e1st \u00e9s cs\u00f6kkenti a mikrobi\u00e1lis leped\u00e9ket.<\/p>\n<h3><img decoding=\"async\" class=\"alignnone  wp-image-158044\" src=\"https:\/\/properio.com\/wp-content\/uploads\/Dizajn-bez-nazvu-300x257.png\" alt=\"\" width=\"45\" height=\"38\" srcset=\"https:\/\/properio.com\/wp-content\/uploads\/Dizajn-bez-nazvu-300x257.png 300w, https:\/\/properio.com\/wp-content\/uploads\/Dizajn-bez-nazvu-450x385.png 450w, https:\/\/properio.com\/wp-content\/uploads\/Dizajn-bez-nazvu-64x55.png 64w, https:\/\/properio.com\/wp-content\/uploads\/Dizajn-bez-nazvu.png 540w\" sizes=\"(max-width: 45px) 100vw, 45px\" \/><\/h3>\n<p class=\"elementor-heading-title elementor-size-default\"><strong>INGYENES SZ\u00c1LL\u00cdT\u00c1S minden rendel\u00e9sre!<\/strong><\/p>\n","protected":false},"featured_media":158504,"comment_status":"closed","ping_status":"closed","template":"","meta":[],"product_brand":[],"product_cat":[493,496],"product_tag":[],"woo-feed-brand":[],"class_list":{"0":"post-156941","1":"product","2":"type-product","3":"status-publish","4":"has-post-thumbnail","6":"product_cat-akcios-termekek","7":"product_cat-szettek","9":"first","10":"instock","11":"taxable","12":"shipping-taxable","13":"purchasable","14":"product-type-simple"},"_links":{"self":[{"href":"https:\/\/properio.com\/hu\/wp-json\/wp\/v2\/product\/156941","targetHints":{"allow":["GET"]}}],"collection":[{"href":"https:\/\/properio.com\/hu\/wp-json\/wp\/v2\/product"}],"about":[{"href":"https:\/\/properio.com\/hu\/wp-json\/wp\/v2\/types\/product"}],"replies":[{"embeddable":true,"href":"https:\/\/properio.com\/hu\/wp-json\/wp\/v2\/comments?post=156941"}],"version-history":[{"count":4,"href":"https:\/\/properio.com\/hu\/wp-json\/wp\/v2\/product\/156941\/revisions"}],"predecessor-version":[{"id":158064,"href":"https:\/\/properio.com\/hu\/wp-json\/wp\/v2\/product\/156941\/revisions\/158064"}],"wp:featuredmedia":[{"embeddable":true,"href":"https:\/\/properio.com\/hu\/wp-json\/wp\/v2\/media\/158504"}],"wp:attachment":[{"href":"https:\/\/properio.com\/hu\/wp-json\/wp\/v2\/media?parent=156941"}],"wp:term":[{"taxonomy":"product_brand","embeddable":true,"href":"https:\/\/properio.com\/hu\/wp-json\/wp\/v2\/product_brand?post=156941"},{"taxonomy":"product_cat","embeddable":true,"href":"https:\/\/properio.com\/hu\/wp-json\/wp\/v2\/product_cat?post=156941"},{"taxonomy":"product_tag","embeddable":true,"href":"https:\/\/properio.com\/hu\/wp-json\/wp\/v2\/product_tag?post=156941"},{"taxonomy":"woo-feed-brand","embeddable":true,"href":"https:\/\/properio.com\/hu\/wp-json\/wp\/v2\/woo-feed-brand?post=156941"}],"curies":[{"name":"wp","href":"https:\/\/api.w.org\/{rel}","templated":true}]}}