{"id":155587,"date":"2023-12-13T03:42:56","date_gmt":"2023-12-13T02:42:56","guid":{"rendered":"https:\/\/properio.com\/?post_type=product&#038;p=155587"},"modified":"2026-02-10T16:28:39","modified_gmt":"2026-02-10T15:28:39","slug":"kurkuma-koenzim-q10-szajviz-2","status":"publish","type":"product","link":"https:\/\/properio.com\/hu\/e-shop\/kurkuma-koenzim-q10-szajviz-2","title":{"rendered":":kurkuma + koenzim Q10 sz\u00e1jv\u00edz"},"content":{"rendered":"\t\t<div data-elementor-type=\"product-post\" data-elementor-id=\"155587\" class=\"elementor elementor-155587 elementor-155325\" data-elementor-post-type=\"product\">\n\t\t\t\t\t\t<section class=\"elementor-section elementor-top-section elementor-element elementor-element-1f4fa2c5 elementor-section-boxed elementor-section-height-default elementor-section-height-default\" data-id=\"1f4fa2c5\" data-element_type=\"section\" data-e-type=\"section\">\n\t\t\t\t\t\t<div class=\"elementor-container elementor-column-gap-default\">\n\t\t\t\t\t<div class=\"elementor-column elementor-col-33 elementor-top-column elementor-element elementor-element-57f09b8c\" data-id=\"57f09b8c\" data-element_type=\"column\" data-e-type=\"column\">\n\t\t\t<div class=\"elementor-widget-wrap elementor-element-populated\">\n\t\t\t\t\t\t<div class=\"elementor-element elementor-element-6ecfe97f elementor-position-inline-start elementor-view-stacked elementor-shape-circle elementor-mobile-position-block-start elementor-widget elementor-widget-icon-box\" data-id=\"6ecfe97f\" data-element_type=\"widget\" data-e-type=\"widget\" data-widget_type=\"icon-box.default\">\n\t\t\t\t<div class=\"elementor-widget-container\">\n\t\t\t\t\t\t\t<div class=\"elementor-icon-box-wrapper\">\n\n\t\t\t\t\t\t<div class=\"elementor-icon-box-icon\">\n\t\t\t\t<span  class=\"elementor-icon\">\n\t\t\t\t<svg xmlns=\"http:\/\/www.w3.org\/2000\/svg\" id=\"a\" viewBox=\"0 0 24.06 24\"><path d=\"M24,11.64c0-.16-.03-.53-.04-.63C23.51,5.2,18.82.52,13.02.07c-.11,0-.71-.04-.95-.04-.2,0-.59,0-.79,0-.2,0-.39.04-.59.06-2.74.34-5.28,1.54-7.25,3.57-4.52,4.66-4.52,12.05,0,16.7,4.6,4.72,12.13,4.85,16.88.28,2.2-2.11,3.44-4.89,3.67-7.88,0,0,0-.83,0-1.1ZM4.56,4.51c3.91-3.9,10.28-4.14,14.43-.46l-1.92,1.9c-.14-.45-.26-.84-.5-1.21-.59-.89-1.64-1.31-2.67-1-.94.28-1.68,1.16-1.68,2.22v5.26s-.76.03-.76.03l-.7-2.98c-.23-.99-.91-1.79-1.74-2.17-1.05-.47-2.17-.37-3.08.25-.51.34-.96.63-1.43.99-.79.59-1.11,1.62-.83,2.58.25.87,1,1.6,1.95,1.74.62.09,1.19-.07,1.74-.41l.67,1.27c-1.01.98-1.29,2.21-1.13,3.61l-2.83,2.83C.38,14.76.65,8.41,4.56,4.51ZM12.72,15.81l-.69.67-.68-.68-.99.99.97.97v1.35c-1.96-.39-3.3-2.23-3.02-4.21.1-.69.46-1.25,1.04-1.63,1.29-.85,4.06-.85,5.36-.02.59.38.97.94,1.06,1.64.27,1.96-1.02,3.8-3.02,4.21v-1.34s.96-.97.96-.97l-.98-.99ZM7.92,9.28l-1.38.83c-.49.29-1.1.15-1.4-.31-.3-.46-.18-1.09.29-1.4l1.31-.89c.49-.33,1.1-.38,1.67-.13.48.21.84.65.98,1.23l.67,2.85-.86.29-1.3-2.47ZM15.36,10.67l-.41,1.13c-.45-.19-.85-.31-1.32-.42v-5.37c0-.47.31-.83.73-.94.4-.1.89.1,1.09.53.74,1.58.51,3.43-.09,5.07ZM19.52,19.46c-3.9,3.91-10.25,4.19-14.45.48l2.3-2.29c1.15,2.33,3.76,3.45,6.2,2.69,2.39-.74,3.95-3.13,3.58-5.67-.12-.81-.47-1.48-1-2.05l.73-2.06c.28-.96.45-1.9.46-2.88l2.65-2.66c3.69,4.19,3.43,10.53-.46,14.43Z\" fill=\"#ec216c\"><\/path><\/svg>\t\t\t\t<\/span>\n\t\t\t<\/div>\n\t\t\t\n\t\t\t\t\t\t<div class=\"elementor-icon-box-content\">\n\n\t\t\t\t\t\t\t\t\t<h5 class=\"elementor-icon-box-title\">\n\t\t\t\t\t\t<span  >\n\t\t\t\t\t\t\t\u00c1llatk\u00eds\u00e9rletek n\u00e9lk\u00fcl\t\t\t\t\t\t<\/span>\n\t\t\t\t\t<\/h5>\n\t\t\t\t\n\t\t\t\t\t\t\t\t\t<p class=\"elementor-icon-box-description\">\n\t\t\t\t\t\tTerm\u00e9keinket etikai okokb\u00f3l nem tesztelj\u00fck \u00e1llatokon.\t\t\t\t\t<\/p>\n\t\t\t\t\n\t\t\t<\/div>\n\t\t\t\n\t\t<\/div>\n\t\t\t\t\t\t<\/div>\n\t\t\t\t<\/div>\n\t\t\t\t\t<\/div>\n\t\t<\/div>\n\t\t\t\t<div class=\"elementor-column elementor-col-33 elementor-top-column elementor-element elementor-element-7922f753\" data-id=\"7922f753\" data-element_type=\"column\" data-e-type=\"column\">\n\t\t\t<div class=\"elementor-widget-wrap elementor-element-populated\">\n\t\t\t\t\t\t<div class=\"elementor-element elementor-element-36a3392e elementor-position-inline-start elementor-view-stacked elementor-shape-circle elementor-mobile-position-block-start elementor-widget elementor-widget-icon-box\" data-id=\"36a3392e\" data-element_type=\"widget\" data-e-type=\"widget\" data-widget_type=\"icon-box.default\">\n\t\t\t\t<div class=\"elementor-widget-container\">\n\t\t\t\t\t\t\t<div class=\"elementor-icon-box-wrapper\">\n\n\t\t\t\t\t\t<div class=\"elementor-icon-box-icon\">\n\t\t\t\t<span  class=\"elementor-icon\">\n\t\t\t\t<svg xmlns=\"http:\/\/www.w3.org\/2000\/svg\" id=\"a\" viewBox=\"0 0 24.06 24\"><path d=\"M23.91,5.13c.04-.55-.07-1.06-.21-1.68l-.66-2.81c-.03-.13-.1-.24-.2-.33-.15-.13-.35-.21-.6-.21-.07,0-.14,0-.21.03l-2.98.73c-.53.13-1,.33-1.46.62-1.55-.79-3.17-1.24-4.84-1.33-.1,0-1.09-.01-1.11-.01-.23,0-.67.02-.87.04-2.35.25-4.52,1.16-6.23,2.62C3.6,1.75,2.48.86,1.39.32c-.07-.04-.19-.1-.32-.14-.08-.02-.17-.04-.26-.04-.1,0-.2.02-.27.05-.11.05-.26.17-.36.41-.03.07-.04.14-.04.24,0,.14.05.27.13.38.1.12.22.22.38.3,1.1.57,2.02,1.31,2.8,2.22C1.51,5.7.34,8.36.18,11.26c0,.1,0,.18-.04.23v.99s.04.12.04.27c.07,1.42.41,2.82.99,4.16.58,1.33,1.41,2.51,2.53,3.6,2.09,2.03,4.81,3.22,7.68,3.36.28.01.55.02.82.02.23,0,.46,0,.69-.02,1.5-.1,2.94-.49,4.27-1.15,3.93-1.95,6.51-5.78,6.73-9.98.08-1.81-.21-3.6-.85-5.13.51-.74.79-1.55.86-2.47ZM17.3,3.74c.44-.72,1.13-1.23,1.94-1.42l2.55-.64.58,2.46c.2.86.06,1.74-.4,2.48-.47.75-1.2,1.27-2.07,1.47l-1.5.4c.75-1.28,1.58-2.49,2.56-3.7.27-.33.24-.75-.07-1.03-.13-.12-.31-.18-.48-.18-.22,0-.41.1-.56.27-.89,1.08-1.7,2.24-2.58,3.77l-.36-1.5c-.2-.81-.06-1.65.39-2.37ZM2.46,16.2c-1.68-3.68-.9-8.31,1.89-11.28,2.14,3.05,3.73,6.53,5.16,11.29.57,1.92,1.08,3.9,1.64,6.18-3.68-.22-7.09-2.65-8.69-6.19ZM12.09,20.13c-.55-2.13-1.04-3.94-1.64-5.78-1.43-4.35-3.03-7.67-5.05-10.41,1.89-1.55,4.16-2.37,6.57-2.37,1.53,0,3.04.33,4.46.94-.92,1.17-1.24,2.62-.9,4.08l.68,2.84c-.7,1.32-1.31,2.64-1.94,4.15-.83,2.02-1.54,4.1-2.18,6.55ZM22.23,14.17c-.58,2.59-2.09,4.87-4.25,6.41-1.55,1.08-3.25,1.69-5.04,1.86,1.09-4.49,2.61-8.62,4.51-12.28l2.77-.65c.65-.15,1.2-.4,1.73-.77.6,1.76.7,3.59.29,5.43Z\" fill=\"#ec216c\"><\/path><\/svg>\t\t\t\t<\/span>\n\t\t\t<\/div>\n\t\t\t\n\t\t\t\t\t\t<div class=\"elementor-icon-box-content\">\n\n\t\t\t\t\t\t\t\t\t<h5 class=\"elementor-icon-box-title\">\n\t\t\t\t\t\t<span  >\n\t\t\t\t\t\t\tVeg\u00e1nok sz\u00e1m\u00e1ra is alkalmas term\u00e9k\t\t\t\t\t\t<\/span>\n\t\t\t\t\t<\/h5>\n\t\t\t\t\n\t\t\t\t\t\t\t\t\t<p class=\"elementor-icon-box-description\">\n\t\t\t\t\t\tMinden term\u00e9k\u00fcnk veg\u00e1nok sz\u00e1m\u00e1ra is alkalmas.\t\t\t\t\t<\/p>\n\t\t\t\t\n\t\t\t<\/div>\n\t\t\t\n\t\t<\/div>\n\t\t\t\t\t\t<\/div>\n\t\t\t\t<\/div>\n\t\t\t\t\t<\/div>\n\t\t<\/div>\n\t\t\t\t<div class=\"elementor-column elementor-col-33 elementor-top-column elementor-element elementor-element-28b1276f\" data-id=\"28b1276f\" data-element_type=\"column\" data-e-type=\"column\">\n\t\t\t<div class=\"elementor-widget-wrap elementor-element-populated\">\n\t\t\t\t\t\t<div class=\"elementor-element elementor-element-6c6002c8 elementor-position-inline-start elementor-view-stacked elementor-shape-circle elementor-mobile-position-block-start elementor-widget elementor-widget-icon-box\" data-id=\"6c6002c8\" data-element_type=\"widget\" data-e-type=\"widget\" data-widget_type=\"icon-box.default\">\n\t\t\t\t<div class=\"elementor-widget-container\">\n\t\t\t\t\t\t\t<div class=\"elementor-icon-box-wrapper\">\n\n\t\t\t\t\t\t<div class=\"elementor-icon-box-icon\">\n\t\t\t\t<span  class=\"elementor-icon\">\n\t\t\t\t<svg xmlns=\"http:\/\/www.w3.org\/2000\/svg\" xmlns:xlink=\"http:\/\/www.w3.org\/1999\/xlink\" id=\"Layer_1\" x=\"0px\" y=\"0px\" viewBox=\"0 0 20 20\" style=\"enable-background:new 0 0 20 20;\" xml:space=\"preserve\"><style type=\"text\/css\">\t.st0{fill-rule:evenodd;clip-rule:evenodd;fill:#D93A6D;}<\/style><path class=\"st0\" d=\"M0,3c0-1.11,0.9-2,2-2h11c3.87,0,7,3.13,7,7v6.87c0,0.62-0.51,1.13-1.13,1.13h-0.91c-0.24,1.7-1.7,3-3.46,3 s-3.22-1.3-3.46-3H7.96c-0.24,1.7-1.7,3-3.46,3c-1.45,0-2.69-0.88-3.22-2.14C0.53,16.58,0,15.85,0,15v-4V9V3z M7.66,14h3.68 c0.34-0.73,0.93-1.32,1.66-1.66V11H2v2.05C2.64,12.4,3.52,12,4.5,12C5.9,12,7.1,12.82,7.66,14z M13,15.5c0,0.83,0.67,1.5,1.5,1.5 s1.5-0.67,1.5-1.5S15.33,14,14.5,14S13,14.67,13,15.5z M2,9h11V3H2V9z M15,12.04c1.18,0.17,2.17,0.93,2.66,1.96H18V9h-3V12.04z  M15,7h2.9c-0.33-1.61-1.43-2.94-2.9-3.58V7z M4.5,14C3.67,14,3,14.67,3,15.5S3.67,17,4.5,17S6,16.33,6,15.5S5.33,14,4.5,14z\"><\/path><\/svg>\t\t\t\t<\/span>\n\t\t\t<\/div>\n\t\t\t\n\t\t\t\t\t\t<div class=\"elementor-icon-box-content\">\n\n\t\t\t\t\t\t\t\t\t<h5 class=\"elementor-icon-box-title\">\n\t\t\t\t\t\t<span  >\n\t\t\t\t\t\t\tINGYENES SZ\u00c1LL\u00cdT\u00c1S\t\t\t\t\t\t<\/span>\n\t\t\t\t\t<\/h5>\n\t\t\t\t\n\t\t\t\t\t\t\t\t\t<p class=\"elementor-icon-box-description\">\n\t\t\t\t\t\tINGYENES SZ\u00c1LL\u00cdT\u00c1S minden rendel\u00e9sre.\t\t\t\t\t<\/p>\n\t\t\t\t\n\t\t\t<\/div>\n\t\t\t\n\t\t<\/div>\n\t\t\t\t\t\t<\/div>\n\t\t\t\t<\/div>\n\t\t\t\t\t<\/div>\n\t\t<\/div>\n\t\t\t\t\t<\/div>\n\t\t<\/section>\n\t\t\t\t<section class=\"elementor-section elementor-top-section elementor-element elementor-element-a4ee774 elementor-section-boxed elementor-section-height-default elementor-section-height-default\" data-id=\"a4ee774\" data-element_type=\"section\" data-e-type=\"section\">\n\t\t\t\t\t\t<div class=\"elementor-container elementor-column-gap-default\">\n\t\t\t\t\t<div class=\"elementor-column elementor-col-100 elementor-top-column elementor-element elementor-element-53bff73\" data-id=\"53bff73\" data-element_type=\"column\" data-e-type=\"column\">\n\t\t\t<div class=\"elementor-widget-wrap elementor-element-populated\">\n\t\t\t\t\t\t<div class=\"elementor-element elementor-element-11f31d16 elementor-widget elementor-widget-text-editor\" data-id=\"11f31d16\" data-element_type=\"widget\" data-e-type=\"widget\" data-widget_type=\"text-editor.default\">\n\t\t\t\t<div class=\"elementor-widget-container\">\n\t\t\t\t\t\t\t\t\t<p><strong>Kinek aj\u00e1nljuk:<\/strong><\/p><p>Kifejezetten gyenge, gyulladt vagy v\u00e9rz\u00e9sre hajlamos \u00edny \u00e1pol\u00e1s\u00e1ra.<\/p><p><strong>Hogyan m\u0171k\u00f6dik:<\/strong><\/p><ul><li>regener\u00e1lja a gyulladt fog\u00ednyt<\/li><li>hosszan tart\u00f3 friss leheletet biztos\u00edt<\/li><li>antibakteri\u00e1lis, antimikrobi\u00e1lis tulajdons\u00e1gokkal rendelkezik, v\u00e9d a fogk\u0151 kialakul\u00e1s\u00e1t\u00f3l *<\/li><\/ul><p>\u00a0<\/p><p><strong>Hat\u00f3anyagok \u00e9s felhaszn\u00e1l\u00e1suk:<\/strong><\/p><ul><li><b>kurkuma kivonat** &#8211; <\/b><b><\/b>antioxid\u00e1ns, megel\u0151zi a fog\u00ednygyullad\u00e1st<\/li><li><b>Q10 koenzim \u2013 <\/b>antioxid\u00e1ns, regener\u00e1lja a fog\u00ednyt<\/li><li><b>xilitol \u2013 <\/b>v\u00e9di a sz\u00e1j\u00fcreget a t\u00falsavasod\u00e1st\u00f3l<\/li><li><b>menta &#8211; <\/b>felfriss\u00edti a leheletet, antibakteri\u00e1lis \u00e9s v\u00edrus\u00f6l\u0151 tulajdons\u00e1g\u00fa<\/li><\/ul><p>\u00a0<\/p><p><strong>Mi teszi egyediv\u00e9?<\/strong><\/p><p>A kurkuma az \u00c1jurv\u00e9da egyik leg\u00e9rt\u00e9kesebb gy\u00f3gyn\u00f6v\u00e9nye, amely term\u00e9szetes m\u00f3don t\u00e1mogatja a sz\u00e1j\u00fcreg eg\u00e9szs\u00e9g\u00e9t. Hozz\u00e1j\u00e1rul az \u00edny regener\u00e1ci\u00f3j\u00e1hoz, seg\u00edt megel\u0151zni a gyullad\u00e1st \u00e9s a v\u00e9rz\u00e9st, mik\u00f6zben m\u00e9rs\u00e9kli a mikrobi\u00e1lis leped\u00e9k kialakul\u00e1s\u00e1t.<\/p><p><strong>Haszn\u00e1lati \u00fatmutat\u00f3:<\/strong><\/p><p>\u00d6nts\u00f6n 10\u201320 ml sz\u00e1jvizet egy m\u00e9r\u0151poh\u00e1rba, \u00f6bl\u00edtsen 30 m\u00e1sodpercig, majd k\u00f6pje ki. Haszn\u00e1lja reggel \u00e9s este, vagy sz\u00fcks\u00e9g szerint.<\/p><p><strong>Figyelem:<\/strong><\/p><p>Ne nyelje le. Gyermekekt\u0151l t\u00e1vol tartand\u00f3. 25 \u00b0C-os szobah\u0151m\u00e9rs\u00e9kleten t\u00e1roland\u00f3. Haszn\u00e1lat ut\u00e1n szorosan z\u00e1rja le a kupakot. A term\u00e9k nem gyermekek sz\u00e1m\u00e1ra k\u00e9sz\u00fclt.<\/p><p>*B\u0151vebben a kurkumin szerep\u00e9r\u0151l a fog\u00e1pol\u00e1sban::<\/p><p>https:\/\/pubmed.ncbi.nlm.nih.gov\/23162334\/<\/p><p>https:\/\/www.ncbi.nlm.nih.gov\/pmc\/articles\/PMC3633300\/<\/p><p>**Term\u00e9szetes kurkumin kivonat \u2013 a COMOS \u00e1ltal j\u00f3v\u00e1hagyott \u00e9s tan\u00fas\u00edtott; k\u00edm\u00e9letes, rendk\u00edv\u00fcl finom CO2 extrakci\u00f3val kinyert.<\/p>\t\t\t\t\t\t\t\t<\/div>\n\t\t\t\t<\/div>\n\t\t\t\t\t<\/div>\n\t\t<\/div>\n\t\t\t\t\t<\/div>\n\t\t<\/section>\n\t\t\t\t<section class=\"elementor-section elementor-top-section elementor-element elementor-element-3fbf4e2 elementor-section-boxed elementor-section-height-default elementor-section-height-default\" data-id=\"3fbf4e2\" data-element_type=\"section\" data-e-type=\"section\">\n\t\t\t\t\t\t<div class=\"elementor-container elementor-column-gap-default\">\n\t\t\t\t\t<div class=\"elementor-column elementor-col-100 elementor-top-column elementor-element elementor-element-543890e5\" data-id=\"543890e5\" data-element_type=\"column\" data-e-type=\"column\">\n\t\t\t<div class=\"elementor-widget-wrap elementor-element-populated\">\n\t\t\t\t\t\t<div class=\"elementor-element elementor-element-e6e69e9 elementor-widget elementor-widget-toggle\" data-id=\"e6e69e9\" data-element_type=\"widget\" data-e-type=\"widget\" data-widget_type=\"toggle.default\">\n\t\t\t\t<div class=\"elementor-widget-container\">\n\t\t\t\t\t\t\t<div class=\"elementor-toggle\">\n\t\t\t\t\t\t\t<div class=\"elementor-toggle-item\">\n\t\t\t\t\t<div id=\"elementor-tab-title-2421\" class=\"elementor-tab-title\" data-tab=\"1\" role=\"button\" aria-controls=\"elementor-tab-content-2421\" aria-expanded=\"false\">\n\t\t\t\t\t\t\t\t\t\t\t\t<span class=\"elementor-toggle-icon elementor-toggle-icon-left\" aria-hidden=\"true\">\n\t\t\t\t\t\t\t\t\t\t\t\t\t\t\t<span class=\"elementor-toggle-icon-closed\"><i class=\"fas fa-caret-right\"><\/i><\/span>\n\t\t\t\t\t\t\t\t<span class=\"elementor-toggle-icon-opened\"><i class=\"elementor-toggle-icon-opened fas fa-caret-up\"><\/i><\/span>\n\t\t\t\t\t\t\t\t\t\t\t\t\t<\/span>\n\t\t\t\t\t\t\t\t\t\t\t\t<a class=\"elementor-toggle-title\" tabindex=\"0\">\u00d6sszetev\u0151k:<\/a>\n\t\t\t\t\t<\/div>\n\n\t\t\t\t\t<div id=\"elementor-tab-content-2421\" class=\"elementor-tab-content elementor-clearfix\" data-tab=\"1\" role=\"region\" aria-labelledby=\"elementor-tab-title-2421\"><p>Aqua, Xylitol, PEG 40 Hydrogenated Castor Oil, Poloxamer 407, Methyl Salicylate, Curcuma Longa (Turmeric) Root Extract, Ubiquionone, Citric Acid, Methylparaben, Sodium Benzoate, Sodium Saccharin, Propylene Glycol, Aroma.<\/p><p>VOLUME: 250 ML<\/p><\/div>\n\t\t\t\t<\/div>\n\t\t\t\t\t\t\t\t<\/div>\n\t\t\t\t\t\t<\/div>\n\t\t\t\t<\/div>\n\t\t\t\t<div class=\"elementor-element elementor-element-2024f527 elementor-widget elementor-widget-spacer\" data-id=\"2024f527\" data-element_type=\"widget\" data-e-type=\"widget\" data-widget_type=\"spacer.default\">\n\t\t\t\t<div class=\"elementor-widget-container\">\n\t\t\t\t\t\t\t<div class=\"elementor-spacer\">\n\t\t\t<div class=\"elementor-spacer-inner\"><\/div>\n\t\t<\/div>\n\t\t\t\t\t\t<\/div>\n\t\t\t\t<\/div>\n\t\t\t\t\t<\/div>\n\t\t<\/div>\n\t\t\t\t\t<\/div>\n\t\t<\/section>\n\t\t\t\t<section class=\"elementor-section elementor-top-section elementor-element elementor-element-35591fd6 elementor-section-boxed elementor-section-height-default elementor-section-height-default\" data-id=\"35591fd6\" data-element_type=\"section\" data-e-type=\"section\">\n\t\t\t\t\t\t<div class=\"elementor-container elementor-column-gap-default\">\n\t\t\t\t\t<div class=\"elementor-column elementor-col-100 elementor-top-column elementor-element elementor-element-2a916cc0\" data-id=\"2a916cc0\" data-element_type=\"column\" data-e-type=\"column\">\n\t\t\t<div class=\"elementor-widget-wrap elementor-element-populated\">\n\t\t\t\t\t\t<div class=\"elementor-element elementor-element-2b31dc3d elementor-widget elementor-widget-heading\" data-id=\"2b31dc3d\" data-element_type=\"widget\" data-e-type=\"widget\" data-widget_type=\"heading.default\">\n\t\t\t\t<div class=\"elementor-widget-container\">\n\t\t\t\t\t<h2 class=\"elementor-heading-title elementor-size-default\">Hol kaphat\u00f3<\/h2>\t\t\t\t<\/div>\n\t\t\t\t<\/div>\n\t\t\t\t\t<\/div>\n\t\t<\/div>\n\t\t\t\t\t<\/div>\n\t\t<\/section>\n\t\t\t\t<section class=\"elementor-section elementor-top-section elementor-element elementor-element-f17f806 elementor-section-content-middle elementor-section-boxed elementor-section-height-default elementor-section-height-default\" data-id=\"f17f806\" data-element_type=\"section\" data-e-type=\"section\">\n\t\t\t\t\t\t<div class=\"elementor-container elementor-column-gap-default\">\n\t\t\t\t\t<div class=\"elementor-column elementor-col-33 elementor-top-column elementor-element elementor-element-34bfbbf2\" data-id=\"34bfbbf2\" data-element_type=\"column\" data-e-type=\"column\">\n\t\t\t<div class=\"elementor-widget-wrap\">\n\t\t\t\t\t\t\t<\/div>\n\t\t<\/div>\n\t\t\t\t<div class=\"elementor-column elementor-col-33 elementor-top-column elementor-element elementor-element-c1e2707\" data-id=\"c1e2707\" data-element_type=\"column\" data-e-type=\"column\">\n\t\t\t<div class=\"elementor-widget-wrap elementor-element-populated\">\n\t\t\t\t\t\t<div class=\"elementor-element elementor-element-3cc19836 elementor-widget elementor-widget-image\" data-id=\"3cc19836\" data-element_type=\"widget\" data-e-type=\"widget\" data-widget_type=\"image.default\">\n\t\t\t\t<div class=\"elementor-widget-container\">\n\t\t\t\t\t\t\t\t\t\t\t\t\t\t\t\t<a href=\"https:\/\/shop.rossmann.hu\/termek\/properio-szajviz-kurkumaval-250-ml\">\n\t\t\t\t\t\t\t<img decoding=\"async\" width=\"160\" height=\"160\" src=\"https:\/\/properio.com\/wp-content\/uploads\/ROSSMANN-160x160-1.png\" class=\"attachment-large size-large wp-image-155980\" alt=\"\" srcset=\"https:\/\/properio.com\/wp-content\/uploads\/ROSSMANN-160x160-1.png 160w, https:\/\/properio.com\/wp-content\/uploads\/ROSSMANN-160x160-1-150x150.png 150w, https:\/\/properio.com\/wp-content\/uploads\/ROSSMANN-160x160-1-100x100.png 100w, https:\/\/properio.com\/wp-content\/uploads\/ROSSMANN-160x160-1-64x64.png 64w\" sizes=\"(max-width: 160px) 100vw, 160px\" \/>\t\t\t\t\t\t\t\t<\/a>\n\t\t\t\t\t\t\t\t\t\t\t\t\t\t\t<\/div>\n\t\t\t\t<\/div>\n\t\t\t\t\t<\/div>\n\t\t<\/div>\n\t\t\t\t<div class=\"elementor-column elementor-col-33 elementor-top-column elementor-element elementor-element-21b80eab\" data-id=\"21b80eab\" data-element_type=\"column\" data-e-type=\"column\">\n\t\t\t<div class=\"elementor-widget-wrap\">\n\t\t\t\t\t\t\t<\/div>\n\t\t<\/div>\n\t\t\t\t\t<\/div>\n\t\t<\/section>\n\t\t\t\t<\/div>\n\t\t","protected":false},"excerpt":{"rendered":"<p>Antibakteri\u00e1lis sz\u00e1jv\u00edz kurkum\u00e1val \u00e9s Q10 koenzimmel, amely seg\u00edt megel\u0151zni az \u00ednygyullad\u00e1st, cs\u00f6kkenti a leped\u00e9kk\u00e9pz\u0151d\u00e9st, \u00e9s hosszan tart\u00f3 frissess\u00e9get biztos\u00edt.<\/p>\n<p><strong>250 ml<\/strong><\/p>\n<h3><img decoding=\"async\" class=\"alignnone  wp-image-158044\" src=\"https:\/\/properio.com\/wp-content\/uploads\/Dizajn-bez-nazvu-300x257.png\" alt=\"\" width=\"45\" height=\"38\" srcset=\"https:\/\/properio.com\/wp-content\/uploads\/Dizajn-bez-nazvu-300x257.png 300w, https:\/\/properio.com\/wp-content\/uploads\/Dizajn-bez-nazvu-450x385.png 450w, https:\/\/properio.com\/wp-content\/uploads\/Dizajn-bez-nazvu-64x55.png 64w, https:\/\/properio.com\/wp-content\/uploads\/Dizajn-bez-nazvu.png 540w\" sizes=\"(max-width: 45px) 100vw, 45px\" \/><\/h3>\n<p class=\"elementor-heading-title elementor-size-default\"><strong>INGYENES SZ\u00c1LL\u00cdT\u00c1S minden rendel\u00e9sre!<\/strong><\/p>\n","protected":false},"featured_media":158459,"comment_status":"closed","ping_status":"closed","template":"","meta":[],"product_brand":[],"product_cat":[486],"product_tag":[],"woo-feed-brand":[],"class_list":{"0":"post-155587","1":"product","2":"type-product","3":"status-publish","4":"has-post-thumbnail","6":"product_cat-szajvizek","8":"first","9":"instock","10":"taxable","11":"shipping-taxable","12":"purchasable","13":"product-type-simple"},"_links":{"self":[{"href":"https:\/\/properio.com\/hu\/wp-json\/wp\/v2\/product\/155587","targetHints":{"allow":["GET"]}}],"collection":[{"href":"https:\/\/properio.com\/hu\/wp-json\/wp\/v2\/product"}],"about":[{"href":"https:\/\/properio.com\/hu\/wp-json\/wp\/v2\/types\/product"}],"replies":[{"embeddable":true,"href":"https:\/\/properio.com\/hu\/wp-json\/wp\/v2\/comments?post=155587"}],"version-history":[{"count":4,"href":"https:\/\/properio.com\/hu\/wp-json\/wp\/v2\/product\/155587\/revisions"}],"predecessor-version":[{"id":158058,"href":"https:\/\/properio.com\/hu\/wp-json\/wp\/v2\/product\/155587\/revisions\/158058"}],"wp:featuredmedia":[{"embeddable":true,"href":"https:\/\/properio.com\/hu\/wp-json\/wp\/v2\/media\/158459"}],"wp:attachment":[{"href":"https:\/\/properio.com\/hu\/wp-json\/wp\/v2\/media?parent=155587"}],"wp:term":[{"taxonomy":"product_brand","embeddable":true,"href":"https:\/\/properio.com\/hu\/wp-json\/wp\/v2\/product_brand?post=155587"},{"taxonomy":"product_cat","embeddable":true,"href":"https:\/\/properio.com\/hu\/wp-json\/wp\/v2\/product_cat?post=155587"},{"taxonomy":"product_tag","embeddable":true,"href":"https:\/\/properio.com\/hu\/wp-json\/wp\/v2\/product_tag?post=155587"},{"taxonomy":"woo-feed-brand","embeddable":true,"href":"https:\/\/properio.com\/hu\/wp-json\/wp\/v2\/woo-feed-brand?post=155587"}],"curies":[{"name":"wp","href":"https:\/\/api.w.org\/{rel}","templated":true}]}}