{"id":157523,"date":"2019-07-01T15:55:05","date_gmt":"2019-07-01T13:55:05","guid":{"rendered":"https:\/\/properio.com\/?page_id=157523"},"modified":"2025-11-12T15:30:46","modified_gmt":"2025-11-12T14:30:46","slug":"blog","status":"publish","type":"page","link":"https:\/\/properio.com\/hu\/blog","title":{"rendered":"Blog"},"content":{"rendered":"\t\t<div data-elementor-type=\"wp-page\" data-elementor-id=\"157523\" class=\"elementor elementor-157523 elementor-3190\" data-elementor-post-type=\"page\">\n\t\t\t\t\t\t<section class=\"elementor-section elementor-top-section elementor-element elementor-element-4b064ea6 elementor-section-boxed elementor-section-height-default elementor-section-height-default\" data-id=\"4b064ea6\" data-element_type=\"section\" data-e-type=\"section\">\n\t\t\t\t\t\t<div class=\"elementor-container elementor-column-gap-default\">\n\t\t\t\t\t<div class=\"elementor-column elementor-col-100 elementor-top-column elementor-element elementor-element-547455f3\" data-id=\"547455f3\" data-element_type=\"column\" data-e-type=\"column\">\n\t\t\t<div class=\"elementor-widget-wrap elementor-element-populated\">\n\t\t\t\t\t\t<div class=\"elementor-element elementor-element-c84a7ee elementor-widget elementor-widget-heading\" data-id=\"c84a7ee\" data-element_type=\"widget\" data-e-type=\"widget\" data-widget_type=\"heading.default\">\n\t\t\t\t<div class=\"elementor-widget-container\">\n\t\t\t\t\t<h2 class=\"elementor-heading-title elementor-size-default\">Blog<\/h2>\t\t\t\t<\/div>\n\t\t\t\t<\/div>\n\t\t\t\t<div class=\"elementor-element elementor-element-4402cdb elementor-widget-divider--view-line elementor-widget elementor-widget-divider\" data-id=\"4402cdb\" data-element_type=\"widget\" data-e-type=\"widget\" data-widget_type=\"divider.default\">\n\t\t\t\t<div class=\"elementor-widget-container\">\n\t\t\t\t\t\t\t<div class=\"elementor-divider\">\n\t\t\t<span class=\"elementor-divider-separator\">\n\t\t\t\t\t\t<\/span>\n\t\t<\/div>\n\t\t\t\t\t\t<\/div>\n\t\t\t\t<\/div>\n\t\t\t\t<div class=\"elementor-element elementor-element-6b2c4d0 elementor-grid-3 elementor-grid-tablet-2 elementor-grid-mobile-1 elementor-posts--thumbnail-top elementor-widget elementor-widget-posts\" data-id=\"6b2c4d0\" data-element_type=\"widget\" data-e-type=\"widget\" data-settings=\"{&quot;pagination_type&quot;:&quot;load_more_infinite_scroll&quot;,&quot;classic_columns&quot;:&quot;3&quot;,&quot;classic_columns_tablet&quot;:&quot;2&quot;,&quot;classic_columns_mobile&quot;:&quot;1&quot;,&quot;classic_row_gap&quot;:{&quot;unit&quot;:&quot;px&quot;,&quot;size&quot;:35,&quot;sizes&quot;:[]},&quot;classic_row_gap_tablet&quot;:{&quot;unit&quot;:&quot;px&quot;,&quot;size&quot;:&quot;&quot;,&quot;sizes&quot;:[]},&quot;classic_row_gap_mobile&quot;:{&quot;unit&quot;:&quot;px&quot;,&quot;size&quot;:&quot;&quot;,&quot;sizes&quot;:[]},&quot;load_more_spinner&quot;:{&quot;value&quot;:&quot;fas fa-spinner&quot;,&quot;library&quot;:&quot;fa-solid&quot;}}\" data-widget_type=\"posts.classic\">\n\t\t\t\t<div class=\"elementor-widget-container\">\n\t\t\t\t\t\t\t<div class=\"elementor-posts-container elementor-posts elementor-posts--skin-classic elementor-grid\" role=\"list\">\n\t\t\t\t<article class=\"elementor-post elementor-grid-item post-157517 post type-post status-publish format-standard has-post-thumbnail hentry category-uncategorized-hu\" role=\"listitem\">\n\t\t\t\t<a class=\"elementor-post__thumbnail__link\" href=\"https:\/\/properio.com\/hu\/blog\/terhesseg-szoptatas-es-a-fogapolas-mit-arult-el-a-felmeres-a-properio-fogkrem-varandos-es-szoptato-nok-szamara-termekrol\" tabindex=\"-1\" >\n\t\t\t<div class=\"elementor-post__thumbnail\"><img fetchpriority=\"high\" decoding=\"async\" width=\"300\" height=\"191\" src=\"https:\/\/properio.com\/wp-content\/uploads\/t-300x191.jpeg\" class=\"attachment-medium size-medium wp-image-157527\" alt=\"\" srcset=\"https:\/\/properio.com\/wp-content\/uploads\/t-300x191.jpeg 300w, https:\/\/properio.com\/wp-content\/uploads\/t-1024x651.jpeg 1024w, https:\/\/properio.com\/wp-content\/uploads\/t-768x488.jpeg 768w, https:\/\/properio.com\/wp-content\/uploads\/t-1536x976.jpeg 1536w, https:\/\/properio.com\/wp-content\/uploads\/t-450x286.jpeg 450w, https:\/\/properio.com\/wp-content\/uploads\/t-600x381.jpeg 600w, https:\/\/properio.com\/wp-content\/uploads\/t-64x41.jpeg 64w, https:\/\/properio.com\/wp-content\/uploads\/t.jpeg 1700w\" sizes=\"(max-width: 300px) 100vw, 300px\" \/><\/div>\n\t\t<\/a>\n\t\t\t\t<div class=\"elementor-post__text\">\n\t\t\t\t<h3 class=\"elementor-post__title\">\n\t\t\t<a href=\"https:\/\/properio.com\/hu\/blog\/terhesseg-szoptatas-es-a-fogapolas-mit-arult-el-a-felmeres-a-properio-fogkrem-varandos-es-szoptato-nok-szamara-termekrol\" >\n\t\t\t\tTerhess\u00e9g, szoptat\u00e1s \u00e9s a fog\u00e1pol\u00e1s: mit \u00e1rult el a felm\u00e9r\u00e9s a properio\u00ae :v\u00e1rand\u00f3s \u00e9s szoptat\u00f3 n\u0151knek kifejlesztett fogkr\u00e9mj\u00e9r\u0151l?\t\t\t<\/a>\n\t\t<\/h3>\n\t\t\t\t<div class=\"elementor-post__meta-data\">\n\t\t\t\t\t<span class=\"elementor-post-date\">\n\t\t\t2025.11.12.\t\t<\/span>\n\t\t\t\t<\/div>\n\t\t\t\t<\/div>\n\t\t\t\t<\/article>\n\t\t\t\t<\/div>\n\t\t\t\t\t<span class=\"e-load-more-spinner\">\n\t\t\t\t<i aria-hidden=\"true\" class=\"fas fa-spinner\"><\/i>\t\t\t<\/span>\n\t\t\n\t\t\t\t\t\t<\/div>\n\t\t\t\t<\/div>\n\t\t\t\t<div class=\"elementor-element elementor-element-df8cb8f elementor-widget elementor-widget-spacer\" data-id=\"df8cb8f\" data-element_type=\"widget\" data-e-type=\"widget\" data-widget_type=\"spacer.default\">\n\t\t\t\t<div class=\"elementor-widget-container\">\n\t\t\t\t\t\t\t<div class=\"elementor-spacer\">\n\t\t\t<div class=\"elementor-spacer-inner\"><\/div>\n\t\t<\/div>\n\t\t\t\t\t\t<\/div>\n\t\t\t\t<\/div>\n\t\t\t\t\t<\/div>\n\t\t<\/div>\n\t\t\t\t\t<\/div>\n\t\t<\/section>\n\t\t\t\t<\/div>\n\t\t","protected":false},"excerpt":{"rendered":"<p>Blog<\/p>\n","protected":false},"author":1,"featured_media":0,"parent":0,"menu_order":0,"comment_status":"closed","ping_status":"closed","template":"","meta":{"footnotes":""},"class_list":["post-157523","page","type-page","status-publish","hentry"],"_links":{"self":[{"href":"https:\/\/properio.com\/hu\/wp-json\/wp\/v2\/pages\/157523","targetHints":{"allow":["GET"]}}],"collection":[{"href":"https:\/\/properio.com\/hu\/wp-json\/wp\/v2\/pages"}],"about":[{"href":"https:\/\/properio.com\/hu\/wp-json\/wp\/v2\/types\/page"}],"author":[{"embeddable":true,"href":"https:\/\/properio.com\/hu\/wp-json\/wp\/v2\/users\/1"}],"replies":[{"embeddable":true,"href":"https:\/\/properio.com\/hu\/wp-json\/wp\/v2\/comments?post=157523"}],"version-history":[{"count":0,"href":"https:\/\/properio.com\/hu\/wp-json\/wp\/v2\/pages\/157523\/revisions"}],"wp:attachment":[{"href":"https:\/\/properio.com\/hu\/wp-json\/wp\/v2\/media?parent=157523"}],"curies":[{"name":"wp","href":"https:\/\/api.w.org\/{rel}","templated":true}]}}