{"id":156680,"date":"2021-08-21T00:06:45","date_gmt":"2021-08-20T22:06:45","guid":{"rendered":"https:\/\/properio.com\/?page_id=156680"},"modified":"2025-10-13T11:42:34","modified_gmt":"2025-10-13T09:42:34","slug":"cart","status":"publish","type":"page","link":"https:\/\/properio.com\/hu\/cart","title":{"rendered":"Cart"},"content":{"rendered":"\t\t<div data-elementor-type=\"wp-page\" data-elementor-id=\"156680\" class=\"elementor elementor-156680\" data-elementor-post-type=\"page\">\n\t\t\t\t\t\t<section class=\"elementor-section elementor-top-section elementor-element elementor-element-5fa1db7 elementor-section-boxed elementor-section-height-default elementor-section-height-default\" data-id=\"5fa1db7\" data-element_type=\"section\" data-e-type=\"section\">\n\t\t\t\t\t\t<div class=\"elementor-container elementor-column-gap-default\">\n\t\t\t\t\t<div class=\"elementor-column elementor-col-100 elementor-top-column elementor-element elementor-element-5cfa39e\" data-id=\"5cfa39e\" data-element_type=\"column\" data-e-type=\"column\">\n\t\t\t<div class=\"elementor-widget-wrap elementor-element-populated\">\n\t\t\t\t\t\t\t<\/div>\n\t\t<\/div>\n\t\t\t\t\t<\/div>\n\t\t<\/section>\n\t\t\t\t<\/div>\n\t\t","protected":false},"excerpt":{"rendered":"<p>Remove item Thumbnail image Product Price Quantity Subtotal &times; Specialized toothpaste :for pregnant and breastfeeding women 6.49&nbsp;&euro; Specialized toothpaste :for pregnant and breastfeeding women&nbsp; quantity 6.49&nbsp;&euro; Kos\u00e1r friss\u00edt\u00e9se Kupon felhaszn\u00e1l\u00e1sa \u00d6sszegz\u00e9s Subtotal 6.49&nbsp;&euro; Shipping GLS Courier: 5.29&nbsp;&euro; Shipping to Praha, Rybn\u00e1 14, 11000, Hungary. Total 11.78&nbsp;&euro; (includes 1.21&nbsp;&euro; DPH) Tov\u00e1bb a p\u00e9nzt\u00e1rhoz<\/p>\n","protected":false},"author":1,"featured_media":0,"parent":0,"menu_order":0,"comment_status":"closed","ping_status":"closed","template":"","meta":{"footnotes":""},"class_list":["post-156680","page","type-page","status-publish","hentry"],"_links":{"self":[{"href":"https:\/\/properio.com\/hu\/wp-json\/wp\/v2\/pages\/156680","targetHints":{"allow":["GET"]}}],"collection":[{"href":"https:\/\/properio.com\/hu\/wp-json\/wp\/v2\/pages"}],"about":[{"href":"https:\/\/properio.com\/hu\/wp-json\/wp\/v2\/types\/page"}],"author":[{"embeddable":true,"href":"https:\/\/properio.com\/hu\/wp-json\/wp\/v2\/users\/1"}],"replies":[{"embeddable":true,"href":"https:\/\/properio.com\/hu\/wp-json\/wp\/v2\/comments?post=156680"}],"version-history":[{"count":0,"href":"https:\/\/properio.com\/hu\/wp-json\/wp\/v2\/pages\/156680\/revisions"}],"wp:attachment":[{"href":"https:\/\/properio.com\/hu\/wp-json\/wp\/v2\/media?parent=156680"}],"curies":[{"name":"wp","href":"https:\/\/api.w.org\/{rel}","templated":true}]}}