{"id":155732,"date":"2021-09-03T09:15:58","date_gmt":"2021-09-03T07:15:58","guid":{"rendered":"https:\/\/properio.com\/?page_id=155732"},"modified":"2024-04-25T09:17:39","modified_gmt":"2024-04-25T07:17:39","slug":"szallitas-es-fizetes","status":"publish","type":"page","link":"https:\/\/properio.com\/hu\/szallitas-es-fizetes","title":{"rendered":"Sz\u00e1ll\u00edt\u00e1s \u00e9s fizet\u00e9s"},"content":{"rendered":"\t\t<div data-elementor-type=\"wp-page\" data-elementor-id=\"155732\" class=\"elementor elementor-155732 elementor-72431\" data-elementor-post-type=\"page\">\n\t\t\t\t\t\t<section class=\"elementor-section elementor-top-section elementor-element elementor-element-4dfb462 elementor-section-boxed elementor-section-height-default elementor-section-height-default\" data-id=\"4dfb462\" data-element_type=\"section\" data-e-type=\"section\">\n\t\t\t\t\t\t<div class=\"elementor-container elementor-column-gap-default\">\n\t\t\t\t\t<div class=\"elementor-column elementor-col-100 elementor-top-column elementor-element elementor-element-54ccc99\" data-id=\"54ccc99\" data-element_type=\"column\" data-e-type=\"column\">\n\t\t\t<div class=\"elementor-widget-wrap elementor-element-populated\">\n\t\t\t\t\t\t<div class=\"elementor-element elementor-element-71ba9bc elementor-widget elementor-widget-heading\" data-id=\"71ba9bc\" data-element_type=\"widget\" data-e-type=\"widget\" data-widget_type=\"heading.default\">\n\t\t\t\t<div class=\"elementor-widget-container\">\n\t\t\t\t\t<h1 class=\"elementor-heading-title elementor-size-default\">Sz\u00e1ll\u00edt\u00e1s \u00e9s fizet\u00e9s<\/h1>\t\t\t\t<\/div>\n\t\t\t\t<\/div>\n\t\t\t\t\t<\/div>\n\t\t<\/div>\n\t\t\t\t\t<\/div>\n\t\t<\/section>\n\t\t\t\t<section class=\"elementor-section elementor-top-section elementor-element elementor-element-528631d elementor-section-content-top elementor-section-boxed elementor-section-height-default elementor-section-height-default\" data-id=\"528631d\" data-element_type=\"section\" data-e-type=\"section\">\n\t\t\t\t\t\t<div class=\"elementor-container elementor-column-gap-default\">\n\t\t\t\t\t<div class=\"elementor-column elementor-col-100 elementor-top-column elementor-element elementor-element-bfaa2cc\" data-id=\"bfaa2cc\" data-element_type=\"column\" data-e-type=\"column\">\n\t\t\t<div class=\"elementor-widget-wrap elementor-element-populated\">\n\t\t\t\t\t\t<div class=\"elementor-element elementor-element-6a077e7 elementor-widget elementor-widget-heading\" data-id=\"6a077e7\" data-element_type=\"widget\" data-e-type=\"widget\" data-widget_type=\"heading.default\">\n\t\t\t\t<div class=\"elementor-widget-container\">\n\t\t\t\t\t<h4 class=\"elementor-heading-title elementor-size-default\">Sz\u00e1ll\u00edt\u00e1s<\/h4>\t\t\t\t<\/div>\n\t\t\t\t<\/div>\n\t\t\t\t<div class=\"elementor-element elementor-element-9b072d0 elementor-widget elementor-widget-text-editor\" data-id=\"9b072d0\" data-element_type=\"widget\" data-e-type=\"widget\" data-widget_type=\"text-editor.default\">\n\t\t\t\t<div class=\"elementor-widget-container\">\n\t\t\t\t\t\t\t\t\tIngyenes kisz\u00e1ll\u00edt\u00e1s Szlov\u00e1ki\u00e1n bel\u00fcl minden\nrendel\u00e9s eset\u00e9n. Az EU orsz\u00e1gaiba t\u00f6rt\u00e9n\u0151\nsz\u00e1ll\u00edt\u00e1si d\u00edj a p\u00e9nzt\u00e1rn\u00e1l ker\u00fcl meghat\u00e1roz\u00e1sra,\na csomag s\u00falya alapj\u00e1n.\t\t\t\t\t\t\t\t<\/div>\n\t\t\t\t<\/div>\n\t\t\t\t<div class=\"elementor-element elementor-element-5c9bf50 elementor-widget elementor-widget-heading\" data-id=\"5c9bf50\" data-element_type=\"widget\" data-e-type=\"widget\" data-widget_type=\"heading.default\">\n\t\t\t\t<div class=\"elementor-widget-container\">\n\t\t\t\t\t<h4 class=\"elementor-heading-title elementor-size-default\">Fizet\u00e9si m\u00f3d<\/h4>\t\t\t\t<\/div>\n\t\t\t\t<\/div>\n\t\t\t\t<div class=\"elementor-element elementor-element-60168b1 elementor-widget elementor-widget-text-editor\" data-id=\"60168b1\" data-element_type=\"widget\" data-e-type=\"widget\" data-widget_type=\"text-editor.default\">\n\t\t\t\t<div class=\"elementor-widget-container\">\n\t\t\t\t\t\t\t\t\t<p>\u00c9rv\u00e9nyes bankk\u00e1rty\u00e1val vagy hitelk\u00e1rty\u00e1val, biztons\u00e1gos fizet\u00e9si platformon kereszt\u00fcl fizethet online.<\/p>\t\t\t\t\t\t\t\t<\/div>\n\t\t\t\t<\/div>\n\t\t\t\t<div class=\"elementor-element elementor-element-7901eda elementor-widget elementor-widget-spacer\" data-id=\"7901eda\" data-element_type=\"widget\" data-e-type=\"widget\" data-widget_type=\"spacer.default\">\n\t\t\t\t<div class=\"elementor-widget-container\">\n\t\t\t\t\t\t\t<div class=\"elementor-spacer\">\n\t\t\t<div class=\"elementor-spacer-inner\"><\/div>\n\t\t<\/div>\n\t\t\t\t\t\t<\/div>\n\t\t\t\t<\/div>\n\t\t\t\t\t<\/div>\n\t\t<\/div>\n\t\t\t\t\t<\/div>\n\t\t<\/section>\n\t\t\t\t<\/div>\n\t\t","protected":false},"excerpt":{"rendered":"<p>Sz\u00e1ll\u00edt\u00e1s \u00e9s fizet\u00e9s Sz\u00e1ll\u00edt\u00e1s Ingyenes kisz\u00e1ll\u00edt\u00e1s Szlov\u00e1ki\u00e1n bel\u00fcl minden rendel\u00e9s eset\u00e9n. Az EU orsz\u00e1gaiba t\u00f6rt\u00e9n\u0151 sz\u00e1ll\u00edt\u00e1si d\u00edj a p\u00e9nzt\u00e1rn\u00e1l ker\u00fcl meghat\u00e1roz\u00e1sra, a csomag s\u00falya alapj\u00e1n. Fizet\u00e9si m\u00f3d \u00c9rv\u00e9nyes bankk\u00e1rty\u00e1val vagy hitelk\u00e1rty\u00e1val, biztons\u00e1gos fizet\u00e9si platformon kereszt\u00fcl fizethet online.<\/p>\n","protected":false},"author":1,"featured_media":0,"parent":0,"menu_order":0,"comment_status":"closed","ping_status":"closed","template":"","meta":{"footnotes":""},"class_list":["post-155732","page","type-page","status-publish","hentry"],"_links":{"self":[{"href":"https:\/\/properio.com\/hu\/wp-json\/wp\/v2\/pages\/155732","targetHints":{"allow":["GET"]}}],"collection":[{"href":"https:\/\/properio.com\/hu\/wp-json\/wp\/v2\/pages"}],"about":[{"href":"https:\/\/properio.com\/hu\/wp-json\/wp\/v2\/types\/page"}],"author":[{"embeddable":true,"href":"https:\/\/properio.com\/hu\/wp-json\/wp\/v2\/users\/1"}],"replies":[{"embeddable":true,"href":"https:\/\/properio.com\/hu\/wp-json\/wp\/v2\/comments?post=155732"}],"version-history":[{"count":0,"href":"https:\/\/properio.com\/hu\/wp-json\/wp\/v2\/pages\/155732\/revisions"}],"wp:attachment":[{"href":"https:\/\/properio.com\/hu\/wp-json\/wp\/v2\/media?parent=155732"}],"curies":[{"name":"wp","href":"https:\/\/api.w.org\/{rel}","templated":true}]}}