{"id":155545,"date":"2019-07-01T09:03:07","date_gmt":"2019-07-01T07:03:07","guid":{"rendered":"https:\/\/properio.com\/?page_id=155545"},"modified":"2025-10-06T14:14:39","modified_gmt":"2025-10-06T12:14:39","slug":"mi-az-abrazivitas","status":"publish","type":"page","link":"https:\/\/properio.com\/hu\/mi-az-abrazivitas","title":{"rendered":"Mi az abrazivit\u00e1s?"},"content":{"rendered":"\t\t<div data-elementor-type=\"wp-page\" data-elementor-id=\"155545\" class=\"elementor elementor-155545 elementor-3157\" data-elementor-post-type=\"page\">\n\t\t\t\t\t\t<section class=\"elementor-section elementor-top-section elementor-element elementor-element-9a9b664 elementor-section-boxed elementor-section-height-default elementor-section-height-default\" data-id=\"9a9b664\" data-element_type=\"section\" data-e-type=\"section\" data-settings=\"{&quot;background_background&quot;:&quot;classic&quot;}\">\n\t\t\t\t\t\t<div class=\"elementor-container elementor-column-gap-default\">\n\t\t\t\t\t<div class=\"elementor-column elementor-col-100 elementor-top-column elementor-element elementor-element-cf31ca4\" data-id=\"cf31ca4\" data-element_type=\"column\" data-e-type=\"column\">\n\t\t\t<div class=\"elementor-widget-wrap elementor-element-populated\">\n\t\t\t\t\t\t<div class=\"elementor-element elementor-element-187dc72 elementor-widget elementor-widget-spacer\" data-id=\"187dc72\" data-element_type=\"widget\" data-e-type=\"widget\" data-widget_type=\"spacer.default\">\n\t\t\t\t<div class=\"elementor-widget-container\">\n\t\t\t\t\t\t\t<div class=\"elementor-spacer\">\n\t\t\t<div class=\"elementor-spacer-inner\"><\/div>\n\t\t<\/div>\n\t\t\t\t\t\t<\/div>\n\t\t\t\t<\/div>\n\t\t\t\t<div class=\"elementor-element elementor-element-b7a0f4e elementor-widget elementor-widget-heading\" data-id=\"b7a0f4e\" data-element_type=\"widget\" data-e-type=\"widget\" data-widget_type=\"heading.default\">\n\t\t\t\t<div class=\"elementor-widget-container\">\n\t\t\t\t\t<h2 class=\"elementor-heading-title elementor-size-default\">Mit jelent az abrazivit\u00e1s, azaz a koptat\u00f3 hat\u00e1s a fogkr\u00e9mek eset\u00e9ben?<\/h2>\t\t\t\t<\/div>\n\t\t\t\t<\/div>\n\t\t\t\t<div class=\"elementor-element elementor-element-938fa4e elementor-widget elementor-widget-image\" data-id=\"938fa4e\" data-element_type=\"widget\" data-e-type=\"widget\" data-widget_type=\"image.default\">\n\t\t\t\t<div class=\"elementor-widget-container\">\n\t\t\t\t\t\t\t\t\t\t\t\t\t\t\t<img fetchpriority=\"high\" decoding=\"async\" width=\"800\" height=\"244\" src=\"https:\/\/properio.com\/wp-content\/uploads\/properio_crystal-1400x426-3-1024x312.png\" class=\"attachment-large size-large wp-image-155548\" alt=\"\" srcset=\"https:\/\/properio.com\/wp-content\/uploads\/properio_crystal-1400x426-3-1024x312.png 1024w, https:\/\/properio.com\/wp-content\/uploads\/properio_crystal-1400x426-3-300x91.png 300w, https:\/\/properio.com\/wp-content\/uploads\/properio_crystal-1400x426-3-768x234.png 768w, https:\/\/properio.com\/wp-content\/uploads\/properio_crystal-1400x426-3-450x137.png 450w, https:\/\/properio.com\/wp-content\/uploads\/properio_crystal-1400x426-3-600x183.png 600w, https:\/\/properio.com\/wp-content\/uploads\/properio_crystal-1400x426-3-64x19.png 64w, https:\/\/properio.com\/wp-content\/uploads\/properio_crystal-1400x426-3.png 1400w\" sizes=\"(max-width: 800px) 100vw, 800px\" \/>\t\t\t\t\t\t\t\t\t\t\t\t\t\t\t<\/div>\n\t\t\t\t<\/div>\n\t\t\t\t<div class=\"elementor-element elementor-element-c1481ab elementor-hidden-desktop elementor-hidden-tablet elementor-hidden-mobile elementor-widget elementor-widget-heading\" data-id=\"c1481ab\" data-element_type=\"widget\" data-e-type=\"widget\" data-widget_type=\"heading.default\">\n\t\t\t\t<div class=\"elementor-widget-container\">\n\t\t\t\t\t<h2 class=\"elementor-heading-title elementor-size-default\">Mit jelent az abrazivit\u00e1s, vagyis a koptat\u00f3 hat\u00e1s a fogkr\u00e9mekn\u00e9l?<\/h2>\t\t\t\t<\/div>\n\t\t\t\t<\/div>\n\t\t\t\t<div class=\"elementor-element elementor-element-002c209 elementor-widget elementor-widget-text-editor\" data-id=\"002c209\" data-element_type=\"widget\" data-e-type=\"widget\" data-widget_type=\"text-editor.default\">\n\t\t\t\t<div class=\"elementor-widget-container\">\n\t\t\t\t\t\t\t\t\t<p>Az abrazivit\u00e1s azt mutatja meg, mennyire d\u00f6rzs\u00f6li a fogkr\u00e9m a fogzom\u00e1ncot tiszt\u00edt\u00e1s k\u00f6zben. A t\u00fal er\u0151s koptat\u00f3 hat\u00e1s fels\u00e9rtheti a zom\u00e1ncot, \u00e9s hossz\u00fa t\u00e1von fog\u00e9rz\u00e9kenys\u00e9get okozhat.<\/p>\t\t\t\t\t\t\t\t<\/div>\n\t\t\t\t<\/div>\n\t\t\t\t<div class=\"elementor-element elementor-element-b44060a elementor-widget elementor-widget-heading\" data-id=\"b44060a\" data-element_type=\"widget\" data-e-type=\"widget\" data-widget_type=\"heading.default\">\n\t\t\t\t<div class=\"elementor-widget-container\">\n\t\t\t\t\t<h3 class=\"elementor-heading-title elementor-size-default\">Mi teszi k\u00fcl\u00f6nlegess\u00e9 a fogkr\u00e9meinket?<\/h3>\t\t\t\t<\/div>\n\t\t\t\t<\/div>\n\t\t\t\t<div class=\"elementor-element elementor-element-d2980d5 elementor-widget elementor-widget-text-editor\" data-id=\"d2980d5\" data-element_type=\"widget\" data-e-type=\"widget\" data-widget_type=\"text-editor.default\">\n\t\t\t\t<div class=\"elementor-widget-container\">\n\t\t\t\t\t\t\t\t\t<p>M\u00edg sok fogkr\u00e9m a zom\u00e1nc er\u0151s koptat\u00e1s\u00e1val \u00e9r el feh\u00e9r\u00edt\u0151 hat\u00e1st, mi m\u00e1s utat v\u00e1lasztottunk. Term\u00e9keinkben a PAP \u00e9s a gondosan v\u00e1logatott gy\u00f3gyn\u00f6v\u00e9ny-kivonatok finoman t\u00e1vol\u00edtj\u00e1k el a leped\u00e9ket \u00e9s a foltokat.\u00a0A kalcium \u00e9s a hidroxiapatit pedig er\u0151s\u00edtik \u00e9s helyre\u00e1ll\u00edtj\u00e1k a fogak szerkezet\u00e9t, \u00edgy a mosoly nemcsak feh\u00e9rebb, hanem eg\u00e9szs\u00e9gesebb is lesz.<\/p>\t\t\t\t\t\t\t\t<\/div>\n\t\t\t\t<\/div>\n\t\t\t\t<div class=\"elementor-element elementor-element-078ddd7 elementor-widget elementor-widget-spacer\" data-id=\"078ddd7\" data-element_type=\"widget\" data-e-type=\"widget\" data-widget_type=\"spacer.default\">\n\t\t\t\t<div class=\"elementor-widget-container\">\n\t\t\t\t\t\t\t<div class=\"elementor-spacer\">\n\t\t\t<div class=\"elementor-spacer-inner\"><\/div>\n\t\t<\/div>\n\t\t\t\t\t\t<\/div>\n\t\t\t\t<\/div>\n\t\t\t\t\t<\/div>\n\t\t<\/div>\n\t\t\t\t\t<\/div>\n\t\t<\/section>\n\t\t\t\t<section class=\"elementor-section elementor-top-section elementor-element elementor-element-bf8108e elementor-section-boxed elementor-section-height-default elementor-section-height-default\" data-id=\"bf8108e\" data-element_type=\"section\" data-e-type=\"section\">\n\t\t\t\t\t\t<div class=\"elementor-container elementor-column-gap-default\">\n\t\t\t\t\t<div class=\"elementor-column elementor-col-100 elementor-top-column elementor-element elementor-element-b0240b5\" data-id=\"b0240b5\" data-element_type=\"column\" data-e-type=\"column\">\n\t\t\t<div class=\"elementor-widget-wrap elementor-element-populated\">\n\t\t\t\t\t\t<div class=\"elementor-element elementor-element-528c4bd elementor-widget elementor-widget-spacer\" data-id=\"528c4bd\" data-element_type=\"widget\" data-e-type=\"widget\" data-widget_type=\"spacer.default\">\n\t\t\t\t<div class=\"elementor-widget-container\">\n\t\t\t\t\t\t\t<div class=\"elementor-spacer\">\n\t\t\t<div class=\"elementor-spacer-inner\"><\/div>\n\t\t<\/div>\n\t\t\t\t\t\t<\/div>\n\t\t\t\t<\/div>\n\t\t\t\t<div class=\"elementor-element elementor-element-b03d030 elementor-widget elementor-widget-heading\" data-id=\"b03d030\" data-element_type=\"widget\" data-e-type=\"widget\" data-widget_type=\"heading.default\">\n\t\t\t\t<div class=\"elementor-widget-container\">\n\t\t\t\t\t<h2 class=\"elementor-heading-title elementor-size-default\">K\u00edn\u00e1latunkban h\u00e1romf\u00e9le abrazivit\u00e1s\u00fa fogkr\u00e9m tal\u00e1lhat\u00f3:<\/h2>\t\t\t\t<\/div>\n\t\t\t\t<\/div>\n\t\t\t\t\t<\/div>\n\t\t<\/div>\n\t\t\t\t\t<\/div>\n\t\t<\/section>\n\t\t\t\t<section class=\"elementor-section elementor-top-section elementor-element elementor-element-8b1cbd6 elementor-section-boxed elementor-section-height-default elementor-section-height-default\" data-id=\"8b1cbd6\" data-element_type=\"section\" data-e-type=\"section\">\n\t\t\t\t\t\t<div class=\"elementor-container elementor-column-gap-default\">\n\t\t\t\t\t<div class=\"elementor-column elementor-col-33 elementor-top-column elementor-element elementor-element-5764a8c\" data-id=\"5764a8c\" data-element_type=\"column\" data-e-type=\"column\">\n\t\t\t<div class=\"elementor-widget-wrap elementor-element-populated\">\n\t\t\t\t\t\t<div class=\"elementor-element elementor-element-b1fc4dd elementor-widget elementor-widget-heading\" data-id=\"b1fc4dd\" data-element_type=\"widget\" data-e-type=\"widget\" data-widget_type=\"heading.default\">\n\t\t\t\t<div class=\"elementor-widget-container\">\n\t\t\t\t\t<h2 class=\"elementor-heading-title elementor-size-default\">alacsony abrazivit\u00e1s<\/h2>\t\t\t\t<\/div>\n\t\t\t\t<\/div>\n\t\t\t\t\t<\/div>\n\t\t<\/div>\n\t\t\t\t<div class=\"elementor-column elementor-col-33 elementor-top-column elementor-element elementor-element-740812b\" data-id=\"740812b\" data-element_type=\"column\" data-e-type=\"column\">\n\t\t\t<div class=\"elementor-widget-wrap elementor-element-populated\">\n\t\t\t\t\t\t<div class=\"elementor-element elementor-element-3819808 elementor-widget elementor-widget-heading\" data-id=\"3819808\" data-element_type=\"widget\" data-e-type=\"widget\" data-widget_type=\"heading.default\">\n\t\t\t\t<div class=\"elementor-widget-container\">\n\t\t\t\t\t<h2 class=\"elementor-heading-title elementor-size-default\">k\u00f6zepes abrazivit\u00e1s<\/h2>\t\t\t\t<\/div>\n\t\t\t\t<\/div>\n\t\t\t\t\t<\/div>\n\t\t<\/div>\n\t\t\t\t<div class=\"elementor-column elementor-col-33 elementor-top-column elementor-element elementor-element-78fd403\" data-id=\"78fd403\" data-element_type=\"column\" data-e-type=\"column\">\n\t\t\t<div class=\"elementor-widget-wrap elementor-element-populated\">\n\t\t\t\t\t\t<div class=\"elementor-element elementor-element-9a9dd29 elementor-widget elementor-widget-heading\" data-id=\"9a9dd29\" data-element_type=\"widget\" data-e-type=\"widget\" data-widget_type=\"heading.default\">\n\t\t\t\t<div class=\"elementor-widget-container\">\n\t\t\t\t\t<h2 class=\"elementor-heading-title elementor-size-default\">er\u0151s abrazivit\u00e1s<\/h2>\t\t\t\t<\/div>\n\t\t\t\t<\/div>\n\t\t\t\t\t<\/div>\n\t\t<\/div>\n\t\t\t\t\t<\/div>\n\t\t<\/section>\n\t\t\t\t<section class=\"elementor-section elementor-top-section elementor-element elementor-element-204b9ac elementor-section-boxed elementor-section-height-default elementor-section-height-default\" data-id=\"204b9ac\" data-element_type=\"section\" data-e-type=\"section\">\n\t\t\t\t\t\t<div class=\"elementor-container elementor-column-gap-default\">\n\t\t\t\t\t<div class=\"elementor-column elementor-col-33 elementor-top-column elementor-element elementor-element-be94c9b\" data-id=\"be94c9b\" data-element_type=\"column\" data-e-type=\"column\">\n\t\t\t<div class=\"elementor-widget-wrap elementor-element-populated\">\n\t\t\t\t\t\t<div class=\"elementor-element elementor-element-076af14 elementor-widget elementor-widget-text-editor\" data-id=\"076af14\" data-element_type=\"widget\" data-e-type=\"widget\" data-widget_type=\"text-editor.default\">\n\t\t\t\t<div class=\"elementor-widget-container\">\n\t\t\t\t\t\t\t\t\t<p>Ide\u00e1lis v\u00e1laszt\u00e1s mindenkinek, k\u00fcl\u00f6n\u00f6sen azoknak, akiknek \u00e9rz\u00e9keny a foguk vagy az \u00edny\u00fck. Mindennapi haszn\u00e1latra aj\u00e1nlott, ak\u00e1r sz\u00f3nikus fogkef\u00e9vel is.<\/p>\t\t\t\t\t\t\t\t<\/div>\n\t\t\t\t<\/div>\n\t\t\t\t\t<\/div>\n\t\t<\/div>\n\t\t\t\t<div class=\"elementor-column elementor-col-33 elementor-top-column elementor-element elementor-element-46c4d38\" data-id=\"46c4d38\" data-element_type=\"column\" data-e-type=\"column\">\n\t\t\t<div class=\"elementor-widget-wrap elementor-element-populated\">\n\t\t\t\t\t\t<div class=\"elementor-element elementor-element-2737109 elementor-widget elementor-widget-text-editor\" data-id=\"2737109\" data-element_type=\"widget\" data-e-type=\"widget\" data-widget_type=\"text-editor.default\">\n\t\t\t\t<div class=\"elementor-widget-container\">\n\t\t\t\t\t\t\t\t\t<p>Azok sz\u00e1m\u00e1ra k\u00e9sz\u00fclt, akik hajlamosak a fokozott leped\u00e9k- vagy fogk\u0151k\u00e9pz\u0151d\u00e9sre. Mindennapi haszn\u00e1latra alkalmas, hat\u00e9konyan tiszt\u00edtja a fogfelsz\u00ednt.<\/p>\t\t\t\t\t\t\t\t<\/div>\n\t\t\t\t<\/div>\n\t\t\t\t\t<\/div>\n\t\t<\/div>\n\t\t\t\t<div class=\"elementor-column elementor-col-33 elementor-top-column elementor-element elementor-element-5d1e766\" data-id=\"5d1e766\" data-element_type=\"column\" data-e-type=\"column\">\n\t\t\t<div class=\"elementor-widget-wrap elementor-element-populated\">\n\t\t\t\t\t\t<div class=\"elementor-element elementor-element-eb91575 elementor-widget elementor-widget-text-editor\" data-id=\"eb91575\" data-element_type=\"widget\" data-e-type=\"widget\" data-widget_type=\"text-editor.default\">\n\t\t\t\t<div class=\"elementor-widget-container\">\n\t\t\t\t\t\t\t\t\t<p>K\u00e1v\u00e9-\u00e9s teafogyaszt\u00f3knak, valamint doh\u00e1nyosoknak aj\u00e1nlott, akikn\u00e9l gyakrabban alakulnak ki makacs elsz\u00ednez\u0151d\u00e9sek. A mindennapi \u00e1pol\u00e1shoz puha fogkef\u00e9vel haszn\u00e1lva a legbiztons\u00e1gosabb.<\/p>\t\t\t\t\t\t\t\t<\/div>\n\t\t\t\t<\/div>\n\t\t\t\t\t<\/div>\n\t\t<\/div>\n\t\t\t\t\t<\/div>\n\t\t<\/section>\n\t\t\t\t<section class=\"elementor-section elementor-top-section elementor-element elementor-element-8b5f950 elementor-section-boxed elementor-section-height-default elementor-section-height-default\" data-id=\"8b5f950\" data-element_type=\"section\" data-e-type=\"section\">\n\t\t\t\t\t\t<div class=\"elementor-container elementor-column-gap-default\">\n\t\t\t\t\t<div class=\"elementor-column elementor-col-25 elementor-top-column elementor-element elementor-element-6b8d31d\" data-id=\"6b8d31d\" data-element_type=\"column\" data-e-type=\"column\">\n\t\t\t<div class=\"elementor-widget-wrap elementor-element-populated\">\n\t\t\t\t\t\t<div class=\"elementor-element elementor-element-29fe0f0 elementor-widget elementor-widget-heading\" data-id=\"29fe0f0\" data-element_type=\"widget\" data-e-type=\"widget\" data-widget_type=\"heading.default\">\n\t\t\t\t<div class=\"elementor-widget-container\">\n\t\t\t\t\t<h2 class=\"elementor-heading-title elementor-size-default\">alacsony abrazivit\u00e1s<\/h2>\t\t\t\t<\/div>\n\t\t\t\t<\/div>\n\t\t\t\t\t<\/div>\n\t\t<\/div>\n\t\t\t\t<div class=\"elementor-column elementor-col-25 elementor-top-column elementor-element elementor-element-8703ee3\" data-id=\"8703ee3\" data-element_type=\"column\" data-e-type=\"column\">\n\t\t\t<div class=\"elementor-widget-wrap elementor-element-populated\">\n\t\t\t\t\t\t<div class=\"elementor-element elementor-element-6fa7c43 elementor-widget elementor-widget-heading\" data-id=\"6fa7c43\" data-element_type=\"widget\" data-e-type=\"widget\" data-widget_type=\"heading.default\">\n\t\t\t\t<div class=\"elementor-widget-container\">\n\t\t\t\t\t<h2 class=\"elementor-heading-title elementor-size-default\">alacsony abrazivit\u00e1s<\/h2>\t\t\t\t<\/div>\n\t\t\t\t<\/div>\n\t\t\t\t\t<\/div>\n\t\t<\/div>\n\t\t\t\t<div class=\"elementor-column elementor-col-25 elementor-top-column elementor-element elementor-element-57f0fee\" data-id=\"57f0fee\" data-element_type=\"column\" data-e-type=\"column\">\n\t\t\t<div class=\"elementor-widget-wrap elementor-element-populated\">\n\t\t\t\t\t\t<div class=\"elementor-element elementor-element-be74e5d elementor-widget elementor-widget-heading\" data-id=\"be74e5d\" data-element_type=\"widget\" data-e-type=\"widget\" data-widget_type=\"heading.default\">\n\t\t\t\t<div class=\"elementor-widget-container\">\n\t\t\t\t\t<h2 class=\"elementor-heading-title elementor-size-default\">alacsony abrazivit\u00e1s<\/h2>\t\t\t\t<\/div>\n\t\t\t\t<\/div>\n\t\t\t\t\t<\/div>\n\t\t<\/div>\n\t\t\t\t<div class=\"elementor-column elementor-col-25 elementor-top-column elementor-element elementor-element-789519a\" data-id=\"789519a\" data-element_type=\"column\" data-e-type=\"column\">\n\t\t\t<div class=\"elementor-widget-wrap elementor-element-populated\">\n\t\t\t\t\t\t<div class=\"elementor-element elementor-element-9a705b8 elementor-widget elementor-widget-heading\" data-id=\"9a705b8\" data-element_type=\"widget\" data-e-type=\"widget\" data-widget_type=\"heading.default\">\n\t\t\t\t<div class=\"elementor-widget-container\">\n\t\t\t\t\t<h2 class=\"elementor-heading-title elementor-size-default\">alacsony abrazivit\u00e1s<\/h2>\t\t\t\t<\/div>\n\t\t\t\t<\/div>\n\t\t\t\t\t<\/div>\n\t\t<\/div>\n\t\t\t\t\t<\/div>\n\t\t<\/section>\n\t\t\t\t<section class=\"elementor-section elementor-top-section elementor-element elementor-element-193d0aa elementor-section-boxed elementor-section-height-default elementor-section-height-default\" data-id=\"193d0aa\" data-element_type=\"section\" data-e-type=\"section\">\n\t\t\t\t\t\t<div class=\"elementor-container elementor-column-gap-default\">\n\t\t\t\t\t<div class=\"elementor-column elementor-col-25 elementor-top-column elementor-element elementor-element-dfa0bf9\" data-id=\"dfa0bf9\" data-element_type=\"column\" data-e-type=\"column\">\n\t\t\t<div class=\"elementor-widget-wrap elementor-element-populated\">\n\t\t\t\t\t\t<div class=\"elementor-element elementor-element-e1a38b6 elementor-widget elementor-widget-image\" data-id=\"e1a38b6\" data-element_type=\"widget\" data-e-type=\"widget\" data-widget_type=\"image.default\">\n\t\t\t\t<div class=\"elementor-widget-container\">\n\t\t\t\t\t\t\t\t\t\t\t\t\t\t\t\t<a href=\"https:\/\/properio.com\/hu\/e-shop\/enamel-protect-fogzomanc-vedo-feherito-fogkrem\">\n\t\t\t\t\t\t\t<img decoding=\"async\" width=\"560\" height=\"730\" src=\"https:\/\/properio.com\/wp-content\/uploads\/Enamel-CZ-web.png\" class=\"attachment-large size-large wp-image-155642\" alt=\"\" srcset=\"https:\/\/properio.com\/wp-content\/uploads\/Enamel-CZ-web.png 560w, https:\/\/properio.com\/wp-content\/uploads\/Enamel-CZ-web-230x300.png 230w, https:\/\/properio.com\/wp-content\/uploads\/Enamel-CZ-web-450x587.png 450w, https:\/\/properio.com\/wp-content\/uploads\/Enamel-CZ-web-64x83.png 64w\" sizes=\"(max-width: 560px) 100vw, 560px\" \/>\t\t\t\t\t\t\t\t<\/a>\n\t\t\t\t\t\t\t\t\t\t\t\t\t\t\t<\/div>\n\t\t\t\t<\/div>\n\t\t\t\t\t<\/div>\n\t\t<\/div>\n\t\t\t\t<div class=\"elementor-column elementor-col-25 elementor-top-column elementor-element elementor-element-d211235\" data-id=\"d211235\" data-element_type=\"column\" data-e-type=\"column\">\n\t\t\t<div class=\"elementor-widget-wrap elementor-element-populated\">\n\t\t\t\t\t\t<div class=\"elementor-element elementor-element-96807ed elementor-widget elementor-widget-image\" data-id=\"96807ed\" data-element_type=\"widget\" data-e-type=\"widget\" data-widget_type=\"image.default\">\n\t\t\t\t<div class=\"elementor-widget-container\">\n\t\t\t\t\t\t\t\t\t\t\t\t\t\t\t\t<a href=\"https:\/\/properio.com\/hu\/e-shop\/healthy-gums-foginy-vedo-feherito-fogkrem\">\n\t\t\t\t\t\t\t<img decoding=\"async\" width=\"560\" height=\"730\" src=\"https:\/\/properio.com\/wp-content\/uploads\/Healthy-CZ-web.png\" class=\"attachment-large size-large wp-image-155685\" alt=\"\" srcset=\"https:\/\/properio.com\/wp-content\/uploads\/Healthy-CZ-web.png 560w, https:\/\/properio.com\/wp-content\/uploads\/Healthy-CZ-web-230x300.png 230w, https:\/\/properio.com\/wp-content\/uploads\/Healthy-CZ-web-450x587.png 450w, https:\/\/properio.com\/wp-content\/uploads\/Healthy-CZ-web-64x83.png 64w\" sizes=\"(max-width: 560px) 100vw, 560px\" \/>\t\t\t\t\t\t\t\t<\/a>\n\t\t\t\t\t\t\t\t\t\t\t\t\t\t\t<\/div>\n\t\t\t\t<\/div>\n\t\t\t\t\t<\/div>\n\t\t<\/div>\n\t\t\t\t<div class=\"elementor-column elementor-col-25 elementor-top-column elementor-element elementor-element-2b0182f\" data-id=\"2b0182f\" data-element_type=\"column\" data-e-type=\"column\">\n\t\t\t<div class=\"elementor-widget-wrap elementor-element-populated\">\n\t\t\t\t\t\t<div class=\"elementor-element elementor-element-831d26e elementor-widget elementor-widget-image\" data-id=\"831d26e\" data-element_type=\"widget\" data-e-type=\"widget\" data-widget_type=\"image.default\">\n\t\t\t\t<div class=\"elementor-widget-container\">\n\t\t\t\t\t\t\t\t\t\t\t\t\t\t\t\t<a href=\"https:\/\/properio.com\/hu\/e-shop\/intensive-feherito-fogkrem\">\n\t\t\t\t\t\t\t<img loading=\"lazy\" decoding=\"async\" width=\"560\" height=\"730\" src=\"https:\/\/properio.com\/wp-content\/uploads\/Intensive-CZ-web.png\" class=\"attachment-large size-large wp-image-155669\" alt=\"\" srcset=\"https:\/\/properio.com\/wp-content\/uploads\/Intensive-CZ-web.png 560w, https:\/\/properio.com\/wp-content\/uploads\/Intensive-CZ-web-230x300.png 230w, https:\/\/properio.com\/wp-content\/uploads\/Intensive-CZ-web-450x587.png 450w, https:\/\/properio.com\/wp-content\/uploads\/Intensive-CZ-web-64x83.png 64w\" sizes=\"(max-width: 560px) 100vw, 560px\" \/>\t\t\t\t\t\t\t\t<\/a>\n\t\t\t\t\t\t\t\t\t\t\t\t\t\t\t<\/div>\n\t\t\t\t<\/div>\n\t\t\t\t\t<\/div>\n\t\t<\/div>\n\t\t\t\t<div class=\"elementor-column elementor-col-25 elementor-top-column elementor-element elementor-element-5d0e80e\" data-id=\"5d0e80e\" data-element_type=\"column\" data-e-type=\"column\">\n\t\t\t<div class=\"elementor-widget-wrap elementor-element-populated\">\n\t\t\t\t\t\t<div class=\"elementor-element elementor-element-7784e30 elementor-widget elementor-widget-image\" data-id=\"7784e30\" data-element_type=\"widget\" data-e-type=\"widget\" data-widget_type=\"image.default\">\n\t\t\t\t<div class=\"elementor-widget-container\">\n\t\t\t\t\t\t\t\t\t\t\t\t\t\t\t\t<a href=\"https:\/\/properio.com\/hu\/e-shop\/crystal-white-feherito-fogkrem\">\n\t\t\t\t\t\t\t<img loading=\"lazy\" decoding=\"async\" width=\"560\" height=\"730\" src=\"https:\/\/properio.com\/wp-content\/uploads\/Crystal-CZ-web.png\" class=\"attachment-large size-large wp-image-155621\" alt=\"\" srcset=\"https:\/\/properio.com\/wp-content\/uploads\/Crystal-CZ-web.png 560w, https:\/\/properio.com\/wp-content\/uploads\/Crystal-CZ-web-230x300.png 230w, https:\/\/properio.com\/wp-content\/uploads\/Crystal-CZ-web-450x587.png 450w, https:\/\/properio.com\/wp-content\/uploads\/Crystal-CZ-web-64x83.png 64w\" sizes=\"(max-width: 560px) 100vw, 560px\" \/>\t\t\t\t\t\t\t\t<\/a>\n\t\t\t\t\t\t\t\t\t\t\t\t\t\t\t<\/div>\n\t\t\t\t<\/div>\n\t\t\t\t\t<\/div>\n\t\t<\/div>\n\t\t\t\t\t<\/div>\n\t\t<\/section>\n\t\t\t\t<section class=\"elementor-section elementor-top-section elementor-element elementor-element-0d9f66b elementor-section-boxed elementor-section-height-default elementor-section-height-default\" data-id=\"0d9f66b\" data-element_type=\"section\" data-e-type=\"section\">\n\t\t\t\t\t\t<div class=\"elementor-container elementor-column-gap-default\">\n\t\t\t\t\t<div class=\"elementor-column elementor-col-100 elementor-top-column elementor-element elementor-element-d45a3d1\" data-id=\"d45a3d1\" data-element_type=\"column\" data-e-type=\"column\">\n\t\t\t<div class=\"elementor-widget-wrap elementor-element-populated\">\n\t\t\t\t\t\t<div class=\"elementor-element elementor-element-147d023 elementor-widget elementor-widget-spacer\" data-id=\"147d023\" data-element_type=\"widget\" data-e-type=\"widget\" data-widget_type=\"spacer.default\">\n\t\t\t\t<div class=\"elementor-widget-container\">\n\t\t\t\t\t\t\t<div class=\"elementor-spacer\">\n\t\t\t<div class=\"elementor-spacer-inner\"><\/div>\n\t\t<\/div>\n\t\t\t\t\t\t<\/div>\n\t\t\t\t<\/div>\n\t\t\t\t\t<\/div>\n\t\t<\/div>\n\t\t\t\t\t<\/div>\n\t\t<\/section>\n\t\t\t\t<\/div>\n\t\t","protected":false},"excerpt":{"rendered":"<p>Mit jelent az abrazivit\u00e1s, azaz a koptat\u00f3 hat\u00e1s a fogkr\u00e9mek eset\u00e9ben? Mit jelent az abrazivit\u00e1s, vagyis a koptat\u00f3 hat\u00e1s a fogkr\u00e9mekn\u00e9l? Az abrazivit\u00e1s azt mutatja meg, mennyire d\u00f6rzs\u00f6li a fogkr\u00e9m a fogzom\u00e1ncot tiszt\u00edt\u00e1s k\u00f6zben. A t\u00fal er\u0151s koptat\u00f3 hat\u00e1s fels\u00e9rtheti a zom\u00e1ncot, \u00e9s hossz\u00fa t\u00e1von fog\u00e9rz\u00e9kenys\u00e9get okozhat. Mi teszi k\u00fcl\u00f6nlegess\u00e9 a fogkr\u00e9meinket? M\u00edg sok fogkr\u00e9m [&hellip;]<\/p>\n","protected":false},"author":1,"featured_media":0,"parent":0,"menu_order":0,"comment_status":"closed","ping_status":"closed","template":"","meta":{"footnotes":""},"class_list":["post-155545","page","type-page","status-publish","hentry"],"_links":{"self":[{"href":"https:\/\/properio.com\/hu\/wp-json\/wp\/v2\/pages\/155545","targetHints":{"allow":["GET"]}}],"collection":[{"href":"https:\/\/properio.com\/hu\/wp-json\/wp\/v2\/pages"}],"about":[{"href":"https:\/\/properio.com\/hu\/wp-json\/wp\/v2\/types\/page"}],"author":[{"embeddable":true,"href":"https:\/\/properio.com\/hu\/wp-json\/wp\/v2\/users\/1"}],"replies":[{"embeddable":true,"href":"https:\/\/properio.com\/hu\/wp-json\/wp\/v2\/comments?post=155545"}],"version-history":[{"count":0,"href":"https:\/\/properio.com\/hu\/wp-json\/wp\/v2\/pages\/155545\/revisions"}],"wp:attachment":[{"href":"https:\/\/properio.com\/hu\/wp-json\/wp\/v2\/media?parent=155545"}],"curies":[{"name":"wp","href":"https:\/\/api.w.org\/{rel}","templated":true}]}}