{"id":155489,"date":"2019-07-27T08:37:33","date_gmt":"2019-07-27T06:37:33","guid":{"rendered":"https:\/\/properio.com\/?page_id=155489"},"modified":"2024-04-18T12:13:07","modified_gmt":"2024-04-18T10:13:07","slug":"altalanos-szerzodesi-feltetelek","status":"publish","type":"page","link":"https:\/\/properio.com\/hu\/altalanos-szerzodesi-feltetelek","title":{"rendered":"\u00c1ltal\u00e1nos szerz\u0151d\u00e9si felt\u00e9telek"},"content":{"rendered":"<style>\/*! elementor - v3.21.0 - 15-04-2024 *\/\n.elementor-heading-title{padding:0;margin:0;line-height:1}.elementor-widget-heading .elementor-heading-title[class*=elementor-size-]>a{color:inherit;font-size:inherit;line-height:inherit}.elementor-widget-heading .elementor-heading-title.elementor-size-small{font-size:15px}.elementor-widget-heading .elementor-heading-title.elementor-size-medium{font-size:19px}.elementor-widget-heading .elementor-heading-title.elementor-size-large{font-size:29px}.elementor-widget-heading .elementor-heading-title.elementor-size-xl{font-size:39px}.elementor-widget-heading .elementor-heading-title.elementor-size-xxl{font-size:59px}<\/style>\n<h1>\u00c1ltal\u00e1nos szerz\u0151d\u00e9si felt\u00e9telek<\/h1>\n<p>Az al\u00e1bbi m\u00f3dokon rendelhet term\u00e9keket web\u00e1ruh\u00e1zunkb\u00f3l: Az al\u00e1bbi m\u00f3dokon rendelhet term\u00e9keket web\u00e1ruh\u00e1zunkb\u00f3l:<\/p>\n<ul>\n<li>eboldalon kereszt\u00fcl: properio.com<\/li>\n<li>e-mailben: info@properio.com<\/li>\n<\/ul>\n<h3>Fizet\u00e9si m\u00f3d<\/h3>\n<ul>\n<li>k\u00e1rty\u00e1s fizet\u00e9s<\/li>\n<\/ul>\n<h3>Fontos megjegyz\u00e9s<\/h3>\n<p>\t\tAz elad\u00f3 e-mailben \u00e9rtes\u00edti a v\u00e1s\u00e1rl\u00f3t az \u00e1ru kisz\u00e1ll\u00edt\u00e1s\u00e1r\u00f3l. A megrendelt \u00e1ru \u00e1tv\u00e9tel\u00e9nek elmulaszt\u00e1sa \u00e9s a k\u00fcldem\u00e9ny ut\u00f3lagos visszak\u00fcld\u00e9se eset\u00e9n az elad\u00f3 fenntartja a jogot, hogy a v\u00e1s\u00e1rl\u00f3t t\u00f6r\u00f6lje az adatb\u00e1zisb\u00f3l, ami azt jelenti, hogy a j\u00f6v\u0151ben tov\u00e1bbi megrendel\u00e9seket nem dolgozunk fel sz\u00e1m\u00e1ra.\t\t<\/p>\n<h3>Sz\u00e1ll\u00edt\u00e1si \u00e9s fizet\u00e9si felt\u00e9telek<\/h3>\n<p>\t\tA Vitaprodukt, spol. s.r.o. \u00e1ltal \u00fczemeltetett online \u00e1ruh\u00e1z, a properio.com \u00e1ltal\u00e1nos szerz\u0151d\u00e9si felt\u00e9teleire az al\u00e1bbi beszerz\u00e9si megrendel\u00e9si \u00e9s jogszab\u00e1lyok az ir\u00e1nyad\u00f3k. Tilos az \u00e1ruk kisz\u00e1ll\u00edt\u00e1sa nagykeresked\u0151knek vagy olyan v\u00e1s\u00e1rl\u00f3knak, akik szeretn\u00e9k tov\u00e1bb\u00e9rt\u00e9kes\u00edteni vagy tov\u00e1bb\u00e9rt\u00e9kes\u00edtik az \u00e1rut, illetve ilyen tev\u00e9kenys\u00e9get fontolgatnak. Az elad\u00f3 fenntartja a jogot, hogy a v\u00e1s\u00e1rl\u00f3 megrendel\u00e9s\u00e9t r\u00e9szben vagy teljesen elutas\u00edtsa. Kiz\u00e1r\u00f3lag Eur\u00f3pa ter\u00fclet\u00e9re sz\u00e1ll\u00edtunk ki.\t\t<\/p>\n<h3>Hozz\u00e1j\u00e1rul\u00e1s<\/h3>\n<p>\t\tA kiv\u00e1lasztott \u00e1rukra vonatkoz\u00f3 online megrendel\u00e9s lead\u00e1s\u00e1val a v\u00e1s\u00e1rl\u00f3 meger\u0151s\u00edti jelen megrendel\u00e9s k\u00f6telez\u0151 jelleg\u00e9t, \u00e9s meger\u0151s\u00edti, hogy ismeri a reklam\u00e1ci\u00f3s elj\u00e1r\u00e1st \u00e9s a jelen \u00e1ltal\u00e1nos szerz\u0151d\u00e9si felt\u00e9teleket, illetve azokkal egyet\u00e9rt. A megrendel\u00e9s\u00e9r\u0151l a v\u00e1s\u00e1rl\u00f3nak az \u00e1ltala megadott e-mail-c\u00edmre visszaigazol\u00e1st k\u00fcld\u00fcnk.\t\t<\/p>\n<h3>Sz\u00e1ll\u00edt\u00e1s<\/h3>\n<p>\t\tAz \u00e1rut a megrendel\u00e9st\u0151l sz\u00e1m\u00edtott 5 munkanapon bel\u00fcl (indokolt esetben 10 munkanapon bel\u00fcl) sz\u00e1ll\u00edtjuk. Amennyiben a megrendelt \u00e1ruk valamelyik\u00e9nek kisz\u00e1ll\u00edt\u00e1sa nem lehets\u00e9ges (a megrendelt term\u00e9k gy\u00e1rt\u00e1sa vagy forgalmaz\u00e1sa megsz\u0171nik), az elad\u00f3 k\u00f6teles a v\u00e1s\u00e1rl\u00f3t e-mailben \u00e9rtes\u00edteni.\t\t<\/p>\n<h3>Min\u0151s\u00e9g-ellen\u0151rz\u00e9s<\/h3>\n<p>Javasoljuk, hogy a v\u00e1s\u00e1rl\u00f3k az \u00e1rut \u00e1tv\u00e9telkor alaposan vizsg\u00e1lj\u00e1k \u00e1t, \u00e9s s\u00e9r\u00fcl\u00e9s eset\u00e9n ne vegy\u00e9k \u00e1t a k\u00fcldem\u00e9nyt, hanem t\u00f6ltsenek ki egy k\u00e1rbejelent\u0151t (\u00edrjanak panaszt) a fut\u00e1rszolg\u00e1lat munkat\u00e1rs\u00e1nak seg\u00edts\u00e9g\u00e9vel. Ha a lesz\u00e1ll\u00edtott \u00e1run nyilv\u00e1nval\u00f3 hib\u00e1k l\u00e1that\u00f3k, bele\u00e9rtve a sz\u00e1ll\u00edt\u00e1sb\u00f3l ered\u0151 s\u00e9r\u00fcl\u00e9seket is, a v\u00e1s\u00e1rl\u00f3 halad\u00e9ktalanul panaszt tehet az elad\u00f3nak \u00e9s az \u00e1rut kisz\u00e1ll\u00edt\u00f3 sz\u00e1ll\u00edt\u00f3szolg\u00e1lat dolgoz\u00f3j\u00e1nak. Egy\u00e9b esetekben a v\u00e1s\u00e1rl\u00f3 k\u00f6teles az \u00e1ru hib\u00e1it indokolatlan k\u00e9sedelem n\u00e9lk\u00fcl jelezni az elad\u00f3nak, amikor felfedezi azokat, ellenkez\u0151 esetben az \u00e1ruk s\u00e9r\u00fcl\u00e9s\u00e9re vonatkoz\u00f3 ig\u00e9nye el\u00e9v\u00fcl.<\/p>\n<p>Ha a hiba elh\u00e1r\u00edthat\u00f3, a v\u00e1s\u00e1rl\u00f3nek joga van ahhoz, hogy azt ingyenesen, tov\u00e1bbi k\u00e9sedelem n\u00e9lk\u00fcl elh\u00e1r\u00edthassa. Az elad\u00f3 k\u00f6teles a hib\u00e1t halad\u00e9ktalanul elh\u00e1r\u00edtani.<\/p>\n<p>A v\u00e1s\u00e1rl\u00f3 a hiba elh\u00e1r\u00edt\u00e1sa helyett k\u00f6vetelheti a term\u00e9k cser\u00e9j\u00e9t, vagy ha a hiba a term\u00e9knek csak egy r\u00e9sz\u00e9t \u00e9rinti, az adott r\u00e9sz kicser\u00e9l\u00e9s\u00e9t, ha ez nem j\u00e1r ar\u00e1nytalan k\u00f6lts\u00e9gekkel az elad\u00f3 sz\u00e1m\u00e1ra, figyelembe v\u00e9ve az \u00e1ru \u00e1r\u00e1t vagy a hiba s\u00falyoss\u00e1g\u00e1t.<\/p>\n<p>Az elad\u00f3 a hiba elh\u00e1r\u00edt\u00e1sa helyett b\u00e1rmikor kicser\u00e9lheti a hib\u00e1s term\u00e9ket egy hib\u00e1tlanra, ha ez nem okoz komoly neh\u00e9zs\u00e9get a v\u00e1s\u00e1rl\u00f3nek.<\/p>\n<p>Ha olyan hib\u00e1r\u00f3l van sz\u00f3, amelyet nem lehet elh\u00e1r\u00edtani, \u00e9s amely megakad\u00e1lyozza a term\u00e9k rendeltet\u00e9sszer\u0171, hibamentes haszn\u00e1lat\u00e1t, a v\u00e1s\u00e1rl\u00f3nek joga van a term\u00e9ket kicser\u00e9ltetni vagy a szerz\u0151d\u00e9st\u0151l el\u00e1llni. Ugyanilyen jogok illetik meg a v\u00e1s\u00e1rl\u00f3t, ha a hib\u00e1k elh\u00e1r\u00edthat\u00f3k, de ha a hiba a jav\u00edt\u00e1s ut\u00e1ni \u00fajb\u00f3li megjelenik vagy nagyobb sz\u00e1m\u00fa hiba miatt a v\u00e1s\u00e1rl\u00f3 a term\u00e9ket nem tudja rendeltet\u00e9sszer\u0171en haszn\u00e1lni.<\/p>\n<p>Egy\u00e9b helyrehozhatatlan hib\u00e1k eset\u00e9n a v\u00e1s\u00e1rl\u00f3 jogosult \u00e9sszer\u0171 \u00e1rengedm\u00e9nyre a term\u00e9k \u00e1r\u00e1b\u00f3l. \/Ptk. 622. \u00e9s 623. paragrafusa\/<\/p>\n<h3>Min\u0151s\u00e9g<\/h3>\n<p>\t\tAz online \u00e1ruh\u00e1zban tal\u00e1lhat\u00f3 \u00f6sszes \u00e1ru norm\u00e1l min\u0151s\u00e9g\u0171, \u00e9s a vonatkoz\u00f3 jogszab\u00e1lyok, valamint a gy\u00e1rt\u00f3 garanci\u00e1lis felt\u00e9telei szerint garanci\u00e1lisak (lej\u00e1rati id\u0151). Az elad\u00f3 24\u201336 h\u00f3nap garanci\u00e1t v\u00e1llal az \u00e1rukra. A v\u00e1s\u00e1rl\u00f3 az \u00e1tv\u00e9telt\u0151l sz\u00e1m\u00edtott 7 napon bel\u00fcl \u00e9lhet kifog\u00e1ssal az \u00e1ruval kapcsolatban. A v\u00e1s\u00e1rl\u00f3nak nincs joga visszak\u00fcldeni az \u00e1rut, ha nem tudja olyan \u00e1llapotban visszak\u00fcldeni, ahogyan \u00e1tvette. A visszak\u00fcld\u00f6tt \u00e1ruhoz sz\u00e1ml\u00e1t vagy sz\u00e1ll\u00edt\u00f3levelet \u00e9s reklam\u00e1ci\u00f3s nyomtatv\u00e1nyt is csatolni kell. Ez alapj\u00e1n a megfelel\u0151, posta- \u00e9s csomagol\u00e1si k\u00f6lts\u00e9ggel cs\u00f6kkentett \u00f6sszeget visszakapja a v\u00e1s\u00e1rl\u00f3. A reklam\u00e1ci\u00f3kat e-mailben \u00e9s \u00fcgyfelenk\u00e9nt k\u00fcl\u00f6n kezelj\u00fck. K\u00e9rd\u00e9s eset\u00e9n az \u00fcgyf\u00e9l a 0905 964 032 vagy 0917 533 960 telefonsz\u00e1mot h\u00edvhatja, vagy e-mailt k\u00fcldhet a info@properio.com c\u00edmre<br \/>\n\t\t\t<a href=\"\/wp-content\/uploads\/reklamacny-formular.pdf\"><br \/>\n\t\t\t\t\t\t\t\t\tPanasz beny\u00fajt\u00e1s\u00e1ra szolg\u00e1l\u00f3 \u0171rlap<br \/>\n\t\t\t\t\t<\/a><\/p>\n<h3>\u00c1ruell\u00e1t\u00e1s<\/h3>\n<p>\t\tAz eur\u00f3pai orsz\u00e1gok v\u00e1s\u00e1rl\u00f3i sz\u00e1m\u00e1ra a sz\u00e1ll\u00edt\u00e1si d\u00edjat a GLS s\u00faly- \u00e9s \u00e1rfelt\u00e9telei alapj\u00e1n sz\u00e1m\u00edtjuk ki. A v\u00e1s\u00e1rl\u00f3 v\u00e1llalja, hogy a megrendelt \u00e1ruk v\u00e9tel\u00e1r\u00e1t a megrendel\u00e9s elk\u00fcld\u00e9s\u00e9t k\u00f6vet\u0151en e-mailben k\u00fcld\u00f6tt, automatikusan gener\u00e1lt bizonylat alapj\u00e1n megfizeti. A sz\u00e1ml\u00e1t (ad\u00f3bizonylatot) e-mailben k\u00fcldj\u00fck el. Az elad\u00f3 e-mailben is \u00e9rtes\u00edti a v\u00e1s\u00e1rl\u00f3t az \u00e1ru kisz\u00e1ll\u00edt\u00e1s\u00e1r\u00f3l.\t\t<\/p>\n<h3>A szerz\u0151d\u00e9st\u0151l val\u00f3 el\u00e1ll\u00e1s<\/h3>\n<p>A v\u00e1s\u00e1rl\u00f3 jogosult az elad\u00f3 telephely\u00e9n vagy azon k\u00edv\u00fcl k\u00f6t\u00f6tt szerz\u0151d\u00e9st\u0151l az \u00e1ru \u00e1tv\u00e9tel\u00e9t\u0151l sz\u00e1m\u00edtott 14 napon bel\u00fcl indokl\u00e1s n\u00e9lk\u00fcl is el\u00e1llni.<\/p>\n<p>A v\u00e1s\u00e1rl\u00f3 a szerz\u0151d\u00e9st\u0151l val\u00f3 el\u00e1ll\u00e1skor csak az \u00e1runak az elad\u00f3hoz vagy az elad\u00f3 \u00e1ltal az \u00e1ru \u00e1tv\u00e9tel\u00e9re meghatalmazott szem\u00e9lyhez t\u00f6rt\u00e9n\u0151 visszak\u00fcld\u00e9s\u00e9nek k\u00f6lts\u00e9geit viseli.<\/p>\n<p>A v\u00e1s\u00e1rl\u00f3 csak az \u00e1ru azon \u00e9rt\u00e9kcs\u00f6kken\u00e9s\u00e9\u00e9rt felel\u0151s, amely az \u00e1ru olyan kezel\u00e9s\u00e9nek eredm\u00e9nyek\u00e9nt k\u00f6vetkezett be, amely t\u00falmutat az \u00e1ru tulajdons\u00e1gainak \u00e9s funkcionalit\u00e1s\u00e1nak meghat\u00e1roz\u00e1s\u00e1hoz sz\u00fcks\u00e9ges kezel\u00e9sen.<\/p>\n<p>A v\u00e1s\u00e1rl\u00f3 higi\u00e9niai okokb\u00f3l nem jogosult a szerz\u0151d\u00e9st\u0151l el\u00e1llni, ha a sz\u00e1ll\u00edtott \u00e1ru v\u00e9d\u0151csomagol\u00e1s\u00e1t megs\u00e9rtik.<\/p>\n<h3>Alternat\u00edv vitarendez\u00e9s<\/h3>\n<p>\t\tA v\u00e1s\u00e1rl\u00f3nek \u2013 a fogyaszt\u00f3nak \u2013 jog\u00e1ban \u00e1ll az elad\u00f3hoz korrekci\u00f3s k\u00e9relemmel fordulni (az info@properio.com c\u00edmre k\u00fcld\u00f6tt e-mailben), ha nem el\u00e9gedett azzal, ahogyan az elad\u00f3 a panasz\u00e1t kezelte, vagy ha \u00fagy v\u00e9li, hogy az elad\u00f3 megs\u00e9rtette a jogait. Ha az elad\u00f3 elutas\u00edt\u00f3 v\u00e1laszt ad erre a k\u00e9relemre, vagy nem v\u00e1laszol r\u00e1 a megk\u00fcld\u00e9st\u0151l sz\u00e1m\u00edtott 30 napon bel\u00fcl, a fogyaszt\u00f3nak joga van alternat\u00edv vitarendez\u00e9s kezdem\u00e9nyez\u00e9s\u00e9re ir\u00e1nyul\u00f3 javaslatot beny\u00fajtani az alternat\u00edv vitarendez\u00e9si szervezethez (a tov\u00e1bbiakban: ARS szervezet) a 391\/2015. sz. t\u00f6rv\u00e9ny \u00e9rtelm\u00e9ben. Az ARS alanyai a 391\/2015 sz. t\u00f6rv\u00e9ny 3. \u00a7-a szerinti hat\u00f3s\u00e1gok \u00e9s felhatalmazott jogi szem\u00e9lyek. A fogyaszt\u00f3 a javaslatot a 391\/2015 sz. t\u00f6rv\u00e9ny 12. \u00a7-a szerint meghat\u00e1rozott m\u00f3don ny\u00fajthatja be. A v\u00e1s\u00e1rl\u00f3k (fogyaszt\u00f3k) jogosultak online vitarendez\u00e9si platformot (a tov\u00e1bbiakban: RSO) haszn\u00e1lni vit\u00e1ik rendez\u00e9s\u00e9re, az \u00e1ltaluk v\u00e1lasztott nyelven. A v\u00e1s\u00e1rl\u00f3 (fogyaszt\u00f3) a vita alternat\u00edv rendez\u00e9s\u00e9re is haszn\u00e1lhatja az RSO platformot (a platform a http:\/\/ec.europa.eu\/consumers\/odr\/ oldalon \u00e9rhet\u0151 el). A v\u00e1s\u00e1rl\u00f3nek (fogyaszt\u00f3nak) egy elektronikus, panasz beny\u00fajt\u00e1s\u00e1ra szolg\u00e1l\u00f3 \u0171rlapot kell kit\u00f6ltenie, amikor beadv\u00e1nyt ny\u00fajt be az RSO platformon. Az ezen beny\u00fajtott inform\u00e1ci\u00f3knak elegend\u0151nek kell lenni\u00fck a megfelel\u0151 online alternat\u00edv vitarendez\u00e9si szervezet meghat\u00e1roz\u00e1s\u00e1hoz.<br \/>\nA v\u00e1s\u00e1rl\u00f3 (fogyaszt\u00f3) a panasz\u00e1t al\u00e1t\u00e1maszt\u00f3 dokumentumokat csatolhat. Az alternat\u00edv vitarendez\u00e9s csak a fogyaszt\u00f3 \u00e9s az elad\u00f3 k\u00f6z\u00f6tti, a fogyaszt\u00f3i szerz\u0151d\u00e9sb\u0151l ered\u0151 vagy ahhoz kapcsol\u00f3d\u00f3 vit\u00e1ra vonatkozik. Az alternat\u00edv vitarendez\u00e9s csak az egym\u00e1st\u00f3l t\u00e1vol l\u00e9v\u0151 felek k\u00f6z\u00f6tt k\u00f6t\u00f6tt szerz\u0151d\u00e9sekre vonatkozik. Az alternat\u00edv vitarendez\u00e9s nem vonatkozik azokra a vit\u00e1kra, ahol a vita \u00e9rt\u00e9ke nem haladja meg a 20 eur\u00f3t. Az ARS entit\u00e1s az alternat\u00edv vitarendez\u00e9s megkezd\u00e9s\u00e9\u00e9rt a fogyaszt\u00f3t\u00f3l legfeljebb brutt\u00f3 5 EUR d\u00edj megfizet\u00e9s\u00e9t k\u00f6vetelheti.<\/p>\n<h3>Fizet\u00e9s<\/h3>\n<p>\t\tA v\u00e1s\u00e1rl\u00f3 v\u00e1llalja, hogy a megrendelt \u00e1ru\u00e9rt a felsz\u00e1m\u00edtott v\u00e9tel\u00e1rat csak az e-mailben kapott sz\u00e1mla (ad\u00f3igazol\u00e1s) alapj\u00e1n fizeti ki.\t\t<\/p>\n<h3>Adatv\u00e9delem<\/h3>\n<p>\t\tA properio.com web\u00e1ruh\u00e1z \u00fczemeltet\u0151je minden v\u00e1s\u00e1rl\u00f3 sz\u00e1m\u00e1ra garant\u00e1lja a szem\u00e9lyes adatok v\u00e9delm\u00e9t. A szem\u00e9lyes adatokat kiz\u00e1r\u00f3lag megrendel\u00e9sek feldolgoz\u00e1s\u00e1hoz, sz\u00e1ml\u00e1k ki\u00e1ll\u00edt\u00e1s\u00e1hoz \u00e9s \u00e1ruk k\u00fcld\u00e9s\u00e9hez haszn\u00e1ljuk fel. A szem\u00e9lyes adatokat harmadik f\u00e9lnek, int\u00e9zm\u00e9nyeknek vagy szervezeteknek nem adjuk \u00e1t. Ha szeretne t\u00f6bbet megtudni arr\u00f3l, hogy mik\u00e9nt kezelj\u00fck a szem\u00e9lyes adatokat, ezt a hivatkoz\u00e1st k\u00f6vetve az ezt ismertet\u0151 aloldalra navig\u00e1lhat.\t\t<\/p>\n<h3>Kapcsolat<\/h3>\n<p>DIMENZIA, spol. s r.o.<br \/>\u0160t\u00farova 33<br \/>060 01 Ke\u017emarok<br \/>Szlov\u00e1kia<\/p>\n<p>e-mail:\u00a0<a href=\"mailto:info@properio.com\">info@properio.com<\/a><\/p>\n<p>web:\u00a0<a href=\"http:\/\/properio.com\/\">properio.com<\/a><\/p>\n<p>Tel.: (+421) 905 964 032 \/ (+421) 917 533 960<\/p>\n<p>Azonos\u00edt\u00f3sz\u00e1m: 36504777<br \/>Ad\u00f3sz\u00e1m (SK): 2021996515<\/p>\n","protected":false},"excerpt":{"rendered":"<p>\u00c1ltal\u00e1nos szerz\u0151d\u00e9si felt\u00e9telek Az al\u00e1bbi m\u00f3dokon rendelhet term\u00e9keket web\u00e1ruh\u00e1zunkb\u00f3l: Az al\u00e1bbi m\u00f3dokon rendelhet term\u00e9keket web\u00e1ruh\u00e1zunkb\u00f3l: eboldalon kereszt\u00fcl: properio.com e-mailben: info@properio.com Fizet\u00e9si m\u00f3d k\u00e1rty\u00e1s fizet\u00e9s Fontos megjegyz\u00e9s Az elad\u00f3 e-mailben \u00e9rtes\u00edti a v\u00e1s\u00e1rl\u00f3t az \u00e1ru kisz\u00e1ll\u00edt\u00e1s\u00e1r\u00f3l. A megrendelt \u00e1ru \u00e1tv\u00e9tel\u00e9nek elmulaszt\u00e1sa \u00e9s a k\u00fcldem\u00e9ny ut\u00f3lagos visszak\u00fcld\u00e9se eset\u00e9n az elad\u00f3 fenntartja a jogot, hogy a v\u00e1s\u00e1rl\u00f3t t\u00f6r\u00f6lje [&hellip;]<\/p>\n","protected":false},"author":1,"featured_media":0,"parent":0,"menu_order":0,"comment_status":"closed","ping_status":"closed","template":"","meta":{"footnotes":""},"class_list":["post-155489","page","type-page","status-publish","hentry"],"_links":{"self":[{"href":"https:\/\/properio.com\/hu\/wp-json\/wp\/v2\/pages\/155489","targetHints":{"allow":["GET"]}}],"collection":[{"href":"https:\/\/properio.com\/hu\/wp-json\/wp\/v2\/pages"}],"about":[{"href":"https:\/\/properio.com\/hu\/wp-json\/wp\/v2\/types\/page"}],"author":[{"embeddable":true,"href":"https:\/\/properio.com\/hu\/wp-json\/wp\/v2\/users\/1"}],"replies":[{"embeddable":true,"href":"https:\/\/properio.com\/hu\/wp-json\/wp\/v2\/comments?post=155489"}],"version-history":[{"count":0,"href":"https:\/\/properio.com\/hu\/wp-json\/wp\/v2\/pages\/155489\/revisions"}],"wp:attachment":[{"href":"https:\/\/properio.com\/hu\/wp-json\/wp\/v2\/media?parent=155489"}],"curies":[{"name":"wp","href":"https:\/\/api.w.org\/{rel}","templated":true}]}}