{"id":155481,"date":"2019-07-26T11:45:12","date_gmt":"2019-07-26T09:45:12","guid":{"rendered":"https:\/\/properio.com\/?page_id=155481"},"modified":"2024-04-18T11:25:31","modified_gmt":"2024-04-18T09:25:31","slug":"faq","status":"publish","type":"page","link":"https:\/\/properio.com\/hu\/faq","title":{"rendered":"FAQ"},"content":{"rendered":"\t\t<div data-elementor-type=\"wp-page\" data-elementor-id=\"155481\" class=\"elementor elementor-155481 elementor-3766\" data-elementor-post-type=\"page\">\n\t\t\t\t\t\t<section class=\"elementor-section elementor-top-section elementor-element elementor-element-5ae9946 elementor-section-boxed elementor-section-height-default elementor-section-height-default\" data-id=\"5ae9946\" data-element_type=\"section\" data-e-type=\"section\">\n\t\t\t\t\t\t<div class=\"elementor-container elementor-column-gap-default\">\n\t\t\t\t\t<div class=\"elementor-column elementor-col-100 elementor-top-column elementor-element elementor-element-2496726\" data-id=\"2496726\" data-element_type=\"column\" data-e-type=\"column\">\n\t\t\t<div class=\"elementor-widget-wrap elementor-element-populated\">\n\t\t\t\t\t\t<div class=\"elementor-element elementor-element-2fe8d60 elementor-widget elementor-widget-heading\" data-id=\"2fe8d60\" data-element_type=\"widget\" data-e-type=\"widget\" data-widget_type=\"heading.default\">\n\t\t\t\t<div class=\"elementor-widget-container\">\n\t\t\t\t\t<h1 class=\"elementor-heading-title elementor-size-default\">FAQ<\/h1>\t\t\t\t<\/div>\n\t\t\t\t<\/div>\n\t\t\t\t\t<\/div>\n\t\t<\/div>\n\t\t\t\t\t<\/div>\n\t\t<\/section>\n\t\t\t\t<section class=\"elementor-section elementor-top-section elementor-element elementor-element-77b9e6c elementor-section-boxed elementor-section-height-default elementor-section-height-default\" data-id=\"77b9e6c\" data-element_type=\"section\" data-e-type=\"section\">\n\t\t\t\t\t\t<div class=\"elementor-container elementor-column-gap-default\">\n\t\t\t\t\t<div class=\"elementor-column elementor-col-100 elementor-top-column elementor-element elementor-element-ccba6e1\" data-id=\"ccba6e1\" data-element_type=\"column\" data-e-type=\"column\">\n\t\t\t<div class=\"elementor-widget-wrap elementor-element-populated\">\n\t\t\t\t\t\t<div class=\"elementor-element elementor-element-d49410c elementor-widget elementor-widget-toggle\" data-id=\"d49410c\" data-element_type=\"widget\" data-e-type=\"widget\" data-widget_type=\"toggle.default\">\n\t\t\t\t<div class=\"elementor-widget-container\">\n\t\t\t\t\t\t\t<div class=\"elementor-toggle\">\n\t\t\t\t\t\t\t<div class=\"elementor-toggle-item\">\n\t\t\t\t\t<div id=\"elementor-tab-title-2221\" class=\"elementor-tab-title\" data-tab=\"1\" role=\"button\" aria-controls=\"elementor-tab-content-2221\" aria-expanded=\"false\">\n\t\t\t\t\t\t\t\t\t\t\t\t<span class=\"elementor-toggle-icon elementor-toggle-icon-left\" aria-hidden=\"true\">\n\t\t\t\t\t\t\t\t\t\t\t\t\t\t\t<span class=\"elementor-toggle-icon-closed\"><i class=\"fas fa-caret-right\"><\/i><\/span>\n\t\t\t\t\t\t\t\t<span class=\"elementor-toggle-icon-opened\"><i class=\"elementor-toggle-icon-opened fas fa-caret-up\"><\/i><\/span>\n\t\t\t\t\t\t\t\t\t\t\t\t\t<\/span>\n\t\t\t\t\t\t\t\t\t\t\t\t<a class=\"elementor-toggle-title\" tabindex=\"0\">Haszn\u00e1lhatom a pro perio\u00ae fogkr\u00e9met, ha fogszab\u00e1lyz\u00f3m van?<\/a>\n\t\t\t\t\t<\/div>\n\n\t\t\t\t\t<div id=\"elementor-tab-content-2221\" class=\"elementor-tab-content elementor-clearfix\" data-tab=\"1\" role=\"region\" aria-labelledby=\"elementor-tab-title-2221\">A pro perio\u00ae fogkr\u00e9m gond n\u00e9lk\u00fcl haszn\u00e1lhat\u00f3 fogszab\u00e1lyoz\u00f3 visel\u00e9se mellett is. <\/div>\n\t\t\t\t<\/div>\n\t\t\t\t\t\t\t\t<\/div>\n\t\t\t\t\t\t<\/div>\n\t\t\t\t<\/div>\n\t\t\t\t<div class=\"elementor-element elementor-element-347669f elementor-widget elementor-widget-toggle\" data-id=\"347669f\" data-element_type=\"widget\" data-e-type=\"widget\" data-widget_type=\"toggle.default\">\n\t\t\t\t<div class=\"elementor-widget-container\">\n\t\t\t\t\t\t\t<div class=\"elementor-toggle\">\n\t\t\t\t\t\t\t<div class=\"elementor-toggle-item\">\n\t\t\t\t\t<div id=\"elementor-tab-title-5501\" class=\"elementor-tab-title\" data-tab=\"1\" role=\"button\" aria-controls=\"elementor-tab-content-5501\" aria-expanded=\"false\">\n\t\t\t\t\t\t\t\t\t\t\t\t<span class=\"elementor-toggle-icon elementor-toggle-icon-left\" aria-hidden=\"true\">\n\t\t\t\t\t\t\t\t\t\t\t\t\t\t\t<span class=\"elementor-toggle-icon-closed\"><i class=\"fas fa-caret-right\"><\/i><\/span>\n\t\t\t\t\t\t\t\t<span class=\"elementor-toggle-icon-opened\"><i class=\"elementor-toggle-icon-opened fas fa-caret-up\"><\/i><\/span>\n\t\t\t\t\t\t\t\t\t\t\t\t\t<\/span>\n\t\t\t\t\t\t\t\t\t\t\t\t<a class=\"elementor-toggle-title\" tabindex=\"0\">Haszn\u00e1lhatom a Triple action OXI+ term\u00e9ket, ha fogszab\u00e1lyz\u00f3m van?<\/a>\n\t\t\t\t\t<\/div>\n\n\t\t\t\t\t<div id=\"elementor-tab-content-5501\" class=\"elementor-tab-content elementor-clearfix\" data-tab=\"1\" role=\"region\" aria-labelledby=\"elementor-tab-title-5501\">Nem javasoljuk a Triple action OXI+ :teeth whitening kit haszn\u00e1lat\u00e1t, mivel nem tudjuk, milyen anyagb\u00f3l k\u00e9sz\u00fcl a fogszab\u00e1lyz\u00f3ja. Emiatt pedig nem tudjuk megmondani, hogy el\u0151fordulhat-e negat\u00edv k\u00e9miai reakci\u00f3 a term\u00e9k\u00fcnk \u00e9s a fogszab\u00e1lyz\u00f3ja k\u00f6z\u00f6tt. \nAz otthoni fogfeh\u00e9r\u00edt\u00e9st m\u00e9g akkor sem aj\u00e1nljuk, ha kivehet\u0151 fogszab\u00e1lyz\u00f3val rendelkezik, mivel a fogszab\u00e1lyz\u00e1s sor\u00e1n a fogak \u00e9rz\u00e9kenyebbek, a feh\u00e9r\u00edt\u00e9snek pedig ak\u00e1r negat\u00edv hat\u00e1sa is lehet.<\/div>\n\t\t\t\t<\/div>\n\t\t\t\t\t\t\t\t<\/div>\n\t\t\t\t\t\t<\/div>\n\t\t\t\t<\/div>\n\t\t\t\t<div class=\"elementor-element elementor-element-b177e3d elementor-widget elementor-widget-toggle\" data-id=\"b177e3d\" data-element_type=\"widget\" data-e-type=\"widget\" data-widget_type=\"toggle.default\">\n\t\t\t\t<div class=\"elementor-widget-container\">\n\t\t\t\t\t\t\t<div class=\"elementor-toggle\">\n\t\t\t\t\t\t\t<div class=\"elementor-toggle-item\">\n\t\t\t\t\t<div id=\"elementor-tab-title-1861\" class=\"elementor-tab-title\" data-tab=\"1\" role=\"button\" aria-controls=\"elementor-tab-content-1861\" aria-expanded=\"false\">\n\t\t\t\t\t\t\t\t\t\t\t\t<span class=\"elementor-toggle-icon elementor-toggle-icon-left\" aria-hidden=\"true\">\n\t\t\t\t\t\t\t\t\t\t\t\t\t\t\t<span class=\"elementor-toggle-icon-closed\"><i class=\"fas fa-caret-right\"><\/i><\/span>\n\t\t\t\t\t\t\t\t<span class=\"elementor-toggle-icon-opened\"><i class=\"elementor-toggle-icon-opened fas fa-caret-up\"><\/i><\/span>\n\t\t\t\t\t\t\t\t\t\t\t\t\t<\/span>\n\t\t\t\t\t\t\t\t\t\t\t\t<a class=\"elementor-toggle-title\" tabindex=\"0\">Mit jelent az enzimatikus feh\u00e9r\u00edt\u00e9s?<\/a>\n\t\t\t\t\t<\/div>\n\n\t\t\t\t\t<div id=\"elementor-tab-content-1861\" class=\"elementor-tab-content elementor-clearfix\" data-tab=\"1\" role=\"region\" aria-labelledby=\"elementor-tab-title-1861\"><p>A fogakat hagyom\u00e1nyos m\u00f3don mechanikusan tiszt\u00edtj\u00e1k. Ez azt jelenti, hogy a fogkr\u00e9mek a koptat\u00f3 hat\u00e1suk r\u00e9v\u00e9n manu\u00e1lisan el tudj\u00e1k t\u00e1vol\u00edtani a fogzom\u00e1nc elsz\u00ednez\u0151d\u00e9s\u00e9t.<br \/>Mivel im\u00e1djuk az eg\u00e9szs\u00e9ges, sz\u00e9p mosolyt, nem igaz\u00e1n voltunk elragadtatva att\u00f3l a gondolatt\u00f3l, hogy v\u00e1s\u00e1rl\u00f3ink foga feh\u00e9r, de \u00e9rz\u00e9keny legyen. Ez\u00e9rt d\u00f6nt\u00f6tt\u00fcnk \u00fagy, hogy mi m\u00e1sk\u00e9pp csin\u00e1ljuk a dolgokat.<\/p><p>Fogkr\u00e9meinket az akt\u00edv, \u00e9s a term\u00e9szetes \u00f6sszetev\u0151k kever\u00e9ke teszik egyediv\u00e9, mint p\u00e9ld\u00e1ul a gl\u00fck\u00f3z-oxid\u00e1z enzim, amely a mechanikus feh\u00e9r\u00edt\u00e9s helyett gyeng\u00e9den oldja az elsz\u00ednez\u0151d\u00e9seket.<\/p><p>Enzimatikusan feh\u00e9r\u00edt\u0151 fogkr\u00e9mek:<br \/>:intensive<br \/>:enamel protect<br \/>:healthy gums<\/p><\/div>\n\t\t\t\t<\/div>\n\t\t\t\t\t\t\t\t<\/div>\n\t\t\t\t\t\t<\/div>\n\t\t\t\t<\/div>\n\t\t\t\t<div class=\"elementor-element elementor-element-574ab62 elementor-widget elementor-widget-toggle\" data-id=\"574ab62\" data-element_type=\"widget\" data-e-type=\"widget\" data-widget_type=\"toggle.default\">\n\t\t\t\t<div class=\"elementor-widget-container\">\n\t\t\t\t\t\t\t<div class=\"elementor-toggle\">\n\t\t\t\t\t\t\t<div class=\"elementor-toggle-item\">\n\t\t\t\t\t<div id=\"elementor-tab-title-9151\" class=\"elementor-tab-title\" data-tab=\"1\" role=\"button\" aria-controls=\"elementor-tab-content-9151\" aria-expanded=\"false\">\n\t\t\t\t\t\t\t\t\t\t\t\t<span class=\"elementor-toggle-icon elementor-toggle-icon-left\" aria-hidden=\"true\">\n\t\t\t\t\t\t\t\t\t\t\t\t\t\t\t<span class=\"elementor-toggle-icon-closed\"><i class=\"fas fa-caret-right\"><\/i><\/span>\n\t\t\t\t\t\t\t\t<span class=\"elementor-toggle-icon-opened\"><i class=\"elementor-toggle-icon-opened fas fa-caret-up\"><\/i><\/span>\n\t\t\t\t\t\t\t\t\t\t\t\t\t<\/span>\n\t\t\t\t\t\t\t\t\t\t\t\t<a class=\"elementor-toggle-title\" tabindex=\"0\">Soha nem feh\u00e9r\u00edtettem m\u00e9g a fogaimat, melyik term\u00e9ket haszn\u00e1ljam?<\/a>\n\t\t\t\t\t<\/div>\n\n\t\t\t\t\t<div id=\"elementor-tab-content-9151\" class=\"elementor-tab-content elementor-clearfix\" data-tab=\"1\" role=\"region\" aria-labelledby=\"elementor-tab-title-9151\">Ebben az esetben javasoljuk, hogy el\u0151sz\u00f6r a Triple action OXI+ :teeth whitening kit-et haszn\u00e1lja az :intensive fogkr\u00e9mmel egy\u00fctt. Ez a kombin\u00e1ci\u00f3 nagyon gyeng\u00e9d a fogzom\u00e1nchoz \u00e9s az \u00ednyhez, mik\u00f6zben term\u00e9szetes feh\u00e9rs\u00e9get biztos\u00edt a fogak sz\u00e1m\u00e1ra. <\/div>\n\t\t\t\t<\/div>\n\t\t\t\t\t\t\t\t<\/div>\n\t\t\t\t\t\t<\/div>\n\t\t\t\t<\/div>\n\t\t\t\t<div class=\"elementor-element elementor-element-85e7693 elementor-widget elementor-widget-toggle\" data-id=\"85e7693\" data-element_type=\"widget\" data-e-type=\"widget\" data-widget_type=\"toggle.default\">\n\t\t\t\t<div class=\"elementor-widget-container\">\n\t\t\t\t\t\t\t<div class=\"elementor-toggle\">\n\t\t\t\t\t\t\t<div class=\"elementor-toggle-item\">\n\t\t\t\t\t<div id=\"elementor-tab-title-1401\" class=\"elementor-tab-title\" data-tab=\"1\" role=\"button\" aria-controls=\"elementor-tab-content-1401\" aria-expanded=\"false\">\n\t\t\t\t\t\t\t\t\t\t\t\t<span class=\"elementor-toggle-icon elementor-toggle-icon-left\" aria-hidden=\"true\">\n\t\t\t\t\t\t\t\t\t\t\t\t\t\t\t<span class=\"elementor-toggle-icon-closed\"><i class=\"fas fa-caret-right\"><\/i><\/span>\n\t\t\t\t\t\t\t\t<span class=\"elementor-toggle-icon-opened\"><i class=\"elementor-toggle-icon-opened fas fa-caret-up\"><\/i><\/span>\n\t\t\t\t\t\t\t\t\t\t\t\t\t<\/span>\n\t\t\t\t\t\t\t\t\t\t\t\t<a class=\"elementor-toggle-title\" tabindex=\"0\">Mi\u00e9rt nem javasolt a Triple action OXI+ :teeth whitening kit haszn\u00e1lata terhess\u00e9g \u00e9s szoptat\u00e1s alatt?<\/a>\n\t\t\t\t\t<\/div>\n\n\t\t\t\t\t<div id=\"elementor-tab-content-1401\" class=\"elementor-tab-content elementor-clearfix\" data-tab=\"1\" role=\"region\" aria-labelledby=\"elementor-tab-title-1401\">A terhess\u00e9g \u00e9s szoptat\u00e1s alatti hormon\u00e1lis v\u00e1ltoz\u00e1sok t\u00falzott fogleped\u00e9k-k\u00e9pz\u0151d\u00e9st okoznak, ami n\u00f6veli a fogszuvasod\u00e1s, az \u00ednyv\u00e9rz\u00e9s \u00e9s a fogzom\u00e1nc gyeng\u00fcl\u00e9s\u00e9nek kock\u00e1zat\u00e1t. Ilyenkor a feh\u00e9r\u00edt\u00e9s miatt a fogak \u00e9s az \u00edny fokozottan \u00e9rz\u00e9kenyek lehetnek. <\/div>\n\t\t\t\t<\/div>\n\t\t\t\t\t\t\t\t<\/div>\n\t\t\t\t\t\t<\/div>\n\t\t\t\t<\/div>\n\t\t\t\t<div class=\"elementor-element elementor-element-aba03f1 elementor-widget elementor-widget-toggle\" data-id=\"aba03f1\" data-element_type=\"widget\" data-e-type=\"widget\" data-widget_type=\"toggle.default\">\n\t\t\t\t<div class=\"elementor-widget-container\">\n\t\t\t\t\t\t\t<div class=\"elementor-toggle\">\n\t\t\t\t\t\t\t<div class=\"elementor-toggle-item\">\n\t\t\t\t\t<div id=\"elementor-tab-title-1791\" class=\"elementor-tab-title\" data-tab=\"1\" role=\"button\" aria-controls=\"elementor-tab-content-1791\" aria-expanded=\"false\">\n\t\t\t\t\t\t\t\t\t\t\t\t<span class=\"elementor-toggle-icon elementor-toggle-icon-left\" aria-hidden=\"true\">\n\t\t\t\t\t\t\t\t\t\t\t\t\t\t\t<span class=\"elementor-toggle-icon-closed\"><i class=\"fas fa-caret-right\"><\/i><\/span>\n\t\t\t\t\t\t\t\t<span class=\"elementor-toggle-icon-opened\"><i class=\"elementor-toggle-icon-opened fas fa-caret-up\"><\/i><\/span>\n\t\t\t\t\t\t\t\t\t\t\t\t\t<\/span>\n\t\t\t\t\t\t\t\t\t\t\t\t<a class=\"elementor-toggle-title\" tabindex=\"0\">Mi\u00e9rt tartalmaznak egyes pro perio\u00ae fogkr\u00e9mek fluoridot?<\/a>\n\t\t\t\t\t<\/div>\n\n\t\t\t\t\t<div id=\"elementor-tab-content-1791\" class=\"elementor-tab-content elementor-clearfix\" data-tab=\"1\" role=\"region\" aria-labelledby=\"elementor-tab-title-1791\">A fluorid remineraliz\u00e1lja a fogzom\u00e1ncot, ami rendk\u00edv\u00fcl fontos a fogszuvasod\u00e1s megel\u0151z\u00e9s\u00e9ben. Rendszeres haszn\u00e1lat eset\u00e9n a fluoridtartalm\u00fa fogkr\u00e9mek 30%-kal cs\u00f6kkentik a fogszuvasod\u00e1s kialakul\u00e1s\u00e1t. Ha agg\u00f3dik a fluorid miatt: a fluorid \u00e1ltal okozott toxicit\u00e1s csak akkor, l\u00e9phet fel, ha egyszerre 5\u201310 gramm fluoridot  fogyasztana el. Ez k\u00f6r\u00fclbel\u00fcl 30 darab, 1500 ppm-es fogkr\u00e9m elfogyaszt\u00e1s\u00e1nak felel meg. <\/div>\n\t\t\t\t<\/div>\n\t\t\t\t\t\t\t\t<\/div>\n\t\t\t\t\t\t<\/div>\n\t\t\t\t<\/div>\n\t\t\t\t<div class=\"elementor-element elementor-element-4da1433 elementor-widget elementor-widget-toggle\" data-id=\"4da1433\" data-element_type=\"widget\" data-e-type=\"widget\" data-widget_type=\"toggle.default\">\n\t\t\t\t<div class=\"elementor-widget-container\">\n\t\t\t\t\t\t\t<div class=\"elementor-toggle\">\n\t\t\t\t\t\t\t<div class=\"elementor-toggle-item\">\n\t\t\t\t\t<div id=\"elementor-tab-title-8141\" class=\"elementor-tab-title\" data-tab=\"1\" role=\"button\" aria-controls=\"elementor-tab-content-8141\" aria-expanded=\"false\">\n\t\t\t\t\t\t\t\t\t\t\t\t<span class=\"elementor-toggle-icon elementor-toggle-icon-left\" aria-hidden=\"true\">\n\t\t\t\t\t\t\t\t\t\t\t\t\t\t\t<span class=\"elementor-toggle-icon-closed\"><i class=\"fas fa-caret-right\"><\/i><\/span>\n\t\t\t\t\t\t\t\t<span class=\"elementor-toggle-icon-opened\"><i class=\"elementor-toggle-icon-opened fas fa-caret-up\"><\/i><\/span>\n\t\t\t\t\t\t\t\t\t\t\t\t\t<\/span>\n\t\t\t\t\t\t\t\t\t\t\t\t<a class=\"elementor-toggle-title\" tabindex=\"0\">Mennyi id\u0151 ut\u00e1n ism\u00e9telhetem meg a feh\u00e9r\u00edt\u00e9st a Triple action OXI+ :teeth whitening kit k\u00e9szlettel?<\/a>\n\t\t\t\t\t<\/div>\n\n\t\t\t\t\t<div id=\"elementor-tab-content-8141\" class=\"elementor-tab-content elementor-clearfix\" data-tab=\"1\" role=\"region\" aria-labelledby=\"elementor-tab-title-8141\">A Triple action OXI+ :teeth whitening kit k\u00e9szlettel 6 havonta ism\u00e9telhet\u0151 meg a feh\u00e9r\u00edt\u00e9s. <\/div>\n\t\t\t\t<\/div>\n\t\t\t\t\t\t\t\t<\/div>\n\t\t\t\t\t\t<\/div>\n\t\t\t\t<\/div>\n\t\t\t\t<div class=\"elementor-element elementor-element-d59bf5d elementor-widget elementor-widget-toggle\" data-id=\"d59bf5d\" data-element_type=\"widget\" data-e-type=\"widget\" data-widget_type=\"toggle.default\">\n\t\t\t\t<div class=\"elementor-widget-container\">\n\t\t\t\t\t\t\t<div class=\"elementor-toggle\">\n\t\t\t\t\t\t\t<div class=\"elementor-toggle-item\">\n\t\t\t\t\t<div id=\"elementor-tab-title-2231\" class=\"elementor-tab-title\" data-tab=\"1\" role=\"button\" aria-controls=\"elementor-tab-content-2231\" aria-expanded=\"false\">\n\t\t\t\t\t\t\t\t\t\t\t\t<span class=\"elementor-toggle-icon elementor-toggle-icon-left\" aria-hidden=\"true\">\n\t\t\t\t\t\t\t\t\t\t\t\t\t\t\t<span class=\"elementor-toggle-icon-closed\"><i class=\"fas fa-caret-right\"><\/i><\/span>\n\t\t\t\t\t\t\t\t<span class=\"elementor-toggle-icon-opened\"><i class=\"elementor-toggle-icon-opened fas fa-caret-up\"><\/i><\/span>\n\t\t\t\t\t\t\t\t\t\t\t\t\t<\/span>\n\t\t\t\t\t\t\t\t\t\t\t\t<a class=\"elementor-toggle-title\" tabindex=\"0\">Mennyi ideig tart a feh\u00e9r\u00edt\u0151 hat\u00e1s, miut\u00e1n kifeh\u00e9r\u00edtettem a fogaimat?<\/a>\n\t\t\t\t\t<\/div>\n\n\t\t\t\t\t<div id=\"elementor-tab-content-2231\" class=\"elementor-tab-content elementor-clearfix\" data-tab=\"1\" role=\"region\" aria-labelledby=\"elementor-tab-title-2231\"><p>Minden att\u00f3l f\u00fcgg, hogy milyen gyakran doh\u00e1nyzik, illetve fogyaszt e k\u00e1v\u00e9t vagy v\u00f6r\u00f6sbort. Ezek mindennapi fogyaszt\u00e1sa befoly\u00e1solhatja a feh\u00e9r\u00edt\u0151 hat\u00e1s tart\u00f3ss\u00e1g\u00e1t \u00e9s hat\u00e9konys\u00e1g\u00e1t. Ha nem tud lemondani a k\u00e1v\u00e9- vagy teaiv\u00e1s\u00e1r\u00f3l, pr\u00f3b\u00e1ljon meg \u00fagy inni, hogy az ital ne \u00e9rjen a fogaihoz.<\/p><p>A feh\u00e9r\u00edt\u00e9s hosszan tart\u00f3 hat\u00e1s\u00e1nak meg\u0151rz\u00e9se \u00e9rdek\u00e9ben javasoljuk a :crystal white fogkr\u00e9m haszn\u00e1lat\u00e1t.<\/p><\/div>\n\t\t\t\t<\/div>\n\t\t\t\t\t\t\t\t<\/div>\n\t\t\t\t\t\t<\/div>\n\t\t\t\t<\/div>\n\t\t\t\t<div class=\"elementor-element elementor-element-67ae6c7 elementor-widget elementor-widget-spacer\" data-id=\"67ae6c7\" data-element_type=\"widget\" data-e-type=\"widget\" data-widget_type=\"spacer.default\">\n\t\t\t\t<div class=\"elementor-widget-container\">\n\t\t\t\t\t\t\t<div class=\"elementor-spacer\">\n\t\t\t<div class=\"elementor-spacer-inner\"><\/div>\n\t\t<\/div>\n\t\t\t\t\t\t<\/div>\n\t\t\t\t<\/div>\n\t\t\t\t\t<\/div>\n\t\t<\/div>\n\t\t\t\t\t<\/div>\n\t\t<\/section>\n\t\t\t\t<\/div>\n\t\t","protected":false},"excerpt":{"rendered":"<p>FAQ Haszn\u00e1lhatom a pro perio\u00ae fogkr\u00e9met, ha fogszab\u00e1lyz\u00f3m van? A pro perio\u00ae fogkr\u00e9m gond n\u00e9lk\u00fcl haszn\u00e1lhat\u00f3 fogszab\u00e1lyoz\u00f3 visel\u00e9se mellett is. Haszn\u00e1lhatom a Triple action OXI+ term\u00e9ket, ha fogszab\u00e1lyz\u00f3m van? Nem javasoljuk a Triple action OXI+ :teeth whitening kit haszn\u00e1lat\u00e1t, mivel nem tudjuk, milyen anyagb\u00f3l k\u00e9sz\u00fcl a fogszab\u00e1lyz\u00f3ja. Emiatt pedig nem tudjuk megmondani, hogy el\u0151fordulhat-e negat\u00edv [&hellip;]<\/p>\n","protected":false},"author":1,"featured_media":0,"parent":0,"menu_order":0,"comment_status":"closed","ping_status":"closed","template":"","meta":{"footnotes":""},"class_list":["post-155481","page","type-page","status-publish","hentry"],"_links":{"self":[{"href":"https:\/\/properio.com\/hu\/wp-json\/wp\/v2\/pages\/155481","targetHints":{"allow":["GET"]}}],"collection":[{"href":"https:\/\/properio.com\/hu\/wp-json\/wp\/v2\/pages"}],"about":[{"href":"https:\/\/properio.com\/hu\/wp-json\/wp\/v2\/types\/page"}],"author":[{"embeddable":true,"href":"https:\/\/properio.com\/hu\/wp-json\/wp\/v2\/users\/1"}],"replies":[{"embeddable":true,"href":"https:\/\/properio.com\/hu\/wp-json\/wp\/v2\/comments?post=155481"}],"version-history":[{"count":0,"href":"https:\/\/properio.com\/hu\/wp-json\/wp\/v2\/pages\/155481\/revisions"}],"wp:attachment":[{"href":"https:\/\/properio.com\/hu\/wp-json\/wp\/v2\/media?parent=155481"}],"curies":[{"name":"wp","href":"https:\/\/api.w.org\/{rel}","templated":true}]}}