{"id":155458,"date":"2019-07-01T15:54:00","date_gmt":"2019-07-01T13:54:00","guid":{"rendered":"https:\/\/properio.com\/?page_id=155458"},"modified":"2026-02-23T16:40:05","modified_gmt":"2026-02-23T15:40:05","slug":"rolunk","status":"publish","type":"page","link":"https:\/\/properio.com\/hu\/rolunk","title":{"rendered":"R\u00f3lunk"},"content":{"rendered":"\t\t<div data-elementor-type=\"wp-page\" data-elementor-id=\"155458\" class=\"elementor elementor-155458 elementor-3186\" data-elementor-post-type=\"page\">\n\t\t\t\t\t\t<section class=\"elementor-section elementor-top-section elementor-element elementor-element-24cc581 elementor-section-height-min-height elementor-section-boxed elementor-section-height-default elementor-section-items-middle\" data-id=\"24cc581\" data-element_type=\"section\" data-e-type=\"section\" data-settings=\"{&quot;background_background&quot;:&quot;classic&quot;}\">\n\t\t\t\t\t\t\t<div class=\"elementor-background-overlay\"><\/div>\n\t\t\t\t\t\t\t<div class=\"elementor-container elementor-column-gap-default\">\n\t\t\t\t\t<div class=\"elementor-column elementor-col-100 elementor-top-column elementor-element elementor-element-2bba311\" data-id=\"2bba311\" data-element_type=\"column\" data-e-type=\"column\" data-settings=\"{&quot;background_background&quot;:&quot;classic&quot;}\">\n\t\t\t<div class=\"elementor-widget-wrap elementor-element-populated\">\n\t\t\t\t\t\t<div class=\"elementor-element elementor-element-8ac053f elementor-widget elementor-widget-spacer\" data-id=\"8ac053f\" data-element_type=\"widget\" data-e-type=\"widget\" data-widget_type=\"spacer.default\">\n\t\t\t\t<div class=\"elementor-widget-container\">\n\t\t\t\t\t\t\t<div class=\"elementor-spacer\">\n\t\t\t<div class=\"elementor-spacer-inner\"><\/div>\n\t\t<\/div>\n\t\t\t\t\t\t<\/div>\n\t\t\t\t<\/div>\n\t\t\t\t<div class=\"elementor-element elementor-element-13df96c elementor-widget elementor-widget-text-editor\" data-id=\"13df96c\" data-element_type=\"widget\" data-e-type=\"widget\" data-widget_type=\"text-editor.default\">\n\t\t\t\t<div class=\"elementor-widget-container\">\n\t\t\t\t\t\t\t\t\t<p>Az els\u0151 otthoni fogfeh\u00e9r\u00edt\u0151 k\u00e9szlet\u00fcnket 1998-ban, Szlov\u00e1ki\u00e1ban fejlesztett\u00fck ki, biela perla\u00ae m\u00e1rkan\u00e9ven. A fogorvosok \u00e1ltal alkalmazott m\u00f3dszerek alapj\u00e1n k\u00e9sz\u00fclt\u00a0 k\u00e9szlet\u00fcnk r\u00f6vid id\u0151 alatt \u00f3ri\u00e1si sikert aratott, \u00e9s orsz\u00e1gszerte el\u00e9rhet\u0151v\u00e9 v\u00e1lt a gy\u00f3gyszert\u00e1rakban. A v\u00e1s\u00e1rl\u00f3k pozit\u00edv visszajelz\u00e9seinek k\u00f6sz\u00f6nhet\u0151en portf\u00f3li\u00f3nk hamar kib\u0151v\u00fclt fogkr\u00e9mekkel is, amelyeket a mai napig csal\u00e1di v\u00e1llalkoz\u00e1sunk gy\u00e1rt a Magas-T\u00e1tra tiszta k\u00f6rnyezet\u00e9ben.<\/p><p>A properio\u00ae fogkr\u00e9mek k\u00fcl\u00f6nlegess\u00e9ge a k\u00edm\u00e9letes d\u00f6rzshat\u00e1s, az innovat\u00edv enzimatikus formula, a gy\u00f3gyn\u00f6v\u00e9ny-kivonatok \u00e9s a megb\u00edzhat\u00f3 hat\u00f3anyagok egyed\u00fcl\u00e1ll\u00f3 kombin\u00e1ci\u00f3ja. Ezek egy\u00fctt biztos\u00edtj\u00e1k a fogak biztons\u00e1gos feh\u00e9r\u00edt\u00e9s\u00e9t, a fogzom\u00e1nc v\u00e9delm\u00e9t \u00e9s a sz\u00e1j\u00fcreg teljes k\u00f6r\u0171 \u00e1pol\u00e1s\u00e1t.\u00a0<\/p><p>T\u00f6bb mint 25 \u00e9ves tapasztalatunkkal a dent\u00e1lhigi\u00e9nia ter\u00fclet\u00e9n b\u00fcszk\u00e9k vagyunk arra, hogy term\u00e9keink term\u00e9szetes m\u00f3don seg\u00edtik a mosoly meg\u0151rz\u00e9s\u00e9t \u2013 feh\u00e9rebb, eg\u00e9szs\u00e9gesebb fogakkal, kompromisszumok n\u00e9lk\u00fcl.<\/p>\t\t\t\t\t\t\t\t<\/div>\n\t\t\t\t<\/div>\n\t\t\t\t<div class=\"elementor-element elementor-element-78c8c73 elementor-widget elementor-widget-spacer\" data-id=\"78c8c73\" data-element_type=\"widget\" data-e-type=\"widget\" data-widget_type=\"spacer.default\">\n\t\t\t\t<div class=\"elementor-widget-container\">\n\t\t\t\t\t\t\t<div class=\"elementor-spacer\">\n\t\t\t<div class=\"elementor-spacer-inner\"><\/div>\n\t\t<\/div>\n\t\t\t\t\t\t<\/div>\n\t\t\t\t<\/div>\n\t\t\t\t\t<\/div>\n\t\t<\/div>\n\t\t\t\t\t<\/div>\n\t\t<\/section>\n\t\t\t\t<section class=\"elementor-section elementor-top-section elementor-element elementor-element-3ddba12 elementor-section-boxed elementor-section-height-default elementor-section-height-default\" data-id=\"3ddba12\" data-element_type=\"section\" data-e-type=\"section\">\n\t\t\t\t\t\t<div class=\"elementor-container elementor-column-gap-default\">\n\t\t\t\t\t<div class=\"elementor-column elementor-col-50 elementor-top-column elementor-element elementor-element-1fe54e5\" data-id=\"1fe54e5\" data-element_type=\"column\" data-e-type=\"column\">\n\t\t\t<div class=\"elementor-widget-wrap elementor-element-populated\">\n\t\t\t\t\t\t<div class=\"elementor-element elementor-element-24da116 elementor-widget elementor-widget-video\" data-id=\"24da116\" data-element_type=\"widget\" data-e-type=\"widget\" data-settings=\"{&quot;youtube_url&quot;:&quot;https:\\\/\\\/youtu.be\\\/dwxGK_v19J8&quot;,&quot;video_type&quot;:&quot;youtube&quot;,&quot;controls&quot;:&quot;yes&quot;}\" data-widget_type=\"video.default\">\n\t\t\t\t<div class=\"elementor-widget-container\">\n\t\t\t\t\t\t\t<div class=\"elementor-wrapper elementor-open-inline\">\n\t\t\t<div class=\"elementor-video\"><\/div>\t\t<\/div>\n\t\t\t\t\t\t<\/div>\n\t\t\t\t<\/div>\n\t\t\t\t\t<\/div>\n\t\t<\/div>\n\t\t\t\t<div class=\"elementor-column elementor-col-50 elementor-top-column elementor-element elementor-element-480dc62\" data-id=\"480dc62\" data-element_type=\"column\" data-e-type=\"column\">\n\t\t\t<div class=\"elementor-widget-wrap elementor-element-populated\">\n\t\t\t\t\t\t<div class=\"elementor-element elementor-element-63f9e95 elementor-widget elementor-widget-text-editor\" data-id=\"63f9e95\" data-element_type=\"widget\" data-e-type=\"widget\" data-widget_type=\"text-editor.default\">\n\t\t\t\t<div class=\"elementor-widget-container\">\n\t\t\t\t\t\t\t\t\t<h3>A fogfeh\u00e9r\u00edt\u00e9s \u00e9s a fog\u00e1pol\u00e1s szak\u00e9rt\u0151je<\/h3><div>Tekintsen a pro perio\u00ae gy\u00e1rt\u00e1s\u00e1nak sz\u00ednfalai m\u00f6g\u00e9!<\/div>\t\t\t\t\t\t\t\t<\/div>\n\t\t\t\t<\/div>\n\t\t\t\t\t<\/div>\n\t\t<\/div>\n\t\t\t\t\t<\/div>\n\t\t<\/section>\n\t\t\t\t<section class=\"elementor-section elementor-top-section elementor-element elementor-element-d00b100 elementor-section-boxed elementor-section-height-default elementor-section-height-default\" data-id=\"d00b100\" data-element_type=\"section\" data-e-type=\"section\">\n\t\t\t\t\t\t<div class=\"elementor-container elementor-column-gap-default\">\n\t\t\t\t\t<div class=\"elementor-column elementor-col-100 elementor-top-column elementor-element elementor-element-5955b77\" data-id=\"5955b77\" data-element_type=\"column\" data-e-type=\"column\">\n\t\t\t<div class=\"elementor-widget-wrap elementor-element-populated\">\n\t\t\t\t\t\t<div class=\"elementor-element elementor-element-d68dc34 elementor-widget elementor-widget-heading\" data-id=\"d68dc34\" data-element_type=\"widget\" data-e-type=\"widget\" data-widget_type=\"heading.default\">\n\t\t\t\t<div class=\"elementor-widget-container\">\n\t\t\t\t\t<h2 class=\"elementor-heading-title elementor-size-default\">Csapatunk<\/h2>\t\t\t\t<\/div>\n\t\t\t\t<\/div>\n\t\t\t\t\t<\/div>\n\t\t<\/div>\n\t\t\t\t\t<\/div>\n\t\t<\/section>\n\t\t\t\t<section class=\"elementor-section elementor-top-section elementor-element elementor-element-b3e1ef2 elementor-section-boxed elementor-section-height-default elementor-section-height-default\" data-id=\"b3e1ef2\" data-element_type=\"section\" data-e-type=\"section\">\n\t\t\t\t\t\t<div class=\"elementor-container elementor-column-gap-default\">\n\t\t\t\t\t<div class=\"elementor-column elementor-col-25 elementor-top-column elementor-element elementor-element-5106911\" data-id=\"5106911\" data-element_type=\"column\" data-e-type=\"column\">\n\t\t\t<div class=\"elementor-widget-wrap elementor-element-populated\">\n\t\t\t\t\t\t<div class=\"elementor-element elementor-element-d0db393 elementor-position-top elementor-widget elementor-widget-image-box\" data-id=\"d0db393\" data-element_type=\"widget\" data-e-type=\"widget\" data-widget_type=\"image-box.default\">\n\t\t\t\t<div class=\"elementor-widget-container\">\n\t\t\t\t\t<div class=\"elementor-image-box-wrapper\"><figure class=\"elementor-image-box-img\"><img fetchpriority=\"high\" decoding=\"async\" width=\"620\" height=\"930\" src=\"https:\/\/properio.com\/wp-content\/uploads\/Zlatko_small.jpeg\" class=\"attachment-full size-full wp-image-155463\" alt=\"\" srcset=\"https:\/\/properio.com\/wp-content\/uploads\/Zlatko_small.jpeg 620w, https:\/\/properio.com\/wp-content\/uploads\/Zlatko_small-200x300.jpeg 200w, https:\/\/properio.com\/wp-content\/uploads\/Zlatko_small-450x675.jpeg 450w, https:\/\/properio.com\/wp-content\/uploads\/Zlatko_small-600x900.jpeg 600w, https:\/\/properio.com\/wp-content\/uploads\/Zlatko_small-64x96.jpeg 64w\" sizes=\"(max-width: 620px) 100vw, 620px\" \/><\/figure><div class=\"elementor-image-box-content\"><h3 class=\"elementor-image-box-title\">Zlatko Jur\u00edk<\/h3><p class=\"elementor-image-box-description\">Alap\u00edt\u00f3 \u00e9s igazgat\u00f3<\/p><\/div><\/div>\t\t\t\t<\/div>\n\t\t\t\t<\/div>\n\t\t\t\t\t<\/div>\n\t\t<\/div>\n\t\t\t\t<div class=\"elementor-column elementor-col-25 elementor-top-column elementor-element elementor-element-ef8deae\" data-id=\"ef8deae\" data-element_type=\"column\" data-e-type=\"column\">\n\t\t\t<div class=\"elementor-widget-wrap elementor-element-populated\">\n\t\t\t\t\t\t<div class=\"elementor-element elementor-element-20b6560 elementor-position-top elementor-widget elementor-widget-image-box\" data-id=\"20b6560\" data-element_type=\"widget\" data-e-type=\"widget\" data-widget_type=\"image-box.default\">\n\t\t\t\t<div class=\"elementor-widget-container\">\n\t\t\t\t\t<div class=\"elementor-image-box-wrapper\"><figure class=\"elementor-image-box-img\"><img decoding=\"async\" width=\"620\" height=\"930\" src=\"https:\/\/properio.com\/wp-content\/uploads\/Betka_small.jpg\" class=\"attachment-full size-full wp-image-155465\" alt=\"\" srcset=\"https:\/\/properio.com\/wp-content\/uploads\/Betka_small.jpg 620w, https:\/\/properio.com\/wp-content\/uploads\/Betka_small-200x300.jpg 200w, https:\/\/properio.com\/wp-content\/uploads\/Betka_small-450x675.jpg 450w, https:\/\/properio.com\/wp-content\/uploads\/Betka_small-600x900.jpg 600w, https:\/\/properio.com\/wp-content\/uploads\/Betka_small-64x96.jpg 64w\" sizes=\"(max-width: 620px) 100vw, 620px\" \/><\/figure><div class=\"elementor-image-box-content\"><h3 class=\"elementor-image-box-title\">Al\u017ebeta Rusi\u0148akov\u00e1<\/h3><p class=\"elementor-image-box-description\">Termel\u00e9si igazgat\u00f3<\/p><\/div><\/div>\t\t\t\t<\/div>\n\t\t\t\t<\/div>\n\t\t\t\t\t<\/div>\n\t\t<\/div>\n\t\t\t\t<div class=\"elementor-column elementor-col-25 elementor-top-column elementor-element elementor-element-beb217e\" data-id=\"beb217e\" data-element_type=\"column\" data-e-type=\"column\">\n\t\t\t<div class=\"elementor-widget-wrap elementor-element-populated\">\n\t\t\t\t\t\t<div class=\"elementor-element elementor-element-6427aa1 elementor-position-top elementor-widget elementor-widget-image-box\" data-id=\"6427aa1\" data-element_type=\"widget\" data-e-type=\"widget\" data-widget_type=\"image-box.default\">\n\t\t\t\t<div class=\"elementor-widget-container\">\n\t\t\t\t\t<div class=\"elementor-image-box-wrapper\"><figure class=\"elementor-image-box-img\"><img decoding=\"async\" width=\"720\" height=\"1080\" src=\"https:\/\/properio.com\/wp-content\/uploads\/1-1-of-1-3-copy-SMALL-1.jpeg\" class=\"attachment-full size-full wp-image-155460\" alt=\"\" srcset=\"https:\/\/properio.com\/wp-content\/uploads\/1-1-of-1-3-copy-SMALL-1.jpeg 720w, https:\/\/properio.com\/wp-content\/uploads\/1-1-of-1-3-copy-SMALL-1-200x300.jpeg 200w, https:\/\/properio.com\/wp-content\/uploads\/1-1-of-1-3-copy-SMALL-1-683x1024.jpeg 683w, https:\/\/properio.com\/wp-content\/uploads\/1-1-of-1-3-copy-SMALL-1-450x675.jpeg 450w, https:\/\/properio.com\/wp-content\/uploads\/1-1-of-1-3-copy-SMALL-1-600x900.jpeg 600w, https:\/\/properio.com\/wp-content\/uploads\/1-1-of-1-3-copy-SMALL-1-64x96.jpeg 64w\" sizes=\"(max-width: 720px) 100vw, 720px\" \/><\/figure><div class=\"elementor-image-box-content\"><h3 class=\"elementor-image-box-title\">In\u00e9s Pe\u0161ko<\/h3><p class=\"elementor-image-box-description\">Marketingigazgat\u00f3<\/p><\/div><\/div>\t\t\t\t<\/div>\n\t\t\t\t<\/div>\n\t\t\t\t\t<\/div>\n\t\t<\/div>\n\t\t\t\t<div class=\"elementor-column elementor-col-25 elementor-top-column elementor-element elementor-element-d712b41\" data-id=\"d712b41\" data-element_type=\"column\" data-e-type=\"column\">\n\t\t\t<div class=\"elementor-widget-wrap elementor-element-populated\">\n\t\t\t\t\t\t<div class=\"elementor-element elementor-element-34e9c14 elementor-position-top elementor-widget elementor-widget-image-box\" data-id=\"34e9c14\" data-element_type=\"widget\" data-e-type=\"widget\" data-widget_type=\"image-box.default\">\n\t\t\t\t<div class=\"elementor-widget-container\">\n\t\t\t\t\t<div class=\"elementor-image-box-wrapper\"><figure class=\"elementor-image-box-img\"><img loading=\"lazy\" decoding=\"async\" width=\"650\" height=\"975\" src=\"https:\/\/properio.com\/wp-content\/uploads\/TONKA-2-mala.jpeg\" class=\"attachment-full size-full wp-image-155469\" alt=\"\" srcset=\"https:\/\/properio.com\/wp-content\/uploads\/TONKA-2-mala.jpeg 650w, https:\/\/properio.com\/wp-content\/uploads\/TONKA-2-mala-200x300.jpeg 200w, https:\/\/properio.com\/wp-content\/uploads\/TONKA-2-mala-450x675.jpeg 450w, https:\/\/properio.com\/wp-content\/uploads\/TONKA-2-mala-600x900.jpeg 600w, https:\/\/properio.com\/wp-content\/uploads\/TONKA-2-mala-64x96.jpeg 64w\" sizes=\"(max-width: 650px) 100vw, 650px\" \/><\/figure><div class=\"elementor-image-box-content\"><h3 class=\"elementor-image-box-title\">Ant\u00f3nia Jur\u00edkov\u00e1<\/h3><p class=\"elementor-image-box-description\">Term\u00e9kigazgat\u00f3<\/p><\/div><\/div>\t\t\t\t<\/div>\n\t\t\t\t<\/div>\n\t\t\t\t\t<\/div>\n\t\t<\/div>\n\t\t\t\t\t<\/div>\n\t\t<\/section>\n\t\t\t\t<section class=\"elementor-section elementor-top-section elementor-element elementor-element-d8ff73b elementor-section-boxed elementor-section-height-default elementor-section-height-default\" data-id=\"d8ff73b\" data-element_type=\"section\" data-e-type=\"section\">\n\t\t\t\t\t\t<div class=\"elementor-container elementor-column-gap-default\">\n\t\t\t\t\t<div class=\"elementor-column elementor-col-25 elementor-top-column elementor-element elementor-element-d5e228f\" data-id=\"d5e228f\" data-element_type=\"column\" data-e-type=\"column\">\n\t\t\t<div class=\"elementor-widget-wrap elementor-element-populated\">\n\t\t\t\t\t\t<div class=\"elementor-element elementor-element-794999b elementor-position-top elementor-widget elementor-widget-image-box\" data-id=\"794999b\" data-element_type=\"widget\" data-e-type=\"widget\" data-widget_type=\"image-box.default\">\n\t\t\t\t<div class=\"elementor-widget-container\">\n\t\t\t\t\t<div class=\"elementor-image-box-wrapper\"><figure class=\"elementor-image-box-img\"><img loading=\"lazy\" decoding=\"async\" width=\"620\" height=\"930\" src=\"https:\/\/properio.com\/wp-content\/uploads\/Lucka_small.jpeg\" class=\"attachment-full size-full wp-image-155462\" alt=\"\" srcset=\"https:\/\/properio.com\/wp-content\/uploads\/Lucka_small.jpeg 620w, https:\/\/properio.com\/wp-content\/uploads\/Lucka_small-200x300.jpeg 200w, https:\/\/properio.com\/wp-content\/uploads\/Lucka_small-450x675.jpeg 450w, https:\/\/properio.com\/wp-content\/uploads\/Lucka_small-600x900.jpeg 600w, https:\/\/properio.com\/wp-content\/uploads\/Lucka_small-64x96.jpeg 64w\" sizes=\"(max-width: 620px) 100vw, 620px\" \/><\/figure><div class=\"elementor-image-box-content\"><h3 class=\"elementor-image-box-title\">Lucia Hova\u0148\u00e1kov\u00e1<\/h3><p class=\"elementor-image-box-description\">A kutat\u00e1s-fejleszt\u00e9s vezet\u0151je<\/p><\/div><\/div>\t\t\t\t<\/div>\n\t\t\t\t<\/div>\n\t\t\t\t\t<\/div>\n\t\t<\/div>\n\t\t\t\t<div class=\"elementor-column elementor-col-25 elementor-top-column elementor-element elementor-element-2323daa elementor-hidden-desktop elementor-hidden-tablet elementor-hidden-mobile\" data-id=\"2323daa\" data-element_type=\"column\" data-e-type=\"column\">\n\t\t\t<div class=\"elementor-widget-wrap elementor-element-populated\">\n\t\t\t\t\t\t<div class=\"elementor-element elementor-element-d0ad021 elementor-position-top elementor-widget elementor-widget-image-box\" data-id=\"d0ad021\" data-element_type=\"widget\" data-e-type=\"widget\" data-widget_type=\"image-box.default\">\n\t\t\t\t<div class=\"elementor-widget-container\">\n\t\t\t\t\t<div class=\"elementor-image-box-wrapper\"><figure class=\"elementor-image-box-img\"><img decoding=\"async\" src=\"https:\/\/properio.com\/wp-content\/plugins\/elementor\/assets\/images\/placeholder.png\" title=\"\" alt=\"\" loading=\"lazy\" \/><\/figure><div class=\"elementor-image-box-content\"><h3 class=\"elementor-image-box-title\">This is the heading<\/h3><p class=\"elementor-image-box-description\">Lorem ipsum dolor sit amet, consectetur adipiscing elit. Ut elit tellus, luctus nec ullamcorper mattis, pulvinar dapibus leo.<\/p><\/div><\/div>\t\t\t\t<\/div>\n\t\t\t\t<\/div>\n\t\t\t\t\t<\/div>\n\t\t<\/div>\n\t\t\t\t<div class=\"elementor-column elementor-col-25 elementor-top-column elementor-element elementor-element-5e76067 elementor-hidden-desktop elementor-hidden-tablet elementor-hidden-mobile\" data-id=\"5e76067\" data-element_type=\"column\" data-e-type=\"column\">\n\t\t\t<div class=\"elementor-widget-wrap elementor-element-populated\">\n\t\t\t\t\t\t<div class=\"elementor-element elementor-element-1804f24 elementor-position-top elementor-widget elementor-widget-image-box\" data-id=\"1804f24\" data-element_type=\"widget\" data-e-type=\"widget\" data-widget_type=\"image-box.default\">\n\t\t\t\t<div class=\"elementor-widget-container\">\n\t\t\t\t\t<div class=\"elementor-image-box-wrapper\"><figure class=\"elementor-image-box-img\"><img decoding=\"async\" src=\"https:\/\/properio.com\/wp-content\/plugins\/elementor\/assets\/images\/placeholder.png\" title=\"\" alt=\"\" loading=\"lazy\" \/><\/figure><div class=\"elementor-image-box-content\"><h3 class=\"elementor-image-box-title\">This is the heading<\/h3><p class=\"elementor-image-box-description\">Lorem ipsum dolor sit amet, consectetur adipiscing elit. Ut elit tellus, luctus nec ullamcorper mattis, pulvinar dapibus leo.<\/p><\/div><\/div>\t\t\t\t<\/div>\n\t\t\t\t<\/div>\n\t\t\t\t\t<\/div>\n\t\t<\/div>\n\t\t\t\t<div class=\"elementor-column elementor-col-25 elementor-top-column elementor-element elementor-element-7b6f7a0 elementor-hidden-desktop elementor-hidden-tablet elementor-hidden-mobile\" data-id=\"7b6f7a0\" data-element_type=\"column\" data-e-type=\"column\">\n\t\t\t<div class=\"elementor-widget-wrap elementor-element-populated\">\n\t\t\t\t\t\t<div class=\"elementor-element elementor-element-80bdbda elementor-position-top elementor-widget elementor-widget-image-box\" data-id=\"80bdbda\" data-element_type=\"widget\" data-e-type=\"widget\" data-widget_type=\"image-box.default\">\n\t\t\t\t<div class=\"elementor-widget-container\">\n\t\t\t\t\t<div class=\"elementor-image-box-wrapper\"><figure class=\"elementor-image-box-img\"><img decoding=\"async\" src=\"https:\/\/properio.com\/wp-content\/plugins\/elementor\/assets\/images\/placeholder.png\" title=\"\" alt=\"\" loading=\"lazy\" \/><\/figure><div class=\"elementor-image-box-content\"><h3 class=\"elementor-image-box-title\">This is the heading<\/h3><p class=\"elementor-image-box-description\">Lorem ipsum dolor sit amet, consectetur adipiscing elit. Ut elit tellus, luctus nec ullamcorper mattis, pulvinar dapibus leo.<\/p><\/div><\/div>\t\t\t\t<\/div>\n\t\t\t\t<\/div>\n\t\t\t\t\t<\/div>\n\t\t<\/div>\n\t\t\t\t\t<\/div>\n\t\t<\/section>\n\t\t\t\t<\/div>\n\t\t","protected":false},"excerpt":{"rendered":"<p>Az els\u0151 otthoni fogfeh\u00e9r\u00edt\u0151 k\u00e9szlet\u00fcnket 1998-ban, Szlov\u00e1ki\u00e1ban fejlesztett\u00fck ki, biela perla\u00ae m\u00e1rkan\u00e9ven. A fogorvosok \u00e1ltal alkalmazott m\u00f3dszerek alapj\u00e1n k\u00e9sz\u00fclt\u00a0 k\u00e9szlet\u00fcnk r\u00f6vid id\u0151 alatt \u00f3ri\u00e1si sikert aratott, \u00e9s orsz\u00e1gszerte el\u00e9rhet\u0151v\u00e9 v\u00e1lt a gy\u00f3gyszert\u00e1rakban. A v\u00e1s\u00e1rl\u00f3k pozit\u00edv visszajelz\u00e9seinek k\u00f6sz\u00f6nhet\u0151en portf\u00f3li\u00f3nk hamar kib\u0151v\u00fclt fogkr\u00e9mekkel is, amelyeket a mai napig csal\u00e1di v\u00e1llalkoz\u00e1sunk gy\u00e1rt a Magas-T\u00e1tra tiszta k\u00f6rnyezet\u00e9ben. A properio\u00ae [&hellip;]<\/p>\n","protected":false},"author":1,"featured_media":0,"parent":0,"menu_order":0,"comment_status":"closed","ping_status":"closed","template":"","meta":{"footnotes":""},"class_list":["post-155458","page","type-page","status-publish","hentry"],"_links":{"self":[{"href":"https:\/\/properio.com\/hu\/wp-json\/wp\/v2\/pages\/155458","targetHints":{"allow":["GET"]}}],"collection":[{"href":"https:\/\/properio.com\/hu\/wp-json\/wp\/v2\/pages"}],"about":[{"href":"https:\/\/properio.com\/hu\/wp-json\/wp\/v2\/types\/page"}],"author":[{"embeddable":true,"href":"https:\/\/properio.com\/hu\/wp-json\/wp\/v2\/users\/1"}],"replies":[{"embeddable":true,"href":"https:\/\/properio.com\/hu\/wp-json\/wp\/v2\/comments?post=155458"}],"version-history":[{"count":3,"href":"https:\/\/properio.com\/hu\/wp-json\/wp\/v2\/pages\/155458\/revisions"}],"predecessor-version":[{"id":158308,"href":"https:\/\/properio.com\/hu\/wp-json\/wp\/v2\/pages\/155458\/revisions\/158308"}],"wp:attachment":[{"href":"https:\/\/properio.com\/hu\/wp-json\/wp\/v2\/media?parent=155458"}],"curies":[{"name":"wp","href":"https:\/\/api.w.org\/{rel}","templated":true}]}}