{"id":156226,"date":"2023-12-13T03:42:56","date_gmt":"2023-12-13T02:42:56","guid":{"rendered":"https:\/\/properio.com\/?post_type=product&#038;p=156226"},"modified":"2024-09-16T09:29:58","modified_gmt":"2024-09-16T07:29:58","slug":"mundwasser-kurkuma-coenzym-q10","status":"publish","type":"product","link":"https:\/\/properio.com\/de\/e-shop\/mundwasser-kurkuma-coenzym-q10","title":{"rendered":"Mundwasser :kurkuma + Coenzym Q10"},"content":{"rendered":"\t\t<div data-elementor-type=\"product-post\" data-elementor-id=\"156226\" class=\"elementor elementor-156226 elementor-155325\" data-elementor-post-type=\"product\">\n\t\t\t\t\t\t<section class=\"elementor-section elementor-top-section elementor-element elementor-element-a4ee774 elementor-section-boxed elementor-section-height-default elementor-section-height-default\" data-id=\"a4ee774\" data-element_type=\"section\" data-e-type=\"section\">\n\t\t\t\t\t\t<div class=\"elementor-container elementor-column-gap-default\">\n\t\t\t\t\t<div class=\"elementor-column elementor-col-100 elementor-top-column elementor-element elementor-element-53bff73\" data-id=\"53bff73\" data-element_type=\"column\" data-e-type=\"column\">\n\t\t\t<div class=\"elementor-widget-wrap elementor-element-populated\">\n\t\t\t\t\t\t<div class=\"elementor-element elementor-element-11f31d16 elementor-widget elementor-widget-text-editor\" data-id=\"11f31d16\" data-element_type=\"widget\" data-e-type=\"widget\" data-widget_type=\"text-editor.default\">\n\t\t\t\t<div class=\"elementor-widget-container\">\n\t\t\t\t\t\t\t\t\t<p><strong>Zielgruppe:<\/strong><\/p><p>Personen mit geschw\u00e4chtem, entz\u00fcndetem Zahnfleisch.<\/p><p><strong>Funktionsweise<\/strong><\/p><ul><li>regeneriert entz\u00fcndetes Zahnfleisch<\/li><li>sorgt f\u00fcr langanhaltend frischen Atem<\/li><li>besitzt antibakterielle, zahnbelagverh\u00fctende und antimikrobielle Eigenschaften*<\/li><\/ul><p><strong><span lang=\"en-US\">Aktive Wirkstoffe und ihre Wirkung: <\/span><\/strong><\/p><ul><li><b>Kurkumaextrakt** &#8211; <\/b><b><\/b>Antioxidans, beugt Zahnfleischentz\u00fcndung vor.<\/li><li><b>Coenzym Q10 \u2013 <\/b>Antioxidans, regeniert das Zahnfleisch.<\/li><li><b>Xylitol \u2013 <\/b>sch\u00fctzt vor einer \u00dcbers\u00e4uerung der Mundh\u00f6hle.<\/li><li><b>Minze &#8211; <\/b>erfrischt den Atem, hat antibakterielle und antivirale Eigenschaften.<\/li><\/ul><p><strong>Das Besondere an diesem Produkt<\/strong><\/p><p>Im Ayurveda wird Kurkuma f\u00fcr seine zahlreichen positiven Auswirkungen auf die Gesundheit des menschlichen K\u00f6rpers gesch\u00e4tzt. Als pflanzliches Mittel stellt Kurkuma eine besonders vertr\u00e4gliche, nat\u00fcrliche Therapieform bei Problemen im Mundraum dar. Es tr\u00e4gt zur Regeneration des Zahnfleisches bei, beugt Entz\u00fcndungen und Blutungen vor und reduziert gleichzeitig die Bildung von mikrobiellem Zahnbelag.<\/p><p><strong>Anwendung:<\/strong><\/p><p>Geben Sie 10\u201320 ml Mundwasser in einen Becher, sp\u00fclen Sie Ihren Mund 30 Sekunden lang damit aus und spucken Sie es dann aus. Morgens und abends oder nach Bedarf anwenden.<\/p><p><strong>Warnhinweis:<\/strong><\/p><p>Nicht schlucken. Au\u00dferhalb der Reichweite von Kindern aufbewahren. Bei Raumtemperatur von etwa 25\u00b0C lagern. Nach Gebrauch den Deckel fest verschlie\u00dfen. Das Produkt ist nicht f\u00fcr Kinder bestimmt.<\/p><p>*Mehr zur Rolle von Kurkuma in der Zahnpflege:<\/p><p>https:\/\/pubmed.ncbi.nlm.nih.gov\/23162334\/<\/p><p>https:\/\/www.ncbi.nlm.nih.gov\/pmc\/articles\/PMC3633300\/<\/p><p>**Nat\u00fcrlicher Kurkumaextrakt \u2013 zugelassen und zertifiziert von COMOS, gewonnen durch eine schonende extrakritische Extraktion mithilfe von CO2.<\/p>\t\t\t\t\t\t\t\t<\/div>\n\t\t\t\t<\/div>\n\t\t\t\t\t<\/div>\n\t\t<\/div>\n\t\t\t\t\t<\/div>\n\t\t<\/section>\n\t\t\t\t<section class=\"elementor-section elementor-top-section elementor-element elementor-element-3fbf4e2 elementor-section-boxed elementor-section-height-default elementor-section-height-default\" data-id=\"3fbf4e2\" data-element_type=\"section\" data-e-type=\"section\">\n\t\t\t\t\t\t<div class=\"elementor-container elementor-column-gap-default\">\n\t\t\t\t\t<div class=\"elementor-column elementor-col-100 elementor-top-column elementor-element elementor-element-543890e5\" data-id=\"543890e5\" data-element_type=\"column\" data-e-type=\"column\">\n\t\t\t<div class=\"elementor-widget-wrap elementor-element-populated\">\n\t\t\t\t\t\t<div class=\"elementor-element elementor-element-e6e69e9 elementor-widget elementor-widget-toggle\" data-id=\"e6e69e9\" data-element_type=\"widget\" data-e-type=\"widget\" data-widget_type=\"toggle.default\">\n\t\t\t\t<div class=\"elementor-widget-container\">\n\t\t\t\t\t\t\t<div class=\"elementor-toggle\">\n\t\t\t\t\t\t\t<div class=\"elementor-toggle-item\">\n\t\t\t\t\t<div id=\"elementor-tab-title-2421\" class=\"elementor-tab-title\" data-tab=\"1\" role=\"button\" aria-controls=\"elementor-tab-content-2421\" aria-expanded=\"false\">\n\t\t\t\t\t\t\t\t\t\t\t\t<span class=\"elementor-toggle-icon elementor-toggle-icon-left\" aria-hidden=\"true\">\n\t\t\t\t\t\t\t\t\t\t\t\t\t\t\t<span class=\"elementor-toggle-icon-closed\"><i class=\"fas fa-caret-right\"><\/i><\/span>\n\t\t\t\t\t\t\t\t<span class=\"elementor-toggle-icon-opened\"><i class=\"elementor-toggle-icon-opened fas fa-caret-up\"><\/i><\/span>\n\t\t\t\t\t\t\t\t\t\t\t\t\t<\/span>\n\t\t\t\t\t\t\t\t\t\t\t\t<a class=\"elementor-toggle-title\" tabindex=\"0\">Inhaltsstoffe:<\/a>\n\t\t\t\t\t<\/div>\n\n\t\t\t\t\t<div id=\"elementor-tab-content-2421\" class=\"elementor-tab-content elementor-clearfix\" data-tab=\"1\" role=\"region\" aria-labelledby=\"elementor-tab-title-2421\">Wasser, Xylitol, PEG 40 hydriertes Rizinus\u00f6l, Poloxamer 407, Methylsalicylat, Curcuma Longa (Kurkuma)-Wurzelextrakt, Ubichinon, Citronens\u00e4ure, Methylparaben, Natriumbenzoat, Natriumsaccharin, Propylenglykol, Aroma.\n\nVOLUMEN: 250 ML<\/div>\n\t\t\t\t<\/div>\n\t\t\t\t\t\t\t\t<\/div>\n\t\t\t\t\t\t<\/div>\n\t\t\t\t<\/div>\n\t\t\t\t<div class=\"elementor-element elementor-element-2024f527 elementor-widget elementor-widget-spacer\" data-id=\"2024f527\" data-element_type=\"widget\" data-e-type=\"widget\" data-widget_type=\"spacer.default\">\n\t\t\t\t<div class=\"elementor-widget-container\">\n\t\t\t\t\t\t\t<div class=\"elementor-spacer\">\n\t\t\t<div class=\"elementor-spacer-inner\"><\/div>\n\t\t<\/div>\n\t\t\t\t\t\t<\/div>\n\t\t\t\t<\/div>\n\t\t\t\t\t<\/div>\n\t\t<\/div>\n\t\t\t\t\t<\/div>\n\t\t<\/section>\n\t\t\t\t<\/div>\n\t\t","protected":false},"excerpt":{"rendered":"<p>Das antibakterielle Mundwasser mit Kurkuma und Coenzym\u00a0Q10 beugt Zahnfleischentz\u00fcndungen vor und reduziert mikrobiellen Zahnbelag.\u00a0<strong>250ml<\/strong><\/p>\n","protected":false},"featured_media":158462,"comment_status":"closed","ping_status":"closed","template":"","meta":[],"product_brand":[],"product_cat":[485],"product_tag":[],"woo-feed-brand":[],"class_list":{"0":"post-156226","1":"product","2":"type-product","3":"status-publish","4":"has-post-thumbnail","6":"product_cat-mundspuelungen","8":"first","9":"instock","10":"sale","11":"taxable","12":"shipping-taxable","13":"purchasable","14":"product-type-simple"},"_links":{"self":[{"href":"https:\/\/properio.com\/de\/wp-json\/wp\/v2\/product\/156226","targetHints":{"allow":["GET"]}}],"collection":[{"href":"https:\/\/properio.com\/de\/wp-json\/wp\/v2\/product"}],"about":[{"href":"https:\/\/properio.com\/de\/wp-json\/wp\/v2\/types\/product"}],"replies":[{"embeddable":true,"href":"https:\/\/properio.com\/de\/wp-json\/wp\/v2\/comments?post=156226"}],"version-history":[{"count":0,"href":"https:\/\/properio.com\/de\/wp-json\/wp\/v2\/product\/156226\/revisions"}],"wp:featuredmedia":[{"embeddable":true,"href":"https:\/\/properio.com\/de\/wp-json\/wp\/v2\/media\/158462"}],"wp:attachment":[{"href":"https:\/\/properio.com\/de\/wp-json\/wp\/v2\/media?parent=156226"}],"wp:term":[{"taxonomy":"product_brand","embeddable":true,"href":"https:\/\/properio.com\/de\/wp-json\/wp\/v2\/product_brand?post=156226"},{"taxonomy":"product_cat","embeddable":true,"href":"https:\/\/properio.com\/de\/wp-json\/wp\/v2\/product_cat?post=156226"},{"taxonomy":"product_tag","embeddable":true,"href":"https:\/\/properio.com\/de\/wp-json\/wp\/v2\/product_tag?post=156226"},{"taxonomy":"woo-feed-brand","embeddable":true,"href":"https:\/\/properio.com\/de\/wp-json\/wp\/v2\/woo-feed-brand?post=156226"}],"curies":[{"name":"wp","href":"https:\/\/api.w.org\/{rel}","templated":true}]}}