{"id":156214,"date":"2023-03-21T11:40:04","date_gmt":"2023-03-21T10:40:04","guid":{"rendered":"https:\/\/properio.com\/?post_type=product&#038;p=156214"},"modified":"2024-09-16T11:15:45","modified_gmt":"2024-09-16T09:15:45","slug":"zahnaufhellung-fuer-zu-hause-triple-action-oxi","status":"publish","type":"product","link":"https:\/\/properio.com\/de\/e-shop\/zahnaufhellung-fuer-zu-hause-triple-action-oxi","title":{"rendered":"Zahnaufhellung f\u00fcr zu Hause \u201eTriple action OXI+"},"content":{"rendered":"\t\t<div data-elementor-type=\"product-post\" data-elementor-id=\"156214\" class=\"elementor elementor-156214 elementor-146186\" data-elementor-post-type=\"product\">\n\t\t\t\t\t\t<section class=\"elementor-section elementor-top-section elementor-element elementor-element-6ea7e473 elementor-section-content-middle elementor-section-boxed elementor-section-height-default elementor-section-height-default\" data-id=\"6ea7e473\" data-element_type=\"section\" data-e-type=\"section\" data-settings=\"{&quot;background_background&quot;:&quot;classic&quot;}\">\n\t\t\t\t\t\t<div class=\"elementor-container elementor-column-gap-default\">\n\t\t\t\t\t<div class=\"elementor-column elementor-col-50 elementor-top-column elementor-element elementor-element-519055ea\" data-id=\"519055ea\" data-element_type=\"column\" data-e-type=\"column\" data-settings=\"{&quot;background_background&quot;:&quot;classic&quot;}\">\n\t\t\t<div class=\"elementor-widget-wrap elementor-element-populated\">\n\t\t\t\t\t\t<div class=\"elementor-element elementor-element-340b533e elementor-widget elementor-widget-heading\" data-id=\"340b533e\" data-element_type=\"widget\" data-e-type=\"widget\" data-widget_type=\"heading.default\">\n\t\t\t\t<div class=\"elementor-widget-container\">\n\t\t\t\t\t<h2 class=\"elementor-heading-title elementor-size-default\">Klinisch getestet<\/h2>\t\t\t\t<\/div>\n\t\t\t\t<\/div>\n\t\t\t\t<section class=\"elementor-section elementor-inner-section elementor-element elementor-element-e1412e8 elementor-section-boxed elementor-section-height-default elementor-section-height-default\" data-id=\"e1412e8\" data-element_type=\"section\" data-e-type=\"section\">\n\t\t\t\t\t\t<div class=\"elementor-container elementor-column-gap-default\">\n\t\t\t\t\t<div class=\"elementor-column elementor-col-33 elementor-inner-column elementor-element elementor-element-dea42e2\" data-id=\"dea42e2\" data-element_type=\"column\" data-e-type=\"column\">\n\t\t\t<div class=\"elementor-widget-wrap elementor-element-populated\">\n\t\t\t\t\t\t<div class=\"elementor-element elementor-element-2e6ed6df elementor-widget elementor-widget-heading\" data-id=\"2e6ed6df\" data-element_type=\"widget\" data-e-type=\"widget\" data-widget_type=\"heading.default\">\n\t\t\t\t<div class=\"elementor-widget-container\">\n\t\t\t\t\t<h6 class=\"elementor-heading-title elementor-size-default\">SICHTBARE AUFHELLUNG NACH 5 TAGEN ANWENDUNG.<\/h6>\t\t\t\t<\/div>\n\t\t\t\t<\/div>\n\t\t\t\t\t<\/div>\n\t\t<\/div>\n\t\t\t\t<div class=\"elementor-column elementor-col-33 elementor-inner-column elementor-element elementor-element-25a80816\" data-id=\"25a80816\" data-element_type=\"column\" data-e-type=\"column\">\n\t\t\t<div class=\"elementor-widget-wrap elementor-element-populated\">\n\t\t\t\t\t\t<div class=\"elementor-element elementor-element-73467637 elementor-widget elementor-widget-heading\" data-id=\"73467637\" data-element_type=\"widget\" data-e-type=\"widget\" data-widget_type=\"heading.default\">\n\t\t\t\t<div class=\"elementor-widget-container\">\n\t\t\t\t\t<h6 class=\"elementor-heading-title elementor-size-default\">AUFGEHELLTE Z\u00c4HNE WAREN GLATTER UND GL\u00c4NZENDER.<\/h6>\t\t\t\t<\/div>\n\t\t\t\t<\/div>\n\t\t\t\t\t<\/div>\n\t\t<\/div>\n\t\t\t\t<div class=\"elementor-column elementor-col-33 elementor-inner-column elementor-element elementor-element-7458c37e\" data-id=\"7458c37e\" data-element_type=\"column\" data-e-type=\"column\">\n\t\t\t<div class=\"elementor-widget-wrap elementor-element-populated\">\n\t\t\t\t\t\t<div class=\"elementor-element elementor-element-2cb4d51 elementor-widget elementor-widget-heading\" data-id=\"2cb4d51\" data-element_type=\"widget\" data-e-type=\"widget\" data-widget_type=\"heading.default\">\n\t\t\t\t<div class=\"elementor-widget-container\">\n\t\t\t\t\t<h6 class=\"elementor-heading-title elementor-size-default\">ES WURDEN KEINE NEBENWIRKUNGEN GEMELDET, AUCH KEINE EMPFINDLICHKEIT DER Z\u00c4HNE.<\/h6>\t\t\t\t<\/div>\n\t\t\t\t<\/div>\n\t\t\t\t\t<\/div>\n\t\t<\/div>\n\t\t\t\t\t<\/div>\n\t\t<\/section>\n\t\t\t\t\t<\/div>\n\t\t<\/div>\n\t\t\t\t<div class=\"elementor-column elementor-col-50 elementor-top-column elementor-element elementor-element-27e3ac3d\" data-id=\"27e3ac3d\" data-element_type=\"column\" data-e-type=\"column\" data-settings=\"{&quot;background_background&quot;:&quot;slideshow&quot;,&quot;background_slideshow_gallery&quot;:[{&quot;id&quot;:154664,&quot;url&quot;:&quot;https:\\\/\\\/properio.com\\\/wp-content\\\/uploads\\\/Triple-Action-OXI-web.jpg&quot;}],&quot;background_slideshow_loop&quot;:&quot;yes&quot;,&quot;background_slideshow_slide_duration&quot;:5000,&quot;background_slideshow_slide_transition&quot;:&quot;fade&quot;,&quot;background_slideshow_transition_duration&quot;:500}\">\n\t\t\t<div class=\"elementor-widget-wrap elementor-element-populated\">\n\t\t\t\t\t<div class=\"elementor-background-overlay\"><\/div>\n\t\t\t\t\t\t<div class=\"elementor-element elementor-element-2c7c0520 elementor-widget elementor-widget-spacer\" data-id=\"2c7c0520\" data-element_type=\"widget\" data-e-type=\"widget\" data-widget_type=\"spacer.default\">\n\t\t\t\t<div class=\"elementor-widget-container\">\n\t\t\t\t\t\t\t<div class=\"elementor-spacer\">\n\t\t\t<div class=\"elementor-spacer-inner\"><\/div>\n\t\t<\/div>\n\t\t\t\t\t\t<\/div>\n\t\t\t\t<\/div>\n\t\t\t\t\t<\/div>\n\t\t<\/div>\n\t\t\t\t\t<\/div>\n\t\t<\/section>\n\t\t\t\t<section class=\"elementor-section elementor-top-section elementor-element elementor-element-7694d458 elementor-section-boxed elementor-section-height-default elementor-section-height-default\" data-id=\"7694d458\" data-element_type=\"section\" data-e-type=\"section\">\n\t\t\t\t\t\t<div class=\"elementor-container elementor-column-gap-default\">\n\t\t\t\t\t<div class=\"elementor-column elementor-col-100 elementor-top-column elementor-element elementor-element-6551e9b5\" data-id=\"6551e9b5\" data-element_type=\"column\" data-e-type=\"column\">\n\t\t\t<div class=\"elementor-widget-wrap elementor-element-populated\">\n\t\t\t\t\t\t<div class=\"elementor-element elementor-element-3f44518 elementor-widget elementor-widget-text-editor\" data-id=\"3f44518\" data-element_type=\"widget\" data-e-type=\"widget\" data-widget_type=\"text-editor.default\">\n\t\t\t\t<div class=\"elementor-widget-container\">\n\t\t\t\t\t\t\t\t\t<p><strong>Zielgruppe<\/strong><\/p><p>\u201eTriple action OXI+\u201c ist f\u00fcr Personen gedacht, die ihre Z\u00e4hne bequem zu Hause mit der modernen oxidativen OXI+-Formel aufhellen m\u00f6chten.<\/p><p><strong>Funktionsweise<\/strong><\/p><ul><li>hochwirksam \u2013 sichtbare Effekte nach 5 Tagen<\/li><li>zahnschmelz- und zahnfleischvertr\u00e4gliche Aufhellung<\/li><li>schnelle Wirkung \u2013 5 Tage<\/li><li>kurze Einwirkdauer \u2013 10 bis 20 Minuten<\/li><li>einzigartige formbare Mundschienen, individuell an den Anwender anpassbar<\/li><\/ul><p>\u00a0<\/p><p>* Die individuellen Aufhellungsergebnisse k\u00f6nnen unterschiedlich ausfallen. Dies h\u00e4ngt vom Zahnschmelztyp ab und davon, wie genau die Anwendungshinweise befolgt werden.<\/p><p><strong>Verpackungsinhalt:<\/strong><\/p><ul><li>3 wirksame Gele: :primer gel, :activating gel und :whitening gel<\/li><li>2 formbare Mundschienen + Etui<\/li><li>Benutzerhandbuch mit einer Aufhellungsskala<\/li><\/ul><p>\u00a0<\/p><p><strong>Aktive Wirkstoffe und ihre Wirkung<\/strong><\/p><ul><li><strong>PAP &#8211;<\/strong> entfernt durch ein oxidatives Verfahren Verf\u00e4rbungen des Zahnschmelzes<\/li><li><strong>nzym (Glucoseoxidase) &#8211;<\/strong> hilft beim Aufbau einer nat\u00fcrlichen Mundmikroflora und hellt \u00e4u\u00dfere Verf\u00e4rbungen des Zahnschmelzes auf enzymatische Weise auf<\/li><li><strong>Natriumchlorid und Citronens\u00e4ure<\/strong> &#8211; f\u00fchren eine zweiphasige Aufhellung und Entfernung tieferer Verf\u00e4rbungen des Zahnschmelzes durch<\/li><\/ul><p>\u00a0<\/p><p><strong>Das Besondere an diesem Produkt<\/strong><\/p><ul><li>hellt Verf\u00e4rbungen des Zahnschmelzes auf, die durch langfristigen und regelm\u00e4\u00dfigen Konsum von f\u00e4rbenden Lebensmitteln, Getr\u00e4nken und Rauchen entstehen<\/li><li>von Zahn\u00e4rzten getestet<\/li><li>verursacht keine Empfindlichkeit von Z\u00e4hnen oder Zahnfleisch<\/li><\/ul><p>\u00a0<\/p><p><strong>Anwendung<\/strong><\/p><p>Das Gel wird mithilfe von formbaren Mundschienen 1\u20132 Mal t\u00e4glich f\u00fcr 10\u201320 Minuten angewendet.\u00a0Das Produkt ist nicht geeignet f\u00fcr Kinder unter 14 Jahren, schwangere oder stillende Frauen, Personen mit Zahnfleischproblemen (Blutungen, Entz\u00fcndungen, Parodontitis) oder mit Allergien gegen einen der enthaltenen Inhaltsstoffe. Wenn w\u00e4hrend der Anwendung eine Empfindlichkeit von Zahnfleisch, Z\u00e4hnen oder Zunge auftritt, sp\u00fclen Sie den Mund mit klarem Wasser aus. Falls solche Probleme weiterhin bestehen, unterbrechen Sie die Anwendung des Produkts, verwenden Sie es nur jeden zweiten Tag oder stellen Sie die Anwendung vollst\u00e4ndig ein.<\/p>\t\t\t\t\t\t\t\t<\/div>\n\t\t\t\t<\/div>\n\t\t\t\t\t<\/div>\n\t\t<\/div>\n\t\t\t\t\t<\/div>\n\t\t<\/section>\n\t\t\t\t<section class=\"elementor-section elementor-top-section elementor-element elementor-element-2aa0f9ae elementor-hidden-desktop elementor-hidden-tablet elementor-hidden-mobile elementor-section-boxed elementor-section-height-default elementor-section-height-default\" data-id=\"2aa0f9ae\" data-element_type=\"section\" data-e-type=\"section\">\n\t\t\t\t\t\t<div class=\"elementor-container elementor-column-gap-default\">\n\t\t\t\t\t<div class=\"elementor-column elementor-col-100 elementor-top-column elementor-element elementor-element-7243487e\" data-id=\"7243487e\" data-element_type=\"column\" data-e-type=\"column\">\n\t\t\t<div class=\"elementor-widget-wrap elementor-element-populated\">\n\t\t\t\t\t\t<div class=\"elementor-element elementor-element-46124e37 elementor-widget elementor-widget-text-editor\" data-id=\"46124e37\" data-element_type=\"widget\" data-e-type=\"widget\" data-widget_type=\"text-editor.default\">\n\t\t\t\t<div class=\"elementor-widget-container\">\n\t\t\t\t\t\t\t\t\t<p><strong>Documents for download<\/strong><\/p><p><span style=\"text-decoration: underline;\"><a href=\"https:\/\/properio.com\/wp-content\/uploads\/TRIPLE-ACTION-SK-letak.pdf\">User guide<\/a><\/span><\/p>\t\t\t\t\t\t\t\t<\/div>\n\t\t\t\t<\/div>\n\t\t\t\t\t<\/div>\n\t\t<\/div>\n\t\t\t\t\t<\/div>\n\t\t<\/section>\n\t\t\t\t<section class=\"elementor-section elementor-top-section elementor-element elementor-element-144fab36 elementor-section-boxed elementor-section-height-default elementor-section-height-default\" data-id=\"144fab36\" data-element_type=\"section\" data-e-type=\"section\">\n\t\t\t\t\t\t<div class=\"elementor-container elementor-column-gap-default\">\n\t\t\t\t\t<div class=\"elementor-column elementor-col-100 elementor-top-column elementor-element elementor-element-69c7ba7c\" data-id=\"69c7ba7c\" data-element_type=\"column\" data-e-type=\"column\">\n\t\t\t<div class=\"elementor-widget-wrap elementor-element-populated\">\n\t\t\t\t\t\t<div class=\"elementor-element elementor-element-52476203 elementor-widget elementor-widget-toggle\" data-id=\"52476203\" data-element_type=\"widget\" data-e-type=\"widget\" data-widget_type=\"toggle.default\">\n\t\t\t\t<div class=\"elementor-widget-container\">\n\t\t\t\t\t\t\t<div class=\"elementor-toggle\">\n\t\t\t\t\t\t\t<div class=\"elementor-toggle-item\">\n\t\t\t\t\t<div id=\"elementor-tab-title-1381\" class=\"elementor-tab-title\" data-tab=\"1\" role=\"button\" aria-controls=\"elementor-tab-content-1381\" aria-expanded=\"false\">\n\t\t\t\t\t\t\t\t\t\t\t\t<span class=\"elementor-toggle-icon elementor-toggle-icon-left\" aria-hidden=\"true\">\n\t\t\t\t\t\t\t\t\t\t\t\t\t\t\t<span class=\"elementor-toggle-icon-closed\"><i class=\"fas fa-caret-right\"><\/i><\/span>\n\t\t\t\t\t\t\t\t<span class=\"elementor-toggle-icon-opened\"><i class=\"elementor-toggle-icon-opened fas fa-caret-up\"><\/i><\/span>\n\t\t\t\t\t\t\t\t\t\t\t\t\t<\/span>\n\t\t\t\t\t\t\t\t\t\t\t\t<a class=\"elementor-toggle-title\" tabindex=\"0\">Inhaltsstoffe:<\/a>\n\t\t\t\t\t<\/div>\n\n\t\t\t\t\t<div id=\"elementor-tab-content-1381\" class=\"elementor-tab-content elementor-clearfix\" data-tab=\"1\" role=\"region\" aria-labelledby=\"elementor-tab-title-1381\"><p><strong>:initiation gel 50ml<\/strong><\/p><p>Inhaltsstoffe: Wasser, Sorbit, Glycerin, hydratisierte Kiesels\u00e4ure, Phthalimidoperoxycaprons\u00e4ure, Cellulosegummi, Xanthangummi, Menthol, Titandioxid, Glimmer, Methylparaben, Propylenglykol.\u00a0<\/p><p><strong>:activation gel 8ml<\/strong><\/p><p>Inhaltsstoffe: Wasser, Natriumchlorit, Xanthangummi, Propylenglykol, Methylparaben.<\/p><p><strong>:whitening gel 50ml<\/strong><\/p><p>Inhaltsstoffe: Wasser, Natriumhydroxid, Acrylate\/C10-30-Alkyl-Crosspolymer, Citronens\u00e4ure, Propylenglykol, Glucoseoxidase, Mentha-Piperita-\u00d6l, Methylparaben.<\/p><\/div>\n\t\t\t\t<\/div>\n\t\t\t\t\t\t\t\t<\/div>\n\t\t\t\t\t\t<\/div>\n\t\t\t\t<\/div>\n\t\t\t\t\t<\/div>\n\t\t<\/div>\n\t\t\t\t\t<\/div>\n\t\t<\/section>\n\t\t\t\t<\/div>\n\t\t","protected":false},"excerpt":{"rendered":"<p>\u201eTriple action OXI+\u201c ist f\u00fcr Personen gedacht, die ihre Z\u00e4hne bequem zu Hause mit der modernen oxidativen OXI+-Formel aufhellen m\u00f6chten.<\/p>\n","protected":false},"featured_media":158466,"comment_status":"open","ping_status":"closed","template":"","meta":[],"product_brand":[],"product_cat":[482],"product_tag":[],"woo-feed-brand":[],"class_list":{"0":"post-156214","1":"product","2":"type-product","3":"status-publish","4":"has-post-thumbnail","6":"product_cat-zahnaufhellung-fuer-zu-hause","8":"first","9":"instock","10":"sale","11":"taxable","12":"shipping-taxable","13":"purchasable","14":"product-type-simple"},"_links":{"self":[{"href":"https:\/\/properio.com\/de\/wp-json\/wp\/v2\/product\/156214","targetHints":{"allow":["GET"]}}],"collection":[{"href":"https:\/\/properio.com\/de\/wp-json\/wp\/v2\/product"}],"about":[{"href":"https:\/\/properio.com\/de\/wp-json\/wp\/v2\/types\/product"}],"replies":[{"embeddable":true,"href":"https:\/\/properio.com\/de\/wp-json\/wp\/v2\/comments?post=156214"}],"version-history":[{"count":0,"href":"https:\/\/properio.com\/de\/wp-json\/wp\/v2\/product\/156214\/revisions"}],"wp:featuredmedia":[{"embeddable":true,"href":"https:\/\/properio.com\/de\/wp-json\/wp\/v2\/media\/158466"}],"wp:attachment":[{"href":"https:\/\/properio.com\/de\/wp-json\/wp\/v2\/media?parent=156214"}],"wp:term":[{"taxonomy":"product_brand","embeddable":true,"href":"https:\/\/properio.com\/de\/wp-json\/wp\/v2\/product_brand?post=156214"},{"taxonomy":"product_cat","embeddable":true,"href":"https:\/\/properio.com\/de\/wp-json\/wp\/v2\/product_cat?post=156214"},{"taxonomy":"product_tag","embeddable":true,"href":"https:\/\/properio.com\/de\/wp-json\/wp\/v2\/product_tag?post=156214"},{"taxonomy":"woo-feed-brand","embeddable":true,"href":"https:\/\/properio.com\/de\/wp-json\/wp\/v2\/woo-feed-brand?post=156214"}],"curies":[{"name":"wp","href":"https:\/\/api.w.org\/{rel}","templated":true}]}}