{"id":156175,"date":"2019-07-01T15:54:00","date_gmt":"2019-07-01T13:54:00","guid":{"rendered":"https:\/\/properio.com\/?page_id=156175"},"modified":"2025-11-04T09:51:21","modified_gmt":"2025-11-04T08:51:21","slug":"ueber-uns","status":"publish","type":"page","link":"https:\/\/properio.com\/de\/ueber-uns","title":{"rendered":"\u00dcber uns"},"content":{"rendered":"\t\t<div data-elementor-type=\"wp-page\" data-elementor-id=\"156175\" class=\"elementor elementor-156175 elementor-3186\" data-elementor-post-type=\"page\">\n\t\t\t\t\t\t<section class=\"elementor-section elementor-top-section elementor-element elementor-element-24cc581 elementor-section-height-min-height elementor-section-boxed elementor-section-height-default elementor-section-items-middle\" data-id=\"24cc581\" data-element_type=\"section\" data-e-type=\"section\" data-settings=\"{&quot;background_background&quot;:&quot;classic&quot;}\">\n\t\t\t\t\t\t\t<div class=\"elementor-background-overlay\"><\/div>\n\t\t\t\t\t\t\t<div class=\"elementor-container elementor-column-gap-default\">\n\t\t\t\t\t<div class=\"elementor-column elementor-col-100 elementor-top-column elementor-element elementor-element-2bba311\" data-id=\"2bba311\" data-element_type=\"column\" data-e-type=\"column\" data-settings=\"{&quot;background_background&quot;:&quot;classic&quot;}\">\n\t\t\t<div class=\"elementor-widget-wrap elementor-element-populated\">\n\t\t\t\t\t\t<div class=\"elementor-element elementor-element-8ac053f elementor-widget elementor-widget-spacer\" data-id=\"8ac053f\" data-element_type=\"widget\" data-e-type=\"widget\" data-widget_type=\"spacer.default\">\n\t\t\t\t<div class=\"elementor-widget-container\">\n\t\t\t\t\t\t\t<div class=\"elementor-spacer\">\n\t\t\t<div class=\"elementor-spacer-inner\"><\/div>\n\t\t<\/div>\n\t\t\t\t\t\t<\/div>\n\t\t\t\t<\/div>\n\t\t\t\t<div class=\"elementor-element elementor-element-13df96c elementor-widget elementor-widget-text-editor\" data-id=\"13df96c\" data-element_type=\"widget\" data-e-type=\"widget\" data-widget_type=\"text-editor.default\">\n\t\t\t\t<div class=\"elementor-widget-container\">\n\t\t\t\t\t\t\t\t\t<p>Im Jahr 1998 haben wir unter der Muttermarke biela\u00a0perla\u00ae das erste Zahnaufhellungsset f\u00fcr zu Hause in der Slowakei entwickelt. Dieses Zahnaufhellungsset f\u00fcr zu Hause basiert auf einer von Zahn\u00e4rzten verwendeten Methode. Es wurde in der Slowakei ein gro\u00dfer Erfolg, da es in Apotheken im ganzen Land erh\u00e4ltlich war. Aufgrund der positiven Resonanz unserer zufriedenen Kunden haben wir unser Portfolio dann um Zahnpasten erweitert, die traditionell in unserem Familienunternehmen in der Hohen Tatra entwickelt und hergestellt werden.<\/p><p>Zahnpasten von properio\u00ae sind dank ihrer geringen Abrasivit\u00e4t, der enzymatischen Formel, der unkonventionellen Aromen, der Kr\u00e4uterextrakte und der zuverl\u00e4ssigen Wirkstoffe einzigartig. Durch die Kombination all dieser Faktoren werden die Z\u00e4hne schonend aufgehellt und bleiben in gutem Zustand.<\/p><p><strong><em>Wir blicken auf 25\u00a0Jahre Tradition und Erfahrung im Bereich der Dentalhygiene zur\u00fcck.<\/em><\/strong><\/p>\t\t\t\t\t\t\t\t<\/div>\n\t\t\t\t<\/div>\n\t\t\t\t<div class=\"elementor-element elementor-element-78c8c73 elementor-widget elementor-widget-spacer\" data-id=\"78c8c73\" data-element_type=\"widget\" data-e-type=\"widget\" data-widget_type=\"spacer.default\">\n\t\t\t\t<div class=\"elementor-widget-container\">\n\t\t\t\t\t\t\t<div class=\"elementor-spacer\">\n\t\t\t<div class=\"elementor-spacer-inner\"><\/div>\n\t\t<\/div>\n\t\t\t\t\t\t<\/div>\n\t\t\t\t<\/div>\n\t\t\t\t\t<\/div>\n\t\t<\/div>\n\t\t\t\t\t<\/div>\n\t\t<\/section>\n\t\t\t\t<section class=\"elementor-section elementor-top-section elementor-element elementor-element-d00b100 elementor-section-boxed elementor-section-height-default elementor-section-height-default\" data-id=\"d00b100\" data-element_type=\"section\" data-e-type=\"section\">\n\t\t\t\t\t\t<div class=\"elementor-container elementor-column-gap-default\">\n\t\t\t\t\t<div class=\"elementor-column elementor-col-100 elementor-top-column elementor-element elementor-element-5955b77\" data-id=\"5955b77\" data-element_type=\"column\" data-e-type=\"column\">\n\t\t\t<div class=\"elementor-widget-wrap elementor-element-populated\">\n\t\t\t\t\t\t<div class=\"elementor-element elementor-element-d68dc34 elementor-widget elementor-widget-heading\" data-id=\"d68dc34\" data-element_type=\"widget\" data-e-type=\"widget\" data-widget_type=\"heading.default\">\n\t\t\t\t<div class=\"elementor-widget-container\">\n\t\t\t\t\t<h2 class=\"elementor-heading-title elementor-size-default\">Unser Team<\/h2>\t\t\t\t<\/div>\n\t\t\t\t<\/div>\n\t\t\t\t\t<\/div>\n\t\t<\/div>\n\t\t\t\t\t<\/div>\n\t\t<\/section>\n\t\t\t\t<section class=\"elementor-section elementor-top-section elementor-element elementor-element-b3e1ef2 elementor-section-boxed elementor-section-height-default elementor-section-height-default\" data-id=\"b3e1ef2\" data-element_type=\"section\" data-e-type=\"section\">\n\t\t\t\t\t\t<div class=\"elementor-container elementor-column-gap-default\">\n\t\t\t\t\t<div class=\"elementor-column elementor-col-25 elementor-top-column elementor-element elementor-element-5106911\" data-id=\"5106911\" data-element_type=\"column\" data-e-type=\"column\">\n\t\t\t<div class=\"elementor-widget-wrap elementor-element-populated\">\n\t\t\t\t\t\t<div class=\"elementor-element elementor-element-d0db393 elementor-position-top elementor-widget elementor-widget-image-box\" data-id=\"d0db393\" data-element_type=\"widget\" data-e-type=\"widget\" data-widget_type=\"image-box.default\">\n\t\t\t\t<div class=\"elementor-widget-container\">\n\t\t\t\t\t<div class=\"elementor-image-box-wrapper\"><figure class=\"elementor-image-box-img\"><img fetchpriority=\"high\" decoding=\"async\" width=\"620\" height=\"930\" src=\"https:\/\/properio.com\/wp-content\/uploads\/Zlatko_small.jpeg\" class=\"attachment-full size-full wp-image-156180\" alt=\"\" srcset=\"https:\/\/properio.com\/wp-content\/uploads\/Zlatko_small.jpeg 620w, https:\/\/properio.com\/wp-content\/uploads\/Zlatko_small-200x300.jpeg 200w, https:\/\/properio.com\/wp-content\/uploads\/Zlatko_small-450x675.jpeg 450w, https:\/\/properio.com\/wp-content\/uploads\/Zlatko_small-600x900.jpeg 600w, https:\/\/properio.com\/wp-content\/uploads\/Zlatko_small-64x96.jpeg 64w\" sizes=\"(max-width: 620px) 100vw, 620px\" \/><\/figure><div class=\"elementor-image-box-content\"><h3 class=\"elementor-image-box-title\">Zlatko Jur\u00edk<\/h3><p class=\"elementor-image-box-description\">Gr\u00fcnder &amp; Gesch\u00e4ftsf\u00fchrer<\/p><\/div><\/div>\t\t\t\t<\/div>\n\t\t\t\t<\/div>\n\t\t\t\t\t<\/div>\n\t\t<\/div>\n\t\t\t\t<div class=\"elementor-column elementor-col-25 elementor-top-column elementor-element elementor-element-ef8deae\" data-id=\"ef8deae\" data-element_type=\"column\" data-e-type=\"column\">\n\t\t\t<div class=\"elementor-widget-wrap elementor-element-populated\">\n\t\t\t\t\t\t<div class=\"elementor-element elementor-element-20b6560 elementor-position-top elementor-widget elementor-widget-image-box\" data-id=\"20b6560\" data-element_type=\"widget\" data-e-type=\"widget\" data-widget_type=\"image-box.default\">\n\t\t\t\t<div class=\"elementor-widget-container\">\n\t\t\t\t\t<div class=\"elementor-image-box-wrapper\"><figure class=\"elementor-image-box-img\"><img decoding=\"async\" width=\"620\" height=\"930\" src=\"https:\/\/properio.com\/wp-content\/uploads\/Betka_small.jpg\" class=\"attachment-full size-full wp-image-156182\" alt=\"\" srcset=\"https:\/\/properio.com\/wp-content\/uploads\/Betka_small.jpg 620w, https:\/\/properio.com\/wp-content\/uploads\/Betka_small-200x300.jpg 200w, https:\/\/properio.com\/wp-content\/uploads\/Betka_small-450x675.jpg 450w, https:\/\/properio.com\/wp-content\/uploads\/Betka_small-600x900.jpg 600w, https:\/\/properio.com\/wp-content\/uploads\/Betka_small-64x96.jpg 64w\" sizes=\"(max-width: 620px) 100vw, 620px\" \/><\/figure><div class=\"elementor-image-box-content\"><h3 class=\"elementor-image-box-title\">Al\u017ebeta Rusi\u0148akov\u00e1<\/h3><p class=\"elementor-image-box-description\">Produktionsleiter<\/p><\/div><\/div>\t\t\t\t<\/div>\n\t\t\t\t<\/div>\n\t\t\t\t\t<\/div>\n\t\t<\/div>\n\t\t\t\t<div class=\"elementor-column elementor-col-25 elementor-top-column elementor-element elementor-element-beb217e\" data-id=\"beb217e\" data-element_type=\"column\" data-e-type=\"column\">\n\t\t\t<div class=\"elementor-widget-wrap elementor-element-populated\">\n\t\t\t\t\t\t<div class=\"elementor-element elementor-element-6427aa1 elementor-position-top elementor-widget elementor-widget-image-box\" data-id=\"6427aa1\" data-element_type=\"widget\" data-e-type=\"widget\" data-widget_type=\"image-box.default\">\n\t\t\t\t<div class=\"elementor-widget-container\">\n\t\t\t\t\t<div class=\"elementor-image-box-wrapper\"><figure class=\"elementor-image-box-img\"><img decoding=\"async\" width=\"720\" height=\"1080\" src=\"https:\/\/properio.com\/wp-content\/uploads\/1-1-of-1-3-copy-SMALL-1.jpeg\" class=\"attachment-full size-full wp-image-156177\" alt=\"\" srcset=\"https:\/\/properio.com\/wp-content\/uploads\/1-1-of-1-3-copy-SMALL-1.jpeg 720w, https:\/\/properio.com\/wp-content\/uploads\/1-1-of-1-3-copy-SMALL-1-200x300.jpeg 200w, https:\/\/properio.com\/wp-content\/uploads\/1-1-of-1-3-copy-SMALL-1-683x1024.jpeg 683w, https:\/\/properio.com\/wp-content\/uploads\/1-1-of-1-3-copy-SMALL-1-450x675.jpeg 450w, https:\/\/properio.com\/wp-content\/uploads\/1-1-of-1-3-copy-SMALL-1-600x900.jpeg 600w, https:\/\/properio.com\/wp-content\/uploads\/1-1-of-1-3-copy-SMALL-1-64x96.jpeg 64w\" sizes=\"(max-width: 720px) 100vw, 720px\" \/><\/figure><div class=\"elementor-image-box-content\"><h3 class=\"elementor-image-box-title\">In\u00e9s Pe\u0161ko<\/h3><p class=\"elementor-image-box-description\">Marketingleiter<\/p><\/div><\/div>\t\t\t\t<\/div>\n\t\t\t\t<\/div>\n\t\t\t\t\t<\/div>\n\t\t<\/div>\n\t\t\t\t<div class=\"elementor-column elementor-col-25 elementor-top-column elementor-element elementor-element-d712b41\" data-id=\"d712b41\" data-element_type=\"column\" data-e-type=\"column\">\n\t\t\t<div class=\"elementor-widget-wrap elementor-element-populated\">\n\t\t\t\t\t\t<div class=\"elementor-element elementor-element-34e9c14 elementor-position-top elementor-widget elementor-widget-image-box\" data-id=\"34e9c14\" data-element_type=\"widget\" data-e-type=\"widget\" data-widget_type=\"image-box.default\">\n\t\t\t\t<div class=\"elementor-widget-container\">\n\t\t\t\t\t<div class=\"elementor-image-box-wrapper\"><figure class=\"elementor-image-box-img\"><img loading=\"lazy\" decoding=\"async\" width=\"650\" height=\"975\" src=\"https:\/\/properio.com\/wp-content\/uploads\/TONKA-2-mala.jpeg\" class=\"attachment-full size-full wp-image-156186\" alt=\"\" srcset=\"https:\/\/properio.com\/wp-content\/uploads\/TONKA-2-mala.jpeg 650w, https:\/\/properio.com\/wp-content\/uploads\/TONKA-2-mala-200x300.jpeg 200w, https:\/\/properio.com\/wp-content\/uploads\/TONKA-2-mala-450x675.jpeg 450w, https:\/\/properio.com\/wp-content\/uploads\/TONKA-2-mala-600x900.jpeg 600w, https:\/\/properio.com\/wp-content\/uploads\/TONKA-2-mala-64x96.jpeg 64w\" sizes=\"(max-width: 650px) 100vw, 650px\" \/><\/figure><div class=\"elementor-image-box-content\"><h3 class=\"elementor-image-box-title\">Ant\u00f3nia Jur\u00edkov\u00e1<\/h3><p class=\"elementor-image-box-description\">Produktmanager<\/p><\/div><\/div>\t\t\t\t<\/div>\n\t\t\t\t<\/div>\n\t\t\t\t\t<\/div>\n\t\t<\/div>\n\t\t\t\t\t<\/div>\n\t\t<\/section>\n\t\t\t\t<section class=\"elementor-section elementor-top-section elementor-element elementor-element-d8ff73b elementor-section-boxed elementor-section-height-default elementor-section-height-default\" data-id=\"d8ff73b\" data-element_type=\"section\" data-e-type=\"section\">\n\t\t\t\t\t\t<div class=\"elementor-container elementor-column-gap-default\">\n\t\t\t\t\t<div class=\"elementor-column elementor-col-25 elementor-top-column elementor-element elementor-element-d5e228f\" data-id=\"d5e228f\" data-element_type=\"column\" data-e-type=\"column\">\n\t\t\t<div class=\"elementor-widget-wrap elementor-element-populated\">\n\t\t\t\t\t\t<div class=\"elementor-element elementor-element-794999b elementor-position-top elementor-widget elementor-widget-image-box\" data-id=\"794999b\" data-element_type=\"widget\" data-e-type=\"widget\" data-widget_type=\"image-box.default\">\n\t\t\t\t<div class=\"elementor-widget-container\">\n\t\t\t\t\t<div class=\"elementor-image-box-wrapper\"><figure class=\"elementor-image-box-img\"><img loading=\"lazy\" decoding=\"async\" width=\"620\" height=\"930\" src=\"https:\/\/properio.com\/wp-content\/uploads\/Lucka_small.jpeg\" class=\"attachment-full size-full wp-image-156179\" alt=\"\" srcset=\"https:\/\/properio.com\/wp-content\/uploads\/Lucka_small.jpeg 620w, https:\/\/properio.com\/wp-content\/uploads\/Lucka_small-200x300.jpeg 200w, https:\/\/properio.com\/wp-content\/uploads\/Lucka_small-450x675.jpeg 450w, https:\/\/properio.com\/wp-content\/uploads\/Lucka_small-600x900.jpeg 600w, https:\/\/properio.com\/wp-content\/uploads\/Lucka_small-64x96.jpeg 64w\" sizes=\"(max-width: 620px) 100vw, 620px\" \/><\/figure><div class=\"elementor-image-box-content\"><h3 class=\"elementor-image-box-title\">Lucia Hova\u0148\u00e1kov\u00e1<\/h3><p class=\"elementor-image-box-description\">Leiter Forschung &amp; Entwicklung<\/p><\/div><\/div>\t\t\t\t<\/div>\n\t\t\t\t<\/div>\n\t\t\t\t\t<\/div>\n\t\t<\/div>\n\t\t\t\t<div class=\"elementor-column elementor-col-25 elementor-top-column elementor-element elementor-element-2323daa elementor-hidden-desktop elementor-hidden-tablet elementor-hidden-mobile\" data-id=\"2323daa\" data-element_type=\"column\" data-e-type=\"column\">\n\t\t\t<div class=\"elementor-widget-wrap elementor-element-populated\">\n\t\t\t\t\t\t<div class=\"elementor-element elementor-element-d0ad021 elementor-position-top elementor-widget elementor-widget-image-box\" data-id=\"d0ad021\" data-element_type=\"widget\" data-e-type=\"widget\" data-widget_type=\"image-box.default\">\n\t\t\t\t<div class=\"elementor-widget-container\">\n\t\t\t\t\t<div class=\"elementor-image-box-wrapper\"><figure class=\"elementor-image-box-img\"><img decoding=\"async\" src=\"https:\/\/properio.com\/wp-content\/plugins\/elementor\/assets\/images\/placeholder.png\" title=\"\" alt=\"\" loading=\"lazy\" \/><\/figure><div class=\"elementor-image-box-content\"><h3 class=\"elementor-image-box-title\">This is the heading<\/h3><p class=\"elementor-image-box-description\">Lorem ipsum dolor sit amet, consectetur adipiscing elit. Ut elit tellus, luctus nec ullamcorper mattis, pulvinar dapibus leo.<\/p><\/div><\/div>\t\t\t\t<\/div>\n\t\t\t\t<\/div>\n\t\t\t\t\t<\/div>\n\t\t<\/div>\n\t\t\t\t<div class=\"elementor-column elementor-col-25 elementor-top-column elementor-element elementor-element-5e76067 elementor-hidden-desktop elementor-hidden-tablet elementor-hidden-mobile\" data-id=\"5e76067\" data-element_type=\"column\" data-e-type=\"column\">\n\t\t\t<div class=\"elementor-widget-wrap elementor-element-populated\">\n\t\t\t\t\t\t<div class=\"elementor-element elementor-element-1804f24 elementor-position-top elementor-widget elementor-widget-image-box\" data-id=\"1804f24\" data-element_type=\"widget\" data-e-type=\"widget\" data-widget_type=\"image-box.default\">\n\t\t\t\t<div class=\"elementor-widget-container\">\n\t\t\t\t\t<div class=\"elementor-image-box-wrapper\"><figure class=\"elementor-image-box-img\"><img decoding=\"async\" src=\"https:\/\/properio.com\/wp-content\/plugins\/elementor\/assets\/images\/placeholder.png\" title=\"\" alt=\"\" loading=\"lazy\" \/><\/figure><div class=\"elementor-image-box-content\"><h3 class=\"elementor-image-box-title\">This is the heading<\/h3><p class=\"elementor-image-box-description\">Lorem ipsum dolor sit amet, consectetur adipiscing elit. Ut elit tellus, luctus nec ullamcorper mattis, pulvinar dapibus leo.<\/p><\/div><\/div>\t\t\t\t<\/div>\n\t\t\t\t<\/div>\n\t\t\t\t\t<\/div>\n\t\t<\/div>\n\t\t\t\t<div class=\"elementor-column elementor-col-25 elementor-top-column elementor-element elementor-element-7b6f7a0 elementor-hidden-desktop elementor-hidden-tablet elementor-hidden-mobile\" data-id=\"7b6f7a0\" data-element_type=\"column\" data-e-type=\"column\">\n\t\t\t<div class=\"elementor-widget-wrap elementor-element-populated\">\n\t\t\t\t\t\t<div class=\"elementor-element elementor-element-80bdbda elementor-position-top elementor-widget elementor-widget-image-box\" data-id=\"80bdbda\" data-element_type=\"widget\" data-e-type=\"widget\" data-widget_type=\"image-box.default\">\n\t\t\t\t<div class=\"elementor-widget-container\">\n\t\t\t\t\t<div class=\"elementor-image-box-wrapper\"><figure class=\"elementor-image-box-img\"><img decoding=\"async\" src=\"https:\/\/properio.com\/wp-content\/plugins\/elementor\/assets\/images\/placeholder.png\" title=\"\" alt=\"\" loading=\"lazy\" \/><\/figure><div class=\"elementor-image-box-content\"><h3 class=\"elementor-image-box-title\">This is the heading<\/h3><p class=\"elementor-image-box-description\">Lorem ipsum dolor sit amet, consectetur adipiscing elit. Ut elit tellus, luctus nec ullamcorper mattis, pulvinar dapibus leo.<\/p><\/div><\/div>\t\t\t\t<\/div>\n\t\t\t\t<\/div>\n\t\t\t\t\t<\/div>\n\t\t<\/div>\n\t\t\t\t\t<\/div>\n\t\t<\/section>\n\t\t\t\t<\/div>\n\t\t","protected":false},"excerpt":{"rendered":"<p>Im Jahr 1998 haben wir unter der Muttermarke biela\u00a0perla\u00ae das erste Zahnaufhellungsset f\u00fcr zu Hause in der Slowakei entwickelt. Dieses Zahnaufhellungsset f\u00fcr zu Hause basiert auf einer von Zahn\u00e4rzten verwendeten Methode. Es wurde in der Slowakei ein gro\u00dfer Erfolg, da es in Apotheken im ganzen Land erh\u00e4ltlich war. Aufgrund der positiven Resonanz unserer zufriedenen Kunden [&hellip;]<\/p>\n","protected":false},"author":1,"featured_media":0,"parent":0,"menu_order":0,"comment_status":"closed","ping_status":"closed","template":"","meta":{"footnotes":""},"class_list":["post-156175","page","type-page","status-publish","hentry"],"_links":{"self":[{"href":"https:\/\/properio.com\/de\/wp-json\/wp\/v2\/pages\/156175","targetHints":{"allow":["GET"]}}],"collection":[{"href":"https:\/\/properio.com\/de\/wp-json\/wp\/v2\/pages"}],"about":[{"href":"https:\/\/properio.com\/de\/wp-json\/wp\/v2\/types\/page"}],"author":[{"embeddable":true,"href":"https:\/\/properio.com\/de\/wp-json\/wp\/v2\/users\/1"}],"replies":[{"embeddable":true,"href":"https:\/\/properio.com\/de\/wp-json\/wp\/v2\/comments?post=156175"}],"version-history":[{"count":0,"href":"https:\/\/properio.com\/de\/wp-json\/wp\/v2\/pages\/156175\/revisions"}],"wp:attachment":[{"href":"https:\/\/properio.com\/de\/wp-json\/wp\/v2\/media?parent=156175"}],"curies":[{"name":"wp","href":"https:\/\/api.w.org\/{rel}","templated":true}]}}