{"id":156161,"date":"2019-07-26T11:45:12","date_gmt":"2019-07-26T09:45:12","guid":{"rendered":"https:\/\/properio.com\/?page_id=156161"},"modified":"2024-09-11T10:56:23","modified_gmt":"2024-09-11T08:56:23","slug":"faq","status":"publish","type":"page","link":"https:\/\/properio.com\/de\/faq","title":{"rendered":"FAQ"},"content":{"rendered":"\t\t<div data-elementor-type=\"wp-page\" data-elementor-id=\"156161\" class=\"elementor elementor-156161 elementor-3766\" data-elementor-post-type=\"page\">\n\t\t\t\t\t\t<section class=\"elementor-section elementor-top-section elementor-element elementor-element-5ae9946 elementor-section-boxed elementor-section-height-default elementor-section-height-default\" data-id=\"5ae9946\" data-element_type=\"section\" data-e-type=\"section\">\n\t\t\t\t\t\t<div class=\"elementor-container elementor-column-gap-default\">\n\t\t\t\t\t<div class=\"elementor-column elementor-col-100 elementor-top-column elementor-element elementor-element-2496726\" data-id=\"2496726\" data-element_type=\"column\" data-e-type=\"column\">\n\t\t\t<div class=\"elementor-widget-wrap elementor-element-populated\">\n\t\t\t\t\t\t<div class=\"elementor-element elementor-element-2fe8d60 elementor-widget elementor-widget-heading\" data-id=\"2fe8d60\" data-element_type=\"widget\" data-e-type=\"widget\" data-widget_type=\"heading.default\">\n\t\t\t\t<div class=\"elementor-widget-container\">\n\t\t\t\t\t<h1 class=\"elementor-heading-title elementor-size-default\">FAQ<\/h1>\t\t\t\t<\/div>\n\t\t\t\t<\/div>\n\t\t\t\t\t<\/div>\n\t\t<\/div>\n\t\t\t\t\t<\/div>\n\t\t<\/section>\n\t\t\t\t<section class=\"elementor-section elementor-top-section elementor-element elementor-element-77b9e6c elementor-section-boxed elementor-section-height-default elementor-section-height-default\" data-id=\"77b9e6c\" data-element_type=\"section\" data-e-type=\"section\">\n\t\t\t\t\t\t<div class=\"elementor-container elementor-column-gap-default\">\n\t\t\t\t\t<div class=\"elementor-column elementor-col-100 elementor-top-column elementor-element elementor-element-ccba6e1\" data-id=\"ccba6e1\" data-element_type=\"column\" data-e-type=\"column\">\n\t\t\t<div class=\"elementor-widget-wrap elementor-element-populated\">\n\t\t\t\t\t\t<div class=\"elementor-element elementor-element-d49410c elementor-widget elementor-widget-toggle\" data-id=\"d49410c\" data-element_type=\"widget\" data-e-type=\"widget\" data-widget_type=\"toggle.default\">\n\t\t\t\t<div class=\"elementor-widget-container\">\n\t\t\t\t\t\t\t<div class=\"elementor-toggle\">\n\t\t\t\t\t\t\t<div class=\"elementor-toggle-item\">\n\t\t\t\t\t<div id=\"elementor-tab-title-2221\" class=\"elementor-tab-title\" data-tab=\"1\" role=\"button\" aria-controls=\"elementor-tab-content-2221\" aria-expanded=\"false\">\n\t\t\t\t\t\t\t\t\t\t\t\t<span class=\"elementor-toggle-icon elementor-toggle-icon-left\" aria-hidden=\"true\">\n\t\t\t\t\t\t\t\t\t\t\t\t\t\t\t<span class=\"elementor-toggle-icon-closed\"><i class=\"fas fa-caret-right\"><\/i><\/span>\n\t\t\t\t\t\t\t\t<span class=\"elementor-toggle-icon-opened\"><i class=\"elementor-toggle-icon-opened fas fa-caret-up\"><\/i><\/span>\n\t\t\t\t\t\t\t\t\t\t\t\t\t<\/span>\n\t\t\t\t\t\t\t\t\t\t\t\t<a class=\"elementor-toggle-title\" tabindex=\"0\">Kann ich pro\u00a0perio\u00ae verwenden, wenn ich eine Zahnspange trage?<\/a>\n\t\t\t\t\t<\/div>\n\n\t\t\t\t\t<div id=\"elementor-tab-content-2221\" class=\"elementor-tab-content elementor-clearfix\" data-tab=\"1\" role=\"region\" aria-labelledby=\"elementor-tab-title-2221\">Die Zahnpasta pro\u00a0perio\u00ae kann von Zahnspangentr\u00e4gern bedenkenlos verwendet werden.\u00a0Die Zahnpasta pro\u00a0perio\u00ae kann von Zahnspangentr\u00e4gern bedenkenlos verwendet werden.\u00a0<\/div>\n\t\t\t\t<\/div>\n\t\t\t\t\t\t\t\t<\/div>\n\t\t\t\t\t\t<\/div>\n\t\t\t\t<\/div>\n\t\t\t\t<div class=\"elementor-element elementor-element-347669f elementor-widget elementor-widget-toggle\" data-id=\"347669f\" data-element_type=\"widget\" data-e-type=\"widget\" data-widget_type=\"toggle.default\">\n\t\t\t\t<div class=\"elementor-widget-container\">\n\t\t\t\t\t\t\t<div class=\"elementor-toggle\">\n\t\t\t\t\t\t\t<div class=\"elementor-toggle-item\">\n\t\t\t\t\t<div id=\"elementor-tab-title-5501\" class=\"elementor-tab-title\" data-tab=\"1\" role=\"button\" aria-controls=\"elementor-tab-content-5501\" aria-expanded=\"false\">\n\t\t\t\t\t\t\t\t\t\t\t\t<span class=\"elementor-toggle-icon elementor-toggle-icon-left\" aria-hidden=\"true\">\n\t\t\t\t\t\t\t\t\t\t\t\t\t\t\t<span class=\"elementor-toggle-icon-closed\"><i class=\"fas fa-caret-right\"><\/i><\/span>\n\t\t\t\t\t\t\t\t<span class=\"elementor-toggle-icon-opened\"><i class=\"elementor-toggle-icon-opened fas fa-caret-up\"><\/i><\/span>\n\t\t\t\t\t\t\t\t\t\t\t\t\t<\/span>\n\t\t\t\t\t\t\t\t\t\t\t\t<a class=\"elementor-toggle-title\" tabindex=\"0\">Kann ich Triple Action OXI+ verwenden, wenn ich eine Zahnspange trage?<\/a>\n\t\t\t\t\t<\/div>\n\n\t\t\t\t\t<div id=\"elementor-tab-content-5501\" class=\"elementor-tab-content elementor-clearfix\" data-tab=\"1\" role=\"region\" aria-labelledby=\"elementor-tab-title-5501\">Von der Verwendung des Zahnaufhellungssets\u00a0Triple action OXI+ :teeth whitening kit\u00a0raten wir ab, da wir nicht wissen, aus welchem\u200bMaterial Ihre Zahnspange besteht. Daher l\u00e4sst sich nicht sagen, ob es zu einer sch\u00e4dlichen chemischen Reaktion zwischen unserem Produkt und Ihrer Zahnspange kommen k\u00f6nnte.\u00a0\nAuch wenn Sie eine herausnehmbare Zahnspange tragen, ist eine Zahnaufhellung zu Hause nicht zu empfehlen, da die Z\u00e4hne w\u00e4hrend der Korrektur empfindlicher werden und sich die Aufhellung sich negativ darauf auswirken k\u00f6nnte.<\/div>\n\t\t\t\t<\/div>\n\t\t\t\t\t\t\t\t<\/div>\n\t\t\t\t\t\t<\/div>\n\t\t\t\t<\/div>\n\t\t\t\t<div class=\"elementor-element elementor-element-b177e3d elementor-widget elementor-widget-toggle\" data-id=\"b177e3d\" data-element_type=\"widget\" data-e-type=\"widget\" data-widget_type=\"toggle.default\">\n\t\t\t\t<div class=\"elementor-widget-container\">\n\t\t\t\t\t\t\t<div class=\"elementor-toggle\">\n\t\t\t\t\t\t\t<div class=\"elementor-toggle-item\">\n\t\t\t\t\t<div id=\"elementor-tab-title-1861\" class=\"elementor-tab-title\" data-tab=\"1\" role=\"button\" aria-controls=\"elementor-tab-content-1861\" aria-expanded=\"false\">\n\t\t\t\t\t\t\t\t\t\t\t\t<span class=\"elementor-toggle-icon elementor-toggle-icon-left\" aria-hidden=\"true\">\n\t\t\t\t\t\t\t\t\t\t\t\t\t\t\t<span class=\"elementor-toggle-icon-closed\"><i class=\"fas fa-caret-right\"><\/i><\/span>\n\t\t\t\t\t\t\t\t<span class=\"elementor-toggle-icon-opened\"><i class=\"elementor-toggle-icon-opened fas fa-caret-up\"><\/i><\/span>\n\t\t\t\t\t\t\t\t\t\t\t\t\t<\/span>\n\t\t\t\t\t\t\t\t\t\t\t\t<a class=\"elementor-toggle-title\" tabindex=\"0\">Was ist enzymatische Aufhellung?<\/a>\n\t\t\t\t\t<\/div>\n\n\t\t\t\t\t<div id=\"elementor-tab-content-1861\" class=\"elementor-tab-content elementor-clearfix\" data-tab=\"1\" role=\"region\" aria-labelledby=\"elementor-tab-title-1861\"><p>Herk\u00f6mmlicherweise werden Z\u00e4hne mechanisch gereinigt. Die Zahnpasten weisen dann eine h\u00f6here Abrasivit\u00e4t auf und Verf\u00e4rbungen werden manuell vom Zahnschmelz entfernt.<br \/>Wir m\u00f6chten unseren Kunden ein gesundes und sch\u00f6nes L\u00e4cheln mit wei\u00dfen Z\u00e4hnen erm\u00f6glichen, es soll aber nat\u00fcrlich schmerzfrei sein. Daher haben wir uns entschieden, die Dinge anders anzugehen.<br \/>Was unsere Zahnpasten einzigartig macht, sind ihre aktiven Wirkstoffe und nat\u00fcrlichen Bestandteile. Dazu geh\u00f6rt das Enzym Glucoseoxidase, das Verf\u00e4rbungen nicht auf mechanische Weise aufhellt, sondern sie schonend aufl\u00f6st.<\/p><p>Zahnpasten mit enzymatischer Aufhellung:<\/p><p>:intensive<br \/>:enamel protect<br \/>:healthy gums<\/p><\/div>\n\t\t\t\t<\/div>\n\t\t\t\t\t\t\t\t<\/div>\n\t\t\t\t\t\t<\/div>\n\t\t\t\t<\/div>\n\t\t\t\t<div class=\"elementor-element elementor-element-574ab62 elementor-widget elementor-widget-toggle\" data-id=\"574ab62\" data-element_type=\"widget\" data-e-type=\"widget\" data-widget_type=\"toggle.default\">\n\t\t\t\t<div class=\"elementor-widget-container\">\n\t\t\t\t\t\t\t<div class=\"elementor-toggle\">\n\t\t\t\t\t\t\t<div class=\"elementor-toggle-item\">\n\t\t\t\t\t<div id=\"elementor-tab-title-9151\" class=\"elementor-tab-title\" data-tab=\"1\" role=\"button\" aria-controls=\"elementor-tab-content-9151\" aria-expanded=\"false\">\n\t\t\t\t\t\t\t\t\t\t\t\t<span class=\"elementor-toggle-icon elementor-toggle-icon-left\" aria-hidden=\"true\">\n\t\t\t\t\t\t\t\t\t\t\t\t\t\t\t<span class=\"elementor-toggle-icon-closed\"><i class=\"fas fa-caret-right\"><\/i><\/span>\n\t\t\t\t\t\t\t\t<span class=\"elementor-toggle-icon-opened\"><i class=\"elementor-toggle-icon-opened fas fa-caret-up\"><\/i><\/span>\n\t\t\t\t\t\t\t\t\t\t\t\t\t<\/span>\n\t\t\t\t\t\t\t\t\t\t\t\t<a class=\"elementor-toggle-title\" tabindex=\"0\">Ich habe meine Z\u00e4hne noch nie aufgehellt. Welches Ihrer Produkte sollte ich verwenden?<\/a>\n\t\t\t\t\t<\/div>\n\n\t\t\t\t\t<div id=\"elementor-tab-content-9151\" class=\"elementor-tab-content elementor-clearfix\" data-tab=\"1\" role=\"region\" aria-labelledby=\"elementor-tab-title-9151\">In diesem Fall empfehlen wir Ihnen, zun\u00e4chst\u00a0Triple action OXI+ :teeth whitening kit\u00a0in Kombination mit der\u00a0Zahnpasta :intensive zu verwenden. Diese Kombination ist besonders schonend f\u00fcr Zahnschmelz und Zahnfleisch und verleiht den Z\u00e4hnen gleichzeitig eine nat\u00fcrliche Wei\u00dfe.\u00a0<\/div>\n\t\t\t\t<\/div>\n\t\t\t\t\t\t\t\t<\/div>\n\t\t\t\t\t\t<\/div>\n\t\t\t\t<\/div>\n\t\t\t\t<div class=\"elementor-element elementor-element-85e7693 elementor-widget elementor-widget-toggle\" data-id=\"85e7693\" data-element_type=\"widget\" data-e-type=\"widget\" data-widget_type=\"toggle.default\">\n\t\t\t\t<div class=\"elementor-widget-container\">\n\t\t\t\t\t\t\t<div class=\"elementor-toggle\">\n\t\t\t\t\t\t\t<div class=\"elementor-toggle-item\">\n\t\t\t\t\t<div id=\"elementor-tab-title-1401\" class=\"elementor-tab-title\" data-tab=\"1\" role=\"button\" aria-controls=\"elementor-tab-content-1401\" aria-expanded=\"false\">\n\t\t\t\t\t\t\t\t\t\t\t\t<span class=\"elementor-toggle-icon elementor-toggle-icon-left\" aria-hidden=\"true\">\n\t\t\t\t\t\t\t\t\t\t\t\t\t\t\t<span class=\"elementor-toggle-icon-closed\"><i class=\"fas fa-caret-right\"><\/i><\/span>\n\t\t\t\t\t\t\t\t<span class=\"elementor-toggle-icon-opened\"><i class=\"elementor-toggle-icon-opened fas fa-caret-up\"><\/i><\/span>\n\t\t\t\t\t\t\t\t\t\t\t\t\t<\/span>\n\t\t\t\t\t\t\t\t\t\t\t\t<a class=\"elementor-toggle-title\" tabindex=\"0\">Warum wird die Verwendung des \u201eTriple action OXI+ :whitening kit\u201c w\u00e4hrend der Schwangerschaft und Stillzeit nicht empfohlen?<\/a>\n\t\t\t\t\t<\/div>\n\n\t\t\t\t\t<div id=\"elementor-tab-content-1401\" class=\"elementor-tab-content elementor-clearfix\" data-tab=\"1\" role=\"region\" aria-labelledby=\"elementor-tab-title-1401\">Hormonelle Ver\u00e4nderungen w\u00e4hrend der Schwangerschaft und Stillzeit f\u00fchren zu einer st\u00e4rkeren Bildung von Zahnbelag, wodurch sich das Risiko f\u00fcr Karies, Zahnfleischbluten und Zahnschmelzschwund erh\u00f6ht. Eine Zahnaufhellung w\u00e4hrend dieser Zeit kann dann zus\u00e4tzlich zu einer erh\u00f6hten Empfindlichkeit von Z\u00e4hnen und Zahnfleisch f\u00fchren.\u00a0<\/div>\n\t\t\t\t<\/div>\n\t\t\t\t\t\t\t\t<\/div>\n\t\t\t\t\t\t<\/div>\n\t\t\t\t<\/div>\n\t\t\t\t<div class=\"elementor-element elementor-element-aba03f1 elementor-widget elementor-widget-toggle\" data-id=\"aba03f1\" data-element_type=\"widget\" data-e-type=\"widget\" data-widget_type=\"toggle.default\">\n\t\t\t\t<div class=\"elementor-widget-container\">\n\t\t\t\t\t\t\t<div class=\"elementor-toggle\">\n\t\t\t\t\t\t\t<div class=\"elementor-toggle-item\">\n\t\t\t\t\t<div id=\"elementor-tab-title-1791\" class=\"elementor-tab-title\" data-tab=\"1\" role=\"button\" aria-controls=\"elementor-tab-content-1791\" aria-expanded=\"false\">\n\t\t\t\t\t\t\t\t\t\t\t\t<span class=\"elementor-toggle-icon elementor-toggle-icon-left\" aria-hidden=\"true\">\n\t\t\t\t\t\t\t\t\t\t\t\t\t\t\t<span class=\"elementor-toggle-icon-closed\"><i class=\"fas fa-caret-right\"><\/i><\/span>\n\t\t\t\t\t\t\t\t<span class=\"elementor-toggle-icon-opened\"><i class=\"elementor-toggle-icon-opened fas fa-caret-up\"><\/i><\/span>\n\t\t\t\t\t\t\t\t\t\t\t\t\t<\/span>\n\t\t\t\t\t\t\t\t\t\t\t\t<a class=\"elementor-toggle-title\" tabindex=\"0\">Warum enthalten einige Zahnpasten von pro\u00a0perio\u00ae Fluorid?<\/a>\n\t\t\t\t\t<\/div>\n\n\t\t\t\t\t<div id=\"elementor-tab-content-1791\" class=\"elementor-tab-content elementor-clearfix\" data-tab=\"1\" role=\"region\" aria-labelledby=\"elementor-tab-title-1791\">Fluorid remineralisiert den Zahnschmelz, was die Verhinderung Karies unterst\u00fctzt. Fluoridhaltige Zahnpasten senken bei regelm\u00e4\u00dfiger Anwendung das Kariesrisiko um 30%. Wenn Sie wegen der Fluoridaufnahme besorgt sind: Fluorid ist erst dann akut giftig, wenn eine Menge von 5\u201310 Gramm auf einmal aufgenommen wird. Das w\u00fcrde einer Menge von etwa 30 Zahnpasten mit 1500 ppm entsprechen.<\/div>\n\t\t\t\t<\/div>\n\t\t\t\t\t\t\t\t<\/div>\n\t\t\t\t\t\t<\/div>\n\t\t\t\t<\/div>\n\t\t\t\t<div class=\"elementor-element elementor-element-4da1433 elementor-widget elementor-widget-toggle\" data-id=\"4da1433\" data-element_type=\"widget\" data-e-type=\"widget\" data-widget_type=\"toggle.default\">\n\t\t\t\t<div class=\"elementor-widget-container\">\n\t\t\t\t\t\t\t<div class=\"elementor-toggle\">\n\t\t\t\t\t\t\t<div class=\"elementor-toggle-item\">\n\t\t\t\t\t<div id=\"elementor-tab-title-8141\" class=\"elementor-tab-title\" data-tab=\"1\" role=\"button\" aria-controls=\"elementor-tab-content-8141\" aria-expanded=\"false\">\n\t\t\t\t\t\t\t\t\t\t\t\t<span class=\"elementor-toggle-icon elementor-toggle-icon-left\" aria-hidden=\"true\">\n\t\t\t\t\t\t\t\t\t\t\t\t\t\t\t<span class=\"elementor-toggle-icon-closed\"><i class=\"fas fa-caret-right\"><\/i><\/span>\n\t\t\t\t\t\t\t\t<span class=\"elementor-toggle-icon-opened\"><i class=\"elementor-toggle-icon-opened fas fa-caret-up\"><\/i><\/span>\n\t\t\t\t\t\t\t\t\t\t\t\t\t<\/span>\n\t\t\t\t\t\t\t\t\t\t\t\t<a class=\"elementor-toggle-title\" tabindex=\"0\">Nach welcher Zeit kann man die Zahnaufhellung mit dem \u201eTriple action OXI+ :whitening kit\u201c wiederholen?<\/a>\n\t\t\t\t\t<\/div>\n\n\t\t\t\t\t<div id=\"elementor-tab-content-8141\" class=\"elementor-tab-content elementor-clearfix\" data-tab=\"1\" role=\"region\" aria-labelledby=\"elementor-tab-title-8141\">Die Zahnaufhellung mit dem\u00a0Triple action OXI+ :teeth whitening kit\u00a0kann alle 6 Monate wiederholt werden.\u00a0<\/div>\n\t\t\t\t<\/div>\n\t\t\t\t\t\t\t\t<\/div>\n\t\t\t\t\t\t<\/div>\n\t\t\t\t<\/div>\n\t\t\t\t<div class=\"elementor-element elementor-element-d59bf5d elementor-widget elementor-widget-toggle\" data-id=\"d59bf5d\" data-element_type=\"widget\" data-e-type=\"widget\" data-widget_type=\"toggle.default\">\n\t\t\t\t<div class=\"elementor-widget-container\">\n\t\t\t\t\t\t\t<div class=\"elementor-toggle\">\n\t\t\t\t\t\t\t<div class=\"elementor-toggle-item\">\n\t\t\t\t\t<div id=\"elementor-tab-title-2231\" class=\"elementor-tab-title\" data-tab=\"1\" role=\"button\" aria-controls=\"elementor-tab-content-2231\" aria-expanded=\"false\">\n\t\t\t\t\t\t\t\t\t\t\t\t<span class=\"elementor-toggle-icon elementor-toggle-icon-left\" aria-hidden=\"true\">\n\t\t\t\t\t\t\t\t\t\t\t\t\t\t\t<span class=\"elementor-toggle-icon-closed\"><i class=\"fas fa-caret-right\"><\/i><\/span>\n\t\t\t\t\t\t\t\t<span class=\"elementor-toggle-icon-opened\"><i class=\"elementor-toggle-icon-opened fas fa-caret-up\"><\/i><\/span>\n\t\t\t\t\t\t\t\t\t\t\t\t\t<\/span>\n\t\t\t\t\t\t\t\t\t\t\t\t<a class=\"elementor-toggle-title\" tabindex=\"0\">Wie lange h\u00e4lt der Aufhellungseffekt der Z\u00e4hne an?<\/a>\n\t\t\t\t\t<\/div>\n\n\t\t\t\t\t<div id=\"elementor-tab-content-2231\" class=\"elementor-tab-content elementor-clearfix\" data-tab=\"1\" role=\"region\" aria-labelledby=\"elementor-tab-title-2231\">Das h\u00e4ngt stark von Ihrem Konsum von Produkten wie Kaffee, Tee, Rotwein oder Zigaretten ab. Der t\u00e4gliche Konsum dieser Produkte kann die Dauerhaftigkeit und Wirksamkeit der Aufhellung beeintr\u00e4chtigen. Wenn Sie auf Kaffee, Tee usw. nicht verzichten m\u00f6chten, versuchen Sie, diese Getr\u00e4nke zu trinken, ohne dass sie Ihre Z\u00e4hne ber\u00fchren.\nF\u00fcr einen langfristigen Aufhellungseffekt empfehlen wir die Verwendung der Zahnpasta\u00a0:crystal white.<\/div>\n\t\t\t\t<\/div>\n\t\t\t\t\t\t\t\t<\/div>\n\t\t\t\t\t\t<\/div>\n\t\t\t\t<\/div>\n\t\t\t\t<div class=\"elementor-element elementor-element-67ae6c7 elementor-widget elementor-widget-spacer\" data-id=\"67ae6c7\" data-element_type=\"widget\" data-e-type=\"widget\" data-widget_type=\"spacer.default\">\n\t\t\t\t<div class=\"elementor-widget-container\">\n\t\t\t\t\t\t\t<div class=\"elementor-spacer\">\n\t\t\t<div class=\"elementor-spacer-inner\"><\/div>\n\t\t<\/div>\n\t\t\t\t\t\t<\/div>\n\t\t\t\t<\/div>\n\t\t\t\t\t<\/div>\n\t\t<\/div>\n\t\t\t\t\t<\/div>\n\t\t<\/section>\n\t\t\t\t<\/div>\n\t\t","protected":false},"excerpt":{"rendered":"<p>FAQ Kann ich pro\u00a0perio\u00ae verwenden, wenn ich eine Zahnspange trage? Die Zahnpasta pro\u00a0perio\u00ae kann von Zahnspangentr\u00e4gern bedenkenlos verwendet werden.\u00a0Die Zahnpasta pro\u00a0perio\u00ae kann von Zahnspangentr\u00e4gern bedenkenlos verwendet werden.\u00a0 Kann ich Triple Action OXI+ verwenden, wenn ich eine Zahnspange trage? Von der Verwendung des Zahnaufhellungssets\u00a0Triple action OXI+ :teeth whitening kit\u00a0raten wir ab, da wir nicht wissen, aus [&hellip;]<\/p>\n","protected":false},"author":1,"featured_media":0,"parent":0,"menu_order":0,"comment_status":"closed","ping_status":"closed","template":"","meta":{"footnotes":""},"class_list":["post-156161","page","type-page","status-publish","hentry"],"_links":{"self":[{"href":"https:\/\/properio.com\/de\/wp-json\/wp\/v2\/pages\/156161","targetHints":{"allow":["GET"]}}],"collection":[{"href":"https:\/\/properio.com\/de\/wp-json\/wp\/v2\/pages"}],"about":[{"href":"https:\/\/properio.com\/de\/wp-json\/wp\/v2\/types\/page"}],"author":[{"embeddable":true,"href":"https:\/\/properio.com\/de\/wp-json\/wp\/v2\/users\/1"}],"replies":[{"embeddable":true,"href":"https:\/\/properio.com\/de\/wp-json\/wp\/v2\/comments?post=156161"}],"version-history":[{"count":0,"href":"https:\/\/properio.com\/de\/wp-json\/wp\/v2\/pages\/156161\/revisions"}],"wp:attachment":[{"href":"https:\/\/properio.com\/de\/wp-json\/wp\/v2\/media?parent=156161"}],"curies":[{"name":"wp","href":"https:\/\/api.w.org\/{rel}","templated":true}]}}