{"id":156148,"date":"2019-07-01T09:03:07","date_gmt":"2019-07-01T07:03:07","guid":{"rendered":"https:\/\/properio.com\/?page_id=156148"},"modified":"2024-09-16T11:13:28","modified_gmt":"2024-09-16T09:13:28","slug":"was-ist-die-abrasivitaet-von-zahnpasta","status":"publish","type":"page","link":"https:\/\/properio.com\/de\/was-ist-die-abrasivitaet-von-zahnpasta","title":{"rendered":"Was ist die \u201eAbrasivit\u00e4t\u201c von Zahnpasta?"},"content":{"rendered":"\t\t<div data-elementor-type=\"wp-page\" data-elementor-id=\"156148\" class=\"elementor elementor-156148 elementor-3157\" data-elementor-post-type=\"page\">\n\t\t\t\t\t\t<section class=\"elementor-section elementor-top-section elementor-element elementor-element-9a9b664 elementor-section-boxed elementor-section-height-default elementor-section-height-default\" data-id=\"9a9b664\" data-element_type=\"section\" data-e-type=\"section\" data-settings=\"{&quot;background_background&quot;:&quot;classic&quot;}\">\n\t\t\t\t\t\t<div class=\"elementor-container elementor-column-gap-default\">\n\t\t\t\t\t<div class=\"elementor-column elementor-col-100 elementor-top-column elementor-element elementor-element-cf31ca4\" data-id=\"cf31ca4\" data-element_type=\"column\" data-e-type=\"column\">\n\t\t\t<div class=\"elementor-widget-wrap elementor-element-populated\">\n\t\t\t\t\t\t<div class=\"elementor-element elementor-element-ed88611 elementor-widget elementor-widget-spacer\" data-id=\"ed88611\" data-element_type=\"widget\" data-e-type=\"widget\" data-widget_type=\"spacer.default\">\n\t\t\t\t<div class=\"elementor-widget-container\">\n\t\t\t\t\t\t\t<div class=\"elementor-spacer\">\n\t\t\t<div class=\"elementor-spacer-inner\"><\/div>\n\t\t<\/div>\n\t\t\t\t\t\t<\/div>\n\t\t\t\t<\/div>\n\t\t\t\t<div class=\"elementor-element elementor-element-b7a0f4e elementor-widget elementor-widget-heading\" data-id=\"b7a0f4e\" data-element_type=\"widget\" data-e-type=\"widget\" data-widget_type=\"heading.default\">\n\t\t\t\t<div class=\"elementor-widget-container\">\n\t\t\t\t\t<h2 class=\"elementor-heading-title elementor-size-default\">Was ist die \u201eAbrasivit\u00e4t\u201c von Zahnpasta?<\/h2>\t\t\t\t<\/div>\n\t\t\t\t<\/div>\n\t\t\t\t<div class=\"elementor-element elementor-element-938fa4e elementor-widget elementor-widget-image\" data-id=\"938fa4e\" data-element_type=\"widget\" data-e-type=\"widget\" data-widget_type=\"image.default\">\n\t\t\t\t<div class=\"elementor-widget-container\">\n\t\t\t\t\t\t\t\t\t\t\t\t\t\t\t<img fetchpriority=\"high\" decoding=\"async\" width=\"800\" height=\"244\" src=\"https:\/\/properio.com\/wp-content\/uploads\/properio_crystal-1400x426-3-1024x312.png\" class=\"attachment-large size-large wp-image-156151\" alt=\"\" srcset=\"https:\/\/properio.com\/wp-content\/uploads\/properio_crystal-1400x426-3-1024x312.png 1024w, https:\/\/properio.com\/wp-content\/uploads\/properio_crystal-1400x426-3-300x91.png 300w, https:\/\/properio.com\/wp-content\/uploads\/properio_crystal-1400x426-3-768x234.png 768w, https:\/\/properio.com\/wp-content\/uploads\/properio_crystal-1400x426-3-450x137.png 450w, https:\/\/properio.com\/wp-content\/uploads\/properio_crystal-1400x426-3-600x183.png 600w, https:\/\/properio.com\/wp-content\/uploads\/properio_crystal-1400x426-3-64x19.png 64w, https:\/\/properio.com\/wp-content\/uploads\/properio_crystal-1400x426-3.png 1400w\" sizes=\"(max-width: 800px) 100vw, 800px\" \/>\t\t\t\t\t\t\t\t\t\t\t\t\t\t\t<\/div>\n\t\t\t\t<\/div>\n\t\t\t\t<div class=\"elementor-element elementor-element-c1481ab elementor-widget elementor-widget-heading\" data-id=\"c1481ab\" data-element_type=\"widget\" data-e-type=\"widget\" data-widget_type=\"heading.default\">\n\t\t\t\t<div class=\"elementor-widget-container\">\n\t\t\t\t\t<h2 class=\"elementor-heading-title elementor-size-default\">Was ist die \u201eAbrasivit\u00e4t\u201c von Zahnpasta?<\/h2>\t\t\t\t<\/div>\n\t\t\t\t<\/div>\n\t\t\t\t<div class=\"elementor-element elementor-element-002c209 elementor-widget elementor-widget-text-editor\" data-id=\"002c209\" data-element_type=\"widget\" data-e-type=\"widget\" data-widget_type=\"text-editor.default\">\n\t\t\t\t<div class=\"elementor-widget-container\">\n\t\t\t\t\t\t\t\t\tUnter Abrasivit\u00e4t versteht man den Grad der mechanischen Reinigung des Zahnschmelzes. Eine h\u00f6here Abrasivit\u00e4t erh\u00f6ht das Risiko von Sch\u00e4den am Zahnschmelz und daraus folgender Empfindlichkeit der Z\u00e4hne.\t\t\t\t\t\t\t\t<\/div>\n\t\t\t\t<\/div>\n\t\t\t\t<div class=\"elementor-element elementor-element-b44060a elementor-widget elementor-widget-heading\" data-id=\"b44060a\" data-element_type=\"widget\" data-e-type=\"widget\" data-widget_type=\"heading.default\">\n\t\t\t\t<div class=\"elementor-widget-container\">\n\t\t\t\t\t<h3 class=\"elementor-heading-title elementor-size-default\">Was ist der besondere Vorteil unserer aufhellenden Zahnpasten?<\/h3>\t\t\t\t<\/div>\n\t\t\t\t<\/div>\n\t\t\t\t<div class=\"elementor-element elementor-element-d2980d5 elementor-widget elementor-widget-text-editor\" data-id=\"d2980d5\" data-element_type=\"widget\" data-e-type=\"widget\" data-widget_type=\"text-editor.default\">\n\t\t\t\t<div class=\"elementor-widget-container\">\n\t\t\t\t\t\t\t\t\tWas unsere Zahnpasten einzigartig macht, sind ihre aktiven Wirkstoffe und die nat\u00fcrlichen Bestandteile, zum Beispiel das Enzym Glucoseoxidase. Anstatt den Zahnschmelz mechanisch zu bearbeiten, l\u00f6st dieses Enzym Verf\u00e4rbungen auf schonende und sichere Weise von der Oberfl\u00e4che. Der Wirkstoff PAP (Phthalimidoperoxycaprons\u00e4ure) wirkt antibakteriell und l\u00f6st Zahnbel\u00e4ge und Flecken schonend vom Zahnschmelz. Zur St\u00e4rkung und Regeneration der Z\u00e4hne enthalten unsere Zahnpasten remineralisierende Inhaltsstoffe wie Hydroxylapatit und Calcium (Calciumglycerophosphat).\t\t\t\t\t\t\t\t<\/div>\n\t\t\t\t<\/div>\n\t\t\t\t<div class=\"elementor-element elementor-element-24cc982 elementor-widget elementor-widget-spacer\" data-id=\"24cc982\" data-element_type=\"widget\" data-e-type=\"widget\" data-widget_type=\"spacer.default\">\n\t\t\t\t<div class=\"elementor-widget-container\">\n\t\t\t\t\t\t\t<div class=\"elementor-spacer\">\n\t\t\t<div class=\"elementor-spacer-inner\"><\/div>\n\t\t<\/div>\n\t\t\t\t\t\t<\/div>\n\t\t\t\t<\/div>\n\t\t\t\t\t<\/div>\n\t\t<\/div>\n\t\t\t\t\t<\/div>\n\t\t<\/section>\n\t\t\t\t<section class=\"elementor-section elementor-top-section elementor-element elementor-element-bf8108e elementor-section-boxed elementor-section-height-default elementor-section-height-default\" data-id=\"bf8108e\" data-element_type=\"section\" data-e-type=\"section\">\n\t\t\t\t\t\t<div class=\"elementor-container elementor-column-gap-default\">\n\t\t\t\t\t<div class=\"elementor-column elementor-col-100 elementor-top-column elementor-element elementor-element-b0240b5\" data-id=\"b0240b5\" data-element_type=\"column\" data-e-type=\"column\">\n\t\t\t<div class=\"elementor-widget-wrap elementor-element-populated\">\n\t\t\t\t\t\t<div class=\"elementor-element elementor-element-272ad00 elementor-widget elementor-widget-spacer\" data-id=\"272ad00\" data-element_type=\"widget\" data-e-type=\"widget\" data-widget_type=\"spacer.default\">\n\t\t\t\t<div class=\"elementor-widget-container\">\n\t\t\t\t\t\t\t<div class=\"elementor-spacer\">\n\t\t\t<div class=\"elementor-spacer-inner\"><\/div>\n\t\t<\/div>\n\t\t\t\t\t\t<\/div>\n\t\t\t\t<\/div>\n\t\t\t\t<div class=\"elementor-element elementor-element-b03d030 elementor-widget elementor-widget-heading\" data-id=\"b03d030\" data-element_type=\"widget\" data-e-type=\"widget\" data-widget_type=\"heading.default\">\n\t\t\t\t<div class=\"elementor-widget-container\">\n\t\t\t\t\t<h2 class=\"elementor-heading-title elementor-size-default\">Unser Portfolio umfasst Zahnpasten mit folgenden Eigenschaften:<\/h2>\t\t\t\t<\/div>\n\t\t\t\t<\/div>\n\t\t\t\t\t<\/div>\n\t\t<\/div>\n\t\t\t\t\t<\/div>\n\t\t<\/section>\n\t\t\t\t<section class=\"elementor-section elementor-top-section elementor-element elementor-element-8b1cbd6 elementor-section-boxed elementor-section-height-default elementor-section-height-default\" data-id=\"8b1cbd6\" data-element_type=\"section\" data-e-type=\"section\">\n\t\t\t\t\t\t<div class=\"elementor-container elementor-column-gap-default\">\n\t\t\t\t\t<div class=\"elementor-column elementor-col-33 elementor-top-column elementor-element elementor-element-5764a8c\" data-id=\"5764a8c\" data-element_type=\"column\" data-e-type=\"column\">\n\t\t\t<div class=\"elementor-widget-wrap elementor-element-populated\">\n\t\t\t\t\t\t<div class=\"elementor-element elementor-element-b1fc4dd elementor-widget elementor-widget-heading\" data-id=\"b1fc4dd\" data-element_type=\"widget\" data-e-type=\"widget\" data-widget_type=\"heading.default\">\n\t\t\t\t<div class=\"elementor-widget-container\">\n\t\t\t\t\t<h2 class=\"elementor-heading-title elementor-size-default\">geringe Abrasivit\u00e4t<\/h2>\t\t\t\t<\/div>\n\t\t\t\t<\/div>\n\t\t\t\t\t<\/div>\n\t\t<\/div>\n\t\t\t\t<div class=\"elementor-column elementor-col-33 elementor-top-column elementor-element elementor-element-740812b\" data-id=\"740812b\" data-element_type=\"column\" data-e-type=\"column\">\n\t\t\t<div class=\"elementor-widget-wrap elementor-element-populated\">\n\t\t\t\t\t\t<div class=\"elementor-element elementor-element-3819808 elementor-widget elementor-widget-heading\" data-id=\"3819808\" data-element_type=\"widget\" data-e-type=\"widget\" data-widget_type=\"heading.default\">\n\t\t\t\t<div class=\"elementor-widget-container\">\n\t\t\t\t\t<h2 class=\"elementor-heading-title elementor-size-default\">mittlere Abrasivit\u00e4t<\/h2>\t\t\t\t<\/div>\n\t\t\t\t<\/div>\n\t\t\t\t\t<\/div>\n\t\t<\/div>\n\t\t\t\t<div class=\"elementor-column elementor-col-33 elementor-top-column elementor-element elementor-element-78fd403\" data-id=\"78fd403\" data-element_type=\"column\" data-e-type=\"column\">\n\t\t\t<div class=\"elementor-widget-wrap elementor-element-populated\">\n\t\t\t\t\t\t<div class=\"elementor-element elementor-element-9a9dd29 elementor-widget elementor-widget-heading\" data-id=\"9a9dd29\" data-element_type=\"widget\" data-e-type=\"widget\" data-widget_type=\"heading.default\">\n\t\t\t\t<div class=\"elementor-widget-container\">\n\t\t\t\t\t<h2 class=\"elementor-heading-title elementor-size-default\">hohe Abrasivit\u00e4t<\/h2>\t\t\t\t<\/div>\n\t\t\t\t<\/div>\n\t\t\t\t\t<\/div>\n\t\t<\/div>\n\t\t\t\t\t<\/div>\n\t\t<\/section>\n\t\t\t\t<section class=\"elementor-section elementor-top-section elementor-element elementor-element-204b9ac elementor-section-boxed elementor-section-height-default elementor-section-height-default\" data-id=\"204b9ac\" data-element_type=\"section\" data-e-type=\"section\">\n\t\t\t\t\t\t<div class=\"elementor-container elementor-column-gap-default\">\n\t\t\t\t\t<div class=\"elementor-column elementor-col-33 elementor-top-column elementor-element elementor-element-be94c9b\" data-id=\"be94c9b\" data-element_type=\"column\" data-e-type=\"column\">\n\t\t\t<div class=\"elementor-widget-wrap elementor-element-populated\">\n\t\t\t\t\t\t<div class=\"elementor-element elementor-element-076af14 elementor-widget elementor-widget-text-editor\" data-id=\"076af14\" data-element_type=\"widget\" data-e-type=\"widget\" data-widget_type=\"text-editor.default\">\n\t\t\t\t<div class=\"elementor-widget-container\">\n\t\t\t\t\t\t\t\t\tUniverselle Zahnpasten, insbesondere aber f\u00fcr Personen mit empfindlichen Z\u00e4hnen und empfindlichem Zahnfleisch. Diese Zahnpasten sind f\u00fcr die t\u00e4gliche Anwendung mit einer Schallzahnb\u00fcrste geeignet.\u00a0\t\t\t\t\t\t\t\t<\/div>\n\t\t\t\t<\/div>\n\t\t\t\t\t<\/div>\n\t\t<\/div>\n\t\t\t\t<div class=\"elementor-column elementor-col-33 elementor-top-column elementor-element elementor-element-46c4d38\" data-id=\"46c4d38\" data-element_type=\"column\" data-e-type=\"column\">\n\t\t\t<div class=\"elementor-widget-wrap elementor-element-populated\">\n\t\t\t\t\t\t<div class=\"elementor-element elementor-element-2737109 elementor-widget elementor-widget-text-editor\" data-id=\"2737109\" data-element_type=\"widget\" data-e-type=\"widget\" data-widget_type=\"text-editor.default\">\n\t\t\t\t<div class=\"elementor-widget-container\">\n\t\t\t\t\t\t\t\t\tZahnpasten f\u00fcr Personen, die unter einer vermehrten Bildung von Zahnbelag bzw. Zahnstein leiden. Diese Zahnpasten sind f\u00fcr den t\u00e4glichen Gebrauch geeignet.\t\t\t\t\t\t\t\t<\/div>\n\t\t\t\t<\/div>\n\t\t\t\t\t<\/div>\n\t\t<\/div>\n\t\t\t\t<div class=\"elementor-column elementor-col-33 elementor-top-column elementor-element elementor-element-5d1e766\" data-id=\"5d1e766\" data-element_type=\"column\" data-e-type=\"column\">\n\t\t\t<div class=\"elementor-widget-wrap elementor-element-populated\">\n\t\t\t\t\t\t<div class=\"elementor-element elementor-element-eb91575 elementor-widget elementor-widget-text-editor\" data-id=\"eb91575\" data-element_type=\"widget\" data-e-type=\"widget\" data-widget_type=\"text-editor.default\">\n\t\t\t\t<div class=\"elementor-widget-container\">\n\t\t\t\t\t\t\t\t\tDiese Zahnpasten eignen sich f\u00fcr Kaffeeliebhaber und Raucher, da sich bei ihnen der Zahnschmelz schneller und deutlicher verf\u00e4rbt und daher eine st\u00e4rkere mechanische Reinigung n\u00f6tig ist. Diese Zahnpasten sind f\u00fcr die t\u00e4gliche Anwendung mit einer weichen Zahnb\u00fcrste geeignet.\t\t\t\t\t\t\t\t<\/div>\n\t\t\t\t<\/div>\n\t\t\t\t\t<\/div>\n\t\t<\/div>\n\t\t\t\t\t<\/div>\n\t\t<\/section>\n\t\t\t\t<section class=\"elementor-section elementor-top-section elementor-element elementor-element-8b5f950 elementor-section-boxed elementor-section-height-default elementor-section-height-default\" data-id=\"8b5f950\" data-element_type=\"section\" data-e-type=\"section\">\n\t\t\t\t\t\t<div class=\"elementor-container elementor-column-gap-default\">\n\t\t\t\t\t<div class=\"elementor-column elementor-col-25 elementor-top-column elementor-element elementor-element-6b8d31d\" data-id=\"6b8d31d\" data-element_type=\"column\" data-e-type=\"column\">\n\t\t\t<div class=\"elementor-widget-wrap elementor-element-populated\">\n\t\t\t\t\t\t<div class=\"elementor-element elementor-element-29fe0f0 elementor-widget elementor-widget-heading\" data-id=\"29fe0f0\" data-element_type=\"widget\" data-e-type=\"widget\" data-widget_type=\"heading.default\">\n\t\t\t\t<div class=\"elementor-widget-container\">\n\t\t\t\t\t<h2 class=\"elementor-heading-title elementor-size-default\">geringe Abrasivit\u00e4t<\/h2>\t\t\t\t<\/div>\n\t\t\t\t<\/div>\n\t\t\t\t\t<\/div>\n\t\t<\/div>\n\t\t\t\t<div class=\"elementor-column elementor-col-25 elementor-top-column elementor-element elementor-element-8703ee3\" data-id=\"8703ee3\" data-element_type=\"column\" data-e-type=\"column\">\n\t\t\t<div class=\"elementor-widget-wrap elementor-element-populated\">\n\t\t\t\t\t\t<div class=\"elementor-element elementor-element-6fa7c43 elementor-widget elementor-widget-heading\" data-id=\"6fa7c43\" data-element_type=\"widget\" data-e-type=\"widget\" data-widget_type=\"heading.default\">\n\t\t\t\t<div class=\"elementor-widget-container\">\n\t\t\t\t\t<h2 class=\"elementor-heading-title elementor-size-default\">geringe Abrasivit\u00e4t<\/h2>\t\t\t\t<\/div>\n\t\t\t\t<\/div>\n\t\t\t\t\t<\/div>\n\t\t<\/div>\n\t\t\t\t<div class=\"elementor-column elementor-col-25 elementor-top-column elementor-element elementor-element-57f0fee\" data-id=\"57f0fee\" data-element_type=\"column\" data-e-type=\"column\">\n\t\t\t<div class=\"elementor-widget-wrap elementor-element-populated\">\n\t\t\t\t\t\t<div class=\"elementor-element elementor-element-be74e5d elementor-widget elementor-widget-heading\" data-id=\"be74e5d\" data-element_type=\"widget\" data-e-type=\"widget\" data-widget_type=\"heading.default\">\n\t\t\t\t<div class=\"elementor-widget-container\">\n\t\t\t\t\t<h2 class=\"elementor-heading-title elementor-size-default\">geringe Abrasivit\u00e4t<\/h2>\t\t\t\t<\/div>\n\t\t\t\t<\/div>\n\t\t\t\t\t<\/div>\n\t\t<\/div>\n\t\t\t\t<div class=\"elementor-column elementor-col-25 elementor-top-column elementor-element elementor-element-789519a\" data-id=\"789519a\" data-element_type=\"column\" data-e-type=\"column\">\n\t\t\t<div class=\"elementor-widget-wrap elementor-element-populated\">\n\t\t\t\t\t\t<div class=\"elementor-element elementor-element-9a705b8 elementor-widget elementor-widget-heading\" data-id=\"9a705b8\" data-element_type=\"widget\" data-e-type=\"widget\" data-widget_type=\"heading.default\">\n\t\t\t\t<div class=\"elementor-widget-container\">\n\t\t\t\t\t<h2 class=\"elementor-heading-title elementor-size-default\">geringe Abrasivit\u00e4t<\/h2>\t\t\t\t<\/div>\n\t\t\t\t<\/div>\n\t\t\t\t\t<\/div>\n\t\t<\/div>\n\t\t\t\t\t<\/div>\n\t\t<\/section>\n\t\t\t\t<section class=\"elementor-section elementor-top-section elementor-element elementor-element-193d0aa elementor-section-boxed elementor-section-height-default elementor-section-height-default\" data-id=\"193d0aa\" data-element_type=\"section\" data-e-type=\"section\">\n\t\t\t\t\t\t<div class=\"elementor-container elementor-column-gap-default\">\n\t\t\t\t\t<div class=\"elementor-column elementor-col-25 elementor-top-column elementor-element elementor-element-dfa0bf9\" data-id=\"dfa0bf9\" data-element_type=\"column\" data-e-type=\"column\">\n\t\t\t<div class=\"elementor-widget-wrap elementor-element-populated\">\n\t\t\t\t\t\t<div class=\"elementor-element elementor-element-e1a38b6 elementor-widget elementor-widget-image\" data-id=\"e1a38b6\" data-element_type=\"widget\" data-e-type=\"widget\" data-widget_type=\"image.default\">\n\t\t\t\t<div class=\"elementor-widget-container\">\n\t\t\t\t\t\t\t\t\t\t\t\t\t\t\t\t<a href=\"https:\/\/properio.com\/de\/e-shop\/aufhellungszahnpasta-enamel-protect\">\n\t\t\t\t\t\t\t<img decoding=\"async\" width=\"560\" height=\"730\" src=\"https:\/\/properio.com\/wp-content\/uploads\/Enamel-CZ-web.png\" class=\"attachment-large size-large wp-image-156270\" alt=\"\" srcset=\"https:\/\/properio.com\/wp-content\/uploads\/Enamel-CZ-web.png 560w, https:\/\/properio.com\/wp-content\/uploads\/Enamel-CZ-web-230x300.png 230w, https:\/\/properio.com\/wp-content\/uploads\/Enamel-CZ-web-450x587.png 450w, https:\/\/properio.com\/wp-content\/uploads\/Enamel-CZ-web-64x83.png 64w\" sizes=\"(max-width: 560px) 100vw, 560px\" \/>\t\t\t\t\t\t\t\t<\/a>\n\t\t\t\t\t\t\t\t\t\t\t\t\t\t\t<\/div>\n\t\t\t\t<\/div>\n\t\t\t\t\t<\/div>\n\t\t<\/div>\n\t\t\t\t<div class=\"elementor-column elementor-col-25 elementor-top-column elementor-element elementor-element-d211235\" data-id=\"d211235\" data-element_type=\"column\" data-e-type=\"column\">\n\t\t\t<div class=\"elementor-widget-wrap elementor-element-populated\">\n\t\t\t\t\t\t<div class=\"elementor-element elementor-element-96807ed elementor-widget elementor-widget-image\" data-id=\"96807ed\" data-element_type=\"widget\" data-e-type=\"widget\" data-widget_type=\"image.default\">\n\t\t\t\t<div class=\"elementor-widget-container\">\n\t\t\t\t\t\t\t\t\t\t\t\t\t\t\t\t<a href=\"https:\/\/properio.com\/de\/e-shop\/spezialzahnpasta-healthy-gums\">\n\t\t\t\t\t\t\t<img decoding=\"async\" width=\"560\" height=\"730\" src=\"https:\/\/properio.com\/wp-content\/uploads\/Healthy-CZ-web.png\" class=\"attachment-large size-large wp-image-156305\" alt=\"\" srcset=\"https:\/\/properio.com\/wp-content\/uploads\/Healthy-CZ-web.png 560w, https:\/\/properio.com\/wp-content\/uploads\/Healthy-CZ-web-230x300.png 230w, https:\/\/properio.com\/wp-content\/uploads\/Healthy-CZ-web-450x587.png 450w, https:\/\/properio.com\/wp-content\/uploads\/Healthy-CZ-web-64x83.png 64w\" sizes=\"(max-width: 560px) 100vw, 560px\" \/>\t\t\t\t\t\t\t\t<\/a>\n\t\t\t\t\t\t\t\t\t\t\t\t\t\t\t<\/div>\n\t\t\t\t<\/div>\n\t\t\t\t\t<\/div>\n\t\t<\/div>\n\t\t\t\t<div class=\"elementor-column elementor-col-25 elementor-top-column elementor-element elementor-element-2b0182f\" data-id=\"2b0182f\" data-element_type=\"column\" data-e-type=\"column\">\n\t\t\t<div class=\"elementor-widget-wrap elementor-element-populated\">\n\t\t\t\t\t\t<div class=\"elementor-element elementor-element-831d26e elementor-widget elementor-widget-image\" data-id=\"831d26e\" data-element_type=\"widget\" data-e-type=\"widget\" data-widget_type=\"image.default\">\n\t\t\t\t<div class=\"elementor-widget-container\">\n\t\t\t\t\t\t\t\t\t\t\t\t\t\t\t\t<a href=\"https:\/\/properio.com\/de\/e-shop\/aufhellungszahnpasta-intensive\">\n\t\t\t\t\t\t\t<img loading=\"lazy\" decoding=\"async\" width=\"560\" height=\"730\" src=\"https:\/\/properio.com\/wp-content\/uploads\/Intensive-CZ-web.png\" class=\"attachment-large size-large wp-image-156295\" alt=\"\" srcset=\"https:\/\/properio.com\/wp-content\/uploads\/Intensive-CZ-web.png 560w, https:\/\/properio.com\/wp-content\/uploads\/Intensive-CZ-web-230x300.png 230w, https:\/\/properio.com\/wp-content\/uploads\/Intensive-CZ-web-450x587.png 450w, https:\/\/properio.com\/wp-content\/uploads\/Intensive-CZ-web-64x83.png 64w\" sizes=\"(max-width: 560px) 100vw, 560px\" \/>\t\t\t\t\t\t\t\t<\/a>\n\t\t\t\t\t\t\t\t\t\t\t\t\t\t\t<\/div>\n\t\t\t\t<\/div>\n\t\t\t\t\t<\/div>\n\t\t<\/div>\n\t\t\t\t<div class=\"elementor-column elementor-col-25 elementor-top-column elementor-element elementor-element-5d0e80e\" data-id=\"5d0e80e\" data-element_type=\"column\" data-e-type=\"column\">\n\t\t\t<div class=\"elementor-widget-wrap elementor-element-populated\">\n\t\t\t\t\t\t<div class=\"elementor-element elementor-element-7784e30 elementor-widget elementor-widget-image\" data-id=\"7784e30\" data-element_type=\"widget\" data-e-type=\"widget\" data-widget_type=\"image.default\">\n\t\t\t\t<div class=\"elementor-widget-container\">\n\t\t\t\t\t\t\t\t\t\t\t\t\t\t\t\t<a href=\"https:\/\/properio.com\/de\/e-shop\/aufhellende-zahnpasta-crystal-white\">\n\t\t\t\t\t\t\t<img loading=\"lazy\" decoding=\"async\" width=\"560\" height=\"730\" src=\"https:\/\/properio.com\/wp-content\/uploads\/Crystal-CZ-web.png\" class=\"attachment-large size-large wp-image-156256\" alt=\"\" srcset=\"https:\/\/properio.com\/wp-content\/uploads\/Crystal-CZ-web.png 560w, https:\/\/properio.com\/wp-content\/uploads\/Crystal-CZ-web-230x300.png 230w, https:\/\/properio.com\/wp-content\/uploads\/Crystal-CZ-web-450x587.png 450w, https:\/\/properio.com\/wp-content\/uploads\/Crystal-CZ-web-64x83.png 64w\" sizes=\"(max-width: 560px) 100vw, 560px\" \/>\t\t\t\t\t\t\t\t<\/a>\n\t\t\t\t\t\t\t\t\t\t\t\t\t\t\t<\/div>\n\t\t\t\t<\/div>\n\t\t\t\t\t<\/div>\n\t\t<\/div>\n\t\t\t\t\t<\/div>\n\t\t<\/section>\n\t\t\t\t<section class=\"elementor-section elementor-top-section elementor-element elementor-element-d927dff elementor-section-boxed elementor-section-height-default elementor-section-height-default\" data-id=\"d927dff\" data-element_type=\"section\" data-e-type=\"section\">\n\t\t\t\t\t\t<div class=\"elementor-container elementor-column-gap-default\">\n\t\t\t\t\t<div class=\"elementor-column elementor-col-100 elementor-top-column elementor-element elementor-element-376ba79\" data-id=\"376ba79\" data-element_type=\"column\" data-e-type=\"column\">\n\t\t\t<div class=\"elementor-widget-wrap elementor-element-populated\">\n\t\t\t\t\t\t<div class=\"elementor-element elementor-element-79b0914 elementor-widget elementor-widget-spacer\" data-id=\"79b0914\" data-element_type=\"widget\" data-e-type=\"widget\" data-widget_type=\"spacer.default\">\n\t\t\t\t<div class=\"elementor-widget-container\">\n\t\t\t\t\t\t\t<div class=\"elementor-spacer\">\n\t\t\t<div class=\"elementor-spacer-inner\"><\/div>\n\t\t<\/div>\n\t\t\t\t\t\t<\/div>\n\t\t\t\t<\/div>\n\t\t\t\t\t<\/div>\n\t\t<\/div>\n\t\t\t\t\t<\/div>\n\t\t<\/section>\n\t\t\t\t<\/div>\n\t\t","protected":false},"excerpt":{"rendered":"<p>Was ist die \u201eAbrasivit\u00e4t\u201c von Zahnpasta? Was ist die \u201eAbrasivit\u00e4t\u201c von Zahnpasta? Unter Abrasivit\u00e4t versteht man den Grad der mechanischen Reinigung des Zahnschmelzes. Eine h\u00f6here Abrasivit\u00e4t erh\u00f6ht das Risiko von Sch\u00e4den am Zahnschmelz und daraus folgender Empfindlichkeit der Z\u00e4hne. Was ist der besondere Vorteil unserer aufhellenden Zahnpasten? Was unsere Zahnpasten einzigartig macht, sind ihre aktiven [&hellip;]<\/p>\n","protected":false},"author":1,"featured_media":0,"parent":0,"menu_order":0,"comment_status":"closed","ping_status":"closed","template":"","meta":{"footnotes":""},"class_list":["post-156148","page","type-page","status-publish","hentry"],"_links":{"self":[{"href":"https:\/\/properio.com\/de\/wp-json\/wp\/v2\/pages\/156148","targetHints":{"allow":["GET"]}}],"collection":[{"href":"https:\/\/properio.com\/de\/wp-json\/wp\/v2\/pages"}],"about":[{"href":"https:\/\/properio.com\/de\/wp-json\/wp\/v2\/types\/page"}],"author":[{"embeddable":true,"href":"https:\/\/properio.com\/de\/wp-json\/wp\/v2\/users\/1"}],"replies":[{"embeddable":true,"href":"https:\/\/properio.com\/de\/wp-json\/wp\/v2\/comments?post=156148"}],"version-history":[{"count":0,"href":"https:\/\/properio.com\/de\/wp-json\/wp\/v2\/pages\/156148\/revisions"}],"wp:attachment":[{"href":"https:\/\/properio.com\/de\/wp-json\/wp\/v2\/media?parent=156148"}],"curies":[{"name":"wp","href":"https:\/\/api.w.org\/{rel}","templated":true}]}}