{"id":155656,"date":"2023-12-13T04:17:16","date_gmt":"2023-12-13T03:17:16","guid":{"rendered":"https:\/\/properio.com\/?post_type=product&#038;p=155656"},"modified":"2025-11-04T10:17:14","modified_gmt":"2025-11-04T09:17:14","slug":"kurkuma-koenzim-q10-fogkrem","status":"publish","type":"product","link":"https:\/\/properio.com\/cs\/e-shop\/kurkuma-koenzim-q10-fogkrem","title":{"rendered":"B\u011blic\u00ed zubn\u00ed pasta :kurkuma + koenzim Q10"},"content":{"rendered":"\t\t<div data-elementor-type=\"product-post\" data-elementor-id=\"155656\" class=\"elementor elementor-155656 elementor-155352\" data-elementor-post-type=\"product\">\n\t\t\t\t\t\t<section class=\"elementor-section elementor-top-section elementor-element elementor-element-4ca1988d elementor-section-boxed elementor-section-height-default elementor-section-height-default\" data-id=\"4ca1988d\" data-element_type=\"section\" data-e-type=\"section\">\n\t\t\t\t\t\t<div class=\"elementor-container elementor-column-gap-default\">\n\t\t\t\t\t<div class=\"elementor-column elementor-col-33 elementor-top-column elementor-element elementor-element-22db7e8d\" data-id=\"22db7e8d\" data-element_type=\"column\" data-e-type=\"column\">\n\t\t\t<div class=\"elementor-widget-wrap elementor-element-populated\">\n\t\t\t\t\t\t<div class=\"elementor-element elementor-element-756f7fb1 elementor-position-inline-start elementor-view-stacked elementor-shape-circle elementor-mobile-position-block-start elementor-widget elementor-widget-icon-box\" data-id=\"756f7fb1\" data-element_type=\"widget\" data-e-type=\"widget\" data-widget_type=\"icon-box.default\">\n\t\t\t\t<div class=\"elementor-widget-container\">\n\t\t\t\t\t\t\t<div class=\"elementor-icon-box-wrapper\">\n\n\t\t\t\t\t\t<div class=\"elementor-icon-box-icon\">\n\t\t\t\t<span  class=\"elementor-icon\">\n\t\t\t\t<svg xmlns=\"http:\/\/www.w3.org\/2000\/svg\" width=\"24\" height=\"24\" viewBox=\"0 0 24 24\" fill=\"none\"><g clip-path=\"url(#clip0_107_9)\"><path d=\"M5.43605 20.6464C5.36216 20.5783 5.27429 20.5243 5.17751 20.4874C5.08072 20.4505 4.97695 20.4315 4.87212 20.4315C4.7673 20.4315 4.66347 20.4505 4.56668 20.4874C4.4699 20.5243 4.38208 20.5783 4.30819 20.6464L4.0493 20.8836L3.77197 20.6464C3.62485 20.5117 3.42529 20.436 3.21723 20.436C3.00918 20.436 2.80967 20.5117 2.66256 20.6464C2.51544 20.7812 2.43279 20.964 2.43279 21.1546C2.43279 21.3452 2.51544 21.5279 2.66256 21.6627L2.92144 21.9167L2.66256 22.1539C2.5882 22.2216 2.5292 22.3021 2.48893 22.3907C2.44866 22.4794 2.42793 22.5744 2.42793 22.6704C2.42793 22.7665 2.44866 22.8615 2.48893 22.9502C2.5292 23.0388 2.5882 23.1193 2.66256 23.187C2.81316 23.3156 3.01136 23.3871 3.21723 23.3871C3.42311 23.3871 3.62136 23.3156 3.77197 23.187L3.99384 22.933L4.25272 23.187C4.40471 23.314 4.60175 23.3862 4.8074 23.3903C5.01911 23.3887 5.22293 23.3165 5.38059 23.187C5.52222 23.0463 5.60088 22.8619 5.60088 22.6704C5.60088 22.479 5.52222 22.2946 5.38059 22.1539L5.10325 21.9167L5.38059 21.6627C5.53281 21.5334 5.6238 21.3548 5.63417 21.1649C5.64453 20.975 5.57344 20.7889 5.43605 20.6464Z\" fill=\"#EC216C\"><\/path><path d=\"M19.5994 0.203198C19.4457 0.0734562 19.2444 0.00145942 19.0355 0.00145942C18.8265 0.00145942 18.6251 0.0734562 18.4715 0.203198L18.2126 0.457298L17.9353 0.203198C17.7868 0.0707696 17.5878 -0.0032959 17.3806 -0.0032959C17.1733 -0.0032959 16.9743 0.0707696 16.8259 0.203198C16.7515 0.270885 16.6925 0.351378 16.6523 0.440034C16.612 0.52869 16.5913 0.623799 16.5913 0.719822C16.5913 0.815845 16.612 0.910902 16.6523 0.999559C16.6925 1.08821 16.7515 1.16871 16.8259 1.23639L17.0847 1.47349L16.8259 1.72759C16.7521 1.79382 16.6935 1.87288 16.6534 1.96013C16.6134 2.04738 16.5928 2.14104 16.5928 2.23568C16.5928 2.33032 16.6134 2.42403 16.6534 2.51128C16.6935 2.59853 16.7521 2.67754 16.8259 2.74378C16.8968 2.81353 16.9827 2.86918 17.0781 2.90722C17.1735 2.94525 17.2765 2.9649 17.3806 2.9649C17.4846 2.9649 17.5876 2.94525 17.6831 2.90722C17.7785 2.86918 17.8644 2.81353 17.9353 2.74378L18.2126 2.50668L18.4715 2.74378C18.541 2.81506 18.6267 2.87168 18.7225 2.9097C18.8182 2.94771 18.9219 2.96623 19.0262 2.96397C19.1829 2.96462 19.3362 2.92287 19.4671 2.84395C19.5979 2.76502 19.7004 2.65247 19.7616 2.52038C19.8228 2.38829 19.8401 2.24255 19.8113 2.1015C19.7824 1.96045 19.7087 1.83039 19.5994 1.72759L19.322 1.47349L19.5994 1.23639C19.741 1.09565 19.8197 0.911245 19.8197 0.719822C19.8197 0.528399 19.741 0.343946 19.5994 0.203198Z\" fill=\"#EC216C\"><\/path><path d=\"M23.205 5.99576H22.8351V5.657C22.8351 5.46384 22.7514 5.27861 22.6023 5.14203C22.4532 5.00545 22.2509 4.92871 22.0401 4.92871C21.8292 4.92871 21.6269 5.00545 21.4778 5.14203C21.3287 5.27861 21.245 5.46384 21.245 5.657V5.99576H20.8752C20.6643 5.99576 20.4621 6.0725 20.313 6.20908C20.1639 6.34566 20.0801 6.53089 20.0801 6.72405C20.0801 6.91721 20.1639 7.10249 20.313 7.23907C20.4621 7.37565 20.6643 7.45234 20.8752 7.45234H21.245V7.7911C21.245 7.98426 21.3287 8.16949 21.4778 8.30607C21.6269 8.44265 21.8292 8.51939 22.0401 8.51939C22.2509 8.51939 22.4532 8.44265 22.6023 8.30607C22.7514 8.16949 22.8351 7.98426 22.8351 7.7911V7.45234H23.205C23.4158 7.45234 23.618 7.37565 23.7671 7.23907C23.9162 7.10249 24 6.91721 24 6.72405C24 6.53089 23.9162 6.34566 23.7671 6.20908C23.618 6.0725 23.4158 5.99576 23.205 5.99576Z\" fill=\"#EC216C\"><\/path><path d=\"M2.75498 4.96265V4.60693H3.14331C3.33101 4.58047 3.50215 4.49334 3.62581 4.3613C3.74947 4.22927 3.81744 4.06108 3.81744 3.88712C3.81744 3.71315 3.74947 3.54491 3.62581 3.41288C3.50215 3.28084 3.33101 3.19371 3.14331 3.16726H2.75498V2.81159C2.77241 2.7078 2.76513 2.60181 2.73365 2.50084C2.70216 2.39987 2.64724 2.30633 2.5726 2.22663C2.49796 2.14694 2.4054 2.08296 2.30125 2.03911C2.19709 1.99525 2.08381 1.97253 1.96917 1.97253C1.85454 1.97253 1.74126 1.99525 1.6371 2.03911C1.53295 2.08296 1.44038 2.14694 1.36574 2.22663C1.2911 2.30633 1.23618 2.39987 1.2047 2.50084C1.17322 2.60181 1.16594 2.7078 1.18337 2.81159V3.16726H0.795042C0.681743 3.15129 0.566027 3.15796 0.455803 3.18679C0.34558 3.21563 0.24346 3.26599 0.156458 3.33436C0.0694569 3.40274 -0.000382334 3.48752 -0.0482586 3.58293C-0.0961349 3.67834 -0.12088 3.78211 -0.12088 3.88712C-0.12088 3.99212 -0.0961349 4.09589 -0.0482586 4.1913C-0.000382334 4.28671 0.0694569 4.3715 0.156458 4.43987C0.24346 4.50824 0.34558 4.55855 0.455803 4.58739C0.566027 4.61623 0.681743 4.62289 0.795042 4.60693H1.18337V4.96265C1.21225 5.13459 1.30732 5.29136 1.45146 5.40463C1.5956 5.51791 1.77926 5.58016 1.96917 5.58016C2.15909 5.58016 2.34275 5.51791 2.48689 5.40463C2.63103 5.29136 2.7261 5.13459 2.75498 4.96265Z\" fill=\"#EC216C\"><\/path><path d=\"M12.2034 2.69298C12.0671 2.57872 11.889 2.51538 11.7042 2.51538C11.5194 2.51538 11.3413 2.57872 11.2049 2.69298C10.9461 2.89623 5.08475 7.77415 5.08475 13.9223C5.11607 15.4896 5.81246 16.984 7.02623 18.0889C8.05869 19.1032 9.44484 19.756 10.9461 19.9351V23.3225C10.9742 23.4859 11.0651 23.6348 11.2024 23.7423C11.3397 23.8498 11.5143 23.9088 11.6949 23.9088C11.8755 23.9088 12.0502 23.8498 12.1875 23.7423C12.3248 23.6348 12.4157 23.4859 12.4438 23.3225V19.9351C14.0368 19.7246 15.4978 19.0063 16.5699 17.9065C17.6419 16.8068 18.2563 15.396 18.3051 13.9223C18.3051 7.77415 12.4438 2.89623 12.2034 2.69298ZM10.9461 18.5462C9.75688 18.3377 8.67921 17.7678 7.88736 16.9287C7.09551 16.0896 6.63573 15.0304 6.58243 13.9223C6.58566 13.537 6.61657 13.1523 6.67492 12.7706L10.9461 16.7001V18.5462ZM10.9461 14.7692L7.02623 11.1616C7.25157 10.4539 7.5359 9.76305 7.87675 9.09524L10.9461 11.9068V14.7692ZM10.9461 9.97601L8.6533 7.87576C9.33035 6.8305 10.1102 5.84407 10.9831 4.9287L10.9461 9.97601ZM16.8074 13.9223C16.7541 15.0304 16.2944 16.0896 15.5025 16.9287C14.7107 17.7678 13.633 18.3377 12.4438 18.5462V16.7001L16.7335 12.7706C16.7705 13.1602 16.8074 13.5328 16.8074 13.9223ZM16.3636 11.1785L12.4438 14.7692V11.9068L15.5131 9.09524C15.857 9.76772 16.1414 10.4644 16.3636 11.1785ZM14.7365 7.87576L12.4438 9.97601V4.89485C13.3167 5.81021 14.0964 6.79665 14.7735 7.8419L14.7365 7.87576Z\" fill=\"#EC216C\"><\/path><\/g><defs><clipPath id=\"clip0_107_9\"><rect width=\"24\" height=\"24\" fill=\"white\"><\/rect><\/clipPath><\/defs><\/svg>\t\t\t\t<\/span>\n\t\t\t<\/div>\n\t\t\t\n\t\t\t\t\t\t<div class=\"elementor-icon-box-content\">\n\n\t\t\t\t\t\t\t\t\t<h5 class=\"elementor-icon-box-title\">\n\t\t\t\t\t\t<span  >\n\t\t\t\t\t\t\t94% OBSAH P\u0158\u00cdRODN\u00cdCH L\u00c1TEK\t\t\t\t\t\t<\/span>\n\t\t\t\t\t<\/h5>\n\t\t\t\t\n\t\t\t\t\t\t\t\t\t<p class=\"elementor-icon-box-description\">\n\t\t\t\t\t\tD\u00edky p\u0159\u00edrodn\u00edm l\u00e1tk\u00e1m je v\u00e1\u0161 \u00fasm\u011bv p\u0159irozen\u011b zdrav\u00fd.\t\t\t\t\t<\/p>\n\t\t\t\t\n\t\t\t<\/div>\n\t\t\t\n\t\t<\/div>\n\t\t\t\t\t\t<\/div>\n\t\t\t\t<\/div>\n\t\t\t\t\t<\/div>\n\t\t<\/div>\n\t\t\t\t<div class=\"elementor-column elementor-col-33 elementor-top-column elementor-element elementor-element-6b02695a\" data-id=\"6b02695a\" data-element_type=\"column\" data-e-type=\"column\">\n\t\t\t<div class=\"elementor-widget-wrap elementor-element-populated\">\n\t\t\t\t\t\t<div class=\"elementor-element elementor-element-21a34181 elementor-position-inline-start elementor-view-stacked elementor-shape-circle elementor-mobile-position-block-start elementor-widget elementor-widget-icon-box\" data-id=\"21a34181\" data-element_type=\"widget\" data-e-type=\"widget\" data-widget_type=\"icon-box.default\">\n\t\t\t\t<div class=\"elementor-widget-container\">\n\t\t\t\t\t\t\t<div class=\"elementor-icon-box-wrapper\">\n\n\t\t\t\t\t\t<div class=\"elementor-icon-box-icon\">\n\t\t\t\t<span  class=\"elementor-icon\">\n\t\t\t\t\t\t\t\t<\/span>\n\t\t\t<\/div>\n\t\t\t\n\t\t\t\t\t\t<div class=\"elementor-icon-box-content\">\n\n\t\t\t\t\t\t\t\t\t<h5 class=\"elementor-icon-box-title\">\n\t\t\t\t\t\t<span  >\n\t\t\t\t\t\t\tRDA 11 - N\u00edzk\u00e1 abrazivita\t\t\t\t\t\t<\/span>\n\t\t\t\t\t<\/h5>\n\t\t\t\t\n\t\t\t\t\t\t\t\t\t<p class=\"elementor-icon-box-description\">\n\t\t\t\t\t\tZubn\u00ed pasta je \u0161etrn\u00e1 k zubn\u00ed sklovin\u011b a \u010dist\u00ed bez obru\u0161ov\u00e1n\u00ed.\t\t\t\t\t<\/p>\n\t\t\t\t\n\t\t\t<\/div>\n\t\t\t\n\t\t<\/div>\n\t\t\t\t\t\t<\/div>\n\t\t\t\t<\/div>\n\t\t\t\t\t<\/div>\n\t\t<\/div>\n\t\t\t\t<div class=\"elementor-column elementor-col-33 elementor-top-column elementor-element elementor-element-2e728a61\" data-id=\"2e728a61\" data-element_type=\"column\" data-e-type=\"column\">\n\t\t\t<div class=\"elementor-widget-wrap elementor-element-populated\">\n\t\t\t\t\t\t<div class=\"elementor-element elementor-element-4f0285f elementor-position-inline-start elementor-view-stacked elementor-shape-circle elementor-mobile-position-block-start elementor-widget elementor-widget-icon-box\" data-id=\"4f0285f\" data-element_type=\"widget\" data-e-type=\"widget\" data-widget_type=\"icon-box.default\">\n\t\t\t\t<div class=\"elementor-widget-container\">\n\t\t\t\t\t\t\t<div class=\"elementor-icon-box-wrapper\">\n\n\t\t\t\t\t\t<div class=\"elementor-icon-box-icon\">\n\t\t\t\t<span  class=\"elementor-icon\">\n\t\t\t\t<svg xmlns=\"http:\/\/www.w3.org\/2000\/svg\" xmlns:xlink=\"http:\/\/www.w3.org\/1999\/xlink\" id=\"Layer_1\" x=\"0px\" y=\"0px\" viewBox=\"0 0 20 20\" style=\"enable-background:new 0 0 20 20;\" xml:space=\"preserve\"><style type=\"text\/css\">\t.st0{fill-rule:evenodd;clip-rule:evenodd;fill:#D93A6D;}<\/style><path class=\"st0\" d=\"M0,3c0-1.11,0.9-2,2-2h11c3.87,0,7,3.13,7,7v6.87c0,0.62-0.51,1.13-1.13,1.13h-0.91c-0.24,1.7-1.7,3-3.46,3 s-3.22-1.3-3.46-3H7.96c-0.24,1.7-1.7,3-3.46,3c-1.45,0-2.69-0.88-3.22-2.14C0.53,16.58,0,15.85,0,15v-4V9V3z M7.66,14h3.68 c0.34-0.73,0.93-1.32,1.66-1.66V11H2v2.05C2.64,12.4,3.52,12,4.5,12C5.9,12,7.1,12.82,7.66,14z M13,15.5c0,0.83,0.67,1.5,1.5,1.5 s1.5-0.67,1.5-1.5S15.33,14,14.5,14S13,14.67,13,15.5z M2,9h11V3H2V9z M15,12.04c1.18,0.17,2.17,0.93,2.66,1.96H18V9h-3V12.04z  M15,7h2.9c-0.33-1.61-1.43-2.94-2.9-3.58V7z M4.5,14C3.67,14,3,14.67,3,15.5S3.67,17,4.5,17S6,16.33,6,15.5S5.33,14,4.5,14z\"><\/path><\/svg>\t\t\t\t<\/span>\n\t\t\t<\/div>\n\t\t\t\n\t\t\t\t\t\t<div class=\"elementor-icon-box-content\">\n\n\t\t\t\t\t\t\t\t\t<h5 class=\"elementor-icon-box-title\">\n\t\t\t\t\t\t<span  >\n\t\t\t\t\t\t\tDOPRAVA ZDARMA\t\t\t\t\t\t<\/span>\n\t\t\t\t\t<\/h5>\n\t\t\t\t\n\t\t\t\t\t\t\t\t\t<p class=\"elementor-icon-box-description\">\n\t\t\t\t\t\tP\u0159i n\u00e1kupu nad 40 EUR doprava zdarma.\t\t\t\t\t<\/p>\n\t\t\t\t\n\t\t\t<\/div>\n\t\t\t\n\t\t<\/div>\n\t\t\t\t\t\t<\/div>\n\t\t\t\t<\/div>\n\t\t\t\t\t<\/div>\n\t\t<\/div>\n\t\t\t\t\t<\/div>\n\t\t<\/section>\n\t\t\t\t<section class=\"elementor-section elementor-top-section elementor-element elementor-element-1e3dcc95 elementor-section-boxed elementor-section-height-default elementor-section-height-default\" data-id=\"1e3dcc95\" data-element_type=\"section\" data-e-type=\"section\">\n\t\t\t\t\t\t<div class=\"elementor-container elementor-column-gap-default\">\n\t\t\t\t\t<div class=\"elementor-column elementor-col-100 elementor-top-column elementor-element elementor-element-1c49d320\" data-id=\"1c49d320\" data-element_type=\"column\" data-e-type=\"column\">\n\t\t\t<div class=\"elementor-widget-wrap elementor-element-populated\">\n\t\t\t\t\t\t<div class=\"elementor-element elementor-element-452574a4 elementor-widget elementor-widget-text-editor\" data-id=\"452574a4\" data-element_type=\"widget\" data-e-type=\"widget\" data-widget_type=\"text-editor.default\">\n\t\t\t\t<div class=\"elementor-widget-container\">\n\t\t\t\t\t\t\t\t\t<p><strong>Pro koho<\/strong><\/p><p>Je ur\u010dena pro ty, kte\u0159\u00ed pravideln\u011b konzumuj\u00ed potraviny zabarvuj\u00edc\u00ed zubn\u00ed sklovinu, nap\u0159\u00edklad k\u00e1vu, \u010daj nebo \u010derven\u00e9 v\u00edno.<\/p><p><strong>Jak funguje<\/strong><\/p><ul><li data-start=\"28\" data-end=\"69\"><p data-start=\"30\" data-end=\"69\">odstra\u0148uje skvrny ze zubn\u00ed skloviny<\/p><\/li><li data-start=\"70\" data-end=\"114\"><p data-start=\"72\" data-end=\"114\">chr\u00e1n\u00ed d\u00e1sn\u011b a posiluje zubn\u00ed sklovinu<\/p><\/li><li data-start=\"115\" data-end=\"189\"><p data-start=\"117\" data-end=\"189\">jemn\u00fd abrazivn\u00ed \u00fa\u010dinek (RDA 11), vhodn\u00e1 i pro sonick\u00e9 zubn\u00ed kart\u00e1\u010dky<\/p><\/li><li data-start=\"190\" data-end=\"240\"><p data-start=\"192\" data-end=\"240\">udr\u017euje p\u0159irozenou mikrofl\u00f3ru v \u00fastn\u00ed dutin\u011b<\/p><\/li><li data-start=\"241\" data-end=\"282\" data-is-last-node=\"\"><p data-start=\"243\" data-end=\"282\" data-is-last-node=\"\">zaji\u0161\u0165uje dlouhotrvaj\u00edc\u00ed sv\u011b\u017e\u00ed dech<\/p><\/li><\/ul><p>\u00a0<\/p><p><strong>Aktivn\u00ed l\u00e1tky a jejich \u00fa\u010dinky<\/strong><\/p><ul><li><strong>Extrakt z kurkumy<\/strong> \u2013 antioxidant, p\u0159edch\u00e1z\u00ed z\u00e1n\u011btu d\u00e1sn\u00ed. *<\/li><li><strong data-start=\"92\" data-end=\"140\">Koenzym Q10 <\/strong>\u2013 antioxidant, regeneruje d\u00e1sn\u011b.<\/li><li><strong data-start=\"143\" data-end=\"215\">Fluor a v\u00e1pn\u00edk <\/strong>\u2013 chr\u00e1n\u00ed p\u0159ed zubn\u00edm kazem a posiluj\u00ed zubn\u00ed sklovinu.<\/li><li><strong data-start=\"218\" data-end=\"312\">Enzym gluk\u00f3zoxid\u00e1za <\/strong>\u2013 zachov\u00e1v\u00e1 p\u0159irozenou mikrofl\u00f3ru a zaji\u0161\u0165uje p\u0159irozen\u00fd b\u011bl\u00edc\u00ed \u00fa\u010dinek.<\/li><li><strong data-start=\"315\" data-end=\"396\" data-is-last-node=\"\">Eukalyptus a citron <\/strong>\u2013 maj\u00ed antibakteri\u00e1ln\u00ed vlastnosti a zaji\u0161\u0165uj\u00ed sv\u011b\u017e\u00ed dech.<\/li><\/ul><p>\u00a0<\/p><p><strong>\u010c\u00edm je speci\u00e1ln\u00ed<\/strong><\/p><p>Podle \u00e1jurv\u00e9dy je kurkuma zn\u00e1m\u00e1 sv\u00fdmi mnoha blahod\u00e1rn\u00fdmi \u00fa\u010dinky na lidsk\u00fd organismus. Jako rostlina p\u0159edstavuje p\u0159irozen\u011bj\u0161\u00ed a snadn\u011bji p\u0159ij\u00edmanou formu terapie p\u0159i probl\u00e9mech v \u00fastn\u00ed dutin\u011b. Podporuje regeneraci d\u00e1sn\u00ed, p\u0159edch\u00e1z\u00ed z\u00e1n\u011bt\u016fm a krv\u00e1cen\u00ed a z\u00e1rove\u0148 sni\u017euje vznik mikrobi\u00e1ln\u00edho plaku. **<\/p><p>\u00a0<\/p><p><strong>Pou\u017e\u00edv\u00e1n\u00ed<\/strong><\/p><p data-start=\"28\" data-end=\"88\">Pou\u017e\u00edvejte dvakr\u00e1t denn\u011b. Vhodn\u00e1 pro ka\u017edodenn\u00ed pou\u017eit\u00ed.<\/p><p data-start=\"90\" data-end=\"333\" data-is-last-node=\"\" data-is-only-node=\"\"><strong data-start=\"90\" data-end=\"122\">D\u011bti ve v\u011bku 6 let a mlad\u0161\u00ed:<\/strong> naneste na kart\u00e1\u010dek mno\u017estv\u00ed o velikosti hr\u00e1\u0161ku a dbejte na to, aby d\u00edt\u011b p\u0159i \u010di\u0161t\u011bn\u00ed spolykalo co nejm\u00e9n\u011b zubn\u00ed pasty. Pokud d\u00edt\u011b p\u0159ij\u00edm\u00e1 fluor z jin\u00fdch zdroj\u016f, pora\u010fte se se sv\u00fdm zubn\u00edm l\u00e9ka\u0159em nebo l\u00e9ka\u0159em!<\/p><p>*<strong>P\u0159\u00edrodn\u00ed extrakt z kurkumy<\/strong> \u2013 schv\u00e1len\u00fd a certifikovan\u00fd spole\u010dnost\u00ed COSMOS; z\u00edsk\u00e1v\u00e1 se \u0161etrnou superkritickou extrakc\u00ed CO\u2082.<\/p><p><strong>**V\u00edce o roli kurkuminu v p\u00e9\u010di o zuby:<\/strong><\/p><p>https:\/\/pubmed.ncbi.nlm.nih.gov\/23162334\/<\/p><p>https:\/\/www.ncbi.nlm.nih.gov\/pmc\/articles\/PMC3633300\/<\/p>\t\t\t\t\t\t\t\t<\/div>\n\t\t\t\t<\/div>\n\t\t\t\t\t<\/div>\n\t\t<\/div>\n\t\t\t\t\t<\/div>\n\t\t<\/section>\n\t\t\t\t<section class=\"elementor-section elementor-top-section elementor-element elementor-element-36506b58 elementor-section-boxed elementor-section-height-default elementor-section-height-default\" data-id=\"36506b58\" data-element_type=\"section\" data-e-type=\"section\">\n\t\t\t\t\t\t<div class=\"elementor-container elementor-column-gap-default\">\n\t\t\t\t\t<div class=\"elementor-column elementor-col-100 elementor-top-column elementor-element elementor-element-15cdca45\" data-id=\"15cdca45\" data-element_type=\"column\" data-e-type=\"column\">\n\t\t\t<div class=\"elementor-widget-wrap elementor-element-populated\">\n\t\t\t\t\t\t<div class=\"elementor-element elementor-element-6224633a elementor-widget elementor-widget-toggle\" data-id=\"6224633a\" data-element_type=\"widget\" data-e-type=\"widget\" data-widget_type=\"toggle.default\">\n\t\t\t\t<div class=\"elementor-widget-container\">\n\t\t\t\t\t\t\t<div class=\"elementor-toggle\">\n\t\t\t\t\t\t\t<div class=\"elementor-toggle-item\">\n\t\t\t\t\t<div id=\"elementor-tab-title-1641\" class=\"elementor-tab-title\" data-tab=\"1\" role=\"button\" aria-controls=\"elementor-tab-content-1641\" aria-expanded=\"false\">\n\t\t\t\t\t\t\t\t\t\t\t\t<span class=\"elementor-toggle-icon elementor-toggle-icon-left\" aria-hidden=\"true\">\n\t\t\t\t\t\t\t\t\t\t\t\t\t\t\t<span class=\"elementor-toggle-icon-closed\"><i class=\"fas fa-caret-right\"><\/i><\/span>\n\t\t\t\t\t\t\t\t<span class=\"elementor-toggle-icon-opened\"><i class=\"elementor-toggle-icon-opened fas fa-caret-up\"><\/i><\/span>\n\t\t\t\t\t\t\t\t\t\t\t\t\t<\/span>\n\t\t\t\t\t\t\t\t\t\t\t\t<a class=\"elementor-toggle-title\" tabindex=\"0\">Slo\u017een\u00ed:<\/a>\n\t\t\t\t\t<\/div>\n\n\t\t\t\t\t<div id=\"elementor-tab-content-1641\" class=\"elementor-tab-content elementor-clearfix\" data-tab=\"1\" role=\"region\" aria-labelledby=\"elementor-tab-title-1641\"><p data-start=\"28\" data-end=\"476\">Sorbitol*, Aqua*, Glycerin*, Hydrated Silica*, Sodium Lauroyl Sarcosinate*, Sodium Citrate, Cellulose Gum*, Sodium Monofluorophosphate, Calcium Glycerophosphate, Xanthan Gum*, Eucalyptus Globulus Leaf Oil*, Potassium Nitrate, Citrus Limon Peel Oil*, Ubiquinone*, Sodium Saccharin, Menthol*, Curcuma Longa (Turmeric) Root Extract*, Phenoxyethanol, Ethylhexylglycerin, Eugenia Caryophyllus Flower Oil*, Glucose Oxidase*, Limonene*, Eugenol*, Citral*.<\/p><p data-start=\"478\" data-end=\"533\">Obsahuje monofluorofosfore\u010dnan sodn\u00fd (1319 ppm F\u207b).<\/p><p data-start=\"535\" data-end=\"554\" data-is-last-node=\"\" data-is-only-node=\"\">MNO\u017dSTV\u00cd: 75 ml<\/p><\/div>\n\t\t\t\t<\/div>\n\t\t\t\t\t\t\t\t<\/div>\n\t\t\t\t\t\t<\/div>\n\t\t\t\t<\/div>\n\t\t\t\t<div class=\"elementor-element elementor-element-312cd94a elementor-widget elementor-widget-spacer\" data-id=\"312cd94a\" data-element_type=\"widget\" data-e-type=\"widget\" data-widget_type=\"spacer.default\">\n\t\t\t\t<div class=\"elementor-widget-container\">\n\t\t\t\t\t\t\t<div class=\"elementor-spacer\">\n\t\t\t<div class=\"elementor-spacer-inner\"><\/div>\n\t\t<\/div>\n\t\t\t\t\t\t<\/div>\n\t\t\t\t<\/div>\n\t\t\t\t\t<\/div>\n\t\t<\/div>\n\t\t\t\t\t<\/div>\n\t\t<\/section>\n\t\t\t\t<\/div>\n\t\t","protected":false},"excerpt":{"rendered":"<p>B\u011blic\u00ed zubn\u00ed pasta s kombinac\u00ed extraktu z kurkumy a antioxidantu koenzymu Q10, kter\u00e1 regeneruje d\u00e1sn\u011b, posiluje zubn\u00ed sklovinu a odstra\u0148uje zabarven\u00ed zp\u016fsoben\u00e9 konzumac\u00ed k\u00e1vy a \u010daje.<\/p>\n<p>75 ml<\/p>\n","protected":false},"featured_media":158488,"comment_status":"closed","ping_status":"closed","template":"","meta":[],"product_brand":[],"product_cat":[497],"product_tag":[],"woo-feed-brand":[],"class_list":{"0":"post-155656","1":"product","2":"type-product","3":"status-publish","4":"has-post-thumbnail","6":"product_cat-zubni-pasty","8":"first","9":"instock","10":"taxable","11":"shipping-taxable","12":"purchasable","13":"product-type-simple"},"_links":{"self":[{"href":"https:\/\/properio.com\/cs\/wp-json\/wp\/v2\/product\/155656","targetHints":{"allow":["GET"]}}],"collection":[{"href":"https:\/\/properio.com\/cs\/wp-json\/wp\/v2\/product"}],"about":[{"href":"https:\/\/properio.com\/cs\/wp-json\/wp\/v2\/types\/product"}],"replies":[{"embeddable":true,"href":"https:\/\/properio.com\/cs\/wp-json\/wp\/v2\/comments?post=155656"}],"version-history":[{"count":0,"href":"https:\/\/properio.com\/cs\/wp-json\/wp\/v2\/product\/155656\/revisions"}],"wp:featuredmedia":[{"embeddable":true,"href":"https:\/\/properio.com\/cs\/wp-json\/wp\/v2\/media\/158488"}],"wp:attachment":[{"href":"https:\/\/properio.com\/cs\/wp-json\/wp\/v2\/media?parent=155656"}],"wp:term":[{"taxonomy":"product_brand","embeddable":true,"href":"https:\/\/properio.com\/cs\/wp-json\/wp\/v2\/product_brand?post=155656"},{"taxonomy":"product_cat","embeddable":true,"href":"https:\/\/properio.com\/cs\/wp-json\/wp\/v2\/product_cat?post=155656"},{"taxonomy":"product_tag","embeddable":true,"href":"https:\/\/properio.com\/cs\/wp-json\/wp\/v2\/product_tag?post=155656"},{"taxonomy":"woo-feed-brand","embeddable":true,"href":"https:\/\/properio.com\/cs\/wp-json\/wp\/v2\/woo-feed-brand?post=155656"}],"curies":[{"name":"wp","href":"https:\/\/api.w.org\/{rel}","templated":true}]}}