{"id":146186,"date":"2023-03-21T11:40:04","date_gmt":"2023-03-21T10:40:04","guid":{"rendered":"https:\/\/bielaperla.sk\/?post_type=product&#038;p=146186"},"modified":"2026-03-31T11:36:16","modified_gmt":"2026-03-31T09:36:16","slug":"domaci-beleni-zubu-triple-action-oxi","status":"publish","type":"product","link":"https:\/\/properio.com\/cs\/e-shop\/domaci-beleni-zubu-triple-action-oxi","title":{"rendered":"Dom\u00e1c\u00ed b\u011blen\u00ed zub\u016f Triple action OXI+"},"content":{"rendered":"\t\t<div data-elementor-type=\"product-post\" data-elementor-id=\"146186\" class=\"elementor elementor-146186\" data-elementor-post-type=\"product\">\n\t\t\t\t\t\t<section class=\"elementor-section elementor-top-section elementor-element elementor-element-6ea7e473 elementor-section-content-middle elementor-section-boxed elementor-section-height-default elementor-section-height-default\" data-id=\"6ea7e473\" data-element_type=\"section\" data-e-type=\"section\" data-settings=\"{&quot;background_background&quot;:&quot;classic&quot;}\">\n\t\t\t\t\t\t<div class=\"elementor-container elementor-column-gap-default\">\n\t\t\t\t\t<div class=\"elementor-column elementor-col-50 elementor-top-column elementor-element elementor-element-519055ea\" data-id=\"519055ea\" data-element_type=\"column\" data-e-type=\"column\" data-settings=\"{&quot;background_background&quot;:&quot;classic&quot;}\">\n\t\t\t<div class=\"elementor-widget-wrap elementor-element-populated\">\n\t\t\t\t\t\t<div class=\"elementor-element elementor-element-340b533e elementor-widget elementor-widget-heading\" data-id=\"340b533e\" data-element_type=\"widget\" data-e-type=\"widget\" data-widget_type=\"heading.default\">\n\t\t\t\t<div class=\"elementor-widget-container\">\n\t\t\t\t\t<h2 class=\"elementor-heading-title elementor-size-default\">Klinicky testovan\u00e9<\/h2>\t\t\t\t<\/div>\n\t\t\t\t<\/div>\n\t\t\t\t<section class=\"elementor-section elementor-inner-section elementor-element elementor-element-e1412e8 elementor-section-boxed elementor-section-height-default elementor-section-height-default\" data-id=\"e1412e8\" data-element_type=\"section\" data-e-type=\"section\">\n\t\t\t\t\t\t<div class=\"elementor-container elementor-column-gap-default\">\n\t\t\t\t\t<div class=\"elementor-column elementor-col-33 elementor-inner-column elementor-element elementor-element-dea42e2\" data-id=\"dea42e2\" data-element_type=\"column\" data-e-type=\"column\">\n\t\t\t<div class=\"elementor-widget-wrap elementor-element-populated\">\n\t\t\t\t\t\t<div class=\"elementor-element elementor-element-2e6ed6df elementor-widget elementor-widget-heading\" data-id=\"2e6ed6df\" data-element_type=\"widget\" data-e-type=\"widget\" data-widget_type=\"heading.default\">\n\t\t\t\t<div class=\"elementor-widget-container\">\n\t\t\t\t\t<h6 class=\"elementor-heading-title elementor-size-default\">V\u00ddSLEDEK B\u011aLEN\u00cd BYL PO 5 DNECH USPOKOJIV\u00dd.<\/h6>\t\t\t\t<\/div>\n\t\t\t\t<\/div>\n\t\t\t\t\t<\/div>\n\t\t<\/div>\n\t\t\t\t<div class=\"elementor-column elementor-col-33 elementor-inner-column elementor-element elementor-element-25a80816\" data-id=\"25a80816\" data-element_type=\"column\" data-e-type=\"column\">\n\t\t\t<div class=\"elementor-widget-wrap elementor-element-populated\">\n\t\t\t\t\t\t<div class=\"elementor-element elementor-element-73467637 elementor-widget elementor-widget-heading\" data-id=\"73467637\" data-element_type=\"widget\" data-e-type=\"widget\" data-widget_type=\"heading.default\">\n\t\t\t\t<div class=\"elementor-widget-container\">\n\t\t\t\t\t<h6 class=\"elementor-heading-title elementor-size-default\">ZESV\u011aTLEN\u00c9 ZUBY BYLY HLAD\u0160\u00cd A LESKLEJ\u0160\u00cd.<\/h6>\t\t\t\t<\/div>\n\t\t\t\t<\/div>\n\t\t\t\t\t<\/div>\n\t\t<\/div>\n\t\t\t\t<div class=\"elementor-column elementor-col-33 elementor-inner-column elementor-element elementor-element-7458c37e\" data-id=\"7458c37e\" data-element_type=\"column\" data-e-type=\"column\">\n\t\t\t<div class=\"elementor-widget-wrap elementor-element-populated\">\n\t\t\t\t\t\t<div class=\"elementor-element elementor-element-2cb4d51 elementor-widget elementor-widget-heading\" data-id=\"2cb4d51\" data-element_type=\"widget\" data-e-type=\"widget\" data-widget_type=\"heading.default\">\n\t\t\t\t<div class=\"elementor-widget-container\">\n\t\t\t\t\t<h6 class=\"elementor-heading-title elementor-size-default\">NEBYLY ZAZNAMEN\u00c1NY VEDLEJ\u0160\u00cd \u00da\u010cINKY ANI CITLIVOST ZUB\u016e.<\/h6>\t\t\t\t<\/div>\n\t\t\t\t<\/div>\n\t\t\t\t\t<\/div>\n\t\t<\/div>\n\t\t\t\t\t<\/div>\n\t\t<\/section>\n\t\t\t\t\t<\/div>\n\t\t<\/div>\n\t\t\t\t<div class=\"elementor-column elementor-col-50 elementor-top-column elementor-element elementor-element-27e3ac3d\" data-id=\"27e3ac3d\" data-element_type=\"column\" data-e-type=\"column\" data-settings=\"{&quot;background_background&quot;:&quot;slideshow&quot;,&quot;background_slideshow_gallery&quot;:[{&quot;id&quot;:146188,&quot;url&quot;:&quot;https:\\\/\\\/properio.com\\\/wp-content\\\/uploads\\\/Triple-Action-OXI-obsah-krabicky-SK.jpg&quot;}],&quot;background_slideshow_loop&quot;:&quot;yes&quot;,&quot;background_slideshow_slide_duration&quot;:5000,&quot;background_slideshow_slide_transition&quot;:&quot;fade&quot;,&quot;background_slideshow_transition_duration&quot;:500}\">\n\t\t\t<div class=\"elementor-widget-wrap elementor-element-populated\">\n\t\t\t\t\t<div class=\"elementor-background-overlay\"><\/div>\n\t\t\t\t\t\t<div class=\"elementor-element elementor-element-2c7c0520 elementor-widget elementor-widget-spacer\" data-id=\"2c7c0520\" data-element_type=\"widget\" data-e-type=\"widget\" data-widget_type=\"spacer.default\">\n\t\t\t\t<div class=\"elementor-widget-container\">\n\t\t\t\t\t\t\t<div class=\"elementor-spacer\">\n\t\t\t<div class=\"elementor-spacer-inner\"><\/div>\n\t\t<\/div>\n\t\t\t\t\t\t<\/div>\n\t\t\t\t<\/div>\n\t\t\t\t\t<\/div>\n\t\t<\/div>\n\t\t\t\t\t<\/div>\n\t\t<\/section>\n\t\t\t\t<section class=\"elementor-section elementor-top-section elementor-element elementor-element-7694d458 elementor-section-boxed elementor-section-height-default elementor-section-height-default\" data-id=\"7694d458\" data-element_type=\"section\" data-e-type=\"section\">\n\t\t\t\t\t\t<div class=\"elementor-container elementor-column-gap-default\">\n\t\t\t\t\t<div class=\"elementor-column elementor-col-100 elementor-top-column elementor-element elementor-element-6551e9b5\" data-id=\"6551e9b5\" data-element_type=\"column\" data-e-type=\"column\">\n\t\t\t<div class=\"elementor-widget-wrap elementor-element-populated\">\n\t\t\t\t\t\t<div class=\"elementor-element elementor-element-3f44518 elementor-widget elementor-widget-text-editor\" data-id=\"3f44518\" data-element_type=\"widget\" data-e-type=\"widget\" data-widget_type=\"text-editor.default\">\n\t\t\t\t<div class=\"elementor-widget-container\">\n\t\t\t\t\t\t\t\t\t<p><strong>Pro koho<\/strong><\/p><p>Syst\u00e9m je urc\u030cen\u00fd pro ka\u017ed\u00e9ho, kdo si chce vyb\u011blit zuby modern\u00edm zp\u016fsobem s pou\u017eit\u00edm oxida\u010dn\u00ed receptury OXI+, a to z pohodl\u00ed domova.<\/p><p><strong>Jak funguje<\/strong><\/p><ul><li>Vysok\u00e1 \u00fa\u010dinnost \u2013 viditeln\u00fd b\u011blic\u00ed efekt.<\/li><li>Bezpe\u010dn\u00e9 b\u011blen\u00ed pro sklovinu a d\u00e1sn\u011b.<\/li><li>Kr\u00e1tk\u00e9 trv\u00e1n\u00ed cel\u00e9 k\u00fary\u2013 5 dn\u00ed.<\/li><li>Kr\u00e1tk\u00fd \u010das aplikace na zuby \u2013 10-20 minut.<\/li><li>Jedine\u010dn\u00e9 tvarovateln\u00e9 aplik\u00e1tory umo\u017e\u0148uj\u00ed individu\u00e1ln\u00ed p\u0159izp\u016fsoben\u00ed se zub\u016fm.<\/li><\/ul><p>* v\u00fdsledky b\u011blen\u00ed jsou individu\u00e1ln\u00ed v z\u00e1vislosti na typu zubn\u00ed skloviny a p\u0159esn\u00e9m dodr\u017eov\u00e1n\u00ed pokyn\u016f b\u011bhem b\u011blen\u00ed.<\/p><p><strong>Obsah<\/strong><\/p><ul><li>3 \u00fa\u010dinn\u00e9 gely :inicia\u010dn\u00ed, :aktiva\u010dn\u00ed a :b\u011blic\u00ed gel<\/li><li>2 tvarovateln\u00e9 aplik\u00e1tory + krabi\u010dka na aplik\u00e1tory<\/li><li>n\u00e1vod k pou\u017eit\u00ed se \u0161k\u00e1lou b\u011blosti<\/li><\/ul><p>\u00a0<\/p><p><strong>Aktivn\u00ed l\u00e1tky a jejich \u00fa\u010dinky<\/strong><\/p><ul><li><strong>PAP\u00a0\u2013<\/strong> odstra\u0148uje skvrny z povrchu zubn\u00ed skloviny oxida\u010dn\u00edm zp\u016fsobem.<\/li><li><strong>Enzym (gluk\u00f3zo-oxid\u00e1za) \u2013<\/strong> pom\u00e1h\u00e1 vytv\u00e1\u0159et p\u0159irozenou \u00fastn\u00ed mikrofl\u00f3ru a zaji\u0161\u0165uje enzymatick\u00e9 b\u011blen\u00ed povrchov\u00fdch zne\u010di\u0161t\u011bn\u00ed zubn\u00ed skloviny.\u00a0<\/li><li><strong>Chloritan sodn\u00fd + kyselina citr\u00f3nov\u00e1 \u2013<\/strong> zaji\u0161\u0165uj\u00ed dvouf\u00e1zov\u00e9 b\u011blen\u00ed zub\u016f a odstra\u0148uj\u00ed hloubkov\u00e9 zne\u010di\u0161t\u011bn\u00ed ze zubn\u00ed skloviny. \u00a0<\/li><\/ul><p>\u00a0<\/p><p><strong>\u010c\u00edm je speci\u00e1ln\u00ed<\/strong><\/p><ul><li>Vyb\u011bl\u00ed skvrny na zubn\u00ed sklovin\u011b zp\u016fsoben\u00e9 dlouhodob\u00fdm a pravideln\u00fdm konzumov\u00e1n\u00edm zabarvuj\u00edc\u00edch j\u00eddel a n\u00e1poj\u016f nebo kou\u0159en\u00edm.<\/li><li>Testovan\u00fd stomatology.<\/li><li>Nezp\u016fsobuje citlivost zub\u016f a d\u00e1sn\u00ed.<\/li><\/ul><p>\u00a0<\/p><p><strong>Pou\u017e\u00edv\u00e1n\u00ed<\/strong><\/p><p>Aplikujte pomoc\u00ed speci\u00e1ln\u011b tvarovateln\u00fdch aplik\u00e1tor\u016f po dobu 10-20 minut 1-2x denn\u011b. V\u00fdrobek nen\u00ed ur\u010den\u00fd osob\u00e1m mlad\u0161\u00edm 14 let, t\u011bhotn\u00fdm a koj\u00edc\u00edm \u017een\u00e1m, lidem s\u00a0jak\u00fdmikoliv probl\u00e9my s\u00a0d\u00e1sn\u011bmi (krv\u00e1cen\u00ed, z\u00e1n\u011bty, paradont\u00f3za) nebo p\u0159i alergii na jakoukoliv slo\u017eku v\u00fdrobku.<\/p>\t\t\t\t\t\t\t\t<\/div>\n\t\t\t\t<\/div>\n\t\t\t\t\t<\/div>\n\t\t<\/div>\n\t\t\t\t\t<\/div>\n\t\t<\/section>\n\t\t\t\t<section class=\"elementor-section elementor-top-section elementor-element elementor-element-2aa0f9ae elementor-section-boxed elementor-section-height-default elementor-section-height-default\" data-id=\"2aa0f9ae\" data-element_type=\"section\" data-e-type=\"section\">\n\t\t\t\t\t\t<div class=\"elementor-container elementor-column-gap-default\">\n\t\t\t\t\t<div class=\"elementor-column elementor-col-100 elementor-top-column elementor-element elementor-element-7243487e\" data-id=\"7243487e\" data-element_type=\"column\" data-e-type=\"column\">\n\t\t\t<div class=\"elementor-widget-wrap elementor-element-populated\">\n\t\t\t\t\t\t<div class=\"elementor-element elementor-element-46124e37 elementor-widget elementor-widget-text-editor\" data-id=\"46124e37\" data-element_type=\"widget\" data-e-type=\"widget\" data-widget_type=\"text-editor.default\">\n\t\t\t\t<div class=\"elementor-widget-container\">\n\t\t\t\t\t\t\t\t\t<p><strong>Dokumenty na stiahnutie<\/strong><\/p><p><span style=\"text-decoration: underline;\"><a href=\"https:\/\/properio.com\/wp-content\/uploads\/properio-letak-tripleaction-CZ-7_2023_Q_PRINT.pdf\">Pr\u00edbalov\u00fd let\u00e1k<\/a><\/span><\/p>\t\t\t\t\t\t\t\t<\/div>\n\t\t\t\t<\/div>\n\t\t\t\t\t<\/div>\n\t\t<\/div>\n\t\t\t\t\t<\/div>\n\t\t<\/section>\n\t\t\t\t<section class=\"elementor-section elementor-top-section elementor-element elementor-element-144fab36 elementor-section-boxed elementor-section-height-default elementor-section-height-default\" data-id=\"144fab36\" data-element_type=\"section\" data-e-type=\"section\">\n\t\t\t\t\t\t<div class=\"elementor-container elementor-column-gap-default\">\n\t\t\t\t\t<div class=\"elementor-column elementor-col-100 elementor-top-column elementor-element elementor-element-69c7ba7c\" data-id=\"69c7ba7c\" data-element_type=\"column\" data-e-type=\"column\">\n\t\t\t<div class=\"elementor-widget-wrap elementor-element-populated\">\n\t\t\t\t\t\t<div class=\"elementor-element elementor-element-52476203 elementor-widget elementor-widget-toggle\" data-id=\"52476203\" data-element_type=\"widget\" data-e-type=\"widget\" data-widget_type=\"toggle.default\">\n\t\t\t\t<div class=\"elementor-widget-container\">\n\t\t\t\t\t\t\t<div class=\"elementor-toggle\">\n\t\t\t\t\t\t\t<div class=\"elementor-toggle-item\">\n\t\t\t\t\t<div id=\"elementor-tab-title-1381\" class=\"elementor-tab-title\" data-tab=\"1\" role=\"button\" aria-controls=\"elementor-tab-content-1381\" aria-expanded=\"false\">\n\t\t\t\t\t\t\t\t\t\t\t\t<span class=\"elementor-toggle-icon elementor-toggle-icon-left\" aria-hidden=\"true\">\n\t\t\t\t\t\t\t\t\t\t\t\t\t\t\t<span class=\"elementor-toggle-icon-closed\"><i class=\"fas fa-caret-right\"><\/i><\/span>\n\t\t\t\t\t\t\t\t<span class=\"elementor-toggle-icon-opened\"><i class=\"elementor-toggle-icon-opened fas fa-caret-up\"><\/i><\/span>\n\t\t\t\t\t\t\t\t\t\t\t\t\t<\/span>\n\t\t\t\t\t\t\t\t\t\t\t\t<a class=\"elementor-toggle-title\" tabindex=\"0\">Slo\u017een\u00ed<\/a>\n\t\t\t\t\t<\/div>\n\n\t\t\t\t\t<div id=\"elementor-tab-content-1381\" class=\"elementor-tab-content elementor-clearfix\" data-tab=\"1\" role=\"region\" aria-labelledby=\"elementor-tab-title-1381\"><p><strong>:inicia\u010dn\u00ed g\u00e9l 50ml<\/strong><\/p><p>Ingredients: Aqua, Sorbitol, Glycerin, Hydrated Silica, Phthalimidoperoxycaproic Acid, Cellulose Gum, Xanthan Gum, Menthol, Titanium Dioxide, Mica, Methylparaben, Propylene Glycol.\u00a0<\/p><p><strong>:aktiva\u010dn\u00ed gel 8ml<\/strong><\/p><p>Ingredients: Aqua, Sodium Chlorite, Xanthan Gum, Propylene Glycol, Methylparaben.<\/p><p><strong>:b\u011bl\u00edc\u00ed gel 50ml<\/strong><\/p><p>Ingredients: Aqua, Sodium Hydroxide, Acrylates\/C10-30 Alkyl Crosspolymer, Citric Acid, Propylene Glycol, Glucose Oxidase, Mentha Piperita Oil, Methylparaben.<\/p><\/div>\n\t\t\t\t<\/div>\n\t\t\t\t\t\t\t\t<\/div>\n\t\t\t\t\t\t<\/div>\n\t\t\t\t<\/div>\n\t\t\t\t\t<\/div>\n\t\t<\/div>\n\t\t\t\t\t<\/div>\n\t\t<\/section>\n\t\t\t\t<section class=\"elementor-section elementor-top-section elementor-element elementor-element-48798292 elementor-section-content-middle elementor-section-boxed elementor-section-height-default elementor-section-height-default\" data-id=\"48798292\" data-element_type=\"section\" data-e-type=\"section\" data-settings=\"{&quot;background_background&quot;:&quot;classic&quot;}\">\n\t\t\t\t\t\t<div class=\"elementor-container elementor-column-gap-default\">\n\t\t\t\t\t<div class=\"elementor-column elementor-col-50 elementor-top-column elementor-element elementor-element-6bd1e170\" data-id=\"6bd1e170\" data-element_type=\"column\" data-e-type=\"column\" data-settings=\"{&quot;background_background&quot;:&quot;classic&quot;}\">\n\t\t\t<div class=\"elementor-widget-wrap elementor-element-populated\">\n\t\t\t\t\t\t<div class=\"elementor-element elementor-element-676820d1 elementor-widget elementor-widget-heading\" data-id=\"676820d1\" data-element_type=\"widget\" data-e-type=\"widget\" data-widget_type=\"heading.default\">\n\t\t\t\t<div class=\"elementor-widget-container\">\n\t\t\t\t\t<h2 class=\"elementor-heading-title elementor-size-default\">Pozrite si video n\u00e1vod<\/h2>\t\t\t\t<\/div>\n\t\t\t\t<\/div>\n\t\t\t\t<div class=\"elementor-element elementor-element-1f89e273 elementor-widget elementor-widget-heading\" data-id=\"1f89e273\" data-element_type=\"widget\" data-e-type=\"widget\" data-widget_type=\"heading.default\">\n\t\t\t\t<div class=\"elementor-widget-container\">\n\t\t\t\t\t<h2 class=\"elementor-heading-title elementor-size-default\">na pou\u017eitie <\/h2>\t\t\t\t<\/div>\n\t\t\t\t<\/div>\n\t\t\t\t<div class=\"elementor-element elementor-element-97d391c elementor-widget elementor-widget-heading\" data-id=\"97d391c\" data-element_type=\"widget\" data-e-type=\"widget\" data-widget_type=\"heading.default\">\n\t\t\t\t<div class=\"elementor-widget-container\">\n\t\t\t\t\t<h2 class=\"elementor-heading-title elementor-size-default\">Triple action OXI+ :syst\u00e9m na bielenie zubov<\/h2>\t\t\t\t<\/div>\n\t\t\t\t<\/div>\n\t\t\t\t\t<\/div>\n\t\t<\/div>\n\t\t\t\t<div class=\"elementor-column elementor-col-50 elementor-top-column elementor-element elementor-element-7428a4c0\" data-id=\"7428a4c0\" data-element_type=\"column\" data-e-type=\"column\" data-settings=\"{&quot;background_background&quot;:&quot;slideshow&quot;,&quot;background_slideshow_gallery&quot;:[{&quot;id&quot;:154036,&quot;url&quot;:&quot;https:\\\/\\\/properio.com\\\/wp-content\\\/uploads\\\/biela-perla_dvaja-3.jpg&quot;}],&quot;background_slideshow_loop&quot;:&quot;yes&quot;,&quot;background_slideshow_slide_duration&quot;:5000,&quot;background_slideshow_slide_transition&quot;:&quot;fade&quot;,&quot;background_slideshow_transition_duration&quot;:500}\">\n\t\t\t<div class=\"elementor-widget-wrap elementor-element-populated\">\n\t\t\t\t\t<div class=\"elementor-background-overlay\"><\/div>\n\t\t\t\t\t\t<div class=\"elementor-element elementor-element-7bc3dcef elementor-widget elementor-widget-button\" data-id=\"7bc3dcef\" data-element_type=\"widget\" data-e-type=\"widget\" data-widget_type=\"button.default\">\n\t\t\t\t<div class=\"elementor-widget-container\">\n\t\t\t\t\t\t\t\t\t<div class=\"elementor-button-wrapper\">\n\t\t\t\t\t<a class=\"elementor-button elementor-button-link elementor-size-lg\" href=\"#elementor-action%3Aaction%3Dlightbox%26settings%3DeyJ0eXBlIjoidmlkZW8iLCJ2aWRlb1R5cGUiOiJ5b3V0dWJlIiwidXJsIjoiaHR0cHM6XC9cL3d3dy55b3V0dWJlLmNvbVwvZW1iZWRcLzdPbkhoSVk1aWFnP2ZlYXR1cmU9b2VtYmVkIn0%3D\">\n\t\t\t\t\t\t<span class=\"elementor-button-content-wrapper\">\n\t\t\t\t\t\t<span class=\"elementor-button-icon\">\n\t\t\t\t<i aria-hidden=\"true\" class=\"fas fa-play-circle\"><\/i>\t\t\t<\/span>\n\t\t\t\t\t\t\t\t\t<span class=\"elementor-button-text\">Prehra\u0165 video<\/span>\n\t\t\t\t\t<\/span>\n\t\t\t\t\t<\/a>\n\t\t\t\t<\/div>\n\t\t\t\t\t\t\t\t<\/div>\n\t\t\t\t<\/div>\n\t\t\t\t\t<\/div>\n\t\t<\/div>\n\t\t\t\t\t<\/div>\n\t\t<\/section>\n\t\t\t\t<\/div>\n\t\t","protected":false},"excerpt":{"rendered":"<p>Triple action OXI+\u00a0:syst\u00e9m na b\u011blen\u00ed zub\u016f je modern\u00ed p\u0159\u00edpravek ur\u010den\u00fd k dom\u00e1c\u00edmu b\u011blen\u00ed zub\u016f s\u00a0pou\u017eit\u00edm oxida\u010dn\u00ed receptury OXI+. Obsahuje t\u0159i \u00fa\u010dinn\u00e9 gely :inicia\u010dn\u00ed, :aktiva\u010dn\u00ed a :b\u011blic\u00ed gel. Trojkombinace gel\u016f vyb\u011bl\u00ed skvrny ze zubn\u00ed skloviny zp\u016fsoben\u00e9 dlouhodob\u00fdm a pravideln\u00fdm konzumov\u00e1n\u00edm zabarvuj\u00edc\u00edch j\u00eddel a n\u00e1poj\u016f nebo kou\u0159en\u00edm.<\/p>\n","protected":false},"featured_media":158464,"comment_status":"open","ping_status":"closed","template":"","meta":[],"product_brand":[],"product_cat":[481],"product_tag":[],"woo-feed-brand":[],"class_list":{"0":"post-146186","1":"product","2":"type-product","3":"status-publish","4":"has-post-thumbnail","6":"product_cat-domaci-beleni-zubu","8":"first","9":"instock","10":"taxable","11":"shipping-taxable","12":"purchasable","13":"product-type-simple"},"_links":{"self":[{"href":"https:\/\/properio.com\/cs\/wp-json\/wp\/v2\/product\/146186","targetHints":{"allow":["GET"]}}],"collection":[{"href":"https:\/\/properio.com\/cs\/wp-json\/wp\/v2\/product"}],"about":[{"href":"https:\/\/properio.com\/cs\/wp-json\/wp\/v2\/types\/product"}],"replies":[{"embeddable":true,"href":"https:\/\/properio.com\/cs\/wp-json\/wp\/v2\/comments?post=146186"}],"version-history":[{"count":1,"href":"https:\/\/properio.com\/cs\/wp-json\/wp\/v2\/product\/146186\/revisions"}],"predecessor-version":[{"id":157812,"href":"https:\/\/properio.com\/cs\/wp-json\/wp\/v2\/product\/146186\/revisions\/157812"}],"wp:featuredmedia":[{"embeddable":true,"href":"https:\/\/properio.com\/cs\/wp-json\/wp\/v2\/media\/158464"}],"wp:attachment":[{"href":"https:\/\/properio.com\/cs\/wp-json\/wp\/v2\/media?parent=146186"}],"wp:term":[{"taxonomy":"product_brand","embeddable":true,"href":"https:\/\/properio.com\/cs\/wp-json\/wp\/v2\/product_brand?post=146186"},{"taxonomy":"product_cat","embeddable":true,"href":"https:\/\/properio.com\/cs\/wp-json\/wp\/v2\/product_cat?post=146186"},{"taxonomy":"product_tag","embeddable":true,"href":"https:\/\/properio.com\/cs\/wp-json\/wp\/v2\/product_tag?post=146186"},{"taxonomy":"woo-feed-brand","embeddable":true,"href":"https:\/\/properio.com\/cs\/wp-json\/wp\/v2\/woo-feed-brand?post=146186"}],"curies":[{"name":"wp","href":"https:\/\/api.w.org\/{rel}","templated":true}]}}