{"id":72431,"date":"2021-09-03T09:15:58","date_gmt":"2021-09-03T07:15:58","guid":{"rendered":"https:\/\/bielaperla.sk\/?page_id=72431"},"modified":"2023-09-29T11:31:57","modified_gmt":"2023-09-29T09:31:57","slug":"doprava-a-platba","status":"publish","type":"page","link":"https:\/\/properio.com\/cs\/doprava-a-platba","title":{"rendered":"Doprava a platba"},"content":{"rendered":"\t\t<div data-elementor-type=\"wp-page\" data-elementor-id=\"72431\" class=\"elementor elementor-72431\" data-elementor-post-type=\"page\">\n\t\t\t\t\t\t<section class=\"elementor-section elementor-top-section elementor-element elementor-element-4dfb462 elementor-section-boxed elementor-section-height-default elementor-section-height-default\" data-id=\"4dfb462\" data-element_type=\"section\" data-e-type=\"section\">\n\t\t\t\t\t\t<div class=\"elementor-container elementor-column-gap-default\">\n\t\t\t\t\t<div class=\"elementor-column elementor-col-100 elementor-top-column elementor-element elementor-element-54ccc99\" data-id=\"54ccc99\" data-element_type=\"column\" data-e-type=\"column\">\n\t\t\t<div class=\"elementor-widget-wrap elementor-element-populated\">\n\t\t\t\t\t\t<div class=\"elementor-element elementor-element-71ba9bc elementor-widget elementor-widget-heading\" data-id=\"71ba9bc\" data-element_type=\"widget\" data-e-type=\"widget\" data-widget_type=\"heading.default\">\n\t\t\t\t<div class=\"elementor-widget-container\">\n\t\t\t\t\t<h1 class=\"elementor-heading-title elementor-size-default\">Doprava a platba<\/h1>\t\t\t\t<\/div>\n\t\t\t\t<\/div>\n\t\t\t\t\t<\/div>\n\t\t<\/div>\n\t\t\t\t\t<\/div>\n\t\t<\/section>\n\t\t\t\t<section class=\"elementor-section elementor-top-section elementor-element elementor-element-528631d elementor-section-content-top elementor-section-boxed elementor-section-height-default elementor-section-height-default\" data-id=\"528631d\" data-element_type=\"section\" data-e-type=\"section\">\n\t\t\t\t\t\t<div class=\"elementor-container elementor-column-gap-default\">\n\t\t\t\t\t<div class=\"elementor-column elementor-col-100 elementor-top-column elementor-element elementor-element-bfaa2cc\" data-id=\"bfaa2cc\" data-element_type=\"column\" data-e-type=\"column\">\n\t\t\t<div class=\"elementor-widget-wrap elementor-element-populated\">\n\t\t\t\t\t\t<div class=\"elementor-element elementor-element-6a077e7 elementor-widget elementor-widget-heading\" data-id=\"6a077e7\" data-element_type=\"widget\" data-e-type=\"widget\" data-widget_type=\"heading.default\">\n\t\t\t\t<div class=\"elementor-widget-container\">\n\t\t\t\t\t<h4 class=\"elementor-heading-title elementor-size-default\">Doprava<\/h4>\t\t\t\t<\/div>\n\t\t\t\t<\/div>\n\t\t\t\t<div class=\"elementor-element elementor-element-9b072d0 elementor-widget elementor-widget-text-editor\" data-id=\"9b072d0\" data-element_type=\"widget\" data-e-type=\"widget\" data-widget_type=\"text-editor.default\">\n\t\t\t\t<div class=\"elementor-widget-container\">\n\t\t\t\t\t\t\t\t\tDoprava v r\u00e1mci SR na v\u0161echny objedn\u00e1vky zdarma. Doprava do zem\u00ed EU se vypo\u010d\u00edt\u00e1 v pokladn\u011b podle v\u00e1hy objedn\u00e1vky. \t\t\t\t\t\t\t\t<\/div>\n\t\t\t\t<\/div>\n\t\t\t\t<div class=\"elementor-element elementor-element-5c9bf50 elementor-widget elementor-widget-heading\" data-id=\"5c9bf50\" data-element_type=\"widget\" data-e-type=\"widget\" data-widget_type=\"heading.default\">\n\t\t\t\t<div class=\"elementor-widget-container\">\n\t\t\t\t\t<h4 class=\"elementor-heading-title elementor-size-default\">Platby<\/h4>\t\t\t\t<\/div>\n\t\t\t\t<\/div>\n\t\t\t\t<div class=\"elementor-element elementor-element-60168b1 elementor-widget elementor-widget-text-editor\" data-id=\"60168b1\" data-element_type=\"widget\" data-e-type=\"widget\" data-widget_type=\"text-editor.default\">\n\t\t\t\t<div class=\"elementor-widget-container\">\n\t\t\t\t\t\t\t\t\tPlatba v e-shopu je mo\u017en\u00e1 online platebn\u00ed kartou p\u0159es bezpe\u010dnou platebn\u00ed br\u00e1nu.\t\t\t\t\t\t\t\t<\/div>\n\t\t\t\t<\/div>\n\t\t\t\t<div class=\"elementor-element elementor-element-7901eda elementor-widget elementor-widget-spacer\" data-id=\"7901eda\" data-element_type=\"widget\" data-e-type=\"widget\" data-widget_type=\"spacer.default\">\n\t\t\t\t<div class=\"elementor-widget-container\">\n\t\t\t\t\t\t\t<div class=\"elementor-spacer\">\n\t\t\t<div class=\"elementor-spacer-inner\"><\/div>\n\t\t<\/div>\n\t\t\t\t\t\t<\/div>\n\t\t\t\t<\/div>\n\t\t\t\t\t<\/div>\n\t\t<\/div>\n\t\t\t\t\t<\/div>\n\t\t<\/section>\n\t\t\t\t<\/div>\n\t\t","protected":false},"excerpt":{"rendered":"<p>Doprava a platba Doprava Doprava v r\u00e1mci SR na v\u0161echny objedn\u00e1vky zdarma. Doprava do zem\u00ed EU se vypo\u010d\u00edt\u00e1 v pokladn\u011b podle v\u00e1hy objedn\u00e1vky. Platby Platba v e-shopu je mo\u017en\u00e1 online platebn\u00ed kartou p\u0159es bezpe\u010dnou platebn\u00ed br\u00e1nu.<\/p>\n","protected":false},"author":1,"featured_media":0,"parent":0,"menu_order":0,"comment_status":"closed","ping_status":"closed","template":"","meta":{"footnotes":""},"class_list":["post-72431","page","type-page","status-publish","hentry"],"_links":{"self":[{"href":"https:\/\/properio.com\/cs\/wp-json\/wp\/v2\/pages\/72431","targetHints":{"allow":["GET"]}}],"collection":[{"href":"https:\/\/properio.com\/cs\/wp-json\/wp\/v2\/pages"}],"about":[{"href":"https:\/\/properio.com\/cs\/wp-json\/wp\/v2\/types\/page"}],"author":[{"embeddable":true,"href":"https:\/\/properio.com\/cs\/wp-json\/wp\/v2\/users\/1"}],"replies":[{"embeddable":true,"href":"https:\/\/properio.com\/cs\/wp-json\/wp\/v2\/comments?post=72431"}],"version-history":[{"count":0,"href":"https:\/\/properio.com\/cs\/wp-json\/wp\/v2\/pages\/72431\/revisions"}],"wp:attachment":[{"href":"https:\/\/properio.com\/cs\/wp-json\/wp\/v2\/media?parent=72431"}],"curies":[{"name":"wp","href":"https:\/\/api.w.org\/{rel}","templated":true}]}}