{"id":4221,"date":"2019-08-12T15:54:45","date_gmt":"2019-08-12T15:54:45","guid":{"rendered":"https:\/\/bielaperla.sk\/?page_id=4221"},"modified":"2022-05-22T11:16:17","modified_gmt":"2022-05-22T09:16:17","slug":"cookies","status":"publish","type":"page","link":"https:\/\/properio.com\/cs\/cookies","title":{"rendered":"Cookies"},"content":{"rendered":"\t\t<div data-elementor-type=\"wp-page\" data-elementor-id=\"4221\" class=\"elementor elementor-4221\" data-elementor-post-type=\"page\">\n\t\t\t\t\t\t<section class=\"elementor-section elementor-top-section elementor-element elementor-element-d7ba218 elementor-section-boxed elementor-section-height-default elementor-section-height-default\" data-id=\"d7ba218\" data-element_type=\"section\" data-e-type=\"section\">\n\t\t\t\t\t\t<div class=\"elementor-container elementor-column-gap-default\">\n\t\t\t\t\t<div class=\"elementor-column elementor-col-100 elementor-top-column elementor-element elementor-element-5bcd16b\" data-id=\"5bcd16b\" data-element_type=\"column\" data-e-type=\"column\">\n\t\t\t<div class=\"elementor-widget-wrap elementor-element-populated\">\n\t\t\t\t\t\t<div class=\"elementor-element elementor-element-7d85759 elementor-widget elementor-widget-heading\" data-id=\"7d85759\" data-element_type=\"widget\" data-e-type=\"widget\" data-widget_type=\"heading.default\">\n\t\t\t\t<div class=\"elementor-widget-container\">\n\t\t\t\t\t<h2 class=\"elementor-heading-title elementor-size-default\">Pravidl\u00e1 pou\u017e\u00edvania cookies<\/h2>\t\t\t\t<\/div>\n\t\t\t\t<\/div>\n\t\t\t\t<div class=\"elementor-element elementor-element-5e14569 elementor-widget elementor-widget-text-editor\" data-id=\"5e14569\" data-element_type=\"widget\" data-e-type=\"widget\" data-widget_type=\"text-editor.default\">\n\t\t\t\t<div class=\"elementor-widget-container\">\n\t\t\t\t\t\t\t\t\tNa bielaperla.sk pou\u017e\u00edvame cookies pre zabezpe\u010denie \u010do najlep\u0161ieho z\u00e1\u017eitku na na\u0161ej webovej str\u00e1nke.\n\nPod\u013ea legislat\u00edvy EU sme povinn\u00ed V\u00e1s informova\u0165 o pou\u017eit\u00ed t\u00fdchto Cookies na\u0161ou str\u00e1nkou a slu\u017ebami tret\u00edch str\u00e1n.\t\t\t\t\t\t\t\t<\/div>\n\t\t\t\t<\/div>\n\t\t\t\t<div class=\"elementor-element elementor-element-4532fbd elementor-widget elementor-widget-heading\" data-id=\"4532fbd\" data-element_type=\"widget\" data-e-type=\"widget\" data-widget_type=\"heading.default\">\n\t\t\t\t<div class=\"elementor-widget-container\">\n\t\t\t\t\t<h3 class=\"elementor-heading-title elementor-size-default\">\u010co je cookie?<\/h3>\t\t\t\t<\/div>\n\t\t\t\t<\/div>\n\t\t\t\t<div class=\"elementor-element elementor-element-54a94e0 elementor-widget elementor-widget-text-editor\" data-id=\"54a94e0\" data-element_type=\"widget\" data-e-type=\"widget\" data-widget_type=\"text-editor.default\">\n\t\t\t\t<div class=\"elementor-widget-container\">\n\t\t\t\t\t\t\t\t\t<p>Cookie je mal\u00fd textov\u00fd s\u00fabor. Ke\u010f si prehliadate webov\u00fa str\u00e1nku, str\u00e1nka si uklad\u00e1 tento s\u00fabor do vyhraden\u00e9ho miesta pre Cookies na Va\u0161om po\u010d\u00edta\u010di alebo mobilnom zariaden\u00ed. Pou\u017eit\u00edm Cookies webstr\u00e1nka uklad\u00e1 na ur\u010dit\u00fd \u010das inform\u00e1cie o Va\u0161ich preferovan\u00fdch nastaveniach alebo aktivit\u00e1ch, ako napr\u00edklad login, jazyk, ve\u013ekos\u0165 p\u00edsma, obsah ko\u0161\u00edka a in\u00e9. Nabud\u00face ke\u010f nav\u0161t\u00edvite str\u00e1nku ich nemus\u00edte v\u010faka cookies nastavova\u0165 odznova.<\/p>\t\t\t\t\t\t\t\t<\/div>\n\t\t\t\t<\/div>\n\t\t\t\t<div class=\"elementor-element elementor-element-5e4bb47 elementor-widget elementor-widget-heading\" data-id=\"5e4bb47\" data-element_type=\"widget\" data-e-type=\"widget\" data-widget_type=\"heading.default\">\n\t\t\t\t<div class=\"elementor-widget-container\">\n\t\t\t\t\t<h3 class=\"elementor-heading-title elementor-size-default\">Ako pou\u017e\u00edvame cookies?<\/h3>\t\t\t\t<\/div>\n\t\t\t\t<\/div>\n\t\t\t\t<div class=\"elementor-element elementor-element-03f9d68 elementor-widget elementor-widget-text-editor\" data-id=\"03f9d68\" data-element_type=\"widget\" data-e-type=\"widget\" data-widget_type=\"text-editor.default\">\n\t\t\t\t<div class=\"elementor-widget-container\">\n\t\t\t\t\t\t\t\t\t<ul><li>Pou\u017e\u00edvame Google Analytics softv\u00e9r pre zber inform\u00e1ci\u00ed o tom ako pou\u017e\u00edvate na\u0161u str\u00e1nku. Rob\u00edme to pre zlep\u0161enie na\u0161ich slu\u017eieb a za \u00fa\u010delom monitorovania v\u00fdkonu na\u0161ej str\u00e1nky.<\/li><li>Takisto uklad\u00e1me Cookie o tom, \u010di ste u\u017e dali s\u00fahlas s t\u00fdm, ako pou\u017e\u00edvame Cookies na na\u0161ej str\u00e1nke.<\/li><li>Na zapam\u00e4tanie u\u017e zobrazen\u00fdch oznamov, aby sme V\u00e1m ich opakovanie neukazovali dokola.<\/li><li>Pou\u017e\u00edvame aplik\u00e1cie tret\u00edch str\u00e1n ako Google Analytics, WordPress moduly, ktor\u00e9 ukladaj\u00fa Cookies aby mohli fungova\u0165 poriadne. Cookies n\u00e1m pom\u00e1haj\u00fa vylep\u0161i\u0165 sp\u00f4sob, ako sa V\u00e1m str\u00e1nka zobrazuje, napr\u00edklad v\u010faka n\u00edm nestrat\u00edte obsah ko\u0161\u00edka e-shopu, ak n\u00e1hodou zo str\u00e1nky omylom od\u00eddete.<\/li><\/ul>\t\t\t\t\t\t\t\t<\/div>\n\t\t\t\t<\/div>\n\t\t\t\t<div class=\"elementor-element elementor-element-5b10ce7 elementor-widget elementor-widget-heading\" data-id=\"5b10ce7\" data-element_type=\"widget\" data-e-type=\"widget\" data-widget_type=\"heading.default\">\n\t\t\t\t<div class=\"elementor-widget-container\">\n\t\t\t\t\t<h3 class=\"elementor-heading-title elementor-size-default\">Google Analytics<\/h3>\t\t\t\t<\/div>\n\t\t\t\t<\/div>\n\t\t\t\t<div class=\"elementor-element elementor-element-fb41fde elementor-widget elementor-widget-text-editor\" data-id=\"fb41fde\" data-element_type=\"widget\" data-e-type=\"widget\" data-widget_type=\"text-editor.default\">\n\t\t\t\t<div class=\"elementor-widget-container\">\n\t\t\t\t\t\t\t\t\t<div >\n\nPou\u017e\u00edvame Google Analytics softv\u00e9r na zber d\u00e1t ako pou\u017e\u00edvate na\u0161u str\u00e1nku. Rob\u00edme to na to aby sme mohli neust\u00e1le vylep\u0161ova\u0165 obsah a videli \u010do si na\u0161i n\u00e1v\u0161tevn\u00edci na str\u00e1nke pozeraj\u00fa.\n\nGoogle Analytics zber\u00e1 nasleduj\u00face \u00fadaje:\n<ul>\n \t<li>str\u00e1nky, ktor\u00e9 nav\u0161t\u00edvite na na\u0161ej webovej str\u00e1nke<\/li>\n \t<li>ako dlho sa na str\u00e1nke zdr\u017e\u00edte<\/li>\n \t<li>ako ste sa na str\u00e1nku dostali<\/li>\n \t<li>na \u010do klik\u00e1te, ke\u010f si prehliadate str\u00e1nku<\/li>\n<\/ul>\nNezber\u00e1me Va\u0161e osobn\u00e9 \u00fadaje, meno ani adresu, preto tieto inform\u00e1cie nem\u00f4\u017eu by\u0165 zneu\u017eit\u00e9 na identifik\u00e1ciu Va\u0161ej osoby.\n\nNepovo\u013eujeme Google zdie\u013eanie Va\u0161ich d\u00e1t.\n\n<\/div>\n<\/div>\n<div>\n<div>\n<table>\n<tbody>\n<tr>\n<th>Cookie<\/th>\n<th>Exspir\u00e1cia<\/th>\n<th>Popis<\/th>\n<\/tr>\n<tr>\n<td>_ga<\/td>\n<td>2 roky<\/td>\n<td>Rozoznanie n\u00e1v\u0161tevn\u00edka.<\/td>\n<\/tr>\n<tr>\n<td>_gid<\/td>\n<td>24 hod\u00edn<\/td>\n<td>Rozoznanie n\u00e1v\u0161tevn\u00edka.<\/td>\n<\/tr>\n<tr>\n<td>_gat<\/td>\n<td>1 min\u00fata<\/td>\n<td>Pou\u017e\u00edva sa na zmiernenie po\u017eiadaviek na server, ak je pou\u017eit\u00fd Google Tag Manager, tento cookie sa vol\u00e1\u00a0<code>_dc_gtm_<\/code>.<\/td>\n<\/tr>\n<tr>\n<td>_gac_<\/td>\n<td>90 dn\u00ed<\/td>\n<td>Obsahuje inform\u00e1cie t\u00fdkaj\u00face sa u\u017e\u00edvate\u013ea a kampan\u00ed. Ak je prepojen\u00fd Google Analytics s AdWords \u00fa\u010dtom, AdWords konverzia tagov na\u010d\u00edta tento cookie pokia\u013e neodvol\u00e1te s\u00fahlas\u00a0<a href=\"https:\/\/support.google.com\/google-ads\/answer\/7521212?hl=sk\">Viac inform\u00e1ci\u00ed.<\/a><\/td>\n<\/tr>\n<\/tbody>\n<\/table>\n<\/div>\n<\/div>\n<div>\n\nS\u00fahlas so sledovan\u00edm cez Google Analytics m\u00f4\u017eete odvola\u0165 nain\u0161talovan\u00edm si\u00a0<a href=\"https:\/\/tools.google.com\/dlpage\/gaoptout\" rel=\"external\">opt out of Google Analytics cookies<\/a>.\n\n<\/div>\t\t\t\t\t\t\t\t<\/div>\n\t\t\t\t<\/div>\n\t\t\t\t<div class=\"elementor-element elementor-element-70a35d6 elementor-widget elementor-widget-heading\" data-id=\"70a35d6\" data-element_type=\"widget\" data-e-type=\"widget\" data-widget_type=\"heading.default\">\n\t\t\t\t<div class=\"elementor-widget-container\">\n\t\t\t\t\t<h3 class=\"elementor-heading-title elementor-size-default\">WooCommerce Cookies<\/h3>\t\t\t\t<\/div>\n\t\t\t\t<\/div>\n\t\t\t\t<div class=\"elementor-element elementor-element-8dd6a90 elementor-widget elementor-widget-text-editor\" data-id=\"8dd6a90\" data-element_type=\"widget\" data-e-type=\"widget\" data-widget_type=\"text-editor.default\">\n\t\t\t\t<div class=\"elementor-widget-container\">\n\t\t\t\t\t\t\t\t\t<div >\n\nNa sledovanie ko\u0161\u00edka e-shopu, WooCommerce pou\u017e\u00edva 3 Cookies:\n<ul>\n \t<li>woocommerce_cart_hash<\/li>\n \t<li>woocommerce_items_in_cart<\/li>\n \t<li>wp_woocommerce_session_*<\/li>\n<\/ul>\n\u017diadne osobn\u00e9 \u00fadaje nie s\u00fa ulo\u017een\u00e9 v t\u00fdchto Cookies.\n\n<\/div>\n<\/div>\n<\/div>\n<div >\n<div>\n<table>\n<tbody>\n<tr>\n<th>Cookie<\/th>\n<th>Exspir\u00e1cia<\/th>\n<th>Popis<\/th>\n<\/tr>\n<tr>\n<td>woocommerce_cart_hash<\/td>\n<td>Po zatvoren\u00ed prehliada\u010da.<\/td>\n<td>Obsahuje inform\u00e1ciu o ko\u0161\u00edku ako celku a pom\u00e1ha sledova\u0165 ke\u010f sa obsah zmen\u00ed<\/td>\n<\/tr>\n<tr>\n<td>woocommerce_items_in_cart<\/td>\n<td>Po zatvoren\u00ed prehliada\u010da.<\/td>\n<td>Obsahuje inform\u00e1ciu o ko\u0161\u00edku ako celku a pom\u00e1ha sledova\u0165 ke\u010f sa obsah zmen\u00ed<\/td>\n<\/tr>\n<tr>\n<td>wp_woocommerce_session_*<\/td>\n<td>2 dni<\/td>\n<td>Obsahuje unik\u00e1tny k\u00f3d pre ka\u017ed\u00e9ho z\u00e1kazn\u00edka, aby sa vedelo p\u00e1rova\u0165 data z ko\u0161\u00edku s d\u00e1tami v datab\u00e1ze<\/td>\n<\/tr>\n<\/tbody>\n<\/table>\n<\/div>\n<\/div>\n<\/div>\t\t\t\t\t\t\t\t<\/div>\n\t\t\t\t<\/div>\n\t\t\t\t<div class=\"elementor-element elementor-element-d5c6d36 elementor-widget elementor-widget-heading\" data-id=\"d5c6d36\" data-element_type=\"widget\" data-e-type=\"widget\" data-widget_type=\"heading.default\">\n\t\t\t\t<div class=\"elementor-widget-container\">\n\t\t\t\t\t<h3 class=\"elementor-heading-title elementor-size-default\">WordPress<\/h3>\t\t\t\t<\/div>\n\t\t\t\t<\/div>\n\t\t\t\t<div class=\"elementor-element elementor-element-0a7b900 elementor-widget elementor-widget-text-editor\" data-id=\"0a7b900\" data-element_type=\"widget\" data-e-type=\"widget\" data-widget_type=\"text-editor.default\">\n\t\t\t\t<div class=\"elementor-widget-container\">\n\t\t\t\t\t\t\t\t\t<div >\n\nPri prihl\u00e1sen\u00ed, WordPress pou\u017e\u00edva\u00a0wordpress_[hash] cookie pre ukladanie prihlasovac\u00edch \u00fadajov, jeho pou\u017eitie je limitovan\u00e9 len pre administrat\u00edvne rozhranie. Po prihl\u00e1sen\u00ed,\u00a0WordPress nastav\u00ed wordpress_logged_in_[hash] cookie, ktor\u00fd informuje, \u010di ste prihl\u00e1sen\u00ed a kto ste.\u00a0WordPress takisto uklad\u00e1 nieko\u013eko few wp-settings-{time}-[UID] cookies. \u010c\u00edslo na konci je va\u0161e u\u017e\u00edvate\u013esk\u00e9 ID z datab\u00e1zy u\u017e\u00edvate\u013eov WordPress. Pou\u017e\u00edva sa na prisp\u00f4sobenie administrat\u00edvneho rozhrania.\n<div class=\"entry\"><\/div>\n<\/div>\n<\/div>\n<div >\n<div>\n<table>\n<tbody>\n<tr>\n<th>Cookie<\/th>\n<th>Exspir\u00e1cia<\/th>\n<th>Popis<\/th>\n<\/tr>\n<tr>\n<td>wordpress_{HASH}<\/td>\n<td>2 t\u00fd\u017edne<\/td>\n<td>Ukladanie prihlasovac\u00edch \u00fadajov, jeho pou\u017eitie je limitovan\u00e9 len pre administrat\u00edvne rozhranie, \/wp-admin\/<\/td>\n<\/tr>\n<tr>\n<td>wordpress_logged_in_{HASH}<\/td>\n<td>2 t\u00fd\u017edne<\/td>\n<td>Tento Cookie informuje, \u010di ste prihl\u00e1sen\u00ed a kto ste.<\/td>\n<\/tr>\n<tr>\n<td>wordpress_settings-{TIME}-{UID}<\/td>\n<td>2 t\u00fd\u017edne<\/td>\n<td>WordPress takisto uklad\u00e1 nieko\u013eko few wp-settings-{time}-[UID] cookies. \u010c\u00edslo na konci je va\u0161e u\u017e\u00edvate\u013esk\u00e9 ID z datab\u00e1zy u\u017e\u00edvate\u013eov WordPress. Pou\u017e\u00edva sa na prisp\u00f4sobenie administrat\u00edvneho rozhrania.<\/td>\n<\/tr>\n<\/tbody>\n<\/table>\n<\/div>\n<\/div>\n<\/div>\t\t\t\t\t\t\t\t<\/div>\n\t\t\t\t<\/div>\n\t\t\t\t<div class=\"elementor-element elementor-element-ab423a5 elementor-widget elementor-widget-heading\" data-id=\"ab423a5\" data-element_type=\"widget\" data-e-type=\"widget\" data-widget_type=\"heading.default\">\n\t\t\t\t<div class=\"elementor-widget-container\">\n\t\t\t\t\t<h3 class=\"elementor-heading-title elementor-size-default\">Koment\u00e1re na blogu<\/h3>\t\t\t\t<\/div>\n\t\t\t\t<\/div>\n\t\t\t\t<div class=\"elementor-element elementor-element-fa078ea elementor-widget elementor-widget-text-editor\" data-id=\"fa078ea\" data-element_type=\"widget\" data-e-type=\"widget\" data-widget_type=\"text-editor.default\">\n\t\t\t\t<div class=\"elementor-widget-container\">\n\t\t\t\t\t\t\t\t\t<div >\n\n<span class=\"mw-headline\">Ke\u010f n\u00e1v\u0161tevn\u00edk odo\u0161le koment\u00e1r k pr\u00edspevku na Va\u0161om blogu, zap\u00ed\u0161e sa mu Cookie na jeho po\u010d\u00edta\u010di. Ukladaj\u00fa sa inform\u00e1cie, ktor\u00e9 zad\u00e1 na Va\u0161om blogu o sebe, aby ich nemusel op\u00e4\u0165 ru\u010dne vypisova\u0165, ke\u010f sa vr\u00e1ti na V\u00e1\u0161 blog komentova\u0165 v bud\u00facnosti.\u00a0<\/span>\n\n<\/div>\n<\/div>\n<div >\n<div>\n<table>\n<tbody>\n<tr>\n<th>Cookie<\/th>\n<th>Exspir\u00e1cia<\/th>\n<th>Popis<\/th>\n<\/tr>\n<tr>\n<td><tt>comment_author_{HASH}<\/tt><\/td>\n<td>1 rok<\/td>\n<td>Inform\u00e1cie o u\u017e\u00edvate\u013eovi, ktor\u00fd komentoval.<\/td>\n<\/tr>\n<tr>\n<td><tt>comment_author_email_{HASH}<\/tt><\/td>\n<td>1 rok<\/td>\n<td>Inform\u00e1cie o u\u017e\u00edvate\u013eovi, ktor\u00fd komentoval.<\/td>\n<\/tr>\n<tr>\n<td><tt>comment_author_url_{HASH}<\/tt><\/td>\n<td>1 rok<\/td>\n<td>Inform\u00e1cie o u\u017e\u00edvate\u013eovi, ktor\u00fd komentoval.<\/td>\n<\/tr>\n<\/tbody>\n<\/table>\n<\/div>\n<\/div>\n<\/div>\t\t\t\t\t\t\t\t<\/div>\n\t\t\t\t<\/div>\n\t\t\t\t<div class=\"elementor-element elementor-element-c1a050c elementor-widget elementor-widget-heading\" data-id=\"c1a050c\" data-element_type=\"widget\" data-e-type=\"widget\" data-widget_type=\"heading.default\">\n\t\t\t\t<div class=\"elementor-widget-container\">\n\t\t\t\t\t<h3 class=\"elementor-heading-title elementor-size-default\">Facebook Pixel<\/h3>\t\t\t\t<\/div>\n\t\t\t\t<\/div>\n\t\t\t\t<div class=\"elementor-element elementor-element-6122321 elementor-widget elementor-widget-text-editor\" data-id=\"6122321\" data-element_type=\"widget\" data-e-type=\"widget\" data-widget_type=\"text-editor.default\">\n\t\t\t\t<div class=\"elementor-widget-container\">\n\t\t\t\t\t\t\t\t\t<p>Facebook pon\u00faka viacero sp\u00f4sobov na kontrolu rekl\u00e1m zobrazen\u00fdch na z\u00e1klade aktiv\u00edt, ktor\u00e9 rob\u00edte na str\u00e1nke.<\/p><p>Ak nechcete neha\u0165 Facebook pou\u017e\u00edva\u0165 tieto inform\u00e1cie na z\u00e1klade aktiv\u00edt na str\u00e1nke alebo aplik\u00e1ci\u00ed na Facebooku za \u00fa\u010delom zobrazenia relevantn\u00fdch rekl\u00e1m, m\u00f4\u017eete sa odhl\u00e1si\u0165 tu. Viac inform\u00e1ci\u00ed o online reklame zalo\u017eenej na z\u00e1ujmoch n\u00e1jdete tu. Z\u00e1sady pou\u017e\u00edvania \u00fadajov od Facebooku n\u00e1jdete tu.<\/p><p>Ak ste registrovan\u00fd Facebook u\u017e\u00edvate\u013e, nastavenia, ktor\u00e9 sprav\u00edte sa prejavia na v\u0161etk\u00fdch va\u0161ich zariadeniach. Ak nie ste registrovan\u00ed na Facebooku, mus\u00edte tieto nastavenia spravi\u0165 individu\u00e1lne pre ka\u017ed\u00fd prehliada\u010d.<\/p><p>Z v\u00e1\u0161ho prehliada\u010da<\/p><p>Spolo\u010dnos\u0165 Facebook dodr\u017eiava z\u00e1sady samoregul\u00e1cie pre online behavior\u00e1lnu reklamu a z\u00fa\u010dast\u0148uje sa programov na zru\u0161enie, ktor\u00e9 zaviedli Digital Advertising Alliance, aliancia Digital Advertising Alliance v Kanade a Eur\u00f3pska aliancia interakt\u00edvnej digit\u00e1lnej reklamy. Z t\u00fdchto str\u00e1nok m\u00f4\u017eete odst\u00fapi\u0165 od v\u0161etk\u00fdch z\u00fa\u010dastnen\u00fdch spolo\u010dnost\u00ed.<\/p><p>Z V\u00e1\u0161ho zariadenia<\/p><p>Na Va\u0161om iPhone, iPade a Androide m\u00f4\u017eete zmeni\u0165 nastavenia t\u00fdkaj\u00face sa zobrazenia rekl\u00e1m na z\u00e1klade Va\u0161ich z\u00e1ujmov.<\/p><p>Pre iPhone alebo iPad:<\/p><ol><li>V nastaveniach<\/li><li>Kliknite na S\u00fakromie<\/li><li>Kliknite na Reklama<\/li><li>Zapnite Limitovanie sledovania rekl\u00e1m<\/li><\/ol><p>Pre Android (verzia 2.2 and viac) a Google Play Slu\u017eby (verzia 4.0 a viac):<\/p><ol><li>V Google Nastavenia<\/li><li>Reklama<\/li><li>Dezaktivova\u0165 zobrazovanie z\u00e1ujmovo orientovan\u00fdch rekl\u00e1m<\/li><\/ol>\t\t\t\t\t\t\t\t<\/div>\n\t\t\t\t<\/div>\n\t\t\t\t<div class=\"elementor-element elementor-element-d9094ec elementor-widget elementor-widget-heading\" data-id=\"d9094ec\" data-element_type=\"widget\" data-e-type=\"widget\" data-widget_type=\"heading.default\">\n\t\t\t\t<div class=\"elementor-widget-container\">\n\t\t\t\t\t<h3 class=\"elementor-heading-title elementor-size-default\">Ako spravova\u0165 Va\u0161e Cookies?<\/h3>\t\t\t\t<\/div>\n\t\t\t\t<\/div>\n\t\t\t\t<div class=\"elementor-element elementor-element-2ff73cc elementor-widget elementor-widget-text-editor\" data-id=\"2ff73cc\" data-element_type=\"widget\" data-e-type=\"widget\" data-widget_type=\"text-editor.default\">\n\t\t\t\t<div class=\"elementor-widget-container\">\n\t\t\t\t\t\t\t\t\t<p>M\u00f4\u017eete kontrolova\u0165 a\/alebo vymaza\u0165 Cookie s\u00fabory vo Va\u0161om prehliada\u010di. M\u00f4\u017eete vymaza\u0165 v\u0161etky Cookies, selekt\u00edvne len pre konkr\u00e9tnu str\u00e1nku a v\u00e4\u010d\u0161ina prehliada\u010dov m\u00e1 mo\u017enos\u0165 nastavi\u0165 si neuklada\u0165 Cookies v\u00f4bec. Ak sa rozhodnete neuklada\u0165 Cookies, obmedz\u00ed sa v\u00fdrazne funk\u010dnos\u0165 niektor\u00fdch str\u00e1nok, na niektor\u00fdch V\u00e1s bude \u010dasto odhlasova\u0165 a v\u0161etky \u00fadaje budete musie\u0165 vypisova\u0165 pri ka\u017edej n\u00e1v\u0161teve.<\/p>\t\t\t\t\t\t\t\t<\/div>\n\t\t\t\t<\/div>\n\t\t\t\t<div class=\"elementor-element elementor-element-e224efe elementor-widget elementor-widget-heading\" data-id=\"e224efe\" data-element_type=\"widget\" data-e-type=\"widget\" data-widget_type=\"heading.default\">\n\t\t\t\t<div class=\"elementor-widget-container\">\n\t\t\t\t\t<h3 class=\"elementor-heading-title elementor-size-default\">Spr\u00e1va Cookies v prehliada\u010doch<\/h3>\t\t\t\t<\/div>\n\t\t\t\t<\/div>\n\t\t\t\t<div class=\"elementor-element elementor-element-992b274 elementor-widget elementor-widget-text-editor\" data-id=\"992b274\" data-element_type=\"widget\" data-e-type=\"widget\" data-widget_type=\"text-editor.default\">\n\t\t\t\t<div class=\"elementor-widget-container\">\n\t\t\t\t\t\t\t\t\t<ul><li>Google Chrome &#8211; <span style=\"text-decoration: underline;\"><a href=\"https:\/\/support.google.com\/chrome\/answer\/95647?hl=sk\" target=\"_blank\" rel=\"noopener\">zobrazi\u0165 nastavenia na google.com \u2026<\/a><\/span><\/li><li>Safari &#8211; <span style=\"text-decoration: underline;\"><a href=\"https:\/\/support.apple.com\/sk-sk\/guide\/safari\/manage-cookies-and-website-data-sfri11471\/mac\" target=\"_blank\" rel=\"noopener\">zobrazi\u0165 nastavenia na apple.com \u2026<\/a><\/span><\/li><li>Opera &#8211; <a href=\"https:\/\/www.opera.com\/help\/tutorials\/security\/cookies\" target=\"_blank\" rel=\"noopener\">zobrazi\u0165 nastavenia na opera.com \u2026<\/a><\/li><li>Firefox &#8211; <a href=\"https:\/\/support.mozilla.org\/sk\/kb\/povolenie-zakazanie-cookies\" target=\"_blank\" rel=\"noopener\">zobrazi\u0165 nastavenia na mozilla.org \u2026<\/a><\/li><li>Internet Explorer &#8211; <a href=\"https:\/\/support.microsoft.com\/sk-sk\/help\/17442\/windows-internet-explorer-delete-manage-cookies\" target=\"_blank\" rel=\"noopener\">zobrazi\u0165 nastavenia na microsoft.com \u2026<\/a><\/li><\/ul>\t\t\t\t\t\t\t\t<\/div>\n\t\t\t\t<\/div>\n\t\t\t\t\t<\/div>\n\t\t<\/div>\n\t\t\t\t\t<\/div>\n\t\t<\/section>\n\t\t\t\t<\/div>\n\t\t","protected":false},"excerpt":{"rendered":"<p>Pravidl\u00e1 pou\u017e\u00edvania cookies Na bielaperla.sk pou\u017e\u00edvame cookies pre zabezpe\u010denie \u010do najlep\u0161ieho z\u00e1\u017eitku na na\u0161ej webovej str\u00e1nke. Pod\u013ea legislat\u00edvy EU sme povinn\u00ed V\u00e1s informova\u0165 o pou\u017eit\u00ed t\u00fdchto Cookies na\u0161ou str\u00e1nkou a slu\u017ebami tret\u00edch str\u00e1n. \u010co je cookie? Cookie je mal\u00fd textov\u00fd s\u00fabor. Ke\u010f si prehliadate webov\u00fa str\u00e1nku, str\u00e1nka si uklad\u00e1 tento s\u00fabor do vyhraden\u00e9ho miesta pre [&hellip;]<\/p>\n","protected":false},"author":1,"featured_media":0,"parent":0,"menu_order":0,"comment_status":"closed","ping_status":"closed","template":"","meta":{"footnotes":""},"class_list":["post-4221","page","type-page","status-publish","hentry"],"_links":{"self":[{"href":"https:\/\/properio.com\/cs\/wp-json\/wp\/v2\/pages\/4221","targetHints":{"allow":["GET"]}}],"collection":[{"href":"https:\/\/properio.com\/cs\/wp-json\/wp\/v2\/pages"}],"about":[{"href":"https:\/\/properio.com\/cs\/wp-json\/wp\/v2\/types\/page"}],"author":[{"embeddable":true,"href":"https:\/\/properio.com\/cs\/wp-json\/wp\/v2\/users\/1"}],"replies":[{"embeddable":true,"href":"https:\/\/properio.com\/cs\/wp-json\/wp\/v2\/comments?post=4221"}],"version-history":[{"count":0,"href":"https:\/\/properio.com\/cs\/wp-json\/wp\/v2\/pages\/4221\/revisions"}],"wp:attachment":[{"href":"https:\/\/properio.com\/cs\/wp-json\/wp\/v2\/media?parent=4221"}],"curies":[{"name":"wp","href":"https:\/\/api.w.org\/{rel}","templated":true}]}}