{"id":3830,"date":"2019-07-27T08:37:33","date_gmt":"2019-07-27T08:37:33","guid":{"rendered":"https:\/\/bielaperla.sk\/?page_id=3830"},"modified":"2023-10-03T20:33:37","modified_gmt":"2023-10-03T18:33:37","slug":"obchodni-podminky","status":"publish","type":"page","link":"https:\/\/properio.com\/cs\/obchodni-podminky","title":{"rendered":"Obchodn\u00ed podm\u00ednky"},"content":{"rendered":"\n<h1 class=\"wp-block-heading\"><strong>Obchodn\u00ed podm\u00ednky<\/strong><\/h1>\n\n\n\n<p>V na\u0161em internetov\u00e9m obchod\u011b si m\u016f\u017eete zbo\u017e\u00ed objednat n\u00e1sleduj\u00edc\u00edm zp\u016fsobem:<\/p>\n\n\n\n<p>Pomoc\u00ed internetu<\/p>\n\n\n\n<ul class=\"wp-block-list\">\n<li>p\u0159es webovou str\u00e1nku: <a href=\"http:\/\/properio.com\/\">properio.com<\/a><\/li>\n\n\n\n<li>e-mailem: info@properio.com<\/li>\n<\/ul>\n\n\n\n<p><\/p>\n\n\n\n<p><strong>Jak zaplatit<\/strong><\/p>\n\n\n\n<ul class=\"wp-block-list\">\n<li>platba kartou<\/li>\n<\/ul>\n\n\n\n<p><\/p>\n\n\n\n<p><strong>D\u016fle\u017eit\u00e9 upozorn\u011bn\u00ed<\/strong><\/p>\n\n\n\n<p>O odeslan\u00ed zbo\u017e\u00ed bude prod\u00e1vaj\u00edc\u00ed kupuj\u00edc\u00edho informovat prost\u0159ednictv\u00edm informa\u010dn\u00edho e-mailu. V&nbsp;p\u0159\u00edpad\u011b nep\u0159evzet\u00ed objednan\u00e9ho zbo\u017e\u00ed a n\u00e1sledn\u00e9ho vr\u00e1cen\u00ed z\u00e1silky si prod\u00e1vaj\u00edc\u00ed vyhrazuje pr\u00e1vo vy\u0159azen\u00ed z\u00e1kazn\u00edka z&nbsp;datab\u00e1ze, co\u017e znamen\u00e1, \u017ee mu n\u00e1sledn\u011b v&nbsp;budoucnosti nebudou vy\u0159\u00edzeny \u017e\u00e1dn\u00e9 dal\u0161\u00ed objedn\u00e1vky.<\/p>\n\n\n\n<p><strong>Dodac\u00ed a platebn\u00ed podm\u00ednky<\/strong><\/p>\n\n\n\n<p>Obchodn\u00ed podm\u00ednky internetov\u00e9ho obchodu properio.com provozovatele VITAPRODUKT, s.r.o., se \u0159\u00edd\u00ed n\u00e1sleduj\u00edc\u00edm n\u00e1kupn\u00edm \u0159\u00e1dem a platnou legislativou. Dod\u00e1vka zbo\u017e\u00ed do velkoobchodu nebo z\u00e1kazn\u00edk\u016fm, kte\u0159\u00ed by zva\u017eovali, resp. zam\u00fd\u0161leli, p\u0159\u00edpadn\u011b realizovali jeho dal\u0161\u00ed prodej, je vylou\u010dena. Prod\u00e1vaj\u00edc\u00ed si vyhrazuje pr\u00e1vo objedn\u00e1vku z\u00e1kazn\u00edka z\u00a0\u010d\u00e1sti nebo zcela odm\u00edtnout. Dod\u00e1n\u00ed je mo\u017en\u00e9 pouze na \u00fazem\u00ed Evropy.<\/p>\n\n\n\n<p><strong>Souhlas<\/strong><\/p>\n\n\n\n<p>Odesl\u00e1n\u00edm internetov\u00e9 objedn\u00e1vky vybran\u00e9ho zbo\u017e\u00ed z\u00e1kazn\u00edk potvrzuje z\u00e1vaznost t\u00e9to objedn\u00e1vky a potvrzuje, \u017ee se sezn\u00e1mil s&nbsp;reklama\u010dn\u00edm \u0159\u00e1dem a t\u011bmito obchodn\u00edmi podm\u00ednkami a to, \u017ee s&nbsp;nimi souhlas\u00ed. Potvrzen\u00ed o p\u0159ijet\u00ed objedn\u00e1vky se v\u0161emi \u00fadaji dostane z\u00e1kazn\u00edk na j\u00edm uvedenou e-mailovou adresu.<\/p>\n\n\n\n<p><strong>Zas\u00edl\u00e1n\u00ed zbo\u017e\u00ed<\/strong><\/p>\n\n\n\n<p>Zbo\u017e\u00ed zas\u00edl\u00e1me do 5 pracovn\u00edch dn\u00ed (v od\u016fvodn\u011bn\u00fdch p\u0159\u00edpadech do 10 pracovn\u00edch dn\u00ed) od objedn\u00e1n\u00ed zbo\u017e\u00ed. Pokud nebude mo\u017en\u00e9 n\u011bkter\u00e9 objednan\u00e9 zbo\u017e\u00ed dodat (objednan\u00fd druh se p\u0159estane vyr\u00e1b\u011bt nebo dod\u00e1vat na trh), je prod\u00e1vaj\u00edc\u00ed povinen informovat z\u00e1kazn\u00edka e-mailem.<\/p>\n\n\n\n<p><strong>Kontrola zbo\u017e\u00ed<\/strong><\/p>\n\n\n\n<p>Z\u00e1kazn\u00edk\u016fm doporu\u010dujeme, aby si zbo\u017e\u00ed p\u0159i p\u0159evzet\u00ed d\u016fkladn\u011b zkontrolovali a v p\u0159\u00edpad\u011b jeho po\u0161kozen\u00ed z\u00e1silku nep\u0159evzali a s pracovn\u00edkem doru\u010dovatelsk\u00e9 slu\u017eby sepsali zpr\u00e1vu o po\u0161kozen\u00ed (reklamaci). Pokud by dodan\u00e9 zbo\u017e\u00ed vykazovalo zjevn\u00e9 vady, mezi n\u011b\u017e pat\u0159\u00ed i po\u0161kozen\u00ed zp\u016fsoben\u00e9 dopravou, reklamuje z\u00e1kazn\u00edk takov\u00e9 vady ihned v\u016f\u010di prod\u00e1vaj\u00edc\u00edmu a pracovn\u00edkovi doru\u010dovatelsk\u00e9 slu\u017eby, kter\u00e1 zbo\u017e\u00ed dod\u00e1v\u00e1. V ostatn\u00edch p\u0159\u00edpadech je kupuj\u00edc\u00ed povinen podat prod\u00e1vaj\u00edc\u00edmu zpr\u00e1vu o vad\u00e1ch zbo\u017e\u00ed bez zbyte\u010dn\u00e9ho odkladu, jinak jeho n\u00e1rok z po\u0161kozen\u00ed zbo\u017e\u00ed zanik\u00e1.<\/p>\n\n\n\n<p>Jedn\u00e1-li se o vadu, kterou lze odstranit, m\u00e1 kupuj\u00edc\u00ed pr\u00e1vo, aby byla bezplatn\u011b, v\u010das a \u0159\u00e1dn\u011b odstran\u011bna. Prod\u00e1vaj\u00edc\u00ed je povinen vadu bez zbyte\u010dn\u00e9ho odkladu odstranit.<\/p>\n\n\n\n<p>Kupuj\u00edc\u00ed m\u016f\u017ee m\u00edsto odstran\u011bn\u00ed vady po\u017eadovat v\u00fdm\u011bnu v\u011bci nebo, t\u00fdk\u00e1-li se vada jen sou\u010d\u00e1sti v\u011bci, v\u00fdm\u011bnu sou\u010d\u00e1sti, pokud t\u00edm prod\u00e1vaj\u00edc\u00edmu nevzniknou nep\u0159im\u011b\u0159en\u00e9 n\u00e1klady s&nbsp;ohledem na cenu zbo\u017e\u00ed nebo z\u00e1va\u017enost vady.<\/p>\n\n\n\n<p>Prod\u00e1vaj\u00edc\u00ed m\u016f\u017ee v\u017edy nam\u00edsto odstran\u011bn\u00ed vady vym\u011bnit vadnou v\u011bc za bezvadnou, pokud to kupuj\u00edc\u00edmu nezp\u016fsob\u00ed z\u00e1va\u017en\u00e9 obt\u00ed\u017ee.<\/p>\n\n\n\n<p>Jedn\u00e1-li o vadu, kterou nelze odstranit a kter\u00e1 br\u00e1n\u00ed tomu, aby v\u011bc mohla b\u00fdt \u0159\u00e1dn\u011b u\u017e\u00edv\u00e1na jako v\u011bc bez vady, m\u00e1 kupuj\u00edc\u00ed pr\u00e1vo na v\u00fdm\u011bnu v\u011bci nebo m\u00e1 pr\u00e1vo od smlouvy odstoupit. Stejn\u00e1 pr\u00e1va p\u0159\u00edslu\u0161\u00ed kupuj\u00edc\u00edmu, jde-li sice o vady odstraniteln\u00e9, ale kupuj\u00edc\u00ed nem\u016f\u017ee pro op\u011btovn\u00e9 vyskytnut\u00ed se vady po oprav\u011b nebo pro v\u011bt\u0161\u00ed po\u010det vad v\u011bc \u0159\u00e1dn\u011b u\u017e\u00edvat.<\/p>\n\n\n\n<p>Jedn\u00e1-li se o jin\u00e9 neodstraniteln\u00e9 vady, m\u00e1 kupuj\u00edc\u00ed pr\u00e1vo na p\u0159im\u011b\u0159enou slevu z ceny v\u011bci.<\/p>\n\n\n\n<p>\/\u00a7\u00a7 622 a 623 Ob\u010dansk\u00e9ho z\u00e1kon\u00edku\/<\/p>\n\n\n\n<p><strong>Kvalita<\/strong><\/p>\n\n\n\n<p>Ve\u0161ker\u00e9 zbo\u017e\u00ed v internetov\u00e9m obchod\u011b je standardn\u00ed kvality a je v z\u00e1ruce (expirace) dle platn\u00fdch legislativn\u00edch p\u0159edpis\u016f a z\u00e1ru\u010dn\u00edch podm\u00ednek v\u00fdrobce. Prod\u00e1vaj\u00edc\u00ed z\u00e1kazn\u00edk\u016fm poskytuje na zbo\u017e\u00ed z\u00e1ruku v d\u00e9lce 24-36 m\u011bs\u00edc\u016f. Reklamace zbo\u017e\u00ed je mo\u017en\u00e1 do 7 dn\u016f od p\u0159evzet\u00ed. Z\u00e1kazn\u00edk nem\u00e1 pr\u00e1vo zbo\u017e\u00ed vr\u00e1tit, pokud jej nem\u016f\u017ee vr\u00e1tit ve stavu, v jak\u00e9m jej p\u0159evzal. K vr\u00e1cen\u00e9mu zbo\u017e\u00ed je t\u0159eba dolo\u017eit fakturu, resp. dodac\u00ed list a reklama\u010dn\u00ed formul\u00e1\u0159. Na z\u00e1klad\u011b tohoto bude z\u00e1kazn\u00edkovi vr\u00e1cena p\u0159\u00edslu\u0161n\u00e1 \u010d\u00e1stka sn\u00ed\u017een\u00e1 o cenu po\u0161tovn\u00e9ho a baln\u00e9ho. Reklamace se vy\u0159izuje e-mailem a individu\u00e1ln\u011b se z\u00e1kazn\u00edkem. V p\u0159\u00edpad\u011b ot\u00e1zek m\u016f\u017ee z\u00e1kazn\u00edk zatelefonovat na tel. \u010d\u00edslo 0905 964 032; 0917 533 960 nebo zaslat mail na adresu info@properio.com.<\/p>\n\n\n\n<p>Reklama\u010dn\u00ed formul\u00e1\u0159<\/p>\n\n\n\n<p><strong>Dod\u00e1n\u00ed zbo\u017e\u00ed<\/strong><\/p>\n\n\n\n<p>Z\u00e1kazn\u00edk\u016fm v zem\u00edch Evropy je poplatek za p\u0159epravu vykalkulov\u00e1n podle hmotnosti a cenov\u00fdch podm\u00ednek slu\u017eby GLS. Kupuj\u00edc\u00ed se zavazuje zaplatit za objednan\u00e9 zbo\u017e\u00ed kupn\u00ed cenu na z\u00e1klad\u011b dokladu vygenerovan\u00e9ho automaticky mailem po zasl\u00e1n\u00ed objedn\u00e1vky. Fakturu (da\u0148ov\u00fd doklad) obdr\u017e\u00ed spole\u010dn\u011b se zbo\u017e\u00edm. O odesl\u00e1n\u00ed zbo\u017e\u00ed bude prod\u00e1vaj\u00edc\u00ed kupuj\u00edc\u00edho informovat prost\u0159ednictv\u00edm informa\u010dn\u00edho e-mailu.<\/p>\n\n\n\n<p><strong>Odstoupen\u00ed od smlouvy<\/strong><\/p>\n\n\n\n<p>Spot\u0159ebitel je opr\u00e1vn\u011bn i bez uveden\u00ed d\u016fvodu odstoupit od smlouvy uzav\u0159en\u00e9 na d\u00e1lku nebo od smlouvy uzav\u0159en\u00e9 mimo provozn\u00ed prostory prod\u00e1vaj\u00edc\u00edho do 14 dn\u016f ode dne p\u0159evzet\u00ed zbo\u017e\u00ed.<\/p>\n\n\n\n<p>P\u0159i odstoupen\u00ed od smlouvy nese spot\u0159ebitel pouze n\u00e1klady na vr\u00e1cen\u00ed zbo\u017e\u00ed prod\u00e1vaj\u00edc\u00edmu nebo osob\u011b pov\u011b\u0159en\u00e9 prod\u00e1vaj\u00edc\u00edm k p\u0159evzet\u00ed zbo\u017e\u00ed.<\/p>\n\n\n\n<p>Spot\u0159ebitel odpov\u00edd\u00e1 pouze za sn\u00ed\u017een\u00ed hodnoty zbo\u017e\u00ed, kter\u00e9 vzniklo v d\u016fsledku takov\u00e9ho zach\u00e1zen\u00ed se zbo\u017e\u00edm, kter\u00e9 je nad r\u00e1mec zach\u00e1zen\u00ed pot\u0159ebn\u00e9ho ke zji\u0161t\u011bn\u00ed vlastnost\u00ed a funk\u010dnosti zbo\u017e\u00ed.<\/p>\n\n\n\n<p>Spot\u0159ebitel nen\u00ed opr\u00e1vn\u011bn odstoupit od smlouvy z&nbsp;hygienick\u00fdch d\u016fvod\u016f v&nbsp;p\u0159\u00edpad\u011b, \u017ee dojde k&nbsp;poru\u0161en\u00ed ochrann\u00e9ho obalu dan\u00e9ho zbo\u017e\u00ed.<\/p>\n\n\n\n<p><strong>Alternativn\u00ed \u0159e\u0161en\u00ed spor\u016f<\/strong><\/p>\n\n\n\n<p>Nakupuj\u00edc\u00ed \u2013 spot\u0159ebitel \u2013 m\u00e1 pr\u00e1vo obr\u00e1tit se na prod\u00e1vaj\u00edc\u00edho se \u017e\u00e1dost\u00ed o n\u00e1pravu (e-mailem na <a href=\"mailto:info@properio.com\"><u>info<\/u><u>@<\/u><u>properio.com<\/u><\/a>), pokud nen\u00ed spokojen\u00fd se zp\u016fsobem, kter\u00fdm prod\u00e1vaj\u00edc\u00ed vy\u0159\u00eddil jeho reklamaci, nebo se domn\u00edv\u00e1, \u017ee prod\u00e1vaj\u00edc\u00ed poru\u0161il jeho pr\u00e1va. Pokud prod\u00e1vaj\u00edc\u00ed odpov\u00ed na tuto \u017e\u00e1dost zam\u00edtav\u011b nebo na ni neodpov\u00ed do 30 dn\u016f od jej\u00edho odesl\u00e1n\u00ed, m\u00e1 spot\u0159ebitel pr\u00e1vo podat n\u00e1vrh na zah\u00e1jen\u00ed alternativn\u00edho \u0159e\u0161en\u00ed sporu subjektu alternativn\u00edho \u0159e\u0161en\u00ed spor\u016f (d\u00e1le jen subjekt ARS) podle z\u00e1kona 391\/2015 Z.z. ARS subjekty jsou org\u00e1ny a opr\u00e1vn\u011bn\u00e9 pr\u00e1vnick\u00e9 osoby dle \u00a73 z\u00e1kona 391\/2015 Z.z. N\u00e1vrh m\u016f\u017ee spot\u0159ebitel podat zp\u016fsobem ur\u010den\u00fdm podle \u00a712 Z\u00e1kona 391\/2015 Z.z. Kupuj\u00edc\u00ed \u2013 spot\u0159ebitel\u00e9 jsou opr\u00e1vn\u011bni pou\u017e\u00edt platformu \u0159e\u0161en\u00ed spor\u016f online (d\u00e1le jen jako \u201eRSO\u201c) k \u0159e\u0161en\u00ed sv\u00fdch spor\u016f, v jazyce, kter\u00fd si zvol\u00ed.<\/p>\n\n\n\n<p>Kupuj\u00edc\u00ed \u2013 spot\u0159ebitel m\u016f\u017ee k alternativn\u00edmu \u0159e\u0161en\u00ed sv\u00e9ho sporu vyu\u017e\u00edt platformu RSO, kter\u00e1 je dostupn\u00e1 na webov\u00e9 str\u00e1nce http:\/\/ec.europa.eu\/consumers\/odr\/. Kupuj\u00edc\u00ed \u2013 spot\u0159ebitel p\u0159i p\u0159edkl\u00e1d\u00e1n\u00ed pod\u00e1n\u00ed platform\u011b RSO vypln\u00ed elektronick\u00fd formul\u00e1\u0159 st\u00ed\u017enosti. Informace, kter\u00e9 p\u0159edlo\u017e\u00ed, mus\u00ed b\u00fdt dostate\u010dn\u00e9 k ur\u010den\u00ed p\u0159\u00edslu\u0161n\u00e9ho subjektu alternativn\u00edho \u0159e\u0161en\u00ed spor\u016f online.<\/p>\n\n\n\n<p>Kupuj\u00edc\u00ed \u2013 spot\u0159ebitel m\u016f\u017ee p\u0159ilo\u017eit dokumenty na podporu sv\u00e9 st\u00ed\u017enosti. Alternativn\u00ed \u0159e\u0161en\u00ed spor\u016f se t\u00fdk\u00e1 pouze sporu mezi spot\u0159ebitelem a prod\u00e1vaj\u00edc\u00edm, vypl\u00fdvaj\u00edc\u00edho ze spot\u0159ebitelsk\u00e9 smlouvy nebo souvisej\u00edc\u00edho se spot\u0159ebitelskou smlouvou. Alternativn\u00ed \u0159e\u0161en\u00ed spor\u016f se t\u00fdk\u00e1 pouze smluv uzav\u0159en\u00fdch na d\u00e1lku. Alternativn\u00ed \u0159e\u0161en\u00ed spor\u016f se net\u00fdk\u00e1 spor\u016f, kde hodnota sporu nep\u0159evy\u0161uje \u010d\u00e1stku 20 eur. Subjekt ARS m\u016f\u017ee od spot\u0159ebitele po\u017eadovat \u00fahradu poplatku za zah\u00e1jen\u00ed alternativn\u00edho \u0159e\u0161en\u00ed sporu maxim\u00e1ln\u011b do v\u00fd\u0161e 5 eur s DPH.<\/p>\n\n\n\n<p><strong>Platba<\/strong><\/p>\n\n\n\n<p>Kupuj\u00edc\u00ed se zavazuje zaplatit za objednan\u00e9 zbo\u017e\u00ed kupn\u00ed cenu vy\u00fa\u010dtovanou z\u00e1sadn\u011b jen na z\u00e1klad\u011b faktury (da\u0148ov\u00e9ho dokladu), kterou obdr\u017e\u00ed spolu se zbo\u017e\u00edm.<\/p>\n\n\n\n<p><strong>Ochrana osobn\u00edch \u00fadaj\u016f<\/strong><\/p>\n\n\n\n<p>Provozovatel internetov\u00e9ho obchodu na str\u00e1nk\u00e1ch properio.com zaru\u010duje v\u0161em z\u00e1kazn\u00edk\u016fm ochranu osobn\u00edch \u00fadaj\u016f. Osobn\u00ed \u00fadaje slou\u017e\u00ed pouze k vy\u0159\u00edzen\u00ed objedn\u00e1vek, vystaven\u00ed faktur a posl\u00e1n\u00ed zbo\u017e\u00ed. Osobn\u00ed \u00fadaje se neposkytuj\u00ed t\u0159et\u00edm osob\u00e1m, instituc\u00edm nebo organizac\u00edm. Informace o tom, jak nakl\u00e1d\u00e1me s va\u0161imi osobn\u00edmi \u00fadaji si p\u0159e\u010dtete na samostatn\u00e9 podstr\u00e1nce na <a href=\"https:\/\/bielaperla.sk\/ochrana-osobnych-udajov\">tomto odkazu<\/a>.<\/p>\n\n\n\n<p><strong>Kontakt<\/strong><\/p>\n\n\n\n<p>VITAPRODUKT, s.r.o.<br>N\u00e1m. sv. Eg\u00eddia 95<br>058 01 Poprad<br>Slovensk\u00e1 republika<\/p>\n\n\n\n<p>e-mail: <a href=\"mailto:info@properio.com\">info@properio.com<\/a><\/p>\n\n\n\n<p>web: <a href=\"http:\/\/properio.com\/\">properio.com<\/a><\/p>\n\n\n\n<p>Tel.: +(421) 905 964 032 \/ +(421) 917 533 960<\/p>\n\n\n\n<p>I\u010cO 36504777<br>I\u010c DPH SK 2021996515<\/p>\n\n\n\n<div style=\"height:100px\" aria-hidden=\"true\" class=\"wp-block-spacer\"><\/div>\n","protected":false},"excerpt":{"rendered":"<p>Obchodn\u00ed podm\u00ednky V na\u0161em internetov\u00e9m obchod\u011b si m\u016f\u017eete zbo\u017e\u00ed objednat n\u00e1sleduj\u00edc\u00edm zp\u016fsobem: Pomoc\u00ed internetu Jak zaplatit D\u016fle\u017eit\u00e9 upozorn\u011bn\u00ed O odeslan\u00ed zbo\u017e\u00ed bude prod\u00e1vaj\u00edc\u00ed kupuj\u00edc\u00edho informovat prost\u0159ednictv\u00edm informa\u010dn\u00edho e-mailu. V&nbsp;p\u0159\u00edpad\u011b nep\u0159evzet\u00ed objednan\u00e9ho zbo\u017e\u00ed a n\u00e1sledn\u00e9ho vr\u00e1cen\u00ed z\u00e1silky si prod\u00e1vaj\u00edc\u00ed vyhrazuje pr\u00e1vo vy\u0159azen\u00ed z\u00e1kazn\u00edka z&nbsp;datab\u00e1ze, co\u017e znamen\u00e1, \u017ee mu n\u00e1sledn\u011b v&nbsp;budoucnosti nebudou vy\u0159\u00edzeny \u017e\u00e1dn\u00e9 dal\u0161\u00ed objedn\u00e1vky. Dodac\u00ed [&hellip;]<\/p>\n","protected":false},"author":1,"featured_media":0,"parent":0,"menu_order":0,"comment_status":"closed","ping_status":"closed","template":"","meta":{"footnotes":""},"class_list":["post-3830","page","type-page","status-publish","hentry"],"_links":{"self":[{"href":"https:\/\/properio.com\/cs\/wp-json\/wp\/v2\/pages\/3830","targetHints":{"allow":["GET"]}}],"collection":[{"href":"https:\/\/properio.com\/cs\/wp-json\/wp\/v2\/pages"}],"about":[{"href":"https:\/\/properio.com\/cs\/wp-json\/wp\/v2\/types\/page"}],"author":[{"embeddable":true,"href":"https:\/\/properio.com\/cs\/wp-json\/wp\/v2\/users\/1"}],"replies":[{"embeddable":true,"href":"https:\/\/properio.com\/cs\/wp-json\/wp\/v2\/comments?post=3830"}],"version-history":[{"count":0,"href":"https:\/\/properio.com\/cs\/wp-json\/wp\/v2\/pages\/3830\/revisions"}],"wp:attachment":[{"href":"https:\/\/properio.com\/cs\/wp-json\/wp\/v2\/media?parent=3830"}],"curies":[{"name":"wp","href":"https:\/\/api.w.org\/{rel}","templated":true}]}}