{"id":3766,"date":"2019-07-26T11:45:12","date_gmt":"2019-07-26T11:45:12","guid":{"rendered":"https:\/\/bielaperla.sk\/?page_id=3766"},"modified":"2023-09-20T17:30:04","modified_gmt":"2023-09-20T15:30:04","slug":"faq","status":"publish","type":"page","link":"https:\/\/properio.com\/cs\/faq","title":{"rendered":"FAQ"},"content":{"rendered":"\t\t<div data-elementor-type=\"wp-page\" data-elementor-id=\"3766\" class=\"elementor elementor-3766\" data-elementor-post-type=\"page\">\n\t\t\t\t\t\t<section class=\"elementor-section elementor-top-section elementor-element elementor-element-5ae9946 elementor-section-boxed elementor-section-height-default elementor-section-height-default\" data-id=\"5ae9946\" data-element_type=\"section\" data-e-type=\"section\">\n\t\t\t\t\t\t<div class=\"elementor-container elementor-column-gap-default\">\n\t\t\t\t\t<div class=\"elementor-column elementor-col-100 elementor-top-column elementor-element elementor-element-2496726\" data-id=\"2496726\" data-element_type=\"column\" data-e-type=\"column\">\n\t\t\t<div class=\"elementor-widget-wrap elementor-element-populated\">\n\t\t\t\t\t\t<div class=\"elementor-element elementor-element-2fe8d60 elementor-widget elementor-widget-heading\" data-id=\"2fe8d60\" data-element_type=\"widget\" data-e-type=\"widget\" data-widget_type=\"heading.default\">\n\t\t\t\t<div class=\"elementor-widget-container\">\n\t\t\t\t\t<h1 class=\"elementor-heading-title elementor-size-default\">FAQ<\/h1>\t\t\t\t<\/div>\n\t\t\t\t<\/div>\n\t\t\t\t\t<\/div>\n\t\t<\/div>\n\t\t\t\t\t<\/div>\n\t\t<\/section>\n\t\t\t\t<section class=\"elementor-section elementor-top-section elementor-element elementor-element-77b9e6c elementor-section-boxed elementor-section-height-default elementor-section-height-default\" data-id=\"77b9e6c\" data-element_type=\"section\" data-e-type=\"section\">\n\t\t\t\t\t\t<div class=\"elementor-container elementor-column-gap-default\">\n\t\t\t\t\t<div class=\"elementor-column elementor-col-100 elementor-top-column elementor-element elementor-element-ccba6e1\" data-id=\"ccba6e1\" data-element_type=\"column\" data-e-type=\"column\">\n\t\t\t<div class=\"elementor-widget-wrap elementor-element-populated\">\n\t\t\t\t\t\t<div class=\"elementor-element elementor-element-d49410c elementor-widget elementor-widget-toggle\" data-id=\"d49410c\" data-element_type=\"widget\" data-e-type=\"widget\" data-widget_type=\"toggle.default\">\n\t\t\t\t<div class=\"elementor-widget-container\">\n\t\t\t\t\t\t\t<div class=\"elementor-toggle\">\n\t\t\t\t\t\t\t<div class=\"elementor-toggle-item\">\n\t\t\t\t\t<div id=\"elementor-tab-title-2221\" class=\"elementor-tab-title\" data-tab=\"1\" role=\"button\" aria-controls=\"elementor-tab-content-2221\" aria-expanded=\"false\">\n\t\t\t\t\t\t\t\t\t\t\t\t<span class=\"elementor-toggle-icon elementor-toggle-icon-left\" aria-hidden=\"true\">\n\t\t\t\t\t\t\t\t\t\t\t\t\t\t\t<span class=\"elementor-toggle-icon-closed\"><i class=\"fas fa-caret-right\"><\/i><\/span>\n\t\t\t\t\t\t\t\t<span class=\"elementor-toggle-icon-opened\"><i class=\"elementor-toggle-icon-opened fas fa-caret-up\"><\/i><\/span>\n\t\t\t\t\t\t\t\t\t\t\t\t\t<\/span>\n\t\t\t\t\t\t\t\t\t\t\t\t<a class=\"elementor-toggle-title\" tabindex=\"0\">Je mo\u017en\u00e9 pou\u017e\u00edvat zubn\u00ed pasty pro perio\u00ae, i kdy\u017e m\u00e1m rovn\u00e1tka?<\/a>\n\t\t\t\t\t<\/div>\n\n\t\t\t\t\t<div id=\"elementor-tab-content-2221\" class=\"elementor-tab-content elementor-clearfix\" data-tab=\"1\" role=\"region\" aria-labelledby=\"elementor-tab-title-2221\">Zubn\u00ed pasty pro perio\u00ae m\u016f\u017eete bez obav pou\u017e\u00edvat i s\u00a0rovn\u00e1tky.<\/div>\n\t\t\t\t<\/div>\n\t\t\t\t\t\t\t\t<\/div>\n\t\t\t\t\t\t<\/div>\n\t\t\t\t<\/div>\n\t\t\t\t<div class=\"elementor-element elementor-element-347669f elementor-widget elementor-widget-toggle\" data-id=\"347669f\" data-element_type=\"widget\" data-e-type=\"widget\" data-widget_type=\"toggle.default\">\n\t\t\t\t<div class=\"elementor-widget-container\">\n\t\t\t\t\t\t\t<div class=\"elementor-toggle\">\n\t\t\t\t\t\t\t<div class=\"elementor-toggle-item\">\n\t\t\t\t\t<div id=\"elementor-tab-title-5501\" class=\"elementor-tab-title\" data-tab=\"1\" role=\"button\" aria-controls=\"elementor-tab-content-5501\" aria-expanded=\"false\">\n\t\t\t\t\t\t\t\t\t\t\t\t<span class=\"elementor-toggle-icon elementor-toggle-icon-left\" aria-hidden=\"true\">\n\t\t\t\t\t\t\t\t\t\t\t\t\t\t\t<span class=\"elementor-toggle-icon-closed\"><i class=\"fas fa-caret-right\"><\/i><\/span>\n\t\t\t\t\t\t\t\t<span class=\"elementor-toggle-icon-opened\"><i class=\"elementor-toggle-icon-opened fas fa-caret-up\"><\/i><\/span>\n\t\t\t\t\t\t\t\t\t\t\t\t\t<\/span>\n\t\t\t\t\t\t\t\t\t\t\t\t<a class=\"elementor-toggle-title\" tabindex=\"0\">Je mo\u017en\u00e9 pou\u017e\u00edvat b\u011blen\u00ed Triple action OXI+, i kdy\u017e m\u00e1m rovn\u00e1tka? <\/a>\n\t\t\t\t\t<\/div>\n\n\t\t\t\t\t<div id=\"elementor-tab-content-5501\" class=\"elementor-tab-content elementor-clearfix\" data-tab=\"1\" role=\"region\" aria-labelledby=\"elementor-tab-title-5501\">V\u00a0p\u0159\u00edpad\u011b rovn\u00e1tek nedoporu\u010dujeme pou\u017e\u00edvat Triple action OXI+ :teethwhitening kit, jeliko\u017e nev\u00edme, z\u00a0jak\u00e9ho materi\u00e1lu jsou Va\u0161e rovn\u00e1tka vyrobena a nedok\u00e1\u017eeme tedy posoudit, zda nevznikne ne\u017e\u00e1douc\u00ed reakce. B\u011blen\u00ed nedoporu\u010dujeme ani v\u00a0p\u0159\u00edpad\u011b sn\u00edmateln\u00fdch rovn\u00e1tek, jeliko\u017e v\u00a0procesu jsou vyrovn\u00e1v\u00e1n\u00ed zuby k\u0159eh\u010d\u00ed, a b\u011blen\u00ed by tak na n\u011b mohlo m\u00edt negativn\u00ed vliv.<\/div>\n\t\t\t\t<\/div>\n\t\t\t\t\t\t\t\t<\/div>\n\t\t\t\t\t\t<\/div>\n\t\t\t\t<\/div>\n\t\t\t\t<div class=\"elementor-element elementor-element-b177e3d elementor-widget elementor-widget-toggle\" data-id=\"b177e3d\" data-element_type=\"widget\" data-e-type=\"widget\" data-widget_type=\"toggle.default\">\n\t\t\t\t<div class=\"elementor-widget-container\">\n\t\t\t\t\t\t\t<div class=\"elementor-toggle\">\n\t\t\t\t\t\t\t<div class=\"elementor-toggle-item\">\n\t\t\t\t\t<div id=\"elementor-tab-title-1861\" class=\"elementor-tab-title\" data-tab=\"1\" role=\"button\" aria-controls=\"elementor-tab-content-1861\" aria-expanded=\"false\">\n\t\t\t\t\t\t\t\t\t\t\t\t<span class=\"elementor-toggle-icon elementor-toggle-icon-left\" aria-hidden=\"true\">\n\t\t\t\t\t\t\t\t\t\t\t\t\t\t\t<span class=\"elementor-toggle-icon-closed\"><i class=\"fas fa-caret-right\"><\/i><\/span>\n\t\t\t\t\t\t\t\t<span class=\"elementor-toggle-icon-opened\"><i class=\"elementor-toggle-icon-opened fas fa-caret-up\"><\/i><\/span>\n\t\t\t\t\t\t\t\t\t\t\t\t\t<\/span>\n\t\t\t\t\t\t\t\t\t\t\t\t<a class=\"elementor-toggle-title\" tabindex=\"0\">Co je to enzymatick\u00e9 b\u011blen\u00ed?<\/a>\n\t\t\t\t\t<\/div>\n\n\t\t\t\t\t<div id=\"elementor-tab-content-1861\" class=\"elementor-tab-content elementor-clearfix\" data-tab=\"1\" role=\"region\" aria-labelledby=\"elementor-tab-title-1861\"><p>Tradi\u010dn\u011b se zuby \u010dist\u00ed mechanick\u00fdch zp\u016fsobem. To znamen\u00e1, \u017ee zubn\u00ed pasty maj\u00ed vy\u0161\u0161\u00ed abrazivitu, aby mohly odstranit ne\u010distoty ze zubn\u00ed skloviny pomoc\u00ed brou\u0161en\u00ed.<\/p><p>My, jako milovn\u00edci zdrav\u00e9ho, z\u00e1\u0159iv\u00e9ho \u00fasm\u011bvu, jsme v\u0161ak nebyli spokojen\u00ed s t\u00edm, \u017ee na\u0161i z\u00e1kazn\u00edci budou m\u00edt sice b\u00edl\u00fd, ale citliv\u00fd \u00fasm\u011bv. Proto jsme zm\u011bnili p\u0159\u00edstup a rozhodli jsme se na to j\u00edt jinak.<\/p><p>S\u00edla na\u0161ich past spo\u010d\u00edv\u00e1 v aktivn\u00edch l\u00e1tk\u00e1ch a p\u0159\u00edrodn\u00edch komponentech, jako je enzym glucose oxidase, kter\u00fd nam\u00edsto mechanick\u00e9ho \u010di\u0161t\u011bn\u00ed rozpou\u0161t\u00ed zabarven\u00ed a vy\u010dist\u00ed zuby jemn\u00fdm zp\u016fsobem.<br \/>Pasty, kter\u00e9 b\u011bl\u00ed enzymatick\u00fdm zp\u016fsobem:<\/p><p><br \/>:intensive<br \/>:enamel protect<br \/>:healthy gums<\/p><\/div>\n\t\t\t\t<\/div>\n\t\t\t\t\t\t\t\t<\/div>\n\t\t\t\t\t\t<\/div>\n\t\t\t\t<\/div>\n\t\t\t\t<div class=\"elementor-element elementor-element-574ab62 elementor-widget elementor-widget-toggle\" data-id=\"574ab62\" data-element_type=\"widget\" data-e-type=\"widget\" data-widget_type=\"toggle.default\">\n\t\t\t\t<div class=\"elementor-widget-container\">\n\t\t\t\t\t\t\t<div class=\"elementor-toggle\">\n\t\t\t\t\t\t\t<div class=\"elementor-toggle-item\">\n\t\t\t\t\t<div id=\"elementor-tab-title-9151\" class=\"elementor-tab-title\" data-tab=\"1\" role=\"button\" aria-controls=\"elementor-tab-content-9151\" aria-expanded=\"false\">\n\t\t\t\t\t\t\t\t\t\t\t\t<span class=\"elementor-toggle-icon elementor-toggle-icon-left\" aria-hidden=\"true\">\n\t\t\t\t\t\t\t\t\t\t\t\t\t\t\t<span class=\"elementor-toggle-icon-closed\"><i class=\"fas fa-caret-right\"><\/i><\/span>\n\t\t\t\t\t\t\t\t<span class=\"elementor-toggle-icon-opened\"><i class=\"elementor-toggle-icon-opened fas fa-caret-up\"><\/i><\/span>\n\t\t\t\t\t\t\t\t\t\t\t\t\t<\/span>\n\t\t\t\t\t\t\t\t\t\t\t\t<a class=\"elementor-toggle-title\" tabindex=\"0\">Nikdy jsem si zuby neb\u011blil\/a, kter\u00fd v\u00e1\u0161 produkt bych m\u011bl\/a vyzkou\u0161et?<\/a>\n\t\t\t\t\t<\/div>\n\n\t\t\t\t\t<div id=\"elementor-tab-content-9151\" class=\"elementor-tab-content elementor-clearfix\" data-tab=\"1\" role=\"region\" aria-labelledby=\"elementor-tab-title-9151\">V\u00a0takov\u00e9m p\u0159\u00edpad\u011b doporu\u010dujeme za\u010d\u00edt s Triple action OXI+ :teeth whitening kit v\u00a0kombinaci se zubn\u00ed pastou :intenzivn\u00ed b\u011blen\u00ed. Tato kombinace je velmi \u0161etrn\u00e1 k\u00a0zubn\u00ed sklovin\u011b a d\u00e1sn\u00edm a dod\u00e1 zub\u016fm p\u0159irozenou b\u011blost.<\/div>\n\t\t\t\t<\/div>\n\t\t\t\t\t\t\t\t<\/div>\n\t\t\t\t\t\t<\/div>\n\t\t\t\t<\/div>\n\t\t\t\t<div class=\"elementor-element elementor-element-85e7693 elementor-widget elementor-widget-toggle\" data-id=\"85e7693\" data-element_type=\"widget\" data-e-type=\"widget\" data-widget_type=\"toggle.default\">\n\t\t\t\t<div class=\"elementor-widget-container\">\n\t\t\t\t\t\t\t<div class=\"elementor-toggle\">\n\t\t\t\t\t\t\t<div class=\"elementor-toggle-item\">\n\t\t\t\t\t<div id=\"elementor-tab-title-1401\" class=\"elementor-tab-title\" data-tab=\"1\" role=\"button\" aria-controls=\"elementor-tab-content-1401\" aria-expanded=\"false\">\n\t\t\t\t\t\t\t\t\t\t\t\t<span class=\"elementor-toggle-icon elementor-toggle-icon-left\" aria-hidden=\"true\">\n\t\t\t\t\t\t\t\t\t\t\t\t\t\t\t<span class=\"elementor-toggle-icon-closed\"><i class=\"fas fa-caret-right\"><\/i><\/span>\n\t\t\t\t\t\t\t\t<span class=\"elementor-toggle-icon-opened\"><i class=\"elementor-toggle-icon-opened fas fa-caret-up\"><\/i><\/span>\n\t\t\t\t\t\t\t\t\t\t\t\t\t<\/span>\n\t\t\t\t\t\t\t\t\t\t\t\t<a class=\"elementor-toggle-title\" tabindex=\"0\">Pro\u010d se nedoporu\u010duje pou\u017e\u00edvat Triple action OXI+ :teeth whitening kit b\u011bhem t\u011bhotenstv\u00ed a kojen\u00ed?<\/a>\n\t\t\t\t\t<\/div>\n\n\t\t\t\t\t<div id=\"elementor-tab-content-1401\" class=\"elementor-tab-content elementor-clearfix\" data-tab=\"1\" role=\"region\" aria-labelledby=\"elementor-tab-title-1401\"><p>Hormon\u00e1ln\u00ed zm\u011bny b\u011bhem t\u011bhotenstv\u00ed a kojen\u00ed m\u016f\u017eou zp\u016fsobit nadm\u011brnou tvorbu zubn\u00edho plaku, co\u017e zvy\u0161uje riziko zubn\u00edho kazu, krv\u00e1cen\u00ed d\u00e1sn\u00ed a oslaben\u00ed zubn\u00ed skloviny. B\u011blen\u00ed zub\u016f b\u011bhem tohoto obdob\u00ed m\u016f\u017ee zp\u016fsobovat tak\u00e9 zv\u00fd\u0161enou citlivost zub\u016f a d\u00e1sn\u00ed.<\/p><\/div>\n\t\t\t\t<\/div>\n\t\t\t\t\t\t\t\t<\/div>\n\t\t\t\t\t\t<\/div>\n\t\t\t\t<\/div>\n\t\t\t\t<div class=\"elementor-element elementor-element-aba03f1 elementor-widget elementor-widget-toggle\" data-id=\"aba03f1\" data-element_type=\"widget\" data-e-type=\"widget\" data-widget_type=\"toggle.default\">\n\t\t\t\t<div class=\"elementor-widget-container\">\n\t\t\t\t\t\t\t<div class=\"elementor-toggle\">\n\t\t\t\t\t\t\t<div class=\"elementor-toggle-item\">\n\t\t\t\t\t<div id=\"elementor-tab-title-1791\" class=\"elementor-tab-title\" data-tab=\"1\" role=\"button\" aria-controls=\"elementor-tab-content-1791\" aria-expanded=\"false\">\n\t\t\t\t\t\t\t\t\t\t\t\t<span class=\"elementor-toggle-icon elementor-toggle-icon-left\" aria-hidden=\"true\">\n\t\t\t\t\t\t\t\t\t\t\t\t\t\t\t<span class=\"elementor-toggle-icon-closed\"><i class=\"fas fa-caret-right\"><\/i><\/span>\n\t\t\t\t\t\t\t\t<span class=\"elementor-toggle-icon-opened\"><i class=\"elementor-toggle-icon-opened fas fa-caret-up\"><\/i><\/span>\n\t\t\t\t\t\t\t\t\t\t\t\t\t<\/span>\n\t\t\t\t\t\t\t\t\t\t\t\t<a class=\"elementor-toggle-title\" tabindex=\"0\">Pro\u010d n\u011bkter\u00e9 zubn\u00ed pasty pro perio\u00ae obsahuj\u00ed fluor?<\/a>\n\t\t\t\t\t<\/div>\n\n\t\t\t\t\t<div id=\"elementor-tab-content-1791\" class=\"elementor-tab-content elementor-clearfix\" data-tab=\"1\" role=\"region\" aria-labelledby=\"elementor-tab-title-1791\"><p>Fluor remineralizuje zubn\u00ed sklovinu, co\u017e je d\u016fle\u017eit\u00e9 p\u0159i prevenci vzniku zubn\u00edho kazu. Zubn\u00ed pasty obsahuj\u00edc\u00ed fluor sni\u017euj\u00ed p\u0159i pravideln\u00e9m pou\u017e\u00edv\u00e1n\u00ed kazivost zub\u016f a\u017e o 20 %. Z\u00a0fluoru nemus\u00edte m\u00edt obavy, zn\u00e1mky akutn\u00ed toxicity zp\u016fsoben\u00e9 fluorem se projevuj\u00ed a\u017e po jednor\u00e1zov\u00e9m pod\u00e1n\u00ed d\u00e1vky v\u00a0hodnot\u00e1ch 5-10 gram\u016f fluorid\u016f, co\u017e se rovn\u00e1 p\u0159\u00edm\u00e9 konzumaci cca 30 zubn\u00edch past s\u00a0obsahem fluorid\u016f 1500ppm.<\/p><\/div>\n\t\t\t\t<\/div>\n\t\t\t\t\t\t\t\t<\/div>\n\t\t\t\t\t\t<\/div>\n\t\t\t\t<\/div>\n\t\t\t\t<div class=\"elementor-element elementor-element-4da1433 elementor-widget elementor-widget-toggle\" data-id=\"4da1433\" data-element_type=\"widget\" data-e-type=\"widget\" data-widget_type=\"toggle.default\">\n\t\t\t\t<div class=\"elementor-widget-container\">\n\t\t\t\t\t\t\t<div class=\"elementor-toggle\">\n\t\t\t\t\t\t\t<div class=\"elementor-toggle-item\">\n\t\t\t\t\t<div id=\"elementor-tab-title-8141\" class=\"elementor-tab-title\" data-tab=\"1\" role=\"button\" aria-controls=\"elementor-tab-content-8141\" aria-expanded=\"false\">\n\t\t\t\t\t\t\t\t\t\t\t\t<span class=\"elementor-toggle-icon elementor-toggle-icon-left\" aria-hidden=\"true\">\n\t\t\t\t\t\t\t\t\t\t\t\t\t\t\t<span class=\"elementor-toggle-icon-closed\"><i class=\"fas fa-caret-right\"><\/i><\/span>\n\t\t\t\t\t\t\t\t<span class=\"elementor-toggle-icon-opened\"><i class=\"elementor-toggle-icon-opened fas fa-caret-up\"><\/i><\/span>\n\t\t\t\t\t\t\t\t\t\t\t\t\t<\/span>\n\t\t\t\t\t\t\t\t\t\t\t\t<a class=\"elementor-toggle-title\" tabindex=\"0\">Po jak\u00e9 dob\u011b m\u016f\u017eu opakovat b\u011blen\u00ed s Triple action OXI+ :teeth whitening kit?<\/a>\n\t\t\t\t\t<\/div>\n\n\t\t\t\t\t<div id=\"elementor-tab-content-8141\" class=\"elementor-tab-content elementor-clearfix\" data-tab=\"1\" role=\"region\" aria-labelledby=\"elementor-tab-title-8141\">B\u011blen\u00ed zub\u016f se :syst\u00e9mem na b\u011blen\u00ed zub\u016f lze opakovat ka\u017ed\u00fdch 6 m\u011bs\u00edc\u016f. <\/div>\n\t\t\t\t<\/div>\n\t\t\t\t\t\t\t\t<\/div>\n\t\t\t\t\t\t<\/div>\n\t\t\t\t<\/div>\n\t\t\t\t<div class=\"elementor-element elementor-element-d59bf5d elementor-widget elementor-widget-toggle\" data-id=\"d59bf5d\" data-element_type=\"widget\" data-e-type=\"widget\" data-widget_type=\"toggle.default\">\n\t\t\t\t<div class=\"elementor-widget-container\">\n\t\t\t\t\t\t\t<div class=\"elementor-toggle\">\n\t\t\t\t\t\t\t<div class=\"elementor-toggle-item\">\n\t\t\t\t\t<div id=\"elementor-tab-title-2231\" class=\"elementor-tab-title\" data-tab=\"1\" role=\"button\" aria-controls=\"elementor-tab-content-2231\" aria-expanded=\"false\">\n\t\t\t\t\t\t\t\t\t\t\t\t<span class=\"elementor-toggle-icon elementor-toggle-icon-left\" aria-hidden=\"true\">\n\t\t\t\t\t\t\t\t\t\t\t\t\t\t\t<span class=\"elementor-toggle-icon-closed\"><i class=\"fas fa-caret-right\"><\/i><\/span>\n\t\t\t\t\t\t\t\t<span class=\"elementor-toggle-icon-opened\"><i class=\"elementor-toggle-icon-opened fas fa-caret-up\"><\/i><\/span>\n\t\t\t\t\t\t\t\t\t\t\t\t\t<\/span>\n\t\t\t\t\t\t\t\t\t\t\t\t<a class=\"elementor-toggle-title\" tabindex=\"0\">Jak dlouho mi vydr\u017e\u00ed b\u00edl\u00e9 zuby po b\u011blen\u00ed?<\/a>\n\t\t\t\t\t<\/div>\n\n\t\t\t\t\t<div id=\"elementor-tab-content-2231\" class=\"elementor-tab-content elementor-clearfix\" data-tab=\"1\" role=\"region\" aria-labelledby=\"elementor-tab-title-2231\"><p>V\u0161e z\u00e1vis\u00ed na tom, jak moc jste zvykl\u00ed\u00a0p\u00edt k\u00e1vu, \u010derven\u00e9 v\u00edno \u010di kou\u0159it. Denn\u00ed pou\u017e\u00edv\u00e1n\u00ed t\u011bchto l\u00e1tek m\u016f\u017ee zkr\u00e1tit dobu, po ni\u017e budou Va\u0161e zuby b\u00edl\u00e9. Pokud se nedok\u00e1\u017eete pit\u00ed k\u00e1vy nebo \u010daje vzd\u00e1t, zkuste alespo\u0148 co nejv\u00edce zabr\u00e1nit dotyku tekutiny se zuby.<\/p><p>Pro udr\u017een\u00ed co nejdel\u0161\u00edho efektu b\u00edl\u00fdch zub\u016f doporu\u010dujeme pou\u017e\u00edvat zubn\u00ed pastu pro perio :crystal white.<\/p><\/div>\n\t\t\t\t<\/div>\n\t\t\t\t\t\t\t\t<\/div>\n\t\t\t\t\t\t<\/div>\n\t\t\t\t<\/div>\n\t\t\t\t<div class=\"elementor-element elementor-element-67ae6c7 elementor-widget elementor-widget-spacer\" data-id=\"67ae6c7\" data-element_type=\"widget\" data-e-type=\"widget\" data-widget_type=\"spacer.default\">\n\t\t\t\t<div class=\"elementor-widget-container\">\n\t\t\t\t\t\t\t<div class=\"elementor-spacer\">\n\t\t\t<div class=\"elementor-spacer-inner\"><\/div>\n\t\t<\/div>\n\t\t\t\t\t\t<\/div>\n\t\t\t\t<\/div>\n\t\t\t\t\t<\/div>\n\t\t<\/div>\n\t\t\t\t\t<\/div>\n\t\t<\/section>\n\t\t\t\t<\/div>\n\t\t","protected":false},"excerpt":{"rendered":"<p>FAQ Je mo\u017en\u00e9 pou\u017e\u00edvat zubn\u00ed pasty pro perio\u00ae, i kdy\u017e m\u00e1m rovn\u00e1tka? Zubn\u00ed pasty pro perio\u00ae m\u016f\u017eete bez obav pou\u017e\u00edvat i s\u00a0rovn\u00e1tky. Je mo\u017en\u00e9 pou\u017e\u00edvat b\u011blen\u00ed Triple action OXI+, i kdy\u017e m\u00e1m rovn\u00e1tka? V\u00a0p\u0159\u00edpad\u011b rovn\u00e1tek nedoporu\u010dujeme pou\u017e\u00edvat Triple action OXI+ :teethwhitening kit, jeliko\u017e nev\u00edme, z\u00a0jak\u00e9ho materi\u00e1lu jsou Va\u0161e rovn\u00e1tka vyrobena a nedok\u00e1\u017eeme tedy posoudit, zda [&hellip;]<\/p>\n","protected":false},"author":1,"featured_media":0,"parent":0,"menu_order":0,"comment_status":"closed","ping_status":"closed","template":"","meta":{"footnotes":""},"class_list":["post-3766","page","type-page","status-publish","hentry"],"_links":{"self":[{"href":"https:\/\/properio.com\/cs\/wp-json\/wp\/v2\/pages\/3766","targetHints":{"allow":["GET"]}}],"collection":[{"href":"https:\/\/properio.com\/cs\/wp-json\/wp\/v2\/pages"}],"about":[{"href":"https:\/\/properio.com\/cs\/wp-json\/wp\/v2\/types\/page"}],"author":[{"embeddable":true,"href":"https:\/\/properio.com\/cs\/wp-json\/wp\/v2\/users\/1"}],"replies":[{"embeddable":true,"href":"https:\/\/properio.com\/cs\/wp-json\/wp\/v2\/comments?post=3766"}],"version-history":[{"count":0,"href":"https:\/\/properio.com\/cs\/wp-json\/wp\/v2\/pages\/3766\/revisions"}],"wp:attachment":[{"href":"https:\/\/properio.com\/cs\/wp-json\/wp\/v2\/media?parent=3766"}],"curies":[{"name":"wp","href":"https:\/\/api.w.org\/{rel}","templated":true}]}}