{"id":3186,"date":"2019-07-01T15:54:00","date_gmt":"2019-07-01T15:54:00","guid":{"rendered":"https:\/\/bielaperla.sk\/?page_id=3186"},"modified":"2025-11-04T09:31:18","modified_gmt":"2025-11-04T08:31:18","slug":"o-nas","status":"publish","type":"page","link":"https:\/\/properio.com\/cs\/o-nas","title":{"rendered":"O n\u00e1s"},"content":{"rendered":"\t\t<div data-elementor-type=\"wp-page\" data-elementor-id=\"3186\" class=\"elementor elementor-3186\" data-elementor-post-type=\"page\">\n\t\t\t\t\t\t<section class=\"elementor-section elementor-top-section elementor-element elementor-element-24cc581 elementor-section-height-min-height elementor-section-boxed elementor-section-height-default elementor-section-items-middle\" data-id=\"24cc581\" data-element_type=\"section\" data-e-type=\"section\" data-settings=\"{&quot;background_background&quot;:&quot;classic&quot;}\">\n\t\t\t\t\t\t\t<div class=\"elementor-background-overlay\"><\/div>\n\t\t\t\t\t\t\t<div class=\"elementor-container elementor-column-gap-default\">\n\t\t\t\t\t<div class=\"elementor-column elementor-col-100 elementor-top-column elementor-element elementor-element-2bba311\" data-id=\"2bba311\" data-element_type=\"column\" data-e-type=\"column\" data-settings=\"{&quot;background_background&quot;:&quot;classic&quot;}\">\n\t\t\t<div class=\"elementor-widget-wrap elementor-element-populated\">\n\t\t\t\t\t\t<div class=\"elementor-element elementor-element-8ac053f elementor-widget elementor-widget-spacer\" data-id=\"8ac053f\" data-element_type=\"widget\" data-e-type=\"widget\" data-widget_type=\"spacer.default\">\n\t\t\t\t<div class=\"elementor-widget-container\">\n\t\t\t\t\t\t\t<div class=\"elementor-spacer\">\n\t\t\t<div class=\"elementor-spacer-inner\"><\/div>\n\t\t<\/div>\n\t\t\t\t\t\t<\/div>\n\t\t\t\t<\/div>\n\t\t\t\t<div class=\"elementor-element elementor-element-13df96c elementor-widget elementor-widget-text-editor\" data-id=\"13df96c\" data-element_type=\"widget\" data-e-type=\"widget\" data-widget_type=\"text-editor.default\">\n\t\t\t\t<div class=\"elementor-widget-container\">\n\t\t\t\t\t\t\t\t\t<p>V roce 1998 jsme na Slovensku vyvinuli prvn\u00ed syst\u00e9m dom\u00e1c\u00edho b\u011blen\u00ed zub\u016f pod mate\u0159skou zna\u010dkou biela perla\u00ae. Tento syst\u00e9m je ur\u010den\u00fd k dom\u00e1c\u00edmu b\u011blen\u00ed zub\u016f zp\u016fsobem, kter\u00fd pou\u017e\u00edvaj\u00ed i stomatologov\u00e9. B\u011blic\u00ed syst\u00e9m se stal velk\u00fdm hitem mezi Slov\u00e1ky, kte\u0159\u00ed si jej kupovali v l\u00e9k\u00e1rn\u00e1ch. D\u00edky pozitivn\u00edm reakc\u00edm na\u0161ich spokojen\u00fdch z\u00e1kazn\u00edk\u016f jsme portfolio roz\u0161\u00ed\u0159ili i o zubn\u00ed pasty, kter\u00e9 tradi\u010dn\u011b vyv\u00edj\u00edme a vyr\u00e1b\u00edme v na\u0161\u00ed rodinn\u00e9 firm\u011b ve Vysok\u00fdch Tatr\u00e1ch.<\/p><p>Zubn\u00ed pasty properio\u00ae jsou v\u00fdjime\u010dn\u00e9 p\u0159edev\u0161\u00edm svou transparentn\u00ed abrazivitou, enzymatickou recepturou, netradi\u010dn\u00edmi p\u0159\u00edchut\u011bmi, bylinn\u00fdmi extrakty a ov\u011b\u0159en\u00fdmi aktivn\u00edmi l\u00e1tkami, kter\u00e9 zuby udr\u017euj\u00ed v dobr\u00e9 kondici a bezpe\u010dn\u011b je b\u011bl\u00ed.<\/p><p><strong><em>25 let\u00e1 tradice\u00a0a zku\u0161enosti v oblasti zubn\u00ed hygieny.<\/em><\/strong><\/p>\t\t\t\t\t\t\t\t<\/div>\n\t\t\t\t<\/div>\n\t\t\t\t<div class=\"elementor-element elementor-element-78c8c73 elementor-widget elementor-widget-spacer\" data-id=\"78c8c73\" data-element_type=\"widget\" data-e-type=\"widget\" data-widget_type=\"spacer.default\">\n\t\t\t\t<div class=\"elementor-widget-container\">\n\t\t\t\t\t\t\t<div class=\"elementor-spacer\">\n\t\t\t<div class=\"elementor-spacer-inner\"><\/div>\n\t\t<\/div>\n\t\t\t\t\t\t<\/div>\n\t\t\t\t<\/div>\n\t\t\t\t\t<\/div>\n\t\t<\/div>\n\t\t\t\t\t<\/div>\n\t\t<\/section>\n\t\t\t\t<section class=\"elementor-section elementor-top-section elementor-element elementor-element-d00b100 elementor-section-boxed elementor-section-height-default elementor-section-height-default\" data-id=\"d00b100\" data-element_type=\"section\" data-e-type=\"section\">\n\t\t\t\t\t\t<div class=\"elementor-container elementor-column-gap-default\">\n\t\t\t\t\t<div class=\"elementor-column elementor-col-100 elementor-top-column elementor-element elementor-element-5955b77\" data-id=\"5955b77\" data-element_type=\"column\" data-e-type=\"column\">\n\t\t\t<div class=\"elementor-widget-wrap elementor-element-populated\">\n\t\t\t\t\t\t<div class=\"elementor-element elementor-element-d68dc34 elementor-widget elementor-widget-heading\" data-id=\"d68dc34\" data-element_type=\"widget\" data-e-type=\"widget\" data-widget_type=\"heading.default\">\n\t\t\t\t<div class=\"elementor-widget-container\">\n\t\t\t\t\t<h2 class=\"elementor-heading-title elementor-size-default\">\nN\u00e1\u0161 t\u00fdm<\/h2>\t\t\t\t<\/div>\n\t\t\t\t<\/div>\n\t\t\t\t\t<\/div>\n\t\t<\/div>\n\t\t\t\t\t<\/div>\n\t\t<\/section>\n\t\t\t\t<section class=\"elementor-section elementor-top-section elementor-element elementor-element-b3e1ef2 elementor-section-boxed elementor-section-height-default elementor-section-height-default\" data-id=\"b3e1ef2\" data-element_type=\"section\" data-e-type=\"section\">\n\t\t\t\t\t\t<div class=\"elementor-container elementor-column-gap-default\">\n\t\t\t\t\t<div class=\"elementor-column elementor-col-25 elementor-top-column elementor-element elementor-element-5106911\" data-id=\"5106911\" data-element_type=\"column\" data-e-type=\"column\">\n\t\t\t<div class=\"elementor-widget-wrap elementor-element-populated\">\n\t\t\t\t\t\t<div class=\"elementor-element elementor-element-d0db393 elementor-position-top elementor-widget elementor-widget-image-box\" data-id=\"d0db393\" data-element_type=\"widget\" data-e-type=\"widget\" data-widget_type=\"image-box.default\">\n\t\t\t\t<div class=\"elementor-widget-container\">\n\t\t\t\t\t<div class=\"elementor-image-box-wrapper\"><figure class=\"elementor-image-box-img\"><img fetchpriority=\"high\" decoding=\"async\" width=\"620\" height=\"930\" src=\"https:\/\/properio.com\/wp-content\/uploads\/Zlatko_small.jpeg\" class=\"attachment-full size-full wp-image-120389\" alt=\"\" srcset=\"https:\/\/properio.com\/wp-content\/uploads\/Zlatko_small.jpeg 620w, https:\/\/properio.com\/wp-content\/uploads\/Zlatko_small-200x300.jpeg 200w, https:\/\/properio.com\/wp-content\/uploads\/Zlatko_small-450x675.jpeg 450w, https:\/\/properio.com\/wp-content\/uploads\/Zlatko_small-600x900.jpeg 600w, https:\/\/properio.com\/wp-content\/uploads\/Zlatko_small-64x96.jpeg 64w\" sizes=\"(max-width: 620px) 100vw, 620px\" \/><\/figure><div class=\"elementor-image-box-content\"><h3 class=\"elementor-image-box-title\">Zlatko Jur\u00edk<\/h3><p class=\"elementor-image-box-description\">Founder &amp; Business Director<\/p><\/div><\/div>\t\t\t\t<\/div>\n\t\t\t\t<\/div>\n\t\t\t\t\t<\/div>\n\t\t<\/div>\n\t\t\t\t<div class=\"elementor-column elementor-col-25 elementor-top-column elementor-element elementor-element-ef8deae\" data-id=\"ef8deae\" data-element_type=\"column\" data-e-type=\"column\">\n\t\t\t<div class=\"elementor-widget-wrap elementor-element-populated\">\n\t\t\t\t\t\t<div class=\"elementor-element elementor-element-20b6560 elementor-position-top elementor-widget elementor-widget-image-box\" data-id=\"20b6560\" data-element_type=\"widget\" data-e-type=\"widget\" data-widget_type=\"image-box.default\">\n\t\t\t\t<div class=\"elementor-widget-container\">\n\t\t\t\t\t<div class=\"elementor-image-box-wrapper\"><figure class=\"elementor-image-box-img\"><img decoding=\"async\" width=\"620\" height=\"930\" src=\"https:\/\/properio.com\/wp-content\/uploads\/Betka_small.jpg\" class=\"attachment-full size-full wp-image-120391\" alt=\"\" srcset=\"https:\/\/properio.com\/wp-content\/uploads\/Betka_small.jpg 620w, https:\/\/properio.com\/wp-content\/uploads\/Betka_small-200x300.jpg 200w, https:\/\/properio.com\/wp-content\/uploads\/Betka_small-450x675.jpg 450w, https:\/\/properio.com\/wp-content\/uploads\/Betka_small-600x900.jpg 600w, https:\/\/properio.com\/wp-content\/uploads\/Betka_small-64x96.jpg 64w\" sizes=\"(max-width: 620px) 100vw, 620px\" \/><\/figure><div class=\"elementor-image-box-content\"><h3 class=\"elementor-image-box-title\">Al\u017ebeta Rusi\u0148akov\u00e1<\/h3><p class=\"elementor-image-box-description\">Production Director\n<\/p><\/div><\/div>\t\t\t\t<\/div>\n\t\t\t\t<\/div>\n\t\t\t\t\t<\/div>\n\t\t<\/div>\n\t\t\t\t<div class=\"elementor-column elementor-col-25 elementor-top-column elementor-element elementor-element-beb217e\" data-id=\"beb217e\" data-element_type=\"column\" data-e-type=\"column\">\n\t\t\t<div class=\"elementor-widget-wrap elementor-element-populated\">\n\t\t\t\t\t\t<div class=\"elementor-element elementor-element-6427aa1 elementor-position-top elementor-widget elementor-widget-image-box\" data-id=\"6427aa1\" data-element_type=\"widget\" data-e-type=\"widget\" data-widget_type=\"image-box.default\">\n\t\t\t\t<div class=\"elementor-widget-container\">\n\t\t\t\t\t<div class=\"elementor-image-box-wrapper\"><figure class=\"elementor-image-box-img\"><img decoding=\"async\" width=\"720\" height=\"1080\" src=\"https:\/\/properio.com\/wp-content\/uploads\/1-1-of-1-3-copy-SMALL-1.jpeg\" class=\"attachment-full size-full wp-image-120373\" alt=\"\" srcset=\"https:\/\/properio.com\/wp-content\/uploads\/1-1-of-1-3-copy-SMALL-1.jpeg 720w, https:\/\/properio.com\/wp-content\/uploads\/1-1-of-1-3-copy-SMALL-1-200x300.jpeg 200w, https:\/\/properio.com\/wp-content\/uploads\/1-1-of-1-3-copy-SMALL-1-683x1024.jpeg 683w, https:\/\/properio.com\/wp-content\/uploads\/1-1-of-1-3-copy-SMALL-1-450x675.jpeg 450w, https:\/\/properio.com\/wp-content\/uploads\/1-1-of-1-3-copy-SMALL-1-600x900.jpeg 600w, https:\/\/properio.com\/wp-content\/uploads\/1-1-of-1-3-copy-SMALL-1-64x96.jpeg 64w\" sizes=\"(max-width: 720px) 100vw, 720px\" \/><\/figure><div class=\"elementor-image-box-content\"><h3 class=\"elementor-image-box-title\">In\u00e9s Pe\u0161ko<\/h3><p class=\"elementor-image-box-description\">Marketing Director\n<\/p><\/div><\/div>\t\t\t\t<\/div>\n\t\t\t\t<\/div>\n\t\t\t\t\t<\/div>\n\t\t<\/div>\n\t\t\t\t<div class=\"elementor-column elementor-col-25 elementor-top-column elementor-element elementor-element-d712b41\" data-id=\"d712b41\" data-element_type=\"column\" data-e-type=\"column\">\n\t\t\t<div class=\"elementor-widget-wrap elementor-element-populated\">\n\t\t\t\t\t\t<div class=\"elementor-element elementor-element-34e9c14 elementor-position-top elementor-widget elementor-widget-image-box\" data-id=\"34e9c14\" data-element_type=\"widget\" data-e-type=\"widget\" data-widget_type=\"image-box.default\">\n\t\t\t\t<div class=\"elementor-widget-container\">\n\t\t\t\t\t<div class=\"elementor-image-box-wrapper\"><figure class=\"elementor-image-box-img\"><img loading=\"lazy\" decoding=\"async\" width=\"650\" height=\"975\" src=\"https:\/\/properio.com\/wp-content\/uploads\/TONKA-2-mala.jpeg\" class=\"attachment-full size-full wp-image-124368\" alt=\"\" srcset=\"https:\/\/properio.com\/wp-content\/uploads\/TONKA-2-mala.jpeg 650w, https:\/\/properio.com\/wp-content\/uploads\/TONKA-2-mala-200x300.jpeg 200w, https:\/\/properio.com\/wp-content\/uploads\/TONKA-2-mala-450x675.jpeg 450w, https:\/\/properio.com\/wp-content\/uploads\/TONKA-2-mala-600x900.jpeg 600w, https:\/\/properio.com\/wp-content\/uploads\/TONKA-2-mala-64x96.jpeg 64w\" sizes=\"(max-width: 650px) 100vw, 650px\" \/><\/figure><div class=\"elementor-image-box-content\"><h3 class=\"elementor-image-box-title\">Ant\u00f3nia Jur\u00edkov\u00e1<\/h3><p class=\"elementor-image-box-description\">Product Director\n<\/p><\/div><\/div>\t\t\t\t<\/div>\n\t\t\t\t<\/div>\n\t\t\t\t\t<\/div>\n\t\t<\/div>\n\t\t\t\t\t<\/div>\n\t\t<\/section>\n\t\t\t\t<section class=\"elementor-section elementor-top-section elementor-element elementor-element-d8ff73b elementor-section-boxed elementor-section-height-default elementor-section-height-default\" data-id=\"d8ff73b\" data-element_type=\"section\" data-e-type=\"section\">\n\t\t\t\t\t\t<div class=\"elementor-container elementor-column-gap-default\">\n\t\t\t\t\t<div class=\"elementor-column elementor-col-25 elementor-top-column elementor-element elementor-element-d5e228f\" data-id=\"d5e228f\" data-element_type=\"column\" data-e-type=\"column\">\n\t\t\t<div class=\"elementor-widget-wrap elementor-element-populated\">\n\t\t\t\t\t\t<div class=\"elementor-element elementor-element-794999b elementor-position-top elementor-widget elementor-widget-image-box\" data-id=\"794999b\" data-element_type=\"widget\" data-e-type=\"widget\" data-widget_type=\"image-box.default\">\n\t\t\t\t<div class=\"elementor-widget-container\">\n\t\t\t\t\t<div class=\"elementor-image-box-wrapper\"><figure class=\"elementor-image-box-img\"><img loading=\"lazy\" decoding=\"async\" width=\"620\" height=\"930\" src=\"https:\/\/properio.com\/wp-content\/uploads\/Lucka_small.jpeg\" class=\"attachment-full size-full wp-image-120388\" alt=\"\" srcset=\"https:\/\/properio.com\/wp-content\/uploads\/Lucka_small.jpeg 620w, https:\/\/properio.com\/wp-content\/uploads\/Lucka_small-200x300.jpeg 200w, https:\/\/properio.com\/wp-content\/uploads\/Lucka_small-450x675.jpeg 450w, https:\/\/properio.com\/wp-content\/uploads\/Lucka_small-600x900.jpeg 600w, https:\/\/properio.com\/wp-content\/uploads\/Lucka_small-64x96.jpeg 64w\" sizes=\"(max-width: 620px) 100vw, 620px\" \/><\/figure><div class=\"elementor-image-box-content\"><h3 class=\"elementor-image-box-title\">Lucia Hova\u0148\u00e1kov\u00e1<\/h3><p class=\"elementor-image-box-description\">\nHead of Research &amp; Development\n<\/p><\/div><\/div>\t\t\t\t<\/div>\n\t\t\t\t<\/div>\n\t\t\t\t\t<\/div>\n\t\t<\/div>\n\t\t\t\t<div class=\"elementor-column elementor-col-25 elementor-top-column elementor-element elementor-element-2323daa elementor-hidden-desktop elementor-hidden-tablet elementor-hidden-mobile\" data-id=\"2323daa\" data-element_type=\"column\" data-e-type=\"column\">\n\t\t\t<div class=\"elementor-widget-wrap elementor-element-populated\">\n\t\t\t\t\t\t<div class=\"elementor-element elementor-element-d0ad021 elementor-position-top elementor-widget elementor-widget-image-box\" data-id=\"d0ad021\" data-element_type=\"widget\" data-e-type=\"widget\" data-widget_type=\"image-box.default\">\n\t\t\t\t<div class=\"elementor-widget-container\">\n\t\t\t\t\t<div class=\"elementor-image-box-wrapper\"><figure class=\"elementor-image-box-img\"><img decoding=\"async\" src=\"https:\/\/properio.com\/wp-content\/plugins\/elementor\/assets\/images\/placeholder.png\" title=\"\" alt=\"\" loading=\"lazy\" \/><\/figure><div class=\"elementor-image-box-content\"><h3 class=\"elementor-image-box-title\">This is the heading<\/h3><p class=\"elementor-image-box-description\">Lorem ipsum dolor sit amet, consectetur adipiscing elit. Ut elit tellus, luctus nec ullamcorper mattis, pulvinar dapibus leo.<\/p><\/div><\/div>\t\t\t\t<\/div>\n\t\t\t\t<\/div>\n\t\t\t\t\t<\/div>\n\t\t<\/div>\n\t\t\t\t<div class=\"elementor-column elementor-col-25 elementor-top-column elementor-element elementor-element-5e76067 elementor-hidden-desktop elementor-hidden-tablet elementor-hidden-mobile\" data-id=\"5e76067\" data-element_type=\"column\" data-e-type=\"column\">\n\t\t\t<div class=\"elementor-widget-wrap elementor-element-populated\">\n\t\t\t\t\t\t<div class=\"elementor-element elementor-element-1804f24 elementor-position-top elementor-widget elementor-widget-image-box\" data-id=\"1804f24\" data-element_type=\"widget\" data-e-type=\"widget\" data-widget_type=\"image-box.default\">\n\t\t\t\t<div class=\"elementor-widget-container\">\n\t\t\t\t\t<div class=\"elementor-image-box-wrapper\"><figure class=\"elementor-image-box-img\"><img decoding=\"async\" src=\"https:\/\/properio.com\/wp-content\/plugins\/elementor\/assets\/images\/placeholder.png\" title=\"\" alt=\"\" loading=\"lazy\" \/><\/figure><div class=\"elementor-image-box-content\"><h3 class=\"elementor-image-box-title\">This is the heading<\/h3><p class=\"elementor-image-box-description\">Lorem ipsum dolor sit amet, consectetur adipiscing elit. Ut elit tellus, luctus nec ullamcorper mattis, pulvinar dapibus leo.<\/p><\/div><\/div>\t\t\t\t<\/div>\n\t\t\t\t<\/div>\n\t\t\t\t\t<\/div>\n\t\t<\/div>\n\t\t\t\t<div class=\"elementor-column elementor-col-25 elementor-top-column elementor-element elementor-element-7b6f7a0 elementor-hidden-desktop elementor-hidden-tablet elementor-hidden-mobile\" data-id=\"7b6f7a0\" data-element_type=\"column\" data-e-type=\"column\">\n\t\t\t<div class=\"elementor-widget-wrap elementor-element-populated\">\n\t\t\t\t\t\t<div class=\"elementor-element elementor-element-80bdbda elementor-position-top elementor-widget elementor-widget-image-box\" data-id=\"80bdbda\" data-element_type=\"widget\" data-e-type=\"widget\" data-widget_type=\"image-box.default\">\n\t\t\t\t<div class=\"elementor-widget-container\">\n\t\t\t\t\t<div class=\"elementor-image-box-wrapper\"><figure class=\"elementor-image-box-img\"><img decoding=\"async\" src=\"https:\/\/properio.com\/wp-content\/plugins\/elementor\/assets\/images\/placeholder.png\" title=\"\" alt=\"\" loading=\"lazy\" \/><\/figure><div class=\"elementor-image-box-content\"><h3 class=\"elementor-image-box-title\">This is the heading<\/h3><p class=\"elementor-image-box-description\">Lorem ipsum dolor sit amet, consectetur adipiscing elit. Ut elit tellus, luctus nec ullamcorper mattis, pulvinar dapibus leo.<\/p><\/div><\/div>\t\t\t\t<\/div>\n\t\t\t\t<\/div>\n\t\t\t\t\t<\/div>\n\t\t<\/div>\n\t\t\t\t\t<\/div>\n\t\t<\/section>\n\t\t\t\t<\/div>\n\t\t","protected":false},"excerpt":{"rendered":"<p>V roce 1998 jsme na Slovensku vyvinuli prvn\u00ed syst\u00e9m dom\u00e1c\u00edho b\u011blen\u00ed zub\u016f pod mate\u0159skou zna\u010dkou biela perla\u00ae. Tento syst\u00e9m je ur\u010den\u00fd k dom\u00e1c\u00edmu b\u011blen\u00ed zub\u016f zp\u016fsobem, kter\u00fd pou\u017e\u00edvaj\u00ed i stomatologov\u00e9. B\u011blic\u00ed syst\u00e9m se stal velk\u00fdm hitem mezi Slov\u00e1ky, kte\u0159\u00ed si jej kupovali v l\u00e9k\u00e1rn\u00e1ch. D\u00edky pozitivn\u00edm reakc\u00edm na\u0161ich spokojen\u00fdch z\u00e1kazn\u00edk\u016f jsme portfolio roz\u0161\u00ed\u0159ili i o [&hellip;]<\/p>\n","protected":false},"author":1,"featured_media":0,"parent":0,"menu_order":0,"comment_status":"closed","ping_status":"closed","template":"","meta":{"footnotes":""},"class_list":["post-3186","page","type-page","status-publish","hentry"],"_links":{"self":[{"href":"https:\/\/properio.com\/cs\/wp-json\/wp\/v2\/pages\/3186","targetHints":{"allow":["GET"]}}],"collection":[{"href":"https:\/\/properio.com\/cs\/wp-json\/wp\/v2\/pages"}],"about":[{"href":"https:\/\/properio.com\/cs\/wp-json\/wp\/v2\/types\/page"}],"author":[{"embeddable":true,"href":"https:\/\/properio.com\/cs\/wp-json\/wp\/v2\/users\/1"}],"replies":[{"embeddable":true,"href":"https:\/\/properio.com\/cs\/wp-json\/wp\/v2\/comments?post=3186"}],"version-history":[{"count":0,"href":"https:\/\/properio.com\/cs\/wp-json\/wp\/v2\/pages\/3186\/revisions"}],"wp:attachment":[{"href":"https:\/\/properio.com\/cs\/wp-json\/wp\/v2\/media?parent=3186"}],"curies":[{"name":"wp","href":"https:\/\/api.w.org\/{rel}","templated":true}]}}