{"id":3157,"date":"2019-07-01T09:03:07","date_gmt":"2019-07-01T09:03:07","guid":{"rendered":"https:\/\/bielaperla.sk\/?page_id=3157"},"modified":"2023-10-06T20:50:16","modified_gmt":"2023-10-06T18:50:16","slug":"co-je-to-abrazivita-zubni-pasty","status":"publish","type":"page","link":"https:\/\/properio.com\/cs\/co-je-to-abrazivita-zubni-pasty","title":{"rendered":"Co je to abrazivita zubn\u00ed pasty?"},"content":{"rendered":"\t\t<div data-elementor-type=\"wp-page\" data-elementor-id=\"3157\" class=\"elementor elementor-3157\" data-elementor-post-type=\"page\">\n\t\t\t\t\t\t<section class=\"elementor-section elementor-top-section elementor-element elementor-element-9a9b664 elementor-section-boxed elementor-section-height-default elementor-section-height-default\" data-id=\"9a9b664\" data-element_type=\"section\" data-e-type=\"section\" data-settings=\"{&quot;background_background&quot;:&quot;classic&quot;}\">\n\t\t\t\t\t\t<div class=\"elementor-container elementor-column-gap-default\">\n\t\t\t\t\t<div class=\"elementor-column elementor-col-100 elementor-top-column elementor-element elementor-element-cf31ca4\" data-id=\"cf31ca4\" data-element_type=\"column\" data-e-type=\"column\">\n\t\t\t<div class=\"elementor-widget-wrap elementor-element-populated\">\n\t\t\t\t\t\t<div class=\"elementor-element elementor-element-b7a0f4e elementor-widget elementor-widget-heading\" data-id=\"b7a0f4e\" data-element_type=\"widget\" data-e-type=\"widget\" data-widget_type=\"heading.default\">\n\t\t\t\t<div class=\"elementor-widget-container\">\n\t\t\t\t\t<h2 class=\"elementor-heading-title elementor-size-default\">Co je to abrazivita zubn\u00ed pasty?<\/h2>\t\t\t\t<\/div>\n\t\t\t\t<\/div>\n\t\t\t\t<div class=\"elementor-element elementor-element-938fa4e elementor-widget elementor-widget-image\" data-id=\"938fa4e\" data-element_type=\"widget\" data-e-type=\"widget\" data-widget_type=\"image.default\">\n\t\t\t\t<div class=\"elementor-widget-container\">\n\t\t\t\t\t\t\t\t\t\t\t\t\t\t\t<img fetchpriority=\"high\" decoding=\"async\" width=\"800\" height=\"244\" src=\"https:\/\/properio.com\/wp-content\/uploads\/properio_crystal-1400x426-3-1024x312.png\" class=\"attachment-large size-large wp-image-155183\" alt=\"\" srcset=\"https:\/\/properio.com\/wp-content\/uploads\/properio_crystal-1400x426-3-1024x312.png 1024w, https:\/\/properio.com\/wp-content\/uploads\/properio_crystal-1400x426-3-300x91.png 300w, https:\/\/properio.com\/wp-content\/uploads\/properio_crystal-1400x426-3-768x234.png 768w, https:\/\/properio.com\/wp-content\/uploads\/properio_crystal-1400x426-3-450x137.png 450w, https:\/\/properio.com\/wp-content\/uploads\/properio_crystal-1400x426-3-600x183.png 600w, https:\/\/properio.com\/wp-content\/uploads\/properio_crystal-1400x426-3-64x19.png 64w, https:\/\/properio.com\/wp-content\/uploads\/properio_crystal-1400x426-3.png 1400w\" sizes=\"(max-width: 800px) 100vw, 800px\" \/>\t\t\t\t\t\t\t\t\t\t\t\t\t\t\t<\/div>\n\t\t\t\t<\/div>\n\t\t\t\t<div class=\"elementor-element elementor-element-c1481ab elementor-widget elementor-widget-heading\" data-id=\"c1481ab\" data-element_type=\"widget\" data-e-type=\"widget\" data-widget_type=\"heading.default\">\n\t\t\t\t<div class=\"elementor-widget-container\">\n\t\t\t\t\t<h2 class=\"elementor-heading-title elementor-size-default\">Co je to abrazivita zubn\u00ed pasty?<\/h2>\t\t\t\t<\/div>\n\t\t\t\t<\/div>\n\t\t\t\t<div class=\"elementor-element elementor-element-002c209 elementor-widget elementor-widget-text-editor\" data-id=\"002c209\" data-element_type=\"widget\" data-e-type=\"widget\" data-widget_type=\"text-editor.default\">\n\t\t\t\t<div class=\"elementor-widget-container\">\n\t\t\t\t\t\t\t\t\tAbrazivita znamen\u00e1 stupe\u0148 mechanick\u00e9ho \u010di\u0161t\u011bn\u00ed zubn\u00ed skloviny. Nejvy\u0161\u0161\u00ed abrazivita pasty zvy\u0161uje riziko po\u0161kr\u00e1b\u00e1n\u00ed zubn\u00ed skloviny, a to m\u016f\u017ee zp\u016fsobit citlivost zub\u016f.\t\t\t\t\t\t\t\t<\/div>\n\t\t\t\t<\/div>\n\t\t\t\t<div class=\"elementor-element elementor-element-b44060a elementor-widget elementor-widget-heading\" data-id=\"b44060a\" data-element_type=\"widget\" data-e-type=\"widget\" data-widget_type=\"heading.default\">\n\t\t\t\t<div class=\"elementor-widget-container\">\n\t\t\t\t\t<h3 class=\"elementor-heading-title elementor-size-default\">V\u00a0\u010dem spo\u010d\u00edv\u00e1 b\u011blic\u00ed s\u00edla na\u0161ich past?<\/h3>\t\t\t\t<\/div>\n\t\t\t\t<\/div>\n\t\t\t\t<div class=\"elementor-element elementor-element-d2980d5 elementor-widget elementor-widget-text-editor\" data-id=\"d2980d5\" data-element_type=\"widget\" data-e-type=\"widget\" data-widget_type=\"text-editor.default\">\n\t\t\t\t<div class=\"elementor-widget-container\">\n\t\t\t\t\t\t\t\t\t<p>S\u00edla na\u0161ich past spo\u010d\u00edv\u00e1 v\u00a0aktivn\u00edch l\u00e1tk\u00e1ch a p\u0159\u00edrodn\u00edch komponentech, jako je enzym glucose oxidase, kter\u00fd m\u00edsto mechanick\u00e9ho \u010di\u0161t\u011bn\u00ed rozpou\u0161t\u00ed zabarven\u00ed a vy\u010dist\u00ed zuby jemn\u00fdm zp\u016fsobem. D\u00e1le je to b\u011blic\u00ed l\u00e1tka PAP (phthalimidoperoxycaproic acid), kter\u00e1 p\u016fsob\u00ed antibakteri\u00e1ln\u011b a \u0161etrn\u011b rozpou\u0161t\u00ed zubn\u00ed plak a pigmenty na povrchu zubn\u00ed skloviny. K posiln\u011bn\u00ed a regeneraci zubn\u00ed skloviny na\u0161e zubn\u00ed pasty obsahuj\u00ed tak\u00e9 remineraliza\u010dn\u00ed l\u00e1tky hydroxyapatit a v\u00e1pn\u00edk (calcium glycerophospate).<\/p>\t\t\t\t\t\t\t\t<\/div>\n\t\t\t\t<\/div>\n\t\t\t\t\t<\/div>\n\t\t<\/div>\n\t\t\t\t\t<\/div>\n\t\t<\/section>\n\t\t\t\t<section class=\"elementor-section elementor-top-section elementor-element elementor-element-bf8108e elementor-section-boxed elementor-section-height-default elementor-section-height-default\" data-id=\"bf8108e\" data-element_type=\"section\" data-e-type=\"section\">\n\t\t\t\t\t\t<div class=\"elementor-container elementor-column-gap-default\">\n\t\t\t\t\t<div class=\"elementor-column elementor-col-100 elementor-top-column elementor-element elementor-element-b0240b5\" data-id=\"b0240b5\" data-element_type=\"column\" data-e-type=\"column\">\n\t\t\t<div class=\"elementor-widget-wrap elementor-element-populated\">\n\t\t\t\t\t\t<div class=\"elementor-element elementor-element-b03d030 elementor-widget elementor-widget-heading\" data-id=\"b03d030\" data-element_type=\"widget\" data-e-type=\"widget\" data-widget_type=\"heading.default\">\n\t\t\t\t<div class=\"elementor-widget-container\">\n\t\t\t\t\t<h2 class=\"elementor-heading-title elementor-size-default\">V\u00a0na\u0161em portfoliu jsou zubn\u00ed pasty s:<\/h2>\t\t\t\t<\/div>\n\t\t\t\t<\/div>\n\t\t\t\t\t<\/div>\n\t\t<\/div>\n\t\t\t\t\t<\/div>\n\t\t<\/section>\n\t\t\t\t<section class=\"elementor-section elementor-top-section elementor-element elementor-element-8b1cbd6 elementor-section-boxed elementor-section-height-default elementor-section-height-default\" data-id=\"8b1cbd6\" data-element_type=\"section\" data-e-type=\"section\">\n\t\t\t\t\t\t<div class=\"elementor-container elementor-column-gap-default\">\n\t\t\t\t\t<div class=\"elementor-column elementor-col-33 elementor-top-column elementor-element elementor-element-5764a8c\" data-id=\"5764a8c\" data-element_type=\"column\" data-e-type=\"column\">\n\t\t\t<div class=\"elementor-widget-wrap elementor-element-populated\">\n\t\t\t\t\t\t<div class=\"elementor-element elementor-element-b1fc4dd elementor-widget elementor-widget-heading\" data-id=\"b1fc4dd\" data-element_type=\"widget\" data-e-type=\"widget\" data-widget_type=\"heading.default\">\n\t\t\t\t<div class=\"elementor-widget-container\">\n\t\t\t\t\t<h2 class=\"elementor-heading-title elementor-size-default\">n\u00edzkou abrazivitou<\/h2>\t\t\t\t<\/div>\n\t\t\t\t<\/div>\n\t\t\t\t\t<\/div>\n\t\t<\/div>\n\t\t\t\t<div class=\"elementor-column elementor-col-33 elementor-top-column elementor-element elementor-element-740812b\" data-id=\"740812b\" data-element_type=\"column\" data-e-type=\"column\">\n\t\t\t<div class=\"elementor-widget-wrap elementor-element-populated\">\n\t\t\t\t\t\t<div class=\"elementor-element elementor-element-3819808 elementor-widget elementor-widget-heading\" data-id=\"3819808\" data-element_type=\"widget\" data-e-type=\"widget\" data-widget_type=\"heading.default\">\n\t\t\t\t<div class=\"elementor-widget-container\">\n\t\t\t\t\t<h2 class=\"elementor-heading-title elementor-size-default\">st\u0159edn\u00ed abrazivitou<\/h2>\t\t\t\t<\/div>\n\t\t\t\t<\/div>\n\t\t\t\t\t<\/div>\n\t\t<\/div>\n\t\t\t\t<div class=\"elementor-column elementor-col-33 elementor-top-column elementor-element elementor-element-78fd403\" data-id=\"78fd403\" data-element_type=\"column\" data-e-type=\"column\">\n\t\t\t<div class=\"elementor-widget-wrap elementor-element-populated\">\n\t\t\t\t\t\t<div class=\"elementor-element elementor-element-9a9dd29 elementor-widget elementor-widget-heading\" data-id=\"9a9dd29\" data-element_type=\"widget\" data-e-type=\"widget\" data-widget_type=\"heading.default\">\n\t\t\t\t<div class=\"elementor-widget-container\">\n\t\t\t\t\t<h2 class=\"elementor-heading-title elementor-size-default\">vysokou abrazivitou<\/h2>\t\t\t\t<\/div>\n\t\t\t\t<\/div>\n\t\t\t\t\t<\/div>\n\t\t<\/div>\n\t\t\t\t\t<\/div>\n\t\t<\/section>\n\t\t\t\t<section class=\"elementor-section elementor-top-section elementor-element elementor-element-204b9ac elementor-section-boxed elementor-section-height-default elementor-section-height-default\" data-id=\"204b9ac\" data-element_type=\"section\" data-e-type=\"section\">\n\t\t\t\t\t\t<div class=\"elementor-container elementor-column-gap-default\">\n\t\t\t\t\t<div class=\"elementor-column elementor-col-33 elementor-top-column elementor-element elementor-element-be94c9b\" data-id=\"be94c9b\" data-element_type=\"column\" data-e-type=\"column\">\n\t\t\t<div class=\"elementor-widget-wrap elementor-element-populated\">\n\t\t\t\t\t\t<div class=\"elementor-element elementor-element-076af14 elementor-widget elementor-widget-text-editor\" data-id=\"076af14\" data-element_type=\"widget\" data-e-type=\"widget\" data-widget_type=\"text-editor.default\">\n\t\t\t\t<div class=\"elementor-widget-container\">\n\t\t\t\t\t\t\t\t\t<p>Zubn\u00ed pasty jsou ur\u010deny v\u0161em skupin\u00e1m spot\u0159ebitel\u016f, obzvl\u00e1\u0161t\u011b ale t\u011bm s\u00a0citliv\u00fdmi zuby a d\u00e1sn\u011bmi. Tyto zubn\u00ed pasty jsou velmi vhodn\u00e9 p\u0159i pou\u017eit\u00ed elektrick\u00e9ho zubn\u00edho kart\u00e1\u010dku.<\/p>\t\t\t\t\t\t\t\t<\/div>\n\t\t\t\t<\/div>\n\t\t\t\t\t<\/div>\n\t\t<\/div>\n\t\t\t\t<div class=\"elementor-column elementor-col-33 elementor-top-column elementor-element elementor-element-46c4d38\" data-id=\"46c4d38\" data-element_type=\"column\" data-e-type=\"column\">\n\t\t\t<div class=\"elementor-widget-wrap elementor-element-populated\">\n\t\t\t\t\t\t<div class=\"elementor-element elementor-element-2737109 elementor-widget elementor-widget-text-editor\" data-id=\"2737109\" data-element_type=\"widget\" data-e-type=\"widget\" data-widget_type=\"text-editor.default\">\n\t\t\t\t<div class=\"elementor-widget-container\">\n\t\t\t\t\t\t\t\t\t<p>Zubn\u00ed pasty doporu\u010dujeme spot\u0159ebitel\u016fm, kte\u0159\u00ed poci\u0165uj\u00ed zv\u00fd\u0161en\u00e9 usazov\u00e1n\u00ed zubn\u00edho plaku, \u010di rychlou tvorbu zubn\u00edho kamene.\u00a0Jsou ur\u010deny ke ka\u017edodenn\u00edmu pou\u017eit\u00ed.<\/p>\t\t\t\t\t\t\t\t<\/div>\n\t\t\t\t<\/div>\n\t\t\t\t\t<\/div>\n\t\t<\/div>\n\t\t\t\t<div class=\"elementor-column elementor-col-33 elementor-top-column elementor-element elementor-element-5d1e766\" data-id=\"5d1e766\" data-element_type=\"column\" data-e-type=\"column\">\n\t\t\t<div class=\"elementor-widget-wrap elementor-element-populated\">\n\t\t\t\t\t\t<div class=\"elementor-element elementor-element-eb91575 elementor-widget elementor-widget-text-editor\" data-id=\"eb91575\" data-element_type=\"widget\" data-e-type=\"widget\" data-widget_type=\"text-editor.default\">\n\t\t\t\t<div class=\"elementor-widget-container\">\n\t\t\t\t\t\t\t\t\t<p>Zubn\u00ed pasty jsou vhodn\u00e9 p\u0159edev\u0161\u00edm pro milovn\u00edky k\u00e1vy, ku\u0159\u00e1ky a v\u00a0p\u0159\u00edpadech, kdy je usazov\u00e1n\u00ed ne\u010distot na povrchu zub\u016f viditeln\u011bj\u0161\u00ed a rychlej\u0161\u00ed, a proto je \u017e\u00e1douc\u00ed zv\u00fd\u0161en\u00e9 mechanick\u00e9 \u010di\u0161t\u011bn\u00ed.\u00a0Jsou ur\u010deny ke ka\u017edodenn\u00edmu u\u017e\u00edv\u00e1n\u00ed s\u00a0pou\u017eit\u00edm m\u011bkk\u00e9ho zubn\u00edho kart\u00e1\u010dku.<\/p>\t\t\t\t\t\t\t\t<\/div>\n\t\t\t\t<\/div>\n\t\t\t\t\t<\/div>\n\t\t<\/div>\n\t\t\t\t\t<\/div>\n\t\t<\/section>\n\t\t\t\t<section class=\"elementor-section elementor-top-section elementor-element elementor-element-8b5f950 elementor-section-boxed elementor-section-height-default elementor-section-height-default\" data-id=\"8b5f950\" data-element_type=\"section\" data-e-type=\"section\">\n\t\t\t\t\t\t<div class=\"elementor-container elementor-column-gap-default\">\n\t\t\t\t\t<div class=\"elementor-column elementor-col-25 elementor-top-column elementor-element elementor-element-6b8d31d\" data-id=\"6b8d31d\" data-element_type=\"column\" data-e-type=\"column\">\n\t\t\t<div class=\"elementor-widget-wrap elementor-element-populated\">\n\t\t\t\t\t\t<div class=\"elementor-element elementor-element-29fe0f0 elementor-widget elementor-widget-heading\" data-id=\"29fe0f0\" data-element_type=\"widget\" data-e-type=\"widget\" data-widget_type=\"heading.default\">\n\t\t\t\t<div class=\"elementor-widget-container\">\n\t\t\t\t\t<h2 class=\"elementor-heading-title elementor-size-default\">n\u00edzk\u00e1 abrazivita<\/h2>\t\t\t\t<\/div>\n\t\t\t\t<\/div>\n\t\t\t\t\t<\/div>\n\t\t<\/div>\n\t\t\t\t<div class=\"elementor-column elementor-col-25 elementor-top-column elementor-element elementor-element-8703ee3\" data-id=\"8703ee3\" data-element_type=\"column\" data-e-type=\"column\">\n\t\t\t<div class=\"elementor-widget-wrap elementor-element-populated\">\n\t\t\t\t\t\t<div class=\"elementor-element elementor-element-6fa7c43 elementor-widget elementor-widget-heading\" data-id=\"6fa7c43\" data-element_type=\"widget\" data-e-type=\"widget\" data-widget_type=\"heading.default\">\n\t\t\t\t<div class=\"elementor-widget-container\">\n\t\t\t\t\t<h2 class=\"elementor-heading-title elementor-size-default\">n\u00edzk\u00e1 abrazivita<\/h2>\t\t\t\t<\/div>\n\t\t\t\t<\/div>\n\t\t\t\t\t<\/div>\n\t\t<\/div>\n\t\t\t\t<div class=\"elementor-column elementor-col-25 elementor-top-column elementor-element elementor-element-57f0fee\" data-id=\"57f0fee\" data-element_type=\"column\" data-e-type=\"column\">\n\t\t\t<div class=\"elementor-widget-wrap elementor-element-populated\">\n\t\t\t\t\t\t<div class=\"elementor-element elementor-element-be74e5d elementor-widget elementor-widget-heading\" data-id=\"be74e5d\" data-element_type=\"widget\" data-e-type=\"widget\" data-widget_type=\"heading.default\">\n\t\t\t\t<div class=\"elementor-widget-container\">\n\t\t\t\t\t<h2 class=\"elementor-heading-title elementor-size-default\">n\u00edzk\u00e1 abrazivita<\/h2>\t\t\t\t<\/div>\n\t\t\t\t<\/div>\n\t\t\t\t\t<\/div>\n\t\t<\/div>\n\t\t\t\t<div class=\"elementor-column elementor-col-25 elementor-top-column elementor-element elementor-element-789519a\" data-id=\"789519a\" data-element_type=\"column\" data-e-type=\"column\">\n\t\t\t<div class=\"elementor-widget-wrap elementor-element-populated\">\n\t\t\t\t\t\t<div class=\"elementor-element elementor-element-9a705b8 elementor-widget elementor-widget-heading\" data-id=\"9a705b8\" data-element_type=\"widget\" data-e-type=\"widget\" data-widget_type=\"heading.default\">\n\t\t\t\t<div class=\"elementor-widget-container\">\n\t\t\t\t\t<h2 class=\"elementor-heading-title elementor-size-default\">n\u00edzk\u00e1 abrazivita<\/h2>\t\t\t\t<\/div>\n\t\t\t\t<\/div>\n\t\t\t\t\t<\/div>\n\t\t<\/div>\n\t\t\t\t\t<\/div>\n\t\t<\/section>\n\t\t\t\t<section class=\"elementor-section elementor-top-section elementor-element elementor-element-193d0aa elementor-section-boxed elementor-section-height-default elementor-section-height-default\" data-id=\"193d0aa\" data-element_type=\"section\" data-e-type=\"section\">\n\t\t\t\t\t\t<div class=\"elementor-container elementor-column-gap-default\">\n\t\t\t\t\t<div class=\"elementor-column elementor-col-25 elementor-top-column elementor-element elementor-element-dfa0bf9\" data-id=\"dfa0bf9\" data-element_type=\"column\" data-e-type=\"column\">\n\t\t\t<div class=\"elementor-widget-wrap elementor-element-populated\">\n\t\t\t\t\t\t<div class=\"elementor-element elementor-element-e1a38b6 elementor-widget elementor-widget-image\" data-id=\"e1a38b6\" data-element_type=\"widget\" data-e-type=\"widget\" data-widget_type=\"image.default\">\n\t\t\t\t<div class=\"elementor-widget-container\">\n\t\t\t\t\t\t\t\t\t\t\t\t\t\t\t\t<a href=\"https:\/\/properio.com\/cs\/e-shop\/belici-zubni-pasta-enamel-protect\">\n\t\t\t\t\t\t\t<img decoding=\"async\" width=\"560\" height=\"730\" src=\"https:\/\/properio.com\/wp-content\/uploads\/Enamel-CZ-web.png\" class=\"attachment-large size-large wp-image-154708\" alt=\"\" srcset=\"https:\/\/properio.com\/wp-content\/uploads\/Enamel-CZ-web.png 560w, https:\/\/properio.com\/wp-content\/uploads\/Enamel-CZ-web-230x300.png 230w, https:\/\/properio.com\/wp-content\/uploads\/Enamel-CZ-web-450x587.png 450w, https:\/\/properio.com\/wp-content\/uploads\/Enamel-CZ-web-64x83.png 64w\" sizes=\"(max-width: 560px) 100vw, 560px\" \/>\t\t\t\t\t\t\t\t<\/a>\n\t\t\t\t\t\t\t\t\t\t\t\t\t\t\t<\/div>\n\t\t\t\t<\/div>\n\t\t\t\t\t<\/div>\n\t\t<\/div>\n\t\t\t\t<div class=\"elementor-column elementor-col-25 elementor-top-column elementor-element elementor-element-d211235\" data-id=\"d211235\" data-element_type=\"column\" data-e-type=\"column\">\n\t\t\t<div class=\"elementor-widget-wrap elementor-element-populated\">\n\t\t\t\t\t\t<div class=\"elementor-element elementor-element-96807ed elementor-widget elementor-widget-image\" data-id=\"96807ed\" data-element_type=\"widget\" data-e-type=\"widget\" data-widget_type=\"image.default\">\n\t\t\t\t<div class=\"elementor-widget-container\">\n\t\t\t\t\t\t\t\t\t\t\t\t\t\t\t\t<a href=\"https:\/\/properio.com\/cs\/e-shop\/specializovana-zubni-pasta-healthy-gums\">\n\t\t\t\t\t\t\t<img decoding=\"async\" width=\"560\" height=\"730\" src=\"https:\/\/properio.com\/wp-content\/uploads\/Healthy-CZ-web.png\" class=\"attachment-large size-large wp-image-154704\" alt=\"\" srcset=\"https:\/\/properio.com\/wp-content\/uploads\/Healthy-CZ-web.png 560w, https:\/\/properio.com\/wp-content\/uploads\/Healthy-CZ-web-230x300.png 230w, https:\/\/properio.com\/wp-content\/uploads\/Healthy-CZ-web-450x587.png 450w, https:\/\/properio.com\/wp-content\/uploads\/Healthy-CZ-web-64x83.png 64w\" sizes=\"(max-width: 560px) 100vw, 560px\" \/>\t\t\t\t\t\t\t\t<\/a>\n\t\t\t\t\t\t\t\t\t\t\t\t\t\t\t<\/div>\n\t\t\t\t<\/div>\n\t\t\t\t\t<\/div>\n\t\t<\/div>\n\t\t\t\t<div class=\"elementor-column elementor-col-25 elementor-top-column elementor-element elementor-element-2b0182f\" data-id=\"2b0182f\" data-element_type=\"column\" data-e-type=\"column\">\n\t\t\t<div class=\"elementor-widget-wrap elementor-element-populated\">\n\t\t\t\t\t\t<div class=\"elementor-element elementor-element-831d26e elementor-widget elementor-widget-image\" data-id=\"831d26e\" data-element_type=\"widget\" data-e-type=\"widget\" data-widget_type=\"image.default\">\n\t\t\t\t<div class=\"elementor-widget-container\">\n\t\t\t\t\t\t\t\t\t\t\t\t\t\t\t\t<a href=\"https:\/\/properio.com\/cs\/e-shop\/belici-zubni-pasta-intensive\">\n\t\t\t\t\t\t\t<img loading=\"lazy\" decoding=\"async\" width=\"560\" height=\"730\" src=\"https:\/\/properio.com\/wp-content\/uploads\/Intensive-CZ-web.png\" class=\"attachment-large size-large wp-image-154700\" alt=\"\" srcset=\"https:\/\/properio.com\/wp-content\/uploads\/Intensive-CZ-web.png 560w, https:\/\/properio.com\/wp-content\/uploads\/Intensive-CZ-web-230x300.png 230w, https:\/\/properio.com\/wp-content\/uploads\/Intensive-CZ-web-450x587.png 450w, https:\/\/properio.com\/wp-content\/uploads\/Intensive-CZ-web-64x83.png 64w\" sizes=\"(max-width: 560px) 100vw, 560px\" \/>\t\t\t\t\t\t\t\t<\/a>\n\t\t\t\t\t\t\t\t\t\t\t\t\t\t\t<\/div>\n\t\t\t\t<\/div>\n\t\t\t\t\t<\/div>\n\t\t<\/div>\n\t\t\t\t<div class=\"elementor-column elementor-col-25 elementor-top-column elementor-element elementor-element-5d0e80e\" data-id=\"5d0e80e\" data-element_type=\"column\" data-e-type=\"column\">\n\t\t\t<div class=\"elementor-widget-wrap elementor-element-populated\">\n\t\t\t\t\t\t<div class=\"elementor-element elementor-element-7784e30 elementor-widget elementor-widget-image\" data-id=\"7784e30\" data-element_type=\"widget\" data-e-type=\"widget\" data-widget_type=\"image.default\">\n\t\t\t\t<div class=\"elementor-widget-container\">\n\t\t\t\t\t\t\t\t\t\t\t\t\t\t\t\t<a href=\"https:\/\/properio.com\/cs\/e-shop\/belici-zubni-pasta-crystal-white\">\n\t\t\t\t\t\t\t<img loading=\"lazy\" decoding=\"async\" width=\"560\" height=\"730\" src=\"https:\/\/properio.com\/wp-content\/uploads\/Crystal-CZ-web.png\" class=\"attachment-large size-large wp-image-154710\" alt=\"\" srcset=\"https:\/\/properio.com\/wp-content\/uploads\/Crystal-CZ-web.png 560w, https:\/\/properio.com\/wp-content\/uploads\/Crystal-CZ-web-230x300.png 230w, https:\/\/properio.com\/wp-content\/uploads\/Crystal-CZ-web-450x587.png 450w, https:\/\/properio.com\/wp-content\/uploads\/Crystal-CZ-web-64x83.png 64w\" sizes=\"(max-width: 560px) 100vw, 560px\" \/>\t\t\t\t\t\t\t\t<\/a>\n\t\t\t\t\t\t\t\t\t\t\t\t\t\t\t<\/div>\n\t\t\t\t<\/div>\n\t\t\t\t\t<\/div>\n\t\t<\/div>\n\t\t\t\t\t<\/div>\n\t\t<\/section>\n\t\t\t\t<\/div>\n\t\t","protected":false},"excerpt":{"rendered":"<p>Co je to abrazivita zubn\u00ed pasty? Co je to abrazivita zubn\u00ed pasty? Abrazivita znamen\u00e1 stupe\u0148 mechanick\u00e9ho \u010di\u0161t\u011bn\u00ed zubn\u00ed skloviny. Nejvy\u0161\u0161\u00ed abrazivita pasty zvy\u0161uje riziko po\u0161kr\u00e1b\u00e1n\u00ed zubn\u00ed skloviny, a to m\u016f\u017ee zp\u016fsobit citlivost zub\u016f. V\u00a0\u010dem spo\u010d\u00edv\u00e1 b\u011blic\u00ed s\u00edla na\u0161ich past? S\u00edla na\u0161ich past spo\u010d\u00edv\u00e1 v\u00a0aktivn\u00edch l\u00e1tk\u00e1ch a p\u0159\u00edrodn\u00edch komponentech, jako je enzym glucose oxidase, kter\u00fd m\u00edsto [&hellip;]<\/p>\n","protected":false},"author":1,"featured_media":0,"parent":0,"menu_order":0,"comment_status":"closed","ping_status":"closed","template":"","meta":{"footnotes":""},"class_list":["post-3157","page","type-page","status-publish","hentry"],"_links":{"self":[{"href":"https:\/\/properio.com\/cs\/wp-json\/wp\/v2\/pages\/3157","targetHints":{"allow":["GET"]}}],"collection":[{"href":"https:\/\/properio.com\/cs\/wp-json\/wp\/v2\/pages"}],"about":[{"href":"https:\/\/properio.com\/cs\/wp-json\/wp\/v2\/types\/page"}],"author":[{"embeddable":true,"href":"https:\/\/properio.com\/cs\/wp-json\/wp\/v2\/users\/1"}],"replies":[{"embeddable":true,"href":"https:\/\/properio.com\/cs\/wp-json\/wp\/v2\/comments?post=3157"}],"version-history":[{"count":0,"href":"https:\/\/properio.com\/cs\/wp-json\/wp\/v2\/pages\/3157\/revisions"}],"wp:attachment":[{"href":"https:\/\/properio.com\/cs\/wp-json\/wp\/v2\/media?parent=3157"}],"curies":[{"name":"wp","href":"https:\/\/api.w.org\/{rel}","templated":true}]}}